{"id":10631,"date":"2020-04-27T21:07:02","date_gmt":"2020-04-27T19:07:02","guid":{"rendered":"https:\/\/quantum.com.pl\/about-us-2\/"},"modified":"2023-03-13T13:54:45","modified_gmt":"2023-03-13T12:54:45","slug":"about-us-2","status":"publish","type":"page","link":"https:\/\/quantum.com.pl\/en\/about-us-2\/","title":{"rendered":"About Us"},"content":{"rendered":"<section class=\"wpb-content-wrapper\"><p>[vc_row][vc_column css=&#8221;.vc_custom_1407447979372{margin-bottom: 0px !important;border-bottom-width: 0px !important;padding-bottom: 0px !important;}&#8221;][vc_row_inner][vc_column_inner][vc_column_text]<strong>FIRMA QUANTUM<\/strong> obecna jest na rynku od niemal 30 lat, jednak korzenie naszej dzia\u0142alno\u015bci w obszarze elektroniki oraz komputer\u00f3w i oprogramowania si\u0119gaj\u0105 prze\u0142omu lat 70-tych i 80-tych. Pocz\u0105tkowo znani byli\u015bmy jako producent specjalistycznych urz\u0105dze\u0144 elektronicznych wykonywanych na indywidualne zam\u00f3wienia Klient\u00f3w. W odpowiedzi na rosn\u0105ce zapotrzebowanie rynku oraz jego dynamiczny rozw\u00f3j, postanowili\u015bmy poszerzy\u0107 nasz asortyment o technologie mikrokomputerowe oraz oprogramowania do zastosowa\u0144 przemys\u0142owych, skupiaj\u0105c uwag\u0119 na zastosowaniach w szczeg\u00f3lnie wymagaj\u0105cych warunkach. Nasze wieloletnie do\u015bwiadczenie oraz obserwacje rozwoju rynku szeroko rozumianej automatyki przemys\u0142owej, maj\u0105 bezpo\u015brednie odbicie w proponowanej ofercie sprz\u0119tu.\u00a0 Projektantom elektroniki oferujemy szeroki asortyment zaawansowanych narz\u0119dzi uruchomieniowych, testowych oraz rozwojowych, natomiast Klientom OEM, sprz\u0119t komputerowy do zastosowa\u0144 przemys\u0142owych w aplikacjach wymagaj\u0105cych wydajno\u015bci oraz niezawodno\u015bci.[\/vc_column_text][\/vc_column_inner][\/vc_row_inner][\/vc_column][\/vc_row][vc_row css=&#8221;.vc_custom_1535297110693{margin-top: 50px !important;}&#8221;][vc_column width=&#8221;1\/4&#8243;]<div class=\"counter-box colored\">\n            <i class=\"fa fa-thumbs-o-up\"><\/i>\n            <span class=\"counter\">2,147 <\/span>\n            <p>Happy Customers<\/p>\n        <\/div>[\/vc_column][vc_column width=&#8221;1\/4&#8243;]<div class=\"counter-box  \">\n            <i class=\"fa fa-group\"><\/i>\n            <span class=\"counter\">3,275<\/span>\n            <p>Registered Members<\/p>\n        <\/div>[\/vc_column][vc_column width=&#8221;1\/4&#8243;]<div class=\"counter-box  \">\n            <i class=\"fa fa-thumbs-o-up\"><\/i>\n            <span class=\"counter\">600<\/span>\n            <p>Dost\u0119pnych Produkt\u00f3w<\/p>\n        <\/div>[\/vc_column][vc_column width=&#8221;1\/4&#8243;]<div class=\"counter-box  \">\n            <i class=\"fa fa-tree\"><\/i>\n            <span class=\"counter\">1,563<\/span>\n            <p>Saved Trees<\/p>\n        <\/div>[\/vc_column][\/vc_row][vc_row][vc_column]<\/div> <!-- eof wpb_wrapper -->\n            <\/div> <!-- eof column_container -->\n        <\/div> <!-- eof vc_row-fluid -->\n    <\/div> <!-- eof columns -->\n<\/div> <!-- eof container -->\n    <div class=\"parallax-banner fullwidth-element \"  data-background=\"#000000\" data-opacity=\"0.45\" data-height=\"200\">\n        <img decoding=\"async\" src=\"https:\/\/quantum.com.pl\/wp-content\/uploads\/2021\/01\/IMG_4898.jpeg\" alt=\"IMG_4898\" \/>\n        <div class=\"parallax-overlay\"><\/div>\n        <div class=\"parallax-title\">QUANTUM KTT<span>TW\u00d3J PARTNER W WYMAGAJ\u0104CYCH PROJEKTACH<\/span><\/div> <\/div>\n<div class=\"container\">\n    <div class=\"sixteen columns\">\n         <div class=\"wpb_row vc_row-fluid\">\n            <div class=\"vc_col-sm-12 wpb_column column_container\">\n                <div class=\"wpb_wrapper\"><h3 class=\"headline\" style=\"margin-top:40px;\">Misja<\/h3>\n            <span class=\"line\" style=\"margin-bottom:30px;\"><\/span>[vc_row_inner][vc_column_inner][vc_column_text]Nasz\u0105 dzia\u0142alno\u015b\u0107 kierujemy przede wszystkim na wszelkie otwarte standardy. Dbaj\u0105c o zadowolenie naszych Klient\u00f3w, wsp\u00f3\u0142pracujemy z najlepszymi producentami, uczestniczymy w regularnych szkoleniach oraz wydarzeniach bran\u017cowych.\u00a0 \u0141\u0105cz\u0105c nasz\u0105 prac\u0119 oraz satysfakcj\u0119 Klient\u00f3w dok\u0142adamy stara\u0144 o p\u0142ynne dostarczenie wysokiej jako\u015bci sprz\u0119tu spe\u0142niaj\u0105cego wszystkie wymagania specyfikacyjne projekt\u00f3w. Odpowiadaj\u0105c na rosn\u0105ce potrzeby oraz wymagania Klient\u00f3w, systematycznie poszerzamy nasz asortyment.[\/vc_column_text][\/vc_column_inner][\/vc_row_inner]<h3 class=\"headline\" style=\"margin-top:0px;\">Zesp\u00f3\u0142<\/h3>\n            <span class=\"line\" style=\"margin-bottom:35px;\"><\/span><div class=\"clearfix\"><\/div>[vc_column_text]Our dedicated team comprises engineers, software developers, technicians, sales and support staff, all of which are committed to excellence. QTTC firmly believes in the philosophy of teamwork, and provides a dynamic atmosphere where innovative ideas are encouraged and allowed to flourish.[\/vc_column_text]<h3 class=\"headline\" style=\"margin-top:0px;\">Produkty<\/h3>\n            <span class=\"line\" style=\"margin-bottom:35px;\"><\/span><div class=\"clearfix\"><\/div>[vc_column_text]Jeste\u015bmy wy\u0142\u0105cznym dystrybutorem wielu zagranicznych partner\u00f3w z kt\u00f3rymi wsp\u00f3\u0142pracujemy od lat. Pozwala nam to na oferowanie szerokiej gamy narz\u0119dzi in\u017cynierskich przemys\u0142owego sprz\u0119tu komputerowego oraz oprogramowania systemowego i narz\u0119dziowego do zastosowa\u0144 w niezwykle wymagaj\u0105cych aplikacjach typu \u201emission critical\u201d. Naszym Klientom z sektora przemys\u0142owego, wojskowego oraz kolejowego oferujemy mi\u0119dzy innymi:<\/p>\n<ul style=\"padding-left: 30px;\">\n<li>mikroprocesorowe narz\u0119dzia uruchomieniowe firmy Lauterbach,<\/li>\n<li>\u015brodowisko narz\u0119dziowe i modu\u0142y Systemu Operacyjnego QNX,<\/li>\n<li>oprogramowanie narz\u0119dziowe dla \u015brodowiska S\/O QNX,<\/li>\n<li>komercyjne kolekcje \u015brodowiska LINUX,<\/li>\n<li>szeroki asortyment wy\u015bwietlaczy i monitor\u00f3w specjalistycznych,<\/li>\n<li>specjalizowany sprz\u0119t sieciowy,<\/li>\n<li>komputery przemys\u0142owe w r\u00f3\u017cnych standardach<\/li>\n<li>komponenty system\u00f3w bezBIOS\u2019owych typu \u201eembedded\u201d,<\/li>\n<li>inne urz\u0105dzenia automatyki.<\/li>\n<\/ul>\n<p>[\/vc_column_text]<h3 class=\"headline\" style=\"margin-top:0px;\">Rynek i Partnerzy<\/h3>\n            <span class=\"line\" style=\"margin-bottom:35px;\"><\/span><div class=\"clearfix\"><\/div>[vc_column_text]QTTC has created strategic partnerships with the Original Equipment Manufacturers (OEMs), VARs and systems integrators selling to industrial manufacturing, telecommunication, military, automotive, automation, medical instrumentation, consumer electronics, national universities and more other markets that require field-proven software and electronic bus products with rugged durability, performance and long system lifespan used in a customized and mission-critical applications. QTTC enjoys an impressive customer list.<br \/>\n[\/vc_column_text]<h3 class=\"headline\" style=\"margin-top:0px;\">Wsparcie techniczne i szkolenia<\/h3>\n            <span class=\"line\" style=\"margin-bottom:35px;\"><\/span><div class=\"clearfix\"><\/div>[vc_column_text]Naszym Klientom gwarantujemy bezpo\u015bredni kontakt z firmowym serwisem gwarancyjnym oraz pogwarancyjnym, a tak\u017ce sta\u0142y dost\u0119p do wsparcia technicznego. Uzupe\u0142nieniem naszej bogatej oferty towarowej jest program szkole\u0144 dostosowany do Pa\u0144stwa indywidualnych potrzeb.<\/p>\n<p>Zach\u0119camy Pa\u0144stwa do sta\u0142ej, partnerskiej wsp\u00f3\u0142pracy, zapewniaj\u0105c profesjonaln\u0105 obs\u0142ug\u0119, wysoki poziom \u015bwiadczonych us\u0142ug oraz satysfakcj\u0119 z dostarczanych przez nas produkt\u00f3w.[\/vc_column_text]<h3 class=\"headline\" style=\"margin-top:0px;\">Dane Teleadresowe<\/h3>\n            <span class=\"line\" style=\"margin-bottom:35px;\"><\/span><div class=\"clearfix\"><\/div>[vc_column_text]QUANTUM Sp. z o.o.<br \/>\nTechnology Transfer Corporation<br \/>\nJeleniogorska 6<br \/>\n54-056 Wroclaw<br \/>\nPoland<\/p>\n<p><b><\/b>Phone: +48 71 362 63 56<br \/>\nFax: +48 71 362 63 57<br \/>\nE-mail:\u00a0<a href=\"mailto:info@quantum.com.pl\">info@quantum.com.pl<\/a>[\/vc_column_text][\/vc_column][\/vc_row]<\/p>\n<\/section>","protected":false},"excerpt":{"rendered":"<p>[vc_row][vc_column css=&#8221;.vc_custom_1407447979372{margin-bottom: 0px !important;border-bottom-width: 0px !important;padding-bottom: 0px !important;}&#8221;][vc_row_inner][vc_column_inner][vc_column_text]FIRMA QUANTUM obecna jest na rynku od niemal 30 lat, jednak korzenie naszej dzia\u0142alno\u015bci w obszarze elektroniki oraz komputer\u00f3w i oprogramowania si\u0119gaj\u0105 prze\u0142omu lat 70-tych i 80-tych. Pocz\u0105tkowo znani byli\u015bmy jako producent specjalistycznych urz\u0105dze\u0144 elektronicznych wykonywanych na indywidualne zam\u00f3wienia Klient\u00f3w. W odpowiedzi na rosn\u0105ce zapotrzebowanie rynku oraz jego [&hellip;]<\/p>\n","protected":false},"author":1,"featured_media":0,"parent":0,"menu_order":0,"comment_status":"open","ping_status":"open","template":"","meta":{"_acf_changed":false,"inline_featured_image":false,"_monsterinsights_skip_tracking":false,"_monsterinsights_sitenote_active":false,"_monsterinsights_sitenote_note":"","_monsterinsights_sitenote_category":0,"footnotes":""},"class_list":["post-10631","page","type-page","status-publish","hentry"],"acf":[],"_links":{"self":[{"href":"https:\/\/quantum.com.pl\/en\/wp-json\/wp\/v2\/pages\/10631","targetHints":{"allow":["GET"]}}],"collection":[{"href":"https:\/\/quantum.com.pl\/en\/wp-json\/wp\/v2\/pages"}],"about":[{"href":"https:\/\/quantum.com.pl\/en\/wp-json\/wp\/v2\/types\/page"}],"author":[{"embeddable":true,"href":"https:\/\/quantum.com.pl\/en\/wp-json\/wp\/v2\/users\/1"}],"replies":[{"embeddable":true,"href":"https:\/\/quantum.com.pl\/en\/wp-json\/wp\/v2\/comments?post=10631"}],"version-history":[{"count":21,"href":"https:\/\/quantum.com.pl\/en\/wp-json\/wp\/v2\/pages\/10631\/revisions"}],"predecessor-version":[{"id":15528,"href":"https:\/\/quantum.com.pl\/en\/wp-json\/wp\/v2\/pages\/10631\/revisions\/15528"}],"wp:attachment":[{"href":"https:\/\/quantum.com.pl\/en\/wp-json\/wp\/v2\/media?parent=10631"}],"curies":[{"name":"wp","href":"https:\/\/api.w.org\/{rel}","templated":true}]}}