{"id":3925,"date":"2019-08-24T13:32:21","date_gmt":"2019-08-24T11:32:21","guid":{"rendered":"https:\/\/quantum.com.pl\/?post_type=product&#038;p=3925"},"modified":"2020-05-08T22:04:58","modified_gmt":"2020-05-08T20:04:58","slug":"rugged-5-8-port-managed-gigabit-switch","status":"publish","type":"product","link":"https:\/\/quantum.com.pl\/en\/product\/rugged-5-8-port-managed-gigabit-switch\/","title":{"rendered":"Rugged 5\/8 Port managed Gigabit Switch"},"content":{"rendered":"<h4 class=\"title2\">MAGBES Family<\/h4>\n<p>The MAGBES Family consists of models matching your application needs. The five\/eight ports can be equipped with RJ45 connectors or lockable headers of which two\/four ports can be fiber. All ports have status LEDs, indicating the activity and speed of each port. The indication signals can also be accessed remote, same applies for reset and default setting.<\/p>\n<p>The MAGBES solution is extremely compact and in addition, it can be used as Open Frame solution or in a MIL housing with MIL 38999 connectors of your choice. Supply power is 5-36VDC (MAGBES-20) and uses under any condition less than 4W (8-port 8W). Optional, it can be supplied with redundant power or different input voltage. The product can be operated at -20\u00b0C to 60\u00b0C and optionally even at -40\u00b0C to 85\u00b0C.<\/p>\n<p>For the fiber ports, most Ethernet compatible transceivers (acc. MSA) can be used. It allows the users to select the appropriate transceiver for each link. As managed switch, the product gives access to various switch settings to configure features like: Quality of Service, VLAN, Rapid Spanning Tree, etc.. To adjust these switch settings, MPL provides an easy to use web interface.<\/p>\n<h4>MAGBES Family Highlights<\/h4>\n<ul>\n<li>DIN-Rail \/ Flange mount<\/li>\n<li>Wide input 5-36VDC (MAGBES-20 only)<\/li>\n<li>Fully manageable over Web Interface or Telnet<\/li>\n<li>Copper or mixed Copper\/Fiber versions<\/li>\n<li>Fanless operation<\/li>\n<li>Versions for -40\u00b0C to +85\u00b0C environment<\/li>\n<\/ul>\n<p>These features make the boxed MAGBES switch ideally suited for any rugged or industrial network applications. Due to the low power consumption, robust and flexible design, the products are well suited for any embedded system. It is the perfect fit, whether they are used in a rugged, hot or other harsh environment. The MAGBES makes it easy to set up a challenging network!<\/p>\n<h4>Technical Features:<\/h4>\n\n<table id=\"tablepress-62\" class=\"tablepress tablepress-id-62 tbody-has-connected-cells\">\n<thead>\n<tr class=\"row-1\">\n\t<th class=\"column-1\">Chassis version<\/th><th class=\"column-2\">length x width x heights<\/th><th class=\"column-3\">weight<\/th>\n<\/tr>\n<\/thead>\n<tbody class=\"row-striping row-hover\">\n<tr class=\"row-2\">\n\t<td class=\"column-1\">10 port boxed version<\/td><td class=\"column-2\">136mm x 113mm x 50mm<\/td><td class=\"column-3\">740g<\/td>\n<\/tr>\n<tr class=\"row-3\">\n\t<td class=\"column-1\">19 port boxed version<\/td><td class=\"column-2\">196mm x 154mm x 50mm<\/td><td class=\"column-3\">1300g<\/td>\n<\/tr>\n<tr class=\"row-4\">\n\t<td class=\"column-1\">10 port open frame<\/td><td class=\"column-2\">137mm x 108mm x 42mm<\/td><td class=\"column-3\">640g<\/td>\n<\/tr>\n<tr class=\"row-5\">\n\t<td class=\"column-1\">19 port open frame<\/td><td class=\"column-2\">205mm x 148mm x 42mm<\/td><td class=\"column-3\">1150g<\/td>\n<\/tr>\n<tr class=\"row-6\">\n\t<td colspan=\"3\" class=\"column-1\">Optional coating and bonding available<\/td>\n<\/tr>\n<\/tbody>\n<\/table>\n<!-- #tablepress-62 from cache -->\n<h4>Packaging:<\/h4>\n\n<table id=\"tablepress-65\" class=\"tablepress tablepress-id-65\">\n<thead>\n<tr class=\"row-1\">\n\t<th class=\"column-1\"><strong>Reference\t<\/strong><\/th><th class=\"column-2\"><strong>Description<\/strong><br \/>\n<\/th>\n<\/tr>\n<\/thead>\n<tbody class=\"row-striping row-hover\">\n<tr class=\"row-2\">\n\t<td class=\"column-1\">MAGBES-KIT2<\/td><td class=\"column-2\">Cable and RJ45 adapter PCB for MAGBES, copper port on 2mm header (cable length 300mm)<br \/>\n<\/td>\n<\/tr>\n<tr class=\"row-3\">\n\t<td class=\"column-1\">MAGBES-KIT3<\/td><td class=\"column-2\">Ethernet cable 300mm long, 10 pin 2mm lockable socket to RJ45 connector.<br \/>\n<\/td>\n<\/tr>\n<tr class=\"row-4\">\n\t<td class=\"column-1\"><strong>SFP (optical transceiver) in stock<\/strong><br \/>\n<\/td><td class=\"column-2\"><\/td>\n<\/tr>\n<tr class=\"row-5\">\n\t<td class=\"column-1\">Optional: MPL offers following SFP modules (others on request)<br \/>\n<\/td><td class=\"column-2\"><\/td>\n<\/tr>\n<tr class=\"row-6\">\n\t<td class=\"column-1\">SFP-1X<\/td><td class=\"column-2\">1Gb SFP 850nm optical transceiver, 1000BASE-SX, multi mode, up to 500m, with standard LC connector, case temp. -40 to +85\u00b0C<br \/>\n<\/td>\n<\/tr>\n<tr class=\"row-7\">\n\t<td class=\"column-1\">SFP-2X<\/td><td class=\"column-2\">1Gb SFP 1310nm optical transceiver, 1000BASE-LX, single mode, up to 10km, with standard LC connector, case temp. -40 to +85\u00b0C<br \/>\n<\/td>\n<\/tr>\n<tr class=\"row-8\">\n\t<td class=\"column-1\">SFP-3X<\/td><td class=\"column-2\">100Mb SFP 1310nm optical transceiver, 100BASE-FX, multi mode, up to 2km, with standard LC connector, case temp. -40 to +85\u00b0C<br \/>\n<\/td>\n<\/tr>\n<tr class=\"row-9\">\n\t<td class=\"column-1\">or any other standard SFP in accordance to MSA &amp; Ethernet compatible<br \/>\n<\/td><td class=\"column-2\"><\/td>\n<\/tr>\n<\/tbody>\n<\/table>\n<!-- #tablepress-65 from cache -->\n<h4>Extended Temperature Option:<\/h4>\n\n<table id=\"tablepress-66\" class=\"tablepress tablepress-id-66\">\n<thead>\n<tr class=\"row-1\">\n\t<th class=\"column-1\">Procesor<\/th><th class=\"column-2\">Intel i7-3555LU<br \/>\n<\/th>\n<\/tr>\n<\/thead>\n<tbody class=\"row-striping row-hover\">\n<tr class=\"row-2\">\n\t<td class=\"column-1\">Liczba rdzeni \/ gwint\u00f3w<\/td><td class=\"column-2\">2 \/ 4<\/td>\n<\/tr>\n<tr class=\"row-3\">\n\t<td class=\"column-1\">Szybko\u015b\u0107 zegara<\/td><td class=\"column-2\">2.5 \/ 3.1 GHz<br \/>\n<\/td>\n<\/tr>\n<tr class=\"row-4\">\n\t<td class=\"column-1\">Pami\u0119\u0107 podr\u0119czna L2<br \/>\n<\/td><td class=\"column-2\">4 MB<\/td>\n<\/tr>\n<tr class=\"row-5\">\n\t<td class=\"column-1\">Passmark (wszystkie rdzenie)<br \/>\n<\/td><td class=\"column-2\">4080<br \/>\n<\/td>\n<\/tr>\n<tr class=\"row-6\">\n\t<td class=\"column-1\">Chipset<br \/>\n<\/td><td class=\"column-2\">Intel QM77 (Panther Point), obs\u0142uguje stany zasilania ACPI S1, S4 i S5, USB 3.0 ...<br \/>\n<\/td>\n<\/tr>\n<tr class=\"row-7\">\n\t<td class=\"column-1\">Pami\u0119\u0107<\/td><td class=\"column-2\">Wbudowana pami\u0119\u0107 RAM ECC 4 GB DDR3<br \/>\n1x 204-stykowe dwukana\u0142owe gniazdo DDR3 SODIMM, obs\u0142uguje do 8 GB modu\u0142\u00f3w (ca\u0142kowita pami\u0119\u0107 p\u0142yty 12 GB)<\/td>\n<\/tr>\n<tr class=\"row-8\">\n\t<td class=\"column-1\">BIOS<\/td><td class=\"column-2\">Wbudowany lutowany Flash 8 MB, opracowany przez MPL BIOS (SecureCore firmy Phoenix), konfigurowalny<br \/>\n<\/td>\n<\/tr>\n<tr class=\"row-9\">\n\t<td class=\"column-1\">TPM<\/td><td class=\"column-2\">Trusted Platform Support<\/td>\n<\/tr>\n<tr class=\"row-10\">\n\t<td class=\"column-1\">Zegar nadzoruj\u0105cy<br \/>\n<\/td><td class=\"column-2\">Konfigurowalna szczeg\u00f3\u0142owo\u015b\u0107 1-255 sek. lub 1-255 min.<br \/>\n<\/td>\n<\/tr>\n<tr class=\"row-11\">\n\t<td class=\"column-1\">Wska\u017aniki LED<br \/>\n<\/td><td class=\"column-2\">Diody LED zasilania, resetowania, HDD LAN i Wi-Fi, 2 diody LED programowalne przez u\u017cytkownika<br \/>\n<\/td>\n<\/tr>\n<tr class=\"row-12\">\n\t<td class=\"column-1\"><strong>Pami\u0119\u0107 masowa<\/strong><br \/>\n<\/td><td class=\"column-2\"><\/td>\n<\/tr>\n<tr class=\"row-13\">\n\t<td class=\"column-1\">SATA<\/td><td class=\"column-2\">2x porty SATA 3.0 i 2x porty SATA 2.0, obs\u0142uga RAID 0\/1\/5\/10<br \/>\n<\/td>\n<\/tr>\n<tr class=\"row-14\">\n\t<td class=\"column-1\">mSATA<\/td><td class=\"column-2\">2x porty SATA 3.0 i 2x porty SATA 2.0, obs\u0142uga RAID 0\/1\/5\/10<br \/>\n<\/td>\n<\/tr>\n<tr class=\"row-15\">\n\t<td class=\"column-1\">eSATAp<\/td><td class=\"column-2\">Zasilany zewn\u0119trzny port SATA z SATA 2.0 i USB 2.0, z\u0142\u0105cze chronione przed wy\u0142adowaniami elektrostatycznymi<br \/>\n<\/td>\n<\/tr>\n<tr class=\"row-16\">\n\t<td class=\"column-1\"><strong>Interfejsy<\/strong><br \/>\n<\/td><td class=\"column-2\"><\/td>\n<\/tr>\n<tr class=\"row-17\">\n\t<td class=\"column-1\">Interfejsy graficzne<br \/>\n<\/td><td class=\"column-2\">Display Port (DP) do 2560x1600 (DP) oraz DVI-I i 24-bit LVDS do 1920 x 1200<br \/>\nMo\u017cliwo\u015b\u0107 wy\u015bwietlania na dw\u00f3ch wy\u015bwietlaczach, ochrona przed wy\u0142adowaniami elektrostatycznymi. Port PCIe Gen3 x16 (PEG) dla karty graficznej.<\/td>\n<\/tr>\n<tr class=\"row-18\">\n\t<td class=\"column-1\">USB<\/td><td class=\"column-2\">4x porty USB 3.0, 2x porty USB 2.0, obs\u0142uguje klawiatury i myszy USB jako starsze urz\u0105dzenia<br \/>\n3x dodatkowe wewn\u0119trzne porty USB 2.0<\/td>\n<\/tr>\n<tr class=\"row-19\">\n\t<td class=\"column-1\">LAN<\/td><td class=\"column-2\">4x porty GbE (Intel 82574IT) na RJ45, z\u0142\u0105cza chronione przed ESD, obs\u0142uga Wake on LAN<br \/>\n<\/td>\n<\/tr>\n<tr class=\"row-20\">\n\t<td class=\"column-1\">Porty szeregowe<br \/>\n<\/td><td class=\"column-2\">2x pe\u0142ne porty modemowe RS232, zewn\u0119trzne z\u0142\u0105cza DB9 chronione przed ESD<br \/>\n2x dodatkowe porty RS232 \/ 485 (opcjonalnie)<\/td>\n<\/tr>\n<tr class=\"row-21\">\n\t<td class=\"column-1\">PS\/2<\/td><td class=\"column-2\">Do klawiatury i myszy, 1x 6-stykowe z\u0142\u0105cze Mini-DIN, chronione przed wy\u0142adowaniami elektrostatycznymi<br \/>\n<\/td>\n<\/tr>\n<tr class=\"row-22\">\n\t<td class=\"column-1\">HDAudio<\/td><td class=\"column-2\">Sygna\u0142y Intel HDAudio, dost\u0119pne w nag\u0142\u00f3wku 1 mm, karta d\u017awi\u0119kowa (HDSOUND-1) jest dost\u0119pna<br \/>\n<\/td>\n<\/tr>\n<tr class=\"row-23\">\n\t<td class=\"column-1\"><strong>Rozszerzenia<\/strong><\/td><td class=\"column-2\"><\/td>\n<\/tr>\n<tr class=\"row-24\">\n\t<td class=\"column-1\">mPCIe<\/td><td class=\"column-2\">2x mPCIe PCI Express Gen2, x1 linia i USB 2.0 (1 w po\u0142\u0105czeniu z mSATA)<br \/>\n<\/td>\n<\/tr>\n<tr class=\"row-25\">\n\t<td class=\"column-1\">ePCIe<\/td><td class=\"column-2\">1x zewn\u0119trzny port PCI Express Gen2, port liniowy x1 z 500 MB \/ s, z\u0142\u0105cze chronione przed ESD<br \/>\n<\/td>\n<\/tr>\n<tr class=\"row-26\">\n\t<td class=\"column-1\">PCI\/104-Express<\/td><td class=\"column-2\">1x gniazdo PCIe \/ 104 (4x linia PCIe x1, 2x USB 2.0), gniazdo PCI \/ 104 (magistrala PCI 33 lub 66 MHz)<br \/>\n<\/td>\n<\/tr>\n<tr class=\"row-27\">\n\t<td class=\"column-1\"><strong>Moc<\/strong><\/td><td class=\"column-2\"><\/td>\n<\/tr>\n<tr class=\"row-28\">\n\t<td class=\"column-1\">Napi\u0119cie wej\u015bciowe<br \/>\n<\/td><td class=\"column-2\">Zakres wej\u015bciowy 8\u201336 VDC, moc wej\u015bciowa chroniona przed ESD i EMC (opcjonalnie do 110 V DC)<br \/>\nZabezpieczenie przed: napi\u0119ciem do -36 VDC, odwrotn\u0105 polaryzacj\u0105, zrzutem obci\u0105\u017cenia do 150 V.<br \/>\nPrzycisk resetowania i zasilania *<br \/>\nWej\u015bcie zap\u0142onu specjalnie dla pojazd\u00f3w * (* dost\u0119pne r\u00f3wnie\u017c na 4-pinowym z\u0142\u0105czu Mini-DIN)<\/td>\n<\/tr>\n<tr class=\"row-29\">\n\t<td class=\"column-1\">Pob\u00f3r energii<br \/>\n<\/td><td class=\"column-2\">11-17 Watt<br \/>\nUlepszona technologia Intel Speed \u200b\u200bStep, dzia\u0142anie wszystkich sieci LAN<\/td>\n<\/tr>\n<tr class=\"row-30\">\n\t<td class=\"column-1\"><strong>\u015arodowisko<\/strong><br \/>\n<\/td><td class=\"column-2\"><\/td>\n<\/tr>\n<tr class=\"row-31\">\n\t<td class=\"column-1\">Temperatura przechowywania<br \/>\n<\/td><td class=\"column-2\">-45\u00b0C do +85\u00b0C (-49\u00b0F do +185\u00b0F)<br \/>\n<\/td>\n<\/tr>\n<tr class=\"row-32\">\n\t<td class=\"column-1\">Temperatura robocza<br \/>\n<\/td><td class=\"column-2\">Od -20\u00b0C do +60\u00b0C (od -4 \u00b0F do +140\u00b0F), przy pe\u0142nym wykorzystaniu procesora, wideo 3D i pami\u0119ci, bez wentylatora<br \/>\n<\/td>\n<\/tr>\n<tr class=\"row-33\">\n\t<td class=\"column-1\">Rozszerzenie temperatury (opcjonalnie)<\/td><td class=\"column-2\">-40\u00b0C do +75\u00b0C (-40\u00b0F do +167\u00b0F), bez wentylatora, ko\u0144cowy test w komorze klimatycznej z protoko\u0142em testu<br \/>\n<\/td>\n<\/tr>\n<tr class=\"row-34\">\n\t<td class=\"column-1\">Wilgotno\u015b\u0107 wzgl\u0119dna<br \/>\n<\/td><td class=\"column-2\">5% do 95% bez kondensacji, dost\u0119pna opcjonalna pow\u0142oka<br \/>\n<\/td>\n<\/tr>\n<tr class=\"row-35\">\n\t<td class=\"column-1\"><strong>Standardowa zgodno\u015b\u0107<\/strong><br \/>\n<\/td><td class=\"column-2\"><\/td>\n<\/tr>\n<tr class=\"row-36\">\n\t<td class=\"column-1\">EMC<\/td><td class=\"column-2\">EN 55022, EN 55024, EN 61000, MIL-STD-461E<br \/>\n<\/td>\n<\/tr>\n<tr class=\"row-37\">\n\t<td class=\"column-1\">Wstrz\u0105sy i wibracje<br \/>\n<\/td><td class=\"column-2\">EN 60068<br \/>\n<\/td>\n<\/tr>\n<tr class=\"row-38\">\n\t<td class=\"column-1\">\u015arodowisko i bezpiecze\u0144stwo<\/td><td class=\"column-2\">EN 50155, MIL-STD-810G, EN 60601, EN 60950<br \/>\n<\/td>\n<\/tr>\n<tr class=\"row-39\">\n\t<td class=\"column-1\">Lista zatwierdze\u0144<br \/>\n<\/td><td class=\"column-2\">CE, IEC 60945, IACS E10<br \/>\n<\/td>\n<\/tr>\n<tr class=\"row-40\">\n\t<td class=\"column-1\">Certyfikat<\/td><td class=\"column-2\">EN 50155 Class Tx<br \/>\n<\/td>\n<\/tr>\n<\/tbody>\n<\/table>\n<!-- #tablepress-66 from cache -->\n<p>For deployment in harsh environments, the MAGBES can be ordered in an extended temperature version. Every system needs to pass various tests in a climate chamber to prove that it will perform flawless over the temperature range indicated.<\/p>\n<h4>Accessories:<\/h4>\n\n<table id=\"tablepress-67\" class=\"tablepress tablepress-id-67 tbody-has-connected-cells\">\n<tbody class=\"row-striping row-hover\">\n<tr class=\"row-1\">\n\t<td class=\"column-1\"><strong>Chassis version<\/strong><br \/>\n<\/td><td class=\"column-2\"><strong>length x width x heights\t<\/strong><br \/>\n<\/td><td class=\"column-3\"><strong>weight<\/strong><\/td><td class=\"column-4\"><\/td>\n<\/tr>\n<tr class=\"row-2\">\n\t<td class=\"column-1\">DIN-Rail<\/td><td class=\"column-2\">270 x 162 x 62\/83\/120mm<\/td><td class=\"column-3\">2.2 kg (4.85 lb.) with HDD<\/td><td class=\"column-4\">(custom color or foil available)<\/td>\n<\/tr>\n<tr class=\"row-3\">\n\t<td class=\"column-1\">Flange<\/td><td class=\"column-2\">290 x 162 x 62\/83\/120mm<\/td><td class=\"column-3\">2.2 kg (4.85 lb.) with HDD<\/td><td class=\"column-4\">(custom color or foil available)<\/td>\n<\/tr>\n<tr class=\"row-4\">\n\t<td class=\"column-1\">Open Frame<\/td><td class=\"column-2\">260 x 154 x 33mm<\/td><td class=\"column-3\">1.0 kg (2.2 lb.)<\/td><td class=\"column-4\">(custom cooling plate available)<\/td>\n<\/tr>\n<tr class=\"row-5\">\n\t<td class=\"column-1\">IP67 MIL<\/td><td class=\"column-2\">304 x 234 x 75\/95mm<\/td><td class=\"column-3\">3.0 kg (6.6 lb.)<\/td><td class=\"column-4\">(custom housings and connectors available)<\/td>\n<\/tr>\n<tr class=\"row-6\">\n\t<td colspan=\"4\" class=\"column-1\"><span style=\"font-weight: normal !important;\">The aluminum housings are internally chromated, externally powder coated or anodized, no ventilation holes.<br \/>\nThe cooling plate for the open frame versions is chromated. Depopulated versions or solutions with headers can be offered.<\/span><\/td>\n<\/tr>\n<\/tbody>\n<\/table>\n<!-- #tablepress-67 from cache -->\n<p>&nbsp;<\/p>\n","protected":false},"excerpt":{"rendered":"<p>The MAGBES Family consists of models matching your application needs. The five\/eight ports can be equipped with RJ45 connectors or lockable headers of which two\/four ports can be fiber. All ports have status LEDs, indicating the activity and speed of each port. The indication signals can also be accessed remote, same applies for reset and default setting.<\/p>\n","protected":false},"featured_media":10874,"template":"","meta":{"_acf_changed":false,"inline_featured_image":false,"_monsterinsights_skip_tracking":false,"_monsterinsights_sitenote_active":false,"_monsterinsights_sitenote_note":"","_monsterinsights_sitenote_category":0},"product_brand":[],"product_cat":[365],"product_tag":[],"class_list":{"0":"post-3925","1":"product","2":"type-product","3":"status-publish","4":"has-post-thumbnail","6":"product_cat-network-solutions-en50155-standard","8":"first","9":"instock","10":"shipping-taxable","11":"product-type-simple"},"acf":[],"_links":{"self":[{"href":"https:\/\/quantum.com.pl\/en\/wp-json\/wp\/v2\/product\/3925","targetHints":{"allow":["GET"]}}],"collection":[{"href":"https:\/\/quantum.com.pl\/en\/wp-json\/wp\/v2\/product"}],"about":[{"href":"https:\/\/quantum.com.pl\/en\/wp-json\/wp\/v2\/types\/product"}],"wp:featuredmedia":[{"embeddable":true,"href":"https:\/\/quantum.com.pl\/en\/wp-json\/wp\/v2\/media\/10874"}],"wp:attachment":[{"href":"https:\/\/quantum.com.pl\/en\/wp-json\/wp\/v2\/media?parent=3925"}],"wp:term":[{"taxonomy":"product_brand","embeddable":true,"href":"https:\/\/quantum.com.pl\/en\/wp-json\/wp\/v2\/product_brand?post=3925"},{"taxonomy":"product_cat","embeddable":true,"href":"https:\/\/quantum.com.pl\/en\/wp-json\/wp\/v2\/product_cat?post=3925"},{"taxonomy":"product_tag","embeddable":true,"href":"https:\/\/quantum.com.pl\/en\/wp-json\/wp\/v2\/product_tag?post=3925"}],"curies":[{"name":"wp","href":"https:\/\/api.w.org\/{rel}","templated":true}]}}