{"id":4029,"date":"2019-08-29T13:39:28","date_gmt":"2019-08-29T11:39:28","guid":{"rendered":"https:\/\/quantum.com.pl\/?post_type=product&#038;p=4029"},"modified":"2020-10-28T12:05:42","modified_gmt":"2020-10-28T11:05:42","slug":"rugged-embedded-computer-solutions-with-intel-8th-and-9th-gen-processors","status":"publish","type":"product","link":"https:\/\/quantum.com.pl\/en\/product\/rugged-embedded-computer-solutions-with-intel-8th-and-9th-gen-processors\/","title":{"rendered":"Rugged Embedded Computer Solutions with Intel 8th and 9th Gen. Processors"},"content":{"rendered":"<h4>PIP40 Family &#8211; Extremely Rugged Embedded Computer Solution based on Intel\u00ae 8th &amp; 9th Gen. Processor<\/h4>\n<p>The PIP40 Product Family is a high performance, low power and highly integrated Rugged Embedded Computer, based in the latest Intel technology. The solution is available in a compact aluminum housing with DIN-Rail or flange, a rugged MIL IP67 enclosure, a 19\u201d rack system or an open frame solution with a cooling plate. All configurable depending on your application or needs. The unique chassis solutions allows to operate the PIP40 product range in a moderate as well as in harsh environments. The design integrates standard connectors for easy connection or lockable headers, depending on housing choice or needs.<\/p>\n<h4>PIP40 Family Highlights<\/h4>\n<p>The PIP housings offer sufficient space for 2.5\u201d SSD or other expansions like UPS, RAID..). Two mPCIe and three m.2 slots allow to expand the system very easy. The internal expansion bus allows to integrate PCIe\/104 or PCIe cards. These expansion possibilities give a maximum on customization for additional interfaces and features. Particular precautions during the design have been taken that the entire system EMC is within the CE and FCC limits and standards like EN50155, IEC 60945 or MIL-STD-810 can be met.<\/p>\n<h4>Key features are:<\/h4>\n<ul>\n<li>Up to 32GB DDR4 memory *<\/li>\n<li>Fanless operation, also from -40\u00b0C to +65\u00b0C<\/li>\n<li>Long term availability (Typically 10 years or more, 20+ years repair)<\/li>\n<li>Extremely flexible<\/li>\n<li>AMT \/ vPro support *<\/li>\n<\/ul>\n<p><i>* depending on selected CPU<\/i><\/p>\n<p>The PIP40 Family has been designed to withstand any harsh environments and extreme temperature conditions. The special rugged design, combined with the best industrial-grade components, offer high reliability and long-term performance.<\/p>\n<p>The PIP40 Family is available for different Industries and is the perfect embedded computer solution for industrial environments, railway applications, MIL\/COTS, SWaP-C applications, or whenever a rugged long-term available computer is needed.<\/p>\n<h4>Technical Features<\/h4>\n\n<table id=\"tablepress-87\" class=\"tablepress tablepress-id-87 tbody-has-connected-cells\">\n<tbody class=\"row-striping row-hover\">\n<tr class=\"row-1\">\n\t<td colspan=\"2\" class=\"column-1\"><strong style=\"display: block; text-align: center;\">Dane og\u00f3lne<\/strong><\/td>\n<\/tr>\n<tr class=\"row-2\">\n\t<td class=\"column-1\"><\/td><td class=\"column-2\"><strong style=\"display: block; text-align: center;\">PIP39<\/strong><\/td>\n<\/tr>\n<tr class=\"row-3\">\n\t<td class=\"column-1\">Procesor<\/td><td class=\"column-2\">Intel i7-3612QE<br \/>\n<\/td>\n<\/tr>\n<tr class=\"row-4\">\n\t<td class=\"column-1\">Liczba rdzeni \/ gwint\u00f3w<br \/>\n<\/td><td class=\"column-2\">4 \/ 8<\/td>\n<\/tr>\n<tr class=\"row-5\">\n\t<td class=\"column-1\">Szybko\u015b\u0107 zegara<\/td><td class=\"column-2\">2.1 \/ 3.1 GHz<br \/>\n<\/td>\n<\/tr>\n<tr class=\"row-6\">\n\t<td class=\"column-1\">Pami\u0119\u0107 podr\u0119czna L2<\/td><td class=\"column-2\">6 MB<\/td>\n<\/tr>\n<tr class=\"row-7\">\n\t<td class=\"column-1\">Passmark (wszystkie rdzenie)<br \/>\n<\/td><td class=\"column-2\">6665<br \/>\n<\/td>\n<\/tr>\n<tr class=\"row-8\">\n\t<td class=\"column-1\">Procesor<\/td><td class=\"column-2\">Intel Core i7-3612QE 2.1 \/ 3.1GHz, architektura Intel 64, ulepszony Intel SpeedStep, czterordzeniowy<br \/>\n<\/td>\n<\/tr>\n<tr class=\"row-9\">\n\t<td class=\"column-1\">Chipset<\/td><td class=\"column-2\">Intel QM77, obs\u0142uguje stany zasilania ACPI S1, S4 i S5, USB 3.0<br \/>\n<\/td>\n<\/tr>\n<tr class=\"row-10\">\n\t<td class=\"column-1\">Pami\u0119\u0107 podr\u0119czna<\/td><td class=\"column-2\">6 MB<\/td>\n<\/tr>\n<tr class=\"row-11\">\n\t<td class=\"column-1\">Pami\u0119\u0107<\/td><td class=\"column-2\">Do 16 GB pami\u0119ci DDR3-1600 ECC w dw\u00f3ch gniazdach SO-DIMM<br \/>\n<\/td>\n<\/tr>\n<tr class=\"row-12\">\n\t<td class=\"column-1\">BIOS<\/td><td class=\"column-2\">Wbudowany lutowany Flash 8 MB, opracowany przez MPL BIOS (SecureCore firmy Phoenix), konfigurowalny<br \/>\n<\/td>\n<\/tr>\n<tr class=\"row-13\">\n\t<td class=\"column-1\">TPM<\/td><td class=\"column-2\">Modu\u0142 Trusted Platform Module 1.2 (Atmel AT97SC3204) przylutowany na p\u0142ytce<br \/>\n<\/td>\n<\/tr>\n<tr class=\"row-14\">\n\t<td class=\"column-1\">Zegar nadzoruj\u0105cy<\/td><td class=\"column-2\">Konfigurowalna ziarnisto\u015b\u0107 1-255 sek. lub 1-255 min.<br \/>\n<\/td>\n<\/tr>\n<tr class=\"row-15\">\n\t<td class=\"column-1\">Wska\u017aniki LED<\/td><td class=\"column-2\">Diody LED zasilania, resetowania, HDD LAN i Wi-Fi, 2 diody LED programowalne przez u\u017cytkownika<br \/>\n<\/td>\n<\/tr>\n<tr class=\"row-16\">\n\t<td colspan=\"2\" class=\"column-1\"><strong style=\"display: block; text-align: center;\">Pami\u0119\u0107<\/strong masowa><\/td>\n<\/tr>\n<tr class=\"row-17\">\n\t<td class=\"column-1\">SATA<\/td><td class=\"column-2\">2 porty SATA 3.0,<br \/>\n2 porty SATA 2.0 - wszystkie chronione przed ESD<br \/>\nObs\u0142uga RAID 0\/1\/5\/10<\/td>\n<\/tr>\n<tr class=\"row-18\">\n\t<td class=\"column-1\">mSATA<\/td><td class=\"column-2\">1x gniazdo combo mSATA Full-Mini Card w SATA 2.0 i USB 2.0<br \/>\n<\/td>\n<\/tr>\n<tr class=\"row-19\">\n\t<td colspan=\"2\" class=\"column-1\"><strong style=\"display: block; text-align: center;\">Interfejsy<\/strong><\/td>\n<\/tr>\n<tr class=\"row-20\">\n\t<td class=\"column-1\">Interfejsy graficzne<br \/>\n<\/td><td class=\"column-2\">Interfejs DP, DVI-I i 24-bitowy LVDS, chroniony przed wy\u0142adowaniami elektrostatycznymi (DVI-I i port wy\u015bwietlacza);<br \/>\ndo 2560x1600 (DP) Obs\u0142uga dw\u00f3ch wy\u015bwietlaczy<br \/>\n<\/td>\n<\/tr>\n<tr class=\"row-21\">\n\t<td class=\"column-1\">USB<\/td><td class=\"column-2\">4 porty USB 3.0, 7 port\u00f3w USB 2.0, obs\u0142uguje klawiatury i myszy USB jako starsze urz\u0105dzenia<br \/>\n<\/td>\n<\/tr>\n<tr class=\"row-22\">\n\t<td class=\"column-1\">LAN<\/td><td class=\"column-2\">2 porty GbE (Intel 82574IT), z\u0142\u0105cza chronione przed ESD, obs\u0142uga WOL, ochrona przed ESD<br \/>\n<\/td>\n<\/tr>\n<tr class=\"row-23\">\n\t<td class=\"column-1\">PS\/2<\/td><td class=\"column-2\">Do klawiatury i myszy, 1x 6-stykowe z\u0142\u0105cze Mini-DIN, chronione przed wy\u0142adowaniami elektrostatycznymi<br \/>\n<\/td>\n<\/tr>\n<tr class=\"row-24\">\n\t<td class=\"column-1\">Porty szeregowe<br \/>\n<\/td><td class=\"column-2\">2 pe\u0142ne porty modemowe RS232, zewn\u0119trzne z\u0142\u0105cza DB9 chronione przed ESD<br \/>\n2x RS232 \/ 485 opcjonalny<\/td>\n<\/tr>\n<tr class=\"row-25\">\n\t<td class=\"column-1\">HDAudio<\/td><td class=\"column-2\">Sygna\u0142y Intel HDAudio, dost\u0119pne w nag\u0142\u00f3wku 1 mm, karta d\u017awi\u0119kowa (HDSOUND-1) jest dost\u0119pna<br \/>\n<\/td>\n<\/tr>\n<tr class=\"row-26\">\n\t<td colspan=\"2\" class=\"column-1\"><strong style=\"display: block; text-align: center;\">Rozszerzenia<\/strong><\/td>\n<\/tr>\n<tr class=\"row-27\">\n\t<td class=\"column-1\">mPCIe<\/td><td class=\"column-2\">1x mPCIe PCI Express Gen2 x1 linia i USB 2.0<br \/>\n<\/td>\n<\/tr>\n<tr class=\"row-28\">\n\t<td class=\"column-1\">PCI\/104-Express<\/td><td class=\"column-2\">1x PCIe x16, 4x PCIe x1 linia, 2x USB 2.0 (dost\u0119pne PCI \/ 104-Express na PCIe x16)<br \/>\n<\/td>\n<\/tr>\n<tr class=\"row-29\">\n\t<td colspan=\"2\" class=\"column-1\"><strong style=\"display: block; text-align: center;\">Moc<\/strong><\/td>\n<\/tr>\n<tr class=\"row-30\">\n\t<td class=\"column-1\">Napi\u0119cie wej\u015bciowe<\/td><td class=\"column-2\">Napi\u0119cie wej\u015bciowe 10 VDC - zakres wej\u015bciowy 36 VDC, moc wej\u015bciowa zabezpieczona przed wy\u0142adowaniami elektrostatycznymi i EMC;<br \/>\nochrona przed odwrotn\u0105 polaryzacj\u0105 do -36VDC;<br \/>\nochrona przed zrzutem obci\u0105\u017cenia do 150 V;<br \/>\nPrzycisk resetowania i zasilania*;<br \/>\nWej\u015bcie zap\u0142onu specjalnie dla pojazd\u00f3w* (*dost\u0119pne r\u00f3wnie\u017c na 4-pinowym z\u0142\u0105czu Mini-DIN)<\/td>\n<\/tr>\n<tr class=\"row-31\">\n\t<td class=\"column-1\">Pob\u00f3r mocy<\/td><td class=\"column-2\">17 - 46 W, ulepszona technologia Intel Speed \u200b\u200bStep<br \/>\n<\/td>\n<\/tr>\n<tr class=\"row-32\">\n\t<td colspan=\"2\" class=\"column-1\"><strong style=\"display: block; text-align: center;\">\u015arodowisko<\/strong><\/td>\n<\/tr>\n<tr class=\"row-33\">\n\t<td class=\"column-1\">Temperatura przechowywania<\/td><td class=\"column-2\">-45\u00b0C do +85\u00b0C (-49\u00b0F do +185\u00b0F)<br \/>\n<\/td>\n<\/tr>\n<tr class=\"row-34\">\n\t<td class=\"column-1\">Temperatura operacyjna<\/td><td class=\"column-2\">Od -20\u00b0C do +60\u00b0C (od -4\u00b0F do +140\u00b0F), przy pe\u0142nym wykorzystaniu procesora, wideo 3D i pami\u0119ci, bez wentylatora;<br \/>\nDost\u0119pny rozszerzony zakres temperatur pracy, roztw\u00f3r MIL ma rozszerzon\u0105 temperatur\u0119 - rozszerzony zakres temperatur zale\u017cy od zdolno\u015bci ch\u0142odzenia zastosowanej obudowy<\/td>\n<\/tr>\n<tr class=\"row-35\">\n\t<td class=\"column-1\">Wzgl\u0119dna wilgotno\u015b\u0107<\/td><td class=\"column-2\">5% do 95% bez kondensacji, dost\u0119pna opcjonalna pow\u0142oka<br \/>\n<\/td>\n<\/tr>\n<tr class=\"row-36\">\n\t<td colspan=\"2\" class=\"column-1\"><strong style=\"display: block; text-align: center;\">Standardowa zgodno\u015b\u0107<\/strong><\/td>\n<\/tr>\n<tr class=\"row-37\">\n\t<td class=\"column-1\">EMC<\/td><td class=\"column-2\">EN 55022, EN 55024, EN 61000, MIL-STD-461E<br \/>\n<\/td>\n<\/tr>\n<tr class=\"row-38\">\n\t<td class=\"column-1\">Wstrz\u0105sy i wibracje<\/td><td class=\"column-2\">EN 60068<br \/>\n<\/td>\n<\/tr>\n<tr class=\"row-39\">\n\t<td class=\"column-1\">Bezpiecze\u0144stwo \u015brodowiska<\/td><td class=\"column-2\">EN 50155, MIL-STD-810F, EN 60601, EN 60950<br \/>\n<\/td>\n<\/tr>\n<tr class=\"row-40\">\n\t<td class=\"column-1\">Lista zatwierdze\u0144<\/td><td class=\"column-2\">CE, IEC 60945, IACS E10<br \/>\n<\/td>\n<\/tr>\n<tr class=\"row-41\">\n\t<td class=\"column-1\">Certyfikaty<\/td><td class=\"column-2\">EN50155 Klasa Tx (od -40\u00b0C do +70\/85\u00b0C)<br \/>\nIEC 60945 \/ IACS E10 (PIP39-M)<\/td>\n<\/tr>\n<\/tbody>\n<\/table>\n<!-- #tablepress-87 from cache -->\n<h4>Packaging<\/h4>\n\n<table id=\"tablepress-88\" class=\"tablepress tablepress-id-88 tbody-has-connected-cells\">\n<tbody class=\"row-striping row-hover\">\n<tr class=\"row-1\">\n\t<td class=\"column-1\"><strong>Wersja obudowy<\/strong><\/td><td class=\"column-2\"><strong>d\u0142ugo\u015b\u0107 x szeroko\u015b\u0107 x wysoko\u015b\u0107<\/strong><\/td><td class=\"column-3\"><strong>waga<\/strong><\/td><td class=\"column-4\"><\/td>\n<\/tr>\n<tr class=\"row-2\">\n\t<td class=\"column-1\">DIN-Rail<\/td><td class=\"column-2\">270 x 162 x 83\/120mm<\/td><td class=\"column-3\">2.2 kg<\/td><td class=\"column-4\">(dost\u0119pny niestandardowy kolor lub folia)<br \/>\n<\/td>\n<\/tr>\n<tr class=\"row-3\">\n\t<td class=\"column-1\">Ko\u0142nierz<\/td><td class=\"column-2\">312 x 162 x 83\/120mm<\/td><td class=\"column-3\">2.2 kg<\/td><td class=\"column-4\">(dost\u0119pny niestandardowy kolor lub folia)<br \/>\n<\/td>\n<\/tr>\n<tr class=\"row-4\">\n\t<td class=\"column-1\">Open Frame<\/td><td class=\"column-2\">218 x 154 x 43mm (min.)<\/td><td class=\"column-3\">1.5 kg<\/td><td class=\"column-4\">(dost\u0119pne s\u0105 niestandardowe p\u0142yty ch\u0142odz\u0105ce)<\/td>\n<\/tr>\n<tr class=\"row-5\">\n\t<td class=\"column-1\">IP67 MIL<\/td><td class=\"column-2\">304 x 234 x 75\/95mm<\/td><td class=\"column-3\">3.6 kg<\/td><td class=\"column-4\">(dost\u0119pne niestandardowe obudowy i z\u0142\u0105cza)<br \/>\n<\/td>\n<\/tr>\n<tr class=\"row-6\">\n\t<td colspan=\"4\" class=\"column-1\"><span style=\"font-weight: normal;\">Aluminiowe obudowy s\u0105 wewn\u0119trznie chromowane, zewn\u0119trznie malowane proszkowo lub anodowane, bez otwor\u00f3w wentylacyjnych.<br \/>\nP\u0142yta ch\u0142odz\u0105ca dla wersji Open Frame jest chromowana.<\/span><\/td>\n<\/tr>\n<\/tbody>\n<\/table>\n<!-- #tablepress-88 from cache -->\n","protected":false},"excerpt":{"rendered":"<h3>PIP40 Family<\/h3>\n<p>The PIP40 Product Family is a high performance, low power and highly integrated Rugged Embedded Computer, based in the latest Intel technology. The solution is available in a compact aluminum housing with DIN-Rail or flange, a rugged MIL IP67 enclosure, a 19\u201d rack system or an open frame solution with a cooling plate. All configurable depending on your application or needs.<\/p>\n","protected":false},"featured_media":10836,"template":"","meta":{"_acf_changed":false,"inline_featured_image":false,"_monsterinsights_skip_tracking":false,"_monsterinsights_sitenote_active":false,"_monsterinsights_sitenote_note":"","_monsterinsights_sitenote_category":0},"product_brand":[],"product_cat":[363,1592,406,506],"product_tag":[],"class_list":{"0":"post-4029","1":"product","2":"type-product","3":"status-publish","4":"has-post-thumbnail","6":"product_cat-mpl-en","7":"product_cat-rugged-computers","8":"product_cat-rugged-industrial-computers","9":"product_cat-single-board-computers-sbc","11":"first","12":"instock","13":"shipping-taxable","14":"product-type-simple"},"acf":[],"_links":{"self":[{"href":"https:\/\/quantum.com.pl\/en\/wp-json\/wp\/v2\/product\/4029","targetHints":{"allow":["GET"]}}],"collection":[{"href":"https:\/\/quantum.com.pl\/en\/wp-json\/wp\/v2\/product"}],"about":[{"href":"https:\/\/quantum.com.pl\/en\/wp-json\/wp\/v2\/types\/product"}],"wp:featuredmedia":[{"embeddable":true,"href":"https:\/\/quantum.com.pl\/en\/wp-json\/wp\/v2\/media\/10836"}],"wp:attachment":[{"href":"https:\/\/quantum.com.pl\/en\/wp-json\/wp\/v2\/media?parent=4029"}],"wp:term":[{"taxonomy":"product_brand","embeddable":true,"href":"https:\/\/quantum.com.pl\/en\/wp-json\/wp\/v2\/product_brand?post=4029"},{"taxonomy":"product_cat","embeddable":true,"href":"https:\/\/quantum.com.pl\/en\/wp-json\/wp\/v2\/product_cat?post=4029"},{"taxonomy":"product_tag","embeddable":true,"href":"https:\/\/quantum.com.pl\/en\/wp-json\/wp\/v2\/product_tag?post=4029"}],"curies":[{"name":"wp","href":"https:\/\/api.w.org\/{rel}","templated":true}]}}