{"id":4093,"date":"2019-09-04T19:30:46","date_gmt":"2019-09-04T17:30:46","guid":{"rendered":"https:\/\/quantum.com.pl\/?post_type=product&#038;p=4093"},"modified":"2020-10-07T13:07:21","modified_gmt":"2020-10-07T11:07:21","slug":"fanless-industrial-pc-based-on-intel-celeron-m","status":"publish","type":"product","link":"https:\/\/quantum.com.pl\/en\/product\/fanless-industrial-pc-based-on-intel-celeron-m\/","title":{"rendered":"Fanless Industrial PC based on Intel Celeron M"},"content":{"rendered":"<p><em>Not recommended for new designs, use PIP30 Family<\/em><\/p>\n<p>The PIP9 is a powerful, highly integrated, robust and fanless Packaged Industrial PC based on the Intel Centrino Mobile Technology. It incorporates the low Power embedded Celeron M with 1.0 GHz and 512 KB L2 cache. On-board integrated are numerous features like ECC RAM and Gigabit Ethernet. The PIP9 represents an unique solution for today&#8217;s demanding industrial needs and reliability. The PIP9 is designed to operate under extreme as well as normal conditions without the need of fans.The specific engineering results in an unique solution which is compact, maintenance free, noiseless, and rugged. The PIP solutions can be assembled according to your needs.<\/p>\n<h4>The PIP9 Specialities<\/h4>\n<p>Unreached low power consumption and incredible flexibility due to various expansions. The unit comes with a complete set of PC interfaces (Ethernet, USB 2.0, IEEE1394b, Graphics&#8230;). It offers industrial features like 8-48 VDC input power, 4 serial ports (RS232\/485), PC\/104-Plus, PCI and PMC expansion possibilities, CAN, RAID and even UPS functionality are available as internal options. Other features are:<\/p>\n<ul>\n<li>Versions with up to 3x Gigabit or 3x Firewire ports<\/li>\n<li>On-board soldered ECC RAM<\/li>\n<li>Extreme low power consumption<\/li>\n<li>Fanless operation<\/li>\n<li>Expansions via PC\/104, PC\/104-Plus, PCI and PMC<\/li>\n<li>Long term availability<\/li>\n<\/ul>\n<p>These features make the PIP9 the ideal solution for any application where a high performance PC with a low power consumption and\/or extended temperature next to the reliability is required. Additional you benefit from a high quality, very rugged, small size, and expandable Industrial PC solution. The PIP9 is widely used in vision, medicine, transportation systems, telecom, and in industrial applications.<\/p>\n<h4>Technical Features PIP9<\/h4>\n\n<table id=\"tablepress-102\" class=\"tablepress tablepress-id-102\">\n<thead>\n<tr class=\"row-1\">\n\t<td class=\"column-1\"><\/td><th class=\"column-2\"><strong>Dane og\u00f3lne<\/strong><\/th><td class=\"column-3\"><\/td>\n<\/tr>\n<\/thead>\n<tbody class=\"row-striping row-hover\">\n<tr class=\"row-2\">\n\t<td class=\"column-1\">Procesor<\/td><td class=\"column-2\">Wbudowany procesor Celeron M o niskiej mocy, 1,0 GHz<br \/>\nPami\u0119\u0107 podr\u0119czna 512 KB poziomu 2<\/td><td class=\"column-3\">Intel SpeedStep<br \/>\n64-bitowa magistrala danych<br \/>\nProcesor w d\u0142ugoterminowym programie dostaw firmy Intel<\/td>\n<\/tr>\n<tr class=\"row-3\">\n\t<td class=\"column-1\">Chip Set<\/td><td class=\"column-2\">Intel 855GME &amp; 6300ESB<\/td><td class=\"column-3\">400MHz Front Side Bus<br \/>\n<\/td>\n<\/tr>\n<tr class=\"row-4\">\n\t<td class=\"column-1\">BIOS<\/td><td class=\"column-2\">1 MB pami\u0119ci Flash EEPROM, \u0142atwa aktualizacja BIOS<br \/>\n<\/td><td class=\"column-3\">BIOS zaprojektowany przez MPL (oprogramowanie og\u00f3lne)<br \/>\n<\/td>\n<\/tr>\n<tr class=\"row-5\">\n\t<td class=\"column-1\">Pami\u0119\u0107<\/td><td class=\"column-2\">Do 1 GB pami\u0119ci, z ECC lub bez<br \/>\n<\/td><td class=\"column-3\">200-pinowe gniazdo SO-DIMM dla jednego modu\u0142u DDR333<br \/>\n<\/td>\n<\/tr>\n<tr class=\"row-6\">\n\t<td class=\"column-1\">FLASH<\/td><td class=\"column-2\">Dwa 44-pinowe z\u0142\u0105cza dla modu\u0142\u00f3w Flash lub dysk\u00f3w<br \/>\n<\/td><td class=\"column-3\">Mo\u017ce by\u0107 u\u017cywany z dowolnym dost\u0119pnym Flashem<br \/>\n<\/td>\n<\/tr>\n<tr class=\"row-7\">\n\t<td class=\"column-1\">RTC<\/td><td class=\"column-2\">Wspierany przez wbudowany akumulator, wymienny w terenie<br \/>\n<\/td><td class=\"column-3\">Ustawienia CMOS mo\u017cna zapisa\u0107 w EEPROM<br \/>\n<\/td>\n<\/tr>\n<tr class=\"row-8\">\n\t<td class=\"column-1\">Zegar nadzoruj\u0105cy<\/td><td class=\"column-2\">2 etapy, niezale\u017cne warto\u015bci oblicze\u0144 dla ka\u017cdego etapu<br \/>\n<\/td><td class=\"column-3\">Konfigurowalna ziarnisto\u015b\u0107 od 1\u00b5 do 10 min<br \/>\n<\/td>\n<\/tr>\n<tr class=\"row-9\">\n\t<td class=\"column-1\">Wska\u017aniki<\/td><td class=\"column-2\">8 dwukolorowych diod LED, 6 aktywnych + 2 definiowane przez u\u017cytkownika<br \/>\n<\/td><td class=\"column-3\">Zasilanie, reset, dysk twardy, IEEE1394b, aktywno\u015b\u0107 \/ pr\u0119dko\u015b\u0107 sieci LAN<br \/>\n<\/td>\n<\/tr>\n<tr class=\"row-10\">\n\t<td class=\"column-1\">Czujniki temperatury<br \/>\n<\/td><td class=\"column-2\">Monitoruje temperatur\u0119 procesora, wbudowan\u0105 pami\u0119\u0107, zasilacz, a tak\u017ce temperatur\u0119 p\u0142yty<br \/>\n<\/td><td class=\"column-3\"><\/td>\n<\/tr>\n<tr class=\"row-11\">\n\t<td class=\"column-1\"><\/td><td class=\"column-2\"><strong>Interfejsy<\/strong><\/td><td class=\"column-3\"><\/td>\n<\/tr>\n<tr class=\"row-12\">\n\t<td class=\"column-1\">Grafika<\/td><td class=\"column-2\">Intel IGD (zintegrowane urz\u0105dzenie graficzne)<br \/>\nRdze\u0144 graficzny 250 MHz z silnikiem 2D i 3D<br \/>\nDost\u0119pna opcjonalna obs\u0142uga dw\u00f3ch paneli<\/td><td class=\"column-3\">Cyfrowe wideo na z\u0142\u0105czu DVI-I max. 1920x1200<br \/>\nWideo analogowe na z\u0142\u0105czu DVI-I maks. 2048x1536<br \/>\nPorty LVDS na g\u0142owicy 1,27, 1920x1200 (WUXGA)<\/td>\n<\/tr>\n<tr class=\"row-13\">\n\t<td class=\"column-1\">1 x Ethernet<\/td><td class=\"column-2\">10BaseT \/100BaseTX<\/td><td class=\"column-3\">Z\u0142\u0105cze RJ45, chronione przed ESD<br \/>\nobs\u0142uguje automatyczn\u0105 IEEE802.3ab<\/td>\n<\/tr>\n<tr class=\"row-14\">\n\t<td class=\"column-1\">3 x USB 2.0<\/td><td class=\"column-2\">2 porty USB z zewn\u0119trznym 480, 12 lub 1,5 Mbit \/ s<br \/>\n1 x port USB z wewn\u0119trznym 480, 12 lub 1,5 Mbit \/ s<br \/>\nInterfejsy obs\u0142uguj\u0105 klawiatur\u0119 i mysz USB<\/td><td class=\"column-3\">2 x z\u0142\u0105cza typu A, chronione przed wy\u0142adowaniami elektrostatycznymi<br \/>\n1 x port USB 2.0 \/ 1.1 na wewn\u0119trznej g\u0142owicy rozruchu USB<\/td>\n<\/tr>\n<tr class=\"row-15\">\n\t<td class=\"column-1\">4 x porty szeregowe<br \/>\n<\/td><td class=\"column-2\">2 porty naprawiaj\u0105 RS232<br \/>\n2 porty opcjonalnie przez modu\u0142y RS232 lub RS422 \/ 485<\/td><td class=\"column-3\">2 x 9-stykowe z\u0142\u0105cze D-SUB, zabezpieczone przed wy\u0142adowaniami elektrostatycznymi<br \/>\nSzybko\u015b\u0107 przesy\u0142ania do 230,4 kBaud<\/td>\n<\/tr>\n<tr class=\"row-16\">\n\t<td class=\"column-1\">2 x porty E-IDE<\/td><td class=\"column-2\">Do 4 nap\u0119d\u00f3w w trybie PIO 4 i Bus Master IDE<br \/>\n<\/td><td class=\"column-3\">2 x standard 44-pin header<br \/>\n<\/td>\n<\/tr>\n<tr class=\"row-17\">\n\t<td class=\"column-1\">2 x PS\/2<\/td><td class=\"column-2\">Do klawiatury i myszy<br \/>\n<\/td><td class=\"column-3\">2 x 6-pinowe z\u0142\u0105cze mini DIN, chronione przed wy\u0142adowaniami elektrostatycznymi<br \/>\n<\/td>\n<\/tr>\n<tr class=\"row-18\">\n\t<td class=\"column-1\">Port r\u00f3wnoleg\u0142y<br \/>\n<\/td><td class=\"column-2\">SPP, EPP, ECP (IEEE1284)\t<\/td><td class=\"column-3\">25-stykowe z\u0142\u0105cze D-SUB, chronione przed wy\u0142adowaniami elektrostatycznymi<br \/>\n<\/td>\n<\/tr>\n<tr class=\"row-19\">\n\t<td class=\"column-1\">Floppy<\/td><td class=\"column-2\">Obs\u0142ugiwane przez LPT, USB lub rozszerzony Port FDD<br \/>\n<\/td><td class=\"column-3\">Opcjonalne po\u0142\u0105czenie z urz\u0105dzeniem zewn\u0119trznym<br \/>\n<\/td>\n<\/tr>\n<tr class=\"row-20\">\n\t<td class=\"column-1\">Port g\u0142o\u015bnika<br \/>\n<\/td><td class=\"column-2\">\u0141atwe pod\u0142\u0105czenie g\u0142o\u015bnika<br \/>\n<\/td><td class=\"column-3\">Dost\u0119pne na 10-pinowej g\u0142owicy<br \/>\n<\/td>\n<\/tr>\n<tr class=\"row-21\">\n\t<td class=\"column-1\">Przycisk zasilania \/ resetowania<br \/>\n<\/td><td class=\"column-2\">Na obudowie (chronione) i zdalne przyciski<br \/>\n<\/td><td class=\"column-3\">Funkcjonalno\u015b\u0107 ATX, chroniona przed ESD<br \/>\n<\/td>\n<\/tr>\n<tr class=\"row-22\">\n\t<td class=\"column-1\">PC\/104-Plus<\/td><td class=\"column-2\">Pami\u0119\u0107 8\/16 bit\u00f3w i interfejs I \/ O ISA (PC \/ 104)<br \/>\n32-bitowy interfejs PCI (PC \/ 104-Plus)<\/td><td class=\"column-3\">Do 4 kart g\u0142\u00f3wnych magistrali PC \/ 104-Plus<br \/>\n<\/td>\n<\/tr>\n<tr class=\"row-23\">\n\t<td class=\"column-1\"><\/td><td class=\"column-2\"><strong>Fizyczno\u015b\u0107 \/ Moc<\/strong><\/td><td class=\"column-3\"><\/td>\n<\/tr>\n<tr class=\"row-24\">\n\t<td class=\"column-1\">Moc<\/td><td class=\"column-2\">Zasilanie 8 - 28 VDC, opcjonalnie do 48 V DC<br \/>\n<\/td><td class=\"column-3\">Zu\u017cycie zwykle 16 W.<br \/>\n<br \/>\n<\/td>\n<\/tr>\n<tr class=\"row-25\">\n\t<td class=\"column-1\">Pob\u00f3r energii<br \/>\n<\/td><td class=\"column-2\">zazwyczaj 18 W, w stanie spoczynku 11 W<br \/>\n<br \/>\n<\/td><td class=\"column-3\">12VDC, 1.0GHz, 512 MB ECC RAM, HDD, LAN<br \/>\n<br \/>\n<\/td>\n<\/tr>\n<tr class=\"row-26\">\n\t<td class=\"column-1\">Zakres temperatury<br \/>\n<\/td><td class=\"column-2\">-20\u00b0C do +60\u00b0C, rozszerzenie do zakresu -40\u00b0C do +75\u00b0C<br \/>\n<\/td><td class=\"column-3\">Bez wentylatora, bez otwor\u00f3w, nie wymaga przepustnicy<br \/>\n<\/td>\n<\/tr>\n<tr class=\"row-27\">\n\t<td class=\"column-1\">Wilgotno\u015b\u0107<\/td><td class=\"column-2\">5% - 95% bez kondensacji<br \/>\n<\/td><td class=\"column-3\"><\/td>\n<\/tr>\n<tr class=\"row-28\">\n\t<td class=\"column-1\"><\/td><td class=\"column-2\"><strong>Standardowa zgodno\u015b\u0107<\/strong><\/td><td class=\"column-3\"><\/td>\n<\/tr>\n<tr class=\"row-29\">\n\t<td class=\"column-1\">EMC<\/td><td class=\"column-2\">EN 55022, EN 55024, EN 61000, MIL-STD-461E<br \/>\n<\/td><td class=\"column-3\"><\/td>\n<\/tr>\n<tr class=\"row-30\">\n\t<td class=\"column-1\">Wstrz\u0105sy i wibracje<\/td><td class=\"column-2\">EN 60068<br \/>\n<\/td><td class=\"column-3\"><\/td>\n<\/tr>\n<tr class=\"row-31\">\n\t<td class=\"column-1\">Bezpiecze\u0144stwo \u015brodowiska<\/td><td class=\"column-2\">EN 50155, MIL-STD-810-F, EN 60601, EN 60950<br \/>\n<\/td><td class=\"column-3\"><\/td>\n<\/tr>\n<tr class=\"row-32\">\n\t<td class=\"column-1\">Listy zatwierdze\u0144<\/td><td class=\"column-2\">CE, IEC 60945, IACS E10<br \/>\n<\/td><td class=\"column-3\"><\/td>\n<\/tr>\n<\/tbody>\n<\/table>\n<!-- #tablepress-102 from cache -->\n<h4>CPU Board Versions<\/h4>\n<ul>\n<li><strong>PIP9-11 &#8211; <\/strong>Low Power embedded Celeron M 1.0 GHz with 512kB L2 Cache, 512MB ECC RAM on-board and ECC DDR memory socket for additional memory (max. 1GB module), 3D Graphic(DVI-I), 2x USB 2.0, 2x RS232, 1x Gigabit Ethernet, 3x FireWire, PC\/104&#8230;<br \/>\nAvailable only in higher quantity, for small volume please use PIP10-1 or PIP9-1E<\/li>\n<li><strong>PIP9-1E <\/strong>&#8211; Low Power embedded Celeron M 1.0 GHz with 512KB L2 Cache, 512MB ECC RAM on-board and ECC DDR memory socket for additional memory (max. 1GB), 3D Graphic (DVI-I), 2x USB 2.0, 2x RS232, 3x Gigabit Ethernet, PC\/104<\/li>\n<li><strong>PIP9-Cx &#8211; <\/strong>PIP9 Solution assembled &amp; mounted according to customer needs &amp; requirements (e.g. with or without housing, depopulated parts, installation of specific connectors, installing a customers application, etc.)<\/li>\n<\/ul>\n<h4>Extended Temperature Option<\/h4>\n<p><strong>XTEST-2 &#8211; <\/strong>extended temperature test -40\u00b0 C up to +75\u00b0 C<strong><br \/>\n<\/strong><\/p>\n<p>&nbsp;<\/p>\n","protected":false},"excerpt":{"rendered":"<h3>PIP-9<\/h3>\n<p>The PIP9 is a powerful, highly integrated, robust and fanless Packaged Industrial PC based on the Intel Centrino Mobile Technology. It incorporates the low Power embedded Celeron M with 1.0 GHz and 512 KB L2 cache. On-board integrated are numerous features like ECC RAM and Gigabit Ethernet.<\/p>\n","protected":false},"featured_media":10824,"template":"","meta":{"_acf_changed":false,"inline_featured_image":false,"_monsterinsights_skip_tracking":false,"_monsterinsights_sitenote_active":false,"_monsterinsights_sitenote_note":"","_monsterinsights_sitenote_category":0},"product_brand":[],"product_cat":[363,1592,406],"product_tag":[],"class_list":{"0":"post-4093","1":"product","2":"type-product","3":"status-publish","4":"has-post-thumbnail","6":"product_cat-mpl-en","7":"product_cat-rugged-computers","8":"product_cat-rugged-industrial-computers","10":"first","11":"instock","12":"shipping-taxable","13":"product-type-simple"},"acf":[],"_links":{"self":[{"href":"https:\/\/quantum.com.pl\/en\/wp-json\/wp\/v2\/product\/4093","targetHints":{"allow":["GET"]}}],"collection":[{"href":"https:\/\/quantum.com.pl\/en\/wp-json\/wp\/v2\/product"}],"about":[{"href":"https:\/\/quantum.com.pl\/en\/wp-json\/wp\/v2\/types\/product"}],"wp:featuredmedia":[{"embeddable":true,"href":"https:\/\/quantum.com.pl\/en\/wp-json\/wp\/v2\/media\/10824"}],"wp:attachment":[{"href":"https:\/\/quantum.com.pl\/en\/wp-json\/wp\/v2\/media?parent=4093"}],"wp:term":[{"taxonomy":"product_brand","embeddable":true,"href":"https:\/\/quantum.com.pl\/en\/wp-json\/wp\/v2\/product_brand?post=4093"},{"taxonomy":"product_cat","embeddable":true,"href":"https:\/\/quantum.com.pl\/en\/wp-json\/wp\/v2\/product_cat?post=4093"},{"taxonomy":"product_tag","embeddable":true,"href":"https:\/\/quantum.com.pl\/en\/wp-json\/wp\/v2\/product_tag?post=4093"}],"curies":[{"name":"wp","href":"https:\/\/api.w.org\/{rel}","templated":true}]}}