{"id":4183,"date":"2019-09-06T12:45:29","date_gmt":"2019-09-06T10:45:29","guid":{"rendered":"https:\/\/quantum.com.pl\/?post_type=product&#038;p=4183"},"modified":"2020-12-02T13:38:49","modified_gmt":"2020-12-02T12:38:49","slug":"cec10-computer-family-rugged-cpu-atom-e3800","status":"publish","type":"product","link":"https:\/\/quantum.com.pl\/en\/product\/cec10-computer-family-rugged-cpu-atom-e3800\/","title":{"rendered":"CEC10 Computer Family \u2013 Rugged, CPU Atom E3800"},"content":{"rendered":"<h4>CEC10 Family<\/h4>\n<p>The CEC10 product Family is a high performance, low power, and highly integrated rugged Embedded Computer. The solution is available in various chassis, a compact aluminum housing with DIN-Rail or flange mount, a rugged MIL IP67 case, or an open frame solution with a cooling plate. The unique chassis solution allows to operate the CEC10 products in a moderate and also in a harsh environment without the need of fan or ventilation holes, up to -40\u00b0C to +85\u00b0C. The design integrates standard connectors for easy connection or lockable headers, depending on housing choice.<\/p>\n<h4>CEC10 Family Highlights<\/h4>\n<p>The CEC10 Family housings offer sufficient space for a 2.5 inch HDD\/SSD or other expansion requirements. With the integrated PCI-Express Mini Card slot, the new CEC10 can easy be expanded with any mPCIe module. The product comes with a unique board interface which offers 2x PCIe, 2x HSIC, 2x UART, SATA, SDIO, LPC, and I2C. This allows a maximum on customization for any I\/O Boards and allows to extend the system with additional interfaces. For example; GPIOs, additional serial ports, Gigabit fiber ports, CAN, additional miniPCIe slots, or even PCI\/104-Express port. Particular precautions have been taken that the entire system EMC is within the CE and FCC limits and that standards like EN50155, IEC 60945 or MIL-STD-810 can be met.<\/p>\n<h4>Key features are:<\/h4>\n<ul>\n<li>DDR3 ECC RAM up to 8GB<\/li>\n<li>5 Gbit Ethernet ports on RJ45, M12, or fiber<\/li>\n<li>Fanless operation<\/li>\n<li>Long term availability*<\/li>\n<li>Customizable IO board<\/li>\n<\/ul>\n<p><em>* Typically 10 years or more, 20+ years repair<\/em><\/p>\n<p>The CEC10 Family has been designed to withstand any harsh environments and extreme temperature conditions. The special rugged design, combined with the best industrial-grade components, offer high reliability and long-term performance.<\/p>\n<p>The CEC10 is available for different Industries and is the perfect embedded computer solution for industrial environments, railway applications, MIL\/ COTS applications, or whenever a rugged long-term available computer is needed.<\/p>\n<h4>Technical features<\/h4>\n\n<table id=\"tablepress-110\" class=\"tablepress tablepress-id-110\">\n<thead>\n<tr class=\"row-1\">\n\t<td class=\"column-1\"><\/td><th class=\"column-2\"><strong>Dane og\u00f3lne<\/strong><\/th><td class=\"column-3\"><\/td>\n<\/tr>\n<\/thead>\n<tbody class=\"row-striping row-hover\">\n<tr class=\"row-2\">\n\t<td class=\"column-1\">Procesor<\/td><td class=\"column-2\">Procesor Intel Atom Z530P, 1,6 GHz<br \/>\n64-bitowa magistrala danych, jednostka pipelined floating point<\/td><td class=\"column-3\">Procesor z wbudowanej mapy drogowej<br \/>\nIntel Speed \u200b\u200bStep<\/td>\n<\/tr>\n<tr class=\"row-3\">\n\t<td class=\"column-1\">Chip Set<\/td><td class=\"column-2\">PoulsboXL US15WPT<\/td><td class=\"column-3\">533MHz Frontside Bus<br \/>\n<\/td>\n<\/tr>\n<tr class=\"row-4\">\n\t<td class=\"column-1\">BIOS<\/td><td class=\"column-2\">1 MB pami\u0119ci Flash EEPROM, \u0142atwa aktualizacja BIOS<br \/>\n<\/td><td class=\"column-3\">BIOS zaprojektowany przez MPL (Phoenix), konfigurowalny<br \/>\n<\/td>\n<\/tr>\n<tr class=\"row-5\">\n\t<td class=\"column-1\">Pami\u0119\u0107<\/td><td class=\"column-2\">Do 2 GB za po\u015brednictwem modu\u0142u pami\u0119ci<br \/>\n<\/td><td class=\"column-3\">200-stykowe gniazdo SO-DIMM, DDR2-533<br \/>\n<\/td>\n<\/tr>\n<tr class=\"row-6\">\n\t<td class=\"column-1\">Wska\u017aniki<\/td><td class=\"column-2\">2; do 9 diod LED aktywno\u015bci<br \/>\n<\/td><td class=\"column-3\">Zasilanie, reset, HDD, 4x LAN<br \/>\n<\/td>\n<\/tr>\n<tr class=\"row-7\">\n\t<td class=\"column-1\"><\/td><td class=\"column-2\"><strong>Interfejsy<\/strong><\/td><td class=\"column-3\"><\/td>\n<\/tr>\n<tr class=\"row-8\">\n\t<td class=\"column-1\">Grafika<\/td><td class=\"column-2\">INTEL GMA 500 (zintegrowane urz\u0105dzenie graficzne)<br \/>\nRdze\u0144 graficzny 200 MHz z silnikiem 2D i 3D<\/td><td class=\"column-3\">Cyfrowe wideo na z\u0142\u0105czu DVI-D<br \/>\nObs\u0142uguje rozdzielczo\u015b\u0107 do 1920x1200 (WUXGA)<\/td>\n<\/tr>\n<tr class=\"row-9\">\n\t<td class=\"column-1\">Do 4 x Ethernet<br \/>\n<\/td><td class=\"column-2\">10BaseT \/100BaseTX \/ 1000BaseTX<\/td><td class=\"column-3\">Z\u0142\u0105cze RJ45, chronione przed wy\u0142adowaniami elektrostatycznymi, auto negocjacja<br \/>\nObs\u0142uga Wake On LAN (WOL) na LAN1<\/td>\n<\/tr>\n<tr class=\"row-10\">\n\t<td class=\"column-1\">Do 7 x USB 2.0<br \/>\n<\/td><td class=\"column-2\">Tylko 5 port\u00f3w (USB 2.0 \/ 1.1) i 2 porty USB 2.0<br \/>\n<\/td><td class=\"column-3\">Z\u0142\u0105cza typu A, chronione przed wy\u0142adowaniami elektrostatycznymi, rozruchowe<br \/>\n<\/td>\n<\/tr>\n<tr class=\"row-11\">\n\t<td class=\"column-1\">Do 2 port\u00f3w szeregowych<br \/>\n<\/td><td class=\"column-2\">Opcjonalnie do RS232 lub RS422 \/ 485 za po\u015brednictwem modu\u0142\u00f3w<br \/>\n<\/td><td class=\"column-3\">9-pinowe DSUB, zabezpieczone przed wy\u0142adowaniami elektrostatycznymi, max. 230,4 kBaud<br \/>\n<\/td>\n<\/tr>\n<tr class=\"row-12\">\n\t<td class=\"column-1\">2 porty SATA<br \/>\n<\/td><td class=\"column-2\">Szybko\u015b\u0107 przesy\u0142ania danych do 300 Mb \/ s<br \/>\n<\/td><td class=\"column-3\">Z\u0142\u0105cza gniazda Micro SATA<br \/>\n<\/td>\n<\/tr>\n<tr class=\"row-13\">\n\t<td class=\"column-1\">2 x PS\/2<\/td><td class=\"column-2\">Do klawiatury i myszy<br \/>\n<\/td><td class=\"column-3\">Na jednym 6-pinowym z\u0142\u0105czu mini DIN, chronionym przed wy\u0142adowaniami elektrostatycznymi<br \/>\n<\/td>\n<\/tr>\n<tr class=\"row-14\">\n\t<td class=\"column-1\">Przycisk zasilania \/ resetowania<br \/>\n<\/td><td class=\"column-2\">Na obudowie (chroniony) i przycisk pilota<br \/>\n<\/td><td class=\"column-3\">Funkcjonalno\u015b\u0107 ATX, chroniona przed ESD<br \/>\n<\/td>\n<\/tr>\n<tr class=\"row-15\">\n\t<td class=\"column-1\">Karta PCI-Express<br \/>\n<\/td><td class=\"column-2\">Do sieci WLAN, GPRS, UMTS lub podobnych rozszerze\u0144<br \/>\n<\/td><td class=\"column-3\">Z 1x lini\u0105 PCIe i 1x USB 2.0<br \/>\n<\/td>\n<\/tr>\n<tr class=\"row-16\">\n\t<td class=\"column-1\"><\/td><td class=\"column-2\"><strong>Fizyczno\u015b\u0107 \/ Moc<\/strong><\/td><td class=\"column-3\"><\/td>\n<\/tr>\n<tr class=\"row-17\">\n\t<td class=\"column-1\">Obudowa<\/td><td class=\"column-2\">Wytrzyma\u0142e chromowane aluminium<br \/>\nz p\u0142ytami ze stali nierdzewnej<\/td><td class=\"column-3\">Monta\u017c na szynie DIN lub ko\u0142nierzu<br \/>\nbrak otwor\u00f3w wentylacyjnych<\/td>\n<\/tr>\n<tr class=\"row-18\">\n\t<td class=\"column-1\">Rozmiar i waga<br \/>\n<\/td><td class=\"column-2\">62,0 x 162,1 x 118 mm (szer. X wys. X g\u0142.)<br \/>\n2,44 x 6,38 x 4,65 cala<\/td><td class=\"column-3\">1,0 kg (bez dysku twardego)<\/td>\n<\/tr>\n<tr class=\"row-19\">\n\t<td class=\"column-1\">Kolory<\/td><td class=\"column-2\">Standardowo RAL7016 szary antracytowy<br \/>\n<\/td><td class=\"column-3\">Na \u017cyczenie klienta opcjonalny kolor na g\u00f3rnej folii <br \/>\n<\/td>\n<\/tr>\n<tr class=\"row-20\">\n\t<td class=\"column-1\">Moc<\/td><td class=\"column-2\">8 - 36VDC moc wej\u015bciowa<br \/>\n<\/td><td class=\"column-3\">Pob\u00f3r mocy zwykle 12 W;<br \/>\nochrona przed odwrotn\u0105 polaryzacj\u0105 i zrzutem obci\u0105\u017cenia<\/td>\n<\/tr>\n<tr class=\"row-21\">\n\t<td class=\"column-1\">Zakres temperatury<\/td><td class=\"column-2\">-20\u00b0C do +60\u00b0C, opcjonalnie -40\u00b0C do +75\u00b0C<br \/>\n<\/td><td class=\"column-3\">Bez wentylatora, bez otwor\u00f3w, warto\u015bci przy pe\u0142nym obci\u0105\u017ceniu procesora<br \/>\n<\/td>\n<\/tr>\n<tr class=\"row-22\">\n\t<td class=\"column-1\">Wilgotno\u015b\u0107<\/td><td class=\"column-2\">5% - 95% bez kondensacji<br \/>\n<\/td><td class=\"column-3\">Dost\u0119pna opcjonalna pow\u0142oka<br \/>\n<\/td>\n<\/tr>\n<tr class=\"row-23\">\n\t<td class=\"column-1\"><\/td><td class=\"column-2\"><strong>Standardowa zgodno\u015b\u0107<\/strong><\/td><td class=\"column-3\"><\/td>\n<\/tr>\n<tr class=\"row-24\">\n\t<td class=\"column-1\">EMC<\/td><td class=\"column-2\">EN 55022, EN 55024, EN 61000, MIL-STD-461E<br \/>\n<\/td><td class=\"column-3\"><\/td>\n<\/tr>\n<tr class=\"row-25\">\n\t<td class=\"column-1\">Wstrz\u0105sy i wibracje<\/td><td class=\"column-2\">EN 60068<br \/>\n<\/td><td class=\"column-3\"><\/td>\n<\/tr>\n<tr class=\"row-26\">\n\t<td class=\"column-1\">Bezpiecze\u0144stwo \u015brodowiska<\/td><td class=\"column-2\">EN 50155, MIL-STD-810-F, EN 60601, EN 60950<br \/>\n<\/td><td class=\"column-3\"><\/td>\n<\/tr>\n<tr class=\"row-27\">\n\t<td class=\"column-1\">Listy zatwierdze\u0144<\/td><td class=\"column-2\">CE<\/td><td class=\"column-3\"><\/td>\n<\/tr>\n<tr class=\"row-28\">\n\t<td class=\"column-1\"><\/td><td class=\"column-2\"><strong>Systemy operacyjne<\/strong><\/td><td class=\"column-3\"><\/td>\n<\/tr>\n<tr class=\"row-29\">\n\t<td class=\"column-1\">Systemy CEC7 s\u0105 w 100% kompatybilne z PC \/ AT, dlatego mo\u017cna u\u017cywa\u0107 dowolnego systemu operacyjnego na PC (Windows, LINUX, ..)<br \/>\n<\/td><td class=\"column-2\"><\/td><td class=\"column-3\"><\/td>\n<\/tr>\n<\/tbody>\n<\/table>\n<!-- #tablepress-110 from cache -->\n<h4>Packaging<\/h4>\n\n<table id=\"tablepress-111\" class=\"tablepress tablepress-id-111\">\n<thead>\n<tr class=\"row-1\">\n\t<td class=\"column-1\"><\/td><th class=\"column-2\"><strong>Modu\u0142y dodatkowe<\/strong><br \/>\n<\/th><td class=\"column-3\"><\/td>\n<\/tr>\n<\/thead>\n<tbody class=\"row-striping row-hover\">\n<tr class=\"row-2\">\n\t<td class=\"column-1\">RS232 lub RS422\/485<\/td><td class=\"column-2\">Zewn\u0119trzne -  dost\u0119pne na DB-9, chronione przed wy\u0142adowaniami elektrostatycznymi<br \/>\n<\/td><td class=\"column-3\">mo\u017cliwe do 2 modu\u0142\u00f3w<br \/>\n<\/td>\n<\/tr>\n<tr class=\"row-3\">\n\t<td class=\"column-1\">Szeregowy modu\u0142 GPS<br \/>\n<\/td><td class=\"column-2\">Obs\u0142uguje TSIP, TAIP i NMEA<br \/>\n<\/td><td class=\"column-3\">Montowany na jednym z opcjonalnych port\u00f3w szeregowych<br \/>\n<\/td>\n<\/tr>\n<\/tbody>\n<\/table>\n<!-- #tablepress-111 from cache -->\n<h4>CEC10 Options<\/h4>\n<ul>\n<li>SATA 2.5&#8243; disks (SSD or HD)<\/li>\n<li>TX2FX media converter (copper &#8211; fiber)<\/li>\n<li>MAGBES 5-port manageable switch (copper and fiber)<\/li>\n<li>Minicard PCI-Express (WLAN, GPRS, &#8230;)<\/li>\n<li>XTEST extended temperature test -40\u00b0C to +85\u00b0C<\/li>\n<li>Coated versions<\/li>\n<li>RS232 interface to connect a console<\/li>\n<\/ul>\n<p>&nbsp;<\/p>\n","protected":false},"excerpt":{"rendered":"<p>The CEC10 product Family is a high performance, low power, and highly integrated rugged Embedded Computer. The solution is available in various chassis, a compact aluminum housing with DIN-Rail or flange mount, a rugged MIL IP67 case, or an open frame solution with a cooling plate.<\/p>\n","protected":false},"featured_media":10810,"template":"","meta":{"_acf_changed":false,"inline_featured_image":false,"_monsterinsights_skip_tracking":false,"_monsterinsights_sitenote_active":false,"_monsterinsights_sitenote_note":"","_monsterinsights_sitenote_category":0},"product_brand":[],"product_cat":[1586,433,363],"product_tag":[],"class_list":{"0":"post-4183","1":"product","2":"type-product","3":"status-publish","4":"has-post-thumbnail","6":"product_cat-compact-computers-box-pc","7":"product_cat-compact-embedded-computer","8":"product_cat-mpl-en","10":"first","11":"instock","12":"shipping-taxable","13":"product-type-simple"},"acf":[],"_links":{"self":[{"href":"https:\/\/quantum.com.pl\/en\/wp-json\/wp\/v2\/product\/4183","targetHints":{"allow":["GET"]}}],"collection":[{"href":"https:\/\/quantum.com.pl\/en\/wp-json\/wp\/v2\/product"}],"about":[{"href":"https:\/\/quantum.com.pl\/en\/wp-json\/wp\/v2\/types\/product"}],"wp:featuredmedia":[{"embeddable":true,"href":"https:\/\/quantum.com.pl\/en\/wp-json\/wp\/v2\/media\/10810"}],"wp:attachment":[{"href":"https:\/\/quantum.com.pl\/en\/wp-json\/wp\/v2\/media?parent=4183"}],"wp:term":[{"taxonomy":"product_brand","embeddable":true,"href":"https:\/\/quantum.com.pl\/en\/wp-json\/wp\/v2\/product_brand?post=4183"},{"taxonomy":"product_cat","embeddable":true,"href":"https:\/\/quantum.com.pl\/en\/wp-json\/wp\/v2\/product_cat?post=4183"},{"taxonomy":"product_tag","embeddable":true,"href":"https:\/\/quantum.com.pl\/en\/wp-json\/wp\/v2\/product_tag?post=4183"}],"curies":[{"name":"wp","href":"https:\/\/api.w.org\/{rel}","templated":true}]}}