{"id":4195,"date":"2019-09-06T15:54:34","date_gmt":"2019-09-06T13:54:34","guid":{"rendered":"https:\/\/quantum.com.pl\/?post_type=product&#038;p=4195"},"modified":"2020-12-02T13:24:18","modified_gmt":"2020-12-02T12:24:18","slug":"cec7-ultra-compact-conductive-cooling","status":"publish","type":"product","link":"https:\/\/quantum.com.pl\/en\/product\/cec7-ultra-compact-conductive-cooling\/","title":{"rendered":"CEC7 &#8211; Ultra Compact, conductive cooling"},"content":{"rendered":"<p><em>Not recommended for new designs, use CEC10 Family<\/em><\/p>\n<p>Goal of the design was an ultra compact, robust, and completely fanless Embedded Computer. Based on the low power, embedded, long-term available Intel Atom Z530P processor, we designed a system, that works smooth between -40\u00b0C and +75\u00b0C without derating, throttling, fan, or case openings. Integrated are features like up to 4 Gbit Ethernet ports, 7 USB ports, and 2 serial ports. DDR2 memory modules up to 2GB can be used. The unique design allows the system to be used in any application, regardless how rugged the environment might be.<\/p>\n<p>MPL computers are available according your configuration, even with your color, logo, and labeling. Further, the concept allows customer specific adjustment to achieve the best solution according your needs. Please talk to us about your project requirements!<\/p>\n<h4>The CEC7 Specialities<\/h4>\n<p>Next to the extreme low power consumption is the compactness of the system. The CEC7 has a complete set of standard PC features as well as industrial features like 8-36 VDC input power (including a load dump and reverse polarity protection) and 2 serial ports (RS232\/485). All status LEDs and user buttons are available at the front. For easy installation, versions with DIN-rail holder or flange mounting are offered as well. Other unique features are:<\/p>\n<ul>\n<li>Rugged ultra compact system without any internal wiring<\/li>\n<li>Use of Z530P and US15WPT<\/li>\n<li>Extended operating temperature from -40\u00b0C to +75\u00b0C<\/li>\n<li>Up to 2GB DDR2 memory<\/li>\n<li>SATA IF for DOM and 2.5&#8243; disk<\/li>\n<li>Long-term availability 7+ years<\/li>\n<\/ul>\n<h4>Technical Features CEC7<\/h4>\n\n<table id=\"tablepress-114\" class=\"tablepress tablepress-id-114\">\n<thead>\n<tr class=\"row-1\">\n\t<td class=\"column-1\"><\/td><th class=\"column-2\"><strong>Dane og\u00f3lne<\/strong><\/th><td class=\"column-3\"><\/td>\n<\/tr>\n<\/thead>\n<tbody class=\"row-striping row-hover\">\n<tr class=\"row-2\">\n\t<td class=\"column-1\">Procesor<\/td><td class=\"column-2\">Procesor Intel Atom Z530P, 1,6 GHz<br \/>\n64-bitowa magistrala danych, jednostka pipelined floating point<\/td><td class=\"column-3\">Procesor z wbudowanej mapy drogowej<br \/>\nIntel Speed \u200b\u200bStep<\/td>\n<\/tr>\n<tr class=\"row-3\">\n\t<td class=\"column-1\">Chip Set<\/td><td class=\"column-2\">PoulsboXL US15WPT<\/td><td class=\"column-3\">533MHz Frontside Bus<br \/>\n<\/td>\n<\/tr>\n<tr class=\"row-4\">\n\t<td class=\"column-1\">BIOS<\/td><td class=\"column-2\">1 MB pami\u0119ci Flash EEPROM, \u0142atwa aktualizacja BIOS<br \/>\n<\/td><td class=\"column-3\">BIOS zaprojektowany przez MPL (Phoenix), konfigurowalny<br \/>\n<\/td>\n<\/tr>\n<tr class=\"row-5\">\n\t<td class=\"column-1\">Pami\u0119\u0107<\/td><td class=\"column-2\">Do 2 GB za po\u015brednictwem modu\u0142u pami\u0119ci<br \/>\n<\/td><td class=\"column-3\">200-stykowe gniazdo SO-DIMM, DDR2-533<br \/>\n<\/td>\n<\/tr>\n<tr class=\"row-6\">\n\t<td class=\"column-1\">Wska\u017aniki<\/td><td class=\"column-2\">2; do 9 diod LED aktywno\u015bci<br \/>\n<\/td><td class=\"column-3\">Zasilanie, reset, HDD, 4x LAN<br \/>\n<\/td>\n<\/tr>\n<tr class=\"row-7\">\n\t<td class=\"column-1\"><\/td><td class=\"column-2\"><strong>Interfejsy<\/strong><\/td><td class=\"column-3\"><\/td>\n<\/tr>\n<tr class=\"row-8\">\n\t<td class=\"column-1\">Grafika<\/td><td class=\"column-2\">INTEL GMA 500 (zintegrowane urz\u0105dzenie graficzne)<br \/>\nRdze\u0144 graficzny 200 MHz z silnikiem 2D i 3D<\/td><td class=\"column-3\">Cyfrowe wideo na z\u0142\u0105czu DVI-D<br \/>\nObs\u0142uguje rozdzielczo\u015b\u0107 do 1920x1200 (WUXGA)<\/td>\n<\/tr>\n<tr class=\"row-9\">\n\t<td class=\"column-1\">Do 4 x Ethernet<br \/>\n<\/td><td class=\"column-2\">10BaseT \/100BaseTX \/ 1000BaseTX<\/td><td class=\"column-3\">Z\u0142\u0105cze RJ45, chronione przed wy\u0142adowaniami elektrostatycznymi, auto negocjacja<br \/>\nObs\u0142uga Wake On LAN (WOL) na LAN1<\/td>\n<\/tr>\n<tr class=\"row-10\">\n\t<td class=\"column-1\">Do 7 x USB 2.0<br \/>\n<\/td><td class=\"column-2\">Tylko 5 port\u00f3w (USB 2.0 \/ 1.1) i 2 porty USB 2.0<br \/>\n<\/td><td class=\"column-3\">Z\u0142\u0105cza typu A, chronione przed wy\u0142adowaniami elektrostatycznymi, rozruchowe<br \/>\n<\/td>\n<\/tr>\n<tr class=\"row-11\">\n\t<td class=\"column-1\">Do 2 port\u00f3w szeregowych<br \/>\n<\/td><td class=\"column-2\">Opcjonalnie do RS232 lub RS422 \/ 485 za po\u015brednictwem modu\u0142\u00f3w<br \/>\n<\/td><td class=\"column-3\">9-pinowe DSUB, zabezpieczone przed wy\u0142adowaniami elektrostatycznymi, max. 230,4 kBaud<br \/>\n<\/td>\n<\/tr>\n<tr class=\"row-12\">\n\t<td class=\"column-1\">2 porty SATA<br \/>\n<\/td><td class=\"column-2\">Szybko\u015b\u0107 przesy\u0142ania danych do 300 Mb \/ s<br \/>\n<\/td><td class=\"column-3\">Z\u0142\u0105cza gniazda Micro SATA<br \/>\n<\/td>\n<\/tr>\n<tr class=\"row-13\">\n\t<td class=\"column-1\">2 x PS\/2<\/td><td class=\"column-2\">Do klawiatury i myszy<br \/>\n<\/td><td class=\"column-3\">Na jednym 6-pinowym z\u0142\u0105czu mini DIN, chronionym przed wy\u0142adowaniami elektrostatycznymi<br \/>\n<\/td>\n<\/tr>\n<tr class=\"row-14\">\n\t<td class=\"column-1\">Przycisk zasilania \/ resetowania<br \/>\n<\/td><td class=\"column-2\">Na obudowie (chroniony) i przycisk pilota<br \/>\n<\/td><td class=\"column-3\">Funkcjonalno\u015b\u0107 ATX, chroniona przed ESD<br \/>\n<\/td>\n<\/tr>\n<tr class=\"row-15\">\n\t<td class=\"column-1\">Karta PCI-Express<br \/>\n<\/td><td class=\"column-2\">Do sieci WLAN, GPRS, UMTS lub podobnych rozszerze\u0144<br \/>\n<\/td><td class=\"column-3\">Z 1x lini\u0105 PCIe i 1x USB 2.0<br \/>\n<\/td>\n<\/tr>\n<tr class=\"row-16\">\n\t<td class=\"column-1\"><\/td><td class=\"column-2\"><strong>Fizyczno\u015b\u0107 \/ Moc<\/strong><\/td><td class=\"column-3\"><\/td>\n<\/tr>\n<tr class=\"row-17\">\n\t<td class=\"column-1\">Obudowa<\/td><td class=\"column-2\">Wytrzyma\u0142e chromowane aluminium<br \/>\nz p\u0142ytami ze stali nierdzewnej<\/td><td class=\"column-3\">Monta\u017c na szynie DIN lub ko\u0142nierzu<br \/>\nbrak otwor\u00f3w wentylacyjnych<\/td>\n<\/tr>\n<tr class=\"row-18\">\n\t<td class=\"column-1\">Rozmiar i waga<br \/>\n<\/td><td class=\"column-2\">62,0 x 162,1 x 118 mm (szer. X wys. X g\u0142.)<br \/>\n2,44 x 6,38 x 4,65 cala<\/td><td class=\"column-3\">1,0 kg (bez dysku twardego)<\/td>\n<\/tr>\n<tr class=\"row-19\">\n\t<td class=\"column-1\">Kolory<\/td><td class=\"column-2\">Standardowo RAL7016 szary antracytowy<br \/>\n<\/td><td class=\"column-3\">Na \u017cyczenie klienta opcjonalny kolor na g\u00f3rnej folii <br \/>\n<\/td>\n<\/tr>\n<tr class=\"row-20\">\n\t<td class=\"column-1\">Moc<\/td><td class=\"column-2\">8 - 36VDC moc wej\u015bciowa<br \/>\n<\/td><td class=\"column-3\">Pob\u00f3r mocy zwykle 12 W;<br \/>\nochrona przed odwrotn\u0105 polaryzacj\u0105 i zrzutem obci\u0105\u017cenia<\/td>\n<\/tr>\n<tr class=\"row-21\">\n\t<td class=\"column-1\">Zakres temperatury<\/td><td class=\"column-2\">-20\u00b0C do +60\u00b0C, opcjonalnie -40\u00b0C do +85\u00b0C<br \/>\n<\/td><td class=\"column-3\">Bez wentylatora, bez otwor\u00f3w, warto\u015bci przy pe\u0142nym obci\u0105\u017ceniu procesora<br \/>\n<\/td>\n<\/tr>\n<tr class=\"row-22\">\n\t<td class=\"column-1\">Wilgotno\u015b\u0107<\/td><td class=\"column-2\">5% - 95% bez kondensacji<br \/>\n<\/td><td class=\"column-3\">Dost\u0119pna opcjonalna pow\u0142oka<br \/>\n<\/td>\n<\/tr>\n<tr class=\"row-23\">\n\t<td class=\"column-1\"><\/td><td class=\"column-2\"><strong>Standardowa zgodno\u015b\u0107<\/strong><\/td><td class=\"column-3\"><\/td>\n<\/tr>\n<tr class=\"row-24\">\n\t<td class=\"column-1\">EMC<\/td><td class=\"column-2\">EN 55022, EN 55024, EN 61000, MIL-STD-461E<br \/>\n<\/td><td class=\"column-3\"><\/td>\n<\/tr>\n<tr class=\"row-25\">\n\t<td class=\"column-1\">Wstrz\u0105sy i wibracje<\/td><td class=\"column-2\">EN 60068<br \/>\n<\/td><td class=\"column-3\"><\/td>\n<\/tr>\n<tr class=\"row-26\">\n\t<td class=\"column-1\">Bezpiecze\u0144stwo \u015brodowiska<\/td><td class=\"column-2\">EN 50155, MIL-STD-810-F, EN 60601, EN 60950<br \/>\n<\/td><td class=\"column-3\"><\/td>\n<\/tr>\n<tr class=\"row-27\">\n\t<td class=\"column-1\">Listy zatwierdze\u0144<\/td><td class=\"column-2\">CE<\/td><td class=\"column-3\"><\/td>\n<\/tr>\n<tr class=\"row-28\">\n\t<td class=\"column-1\"><\/td><td class=\"column-2\"><strong>Systemy operacyjne<\/strong><\/td><td class=\"column-3\"><\/td>\n<\/tr>\n<tr class=\"row-29\">\n\t<td class=\"column-1\">Systemy CEC7 s\u0105 w 100% kompatybilne z PC \/ AT, dlatego mo\u017cna u\u017cywa\u0107 dowolnego systemu operacyjnego na PC (Windows, LINUX, ..)<br \/>\n<\/td><td class=\"column-2\"><\/td><td class=\"column-3\"><\/td>\n<\/tr>\n<\/tbody>\n<\/table>\n<!-- #tablepress-114 from cache -->\n<h4>Optional Features<\/h4>\n\n<table id=\"tablepress-115\" class=\"tablepress tablepress-id-115\">\n<thead>\n<tr class=\"row-1\">\n\t<td class=\"column-1\"><\/td><th class=\"column-2\"><strong>Modu\u0142y dodatkowe<\/strong><br \/>\n<\/th><td class=\"column-3\"><\/td>\n<\/tr>\n<\/thead>\n<tbody class=\"row-striping row-hover\">\n<tr class=\"row-2\">\n\t<td class=\"column-1\">RS232 lub RS422\/485<\/td><td class=\"column-2\">Zewn\u0119trzne -  dost\u0119pne na DB-9, chronione przed wy\u0142adowaniami elektrostatycznymi<br \/>\n<\/td><td class=\"column-3\">mo\u017cliwe do 2 modu\u0142\u00f3w<br \/>\n<\/td>\n<\/tr>\n<tr class=\"row-3\">\n\t<td class=\"column-1\">Szeregowy modu\u0142 GPS<br \/>\n<\/td><td class=\"column-2\">Obs\u0142uguje TSIP, TAIP i NMEA<br \/>\n<\/td><td class=\"column-3\">Montowany na jednym z opcjonalnych port\u00f3w szeregowych<br \/>\n<\/td>\n<\/tr>\n<\/tbody>\n<\/table>\n<!-- #tablepress-115 from cache -->\n<h4>CEC7 Versions<\/h4>\n<ul>\n<li><strong>CEC7-10<\/strong> &#8211; Compact Embedded Computer with Intel Atom Z530P and PoulsboXL US15WPT chipset, Graphics, 2x Gigabit Ethernet, 3x USB2.0, 2x PS\/2, 1x SERIF port (all interfaces on bottom side)<\/li>\n<li><strong>CEC7-11<\/strong> &#8211; Compact Embedded Computer with Intel Atom Z530P and PoulsboXL US15WPT chipset, Graphics, 4x Gigabit Ethernet, 7x USB2.0, 2x PS\/2, 2x SERIF ports (interfaces on top and bottom side)<\/li>\n<li><strong>CEC7-Cx<\/strong> &#8211; Compact Embedded Computer with Intel Atom Z530P and PoulsboXL US15WPT chipset, customer specific version according your needs. Please talk to us about your project requirements!<\/li>\n<\/ul>\n<h4>Extended Temperature Option<\/h4>\n<p><strong>XTEST-2 &#8211; <\/strong>extended temperature test -40\u00b0C up to +75\u00b0C<strong><br \/>\n<\/strong><\/p>\n","protected":false},"excerpt":{"rendered":"<h3><strong>CEC7<\/strong><\/h3>\n<p>Next to the extreme low power consumption is the compactness of the system. The CEC7 has a complete set of standard PC features as well as industrial features like 8-36 VDC input power (including a load dump and reverse polarity protection) and 2 serial ports (RS232\/485).<\/p>\n","protected":false},"featured_media":10806,"template":"","meta":{"_acf_changed":false,"inline_featured_image":false,"_monsterinsights_skip_tracking":false,"_monsterinsights_sitenote_active":false,"_monsterinsights_sitenote_note":"","_monsterinsights_sitenote_category":0},"product_brand":[],"product_cat":[1586,433,363],"product_tag":[],"class_list":{"0":"post-4195","1":"product","2":"type-product","3":"status-publish","4":"has-post-thumbnail","6":"product_cat-compact-computers-box-pc","7":"product_cat-compact-embedded-computer","8":"product_cat-mpl-en","10":"first","11":"instock","12":"shipping-taxable","13":"product-type-simple"},"acf":[],"_links":{"self":[{"href":"https:\/\/quantum.com.pl\/en\/wp-json\/wp\/v2\/product\/4195","targetHints":{"allow":["GET"]}}],"collection":[{"href":"https:\/\/quantum.com.pl\/en\/wp-json\/wp\/v2\/product"}],"about":[{"href":"https:\/\/quantum.com.pl\/en\/wp-json\/wp\/v2\/types\/product"}],"wp:featuredmedia":[{"embeddable":true,"href":"https:\/\/quantum.com.pl\/en\/wp-json\/wp\/v2\/media\/10806"}],"wp:attachment":[{"href":"https:\/\/quantum.com.pl\/en\/wp-json\/wp\/v2\/media?parent=4195"}],"wp:term":[{"taxonomy":"product_brand","embeddable":true,"href":"https:\/\/quantum.com.pl\/en\/wp-json\/wp\/v2\/product_brand?post=4195"},{"taxonomy":"product_cat","embeddable":true,"href":"https:\/\/quantum.com.pl\/en\/wp-json\/wp\/v2\/product_cat?post=4195"},{"taxonomy":"product_tag","embeddable":true,"href":"https:\/\/quantum.com.pl\/en\/wp-json\/wp\/v2\/product_tag?post=4195"}],"curies":[{"name":"wp","href":"https:\/\/api.w.org\/{rel}","templated":true}]}}