{"id":4219,"date":"2019-09-09T16:23:50","date_gmt":"2019-09-09T14:23:50","guid":{"rendered":"https:\/\/quantum.com.pl\/?post_type=product&#038;p=4219"},"modified":"2020-12-02T13:31:31","modified_gmt":"2020-12-02T12:31:31","slug":"cec5x-cpu-atom-510pt-operating-temperature-range-40c-85c","status":"publish","type":"product","link":"https:\/\/quantum.com.pl\/en\/product\/cec5x-cpu-atom-510pt-operating-temperature-range-40c-85c\/","title":{"rendered":"CEC5X &#8211; CPU Atom 510PT, Operating temperature range -40\u00b0C +85\u00b0C"},"content":{"rendered":"<p><em>not recommended for new designs, use CEC10 Family<\/em><\/p>\n<p>Goal of the design was an Embedded Computer for the Extreme, that is ultra compact, robust, and completely fanless. With the Z510PT processor and the US15WPT the chipset, we built a compact passive cooled system, that works smooth between -40\u00b0C and +85\u00b0C, without derating or throttling, and no fan or case openings. Integrated are features like up to 4 Gbit Ethernet ports, 7 USB ports, and 2 serial ports. Extended temperature DDR2 memory modules up to 2GB can be used. The unique design allows the system to be used in any application, regardless how rugged the environment might be.<\/p>\n<p>MPL computers are available according your configuration, even with your color, logo, and labeling. Further, the concept allows customer specific adjustment to achieve the best solution according your needs. Please talk to us about your project requirements!<\/p>\n<h4>The CEC5-X Specialities<\/h4>\n<p>Next to the extreme operating temperature range is the compactness of the system. The CEC5-X has a complete set of standard PC features, as well as industrial features like 8-36 VDC input power (including load dump and reverse polarity protection) and 2 serial ports (RS232\/485). All status LEDs and user buttons are at the front. For easy installation, versions with DIN-rail holder or flange mounting are offered as well. Other unique features are:<\/p>\n<ul>\n<li>Rugged ultra compact system without any internal wiring<\/li>\n<li>Use of Z510PT and US15WPT<\/li>\n<li>Up to 2GB DDR2 memory<\/li>\n<li>Operating temperature by design from -40\u00b0C to +85\u00b0C (-40\u00b0F to +185\u00b0F)<\/li>\n<li>SATA IF for DOM and 2.5&#8243; disk<\/li>\n<li>Long-term availability 7+ years<\/li>\n<\/ul>\n<h4>Technical Features CEC5-X<\/h4>\n\n<table id=\"tablepress-122\" class=\"tablepress tablepress-id-122\">\n<thead>\n<tr class=\"row-1\">\n\t<td class=\"column-1\"><\/td><th class=\"column-2\"><strong>Dane og\u00f3lne<\/strong><\/th><td class=\"column-3\"><\/td>\n<\/tr>\n<\/thead>\n<tbody class=\"row-striping row-hover\">\n<tr class=\"row-2\">\n\t<td class=\"column-1\">Procesor<\/td><td class=\"column-2\">Marvell Kirkwood 88F6281 @ 1.2 GHz<\/td><td class=\"column-3\">SOC kompatybilny z Low Power ARMv5TE<br \/>\n<\/td>\n<\/tr>\n<tr class=\"row-3\">\n\t<td class=\"column-1\">Pami\u0119\u0107<\/td><td class=\"column-2\">512MByte DDR2<\/td><td class=\"column-3\">Przytwierdzony na p\u0142ycie<br \/>\n<\/td>\n<\/tr>\n<tr class=\"row-4\">\n\t<td class=\"column-1\">Firmware<\/td><td class=\"column-2\">512MByte NAND Flash<\/td><td class=\"column-3\">Przytwierdzony na p\u0142ycie<\/td>\n<\/tr>\n<tr class=\"row-5\">\n\t<td class=\"column-1\"><\/td><td class=\"column-2\"><strong>Interfejsy<\/strong><\/td><td class=\"column-3\"><\/td>\n<\/tr>\n<tr class=\"row-6\">\n\t<td class=\"column-1\">3 x Ethernet<\/td><td class=\"column-2\">10BaseT \/100BaseTX \/ 1000BaseTX<\/td><td class=\"column-3\">2 x z\u0142\u0105cze RJ45, auto nawigacja, auto MDI MDIX<br \/>\n<\/td>\n<\/tr>\n<tr class=\"row-7\">\n\t<td class=\"column-1\">3 x USB2<\/td><td class=\"column-2\">Porty zewn\u0119trzne<br \/>\n<\/td><td class=\"column-3\">Z\u0142\u0105cza typu A, chronione przed wy\u0142adowaniami elektrostatycznymi<br \/>\n<\/td>\n<\/tr>\n<tr class=\"row-8\">\n\t<td class=\"column-1\">1 x gniazdo microSD<br \/>\n<\/td><td class=\"column-2\">Dla karty pami\u0119ci microSD<br \/>\n<\/td><td class=\"column-3\">Mo\u017ce by\u0107 u\u017cywany jako pami\u0119\u0107 zewn\u0119trzna (konfiguracja, logowanie)<br \/>\n<\/td>\n<\/tr>\n<tr class=\"row-9\">\n\t<td class=\"column-1\">Mini PCI-Express<\/td><td class=\"column-2\">Do sieci WLAN, GPRS, UMTS lub FLASH<br \/>\n<\/td><td class=\"column-3\">Gniazdo na karty mini<\/td>\n<\/tr>\n<tr class=\"row-10\">\n\t<td class=\"column-1\">2x porty SATA<br \/>\n<\/td><td class=\"column-2\">Szybko\u015b\u0107 przesy\u0142ania danych do 300 MB \/ s<br \/>\n<\/td><td class=\"column-3\">Z\u0142\u0105cza gniazda Micro SATA, bez kabli<br \/>\n<\/td>\n<\/tr>\n<tr class=\"row-11\">\n\t<td class=\"column-1\"><\/td><td class=\"column-2\"><strong>Dane fizyczne \/ Moc<\/strong><\/td><td class=\"column-3\"><\/td>\n<\/tr>\n<tr class=\"row-12\">\n\t<td class=\"column-1\">Obudowa<\/td><td class=\"column-2\">Kompaktowa, wytrzyma\u0142a, chromowana aluminium<br \/>\nz p\u0142ytami ze stali nierdzewnej<\/td><td class=\"column-3\">Monta\u017c na szynie DIN lub ko\u0142nierzu, bez otwor\u00f3w wentylacyjnych<br \/>\n<\/td>\n<\/tr>\n<tr class=\"row-13\">\n\t<td class=\"column-1\">Rozmiar i waga<\/td><td class=\"column-2\">62.1 x 162.1 x 118mm<\/td><td class=\"column-3\">0,94 kg \/ 2lb wraz z obudow\u0105<br \/>\n<\/td>\n<\/tr>\n<tr class=\"row-14\">\n\t<td class=\"column-1\">Moc<\/td><td class=\"column-2\">8 - 36VDC moc wej\u015bciowa<br \/>\n<\/td><td class=\"column-3\">Pob\u00f3r mocy <9 W, zabezpieczenie przed odwrotn\u0105 polaryzacj\u0105<br \/>\n<\/td>\n<\/tr>\n<tr class=\"row-15\">\n\t<td class=\"column-1\">Zakres temperatury<\/td><td class=\"column-2\">-20\u00b0C do +60\u00b0C opcjonalnie -40\u00b0C do +85\u00b0C<br \/>\n<\/td><td class=\"column-3\">Bez wentylatora, bez otwor\u00f3w, warto\u015bci przy pe\u0142nym obci\u0105\u017ceniu procesora<br \/>\n<\/td>\n<\/tr>\n<tr class=\"row-16\">\n\t<td class=\"column-1\">Wilgotno\u015b\u0107<\/td><td class=\"column-2\">5% - 95% bez kondensacji<br \/>\n<\/td><td class=\"column-3\">Dost\u0119pna opcjonalna pow\u0142oka<br \/>\n<\/td>\n<\/tr>\n<tr class=\"row-17\">\n\t<td class=\"column-1\"><\/td><td class=\"column-2\"><strong>Standardowa zgodno\u015b\u0107<\/strong><\/td><td class=\"column-3\"><\/td>\n<\/tr>\n<tr class=\"row-18\">\n\t<td class=\"column-1\">EMC<\/td><td class=\"column-2\">EN 55022, EN 55024, EN 61000, MIL-STD-461E<br \/>\n<\/td><td class=\"column-3\"><\/td>\n<\/tr>\n<tr class=\"row-19\">\n\t<td class=\"column-1\">Wstrz\u0105sy i wibracje<\/td><td class=\"column-2\">EN 60068<br \/>\n<\/td><td class=\"column-3\"><\/td>\n<\/tr>\n<tr class=\"row-20\">\n\t<td class=\"column-1\">Bezpiecze\u0144stwo \u015brodowiska<\/td><td class=\"column-2\">EN 50155, MIL-STD-810-F, EN 60601, EN 60950, IEC 60945<br \/>\n<\/td><td class=\"column-3\"><\/td>\n<\/tr>\n<tr class=\"row-21\">\n\t<td class=\"column-1\"><\/td><td class=\"column-2\"><strong>Oprogramowanie<\/strong><\/td><td class=\"column-3\"><\/td>\n<\/tr>\n<tr class=\"row-22\">\n\t<td class=\"column-1\">Obs\u0142uga systemu operacyjnego: Linux (Debian, Buildroot, ...)<br \/>\nsystem jest wyposa\u017cony w pe\u0142n\u0105 funkcjonaln\u0105 dystrybucj\u0119 Debian GNU \/ Linux (armel)<\/td><td class=\"column-2\"><\/td><td class=\"column-3\"><\/td>\n<\/tr>\n<\/tbody>\n<\/table>\n\n<h4>Optional Features<\/h4>\n\n<table id=\"tablepress-123\" class=\"tablepress tablepress-id-123\">\n<thead>\n<tr class=\"row-1\">\n\t<td class=\"column-1\"><\/td><th class=\"column-2\"><strong>Board Key Data<\/strong><\/th><td class=\"column-3\"><\/td>\n<\/tr>\n<\/thead>\n<tbody class=\"row-striping row-hover\">\n<tr class=\"row-2\">\n\t<td class=\"column-1\">Processor<\/td><td class=\"column-2\">Marvell Kirkwood 88F6281 @ 1.2 GHz<\/td><td class=\"column-3\">Low Power ARMv5TE compatible SOC<br \/>\n<\/td>\n<\/tr>\n<tr class=\"row-3\">\n\t<td class=\"column-1\">Memory<\/td><td class=\"column-2\">512MByte DDR2<\/td><td class=\"column-3\">Soldered OnBoard<br \/>\n<\/td>\n<\/tr>\n<tr class=\"row-4\">\n\t<td class=\"column-1\">Firmware<\/td><td class=\"column-2\">512MByte NAND Flash<\/td><td class=\"column-3\">Soldered OnBoard<br \/>\n<\/td>\n<\/tr>\n<tr class=\"row-5\">\n\t<td class=\"column-1\"><\/td><td class=\"column-2\"><strong>Interfaces<\/strong><br \/>\n<\/td><td class=\"column-3\"><\/td>\n<\/tr>\n<tr class=\"row-6\">\n\t<td class=\"column-1\">3 x Ethernet<\/td><td class=\"column-2\">10BaseT \/100BaseTX \/ 1000BaseTX<\/td><td class=\"column-3\">2 x RJ45 connector, auto negotiation, auto MDI MDIX<br \/>\n<\/td>\n<\/tr>\n<tr class=\"row-7\">\n\t<td class=\"column-1\">3 x USB2<\/td><td class=\"column-2\">External ports<\/td><td class=\"column-3\">Type A connectors, ESD protected<br \/>\n<\/td>\n<\/tr>\n<tr class=\"row-8\">\n\t<td class=\"column-1\">1 x microSD Slot<\/td><td class=\"column-2\">For microSD Memory Card<\/td><td class=\"column-3\">Can be used as external storage (configuration, logging)<br \/>\n<\/td>\n<\/tr>\n<tr class=\"row-9\">\n\t<td class=\"column-1\">Mini PCI-Express<\/td><td class=\"column-2\">For WLAN, GPRS, UMTS or FLASH\t<\/td><td class=\"column-3\">Minicard Slot<br \/>\n<\/td>\n<\/tr>\n<tr class=\"row-10\">\n\t<td class=\"column-1\">2x SATA ports<\/td><td class=\"column-2\">Data transfer rates up to 300MByte\/s<\/td><td class=\"column-3\">Micro SATA receptacle connectors, cable-free<br \/>\n<\/td>\n<\/tr>\n<tr class=\"row-11\">\n\t<td class=\"column-1\"><\/td><td class=\"column-2\"><strong>Physical \/ Power<\/strong><br \/>\n<\/td><td class=\"column-3\"><\/td>\n<\/tr>\n<tr class=\"row-12\">\n\t<td class=\"column-1\">Chassis<\/td><td class=\"column-2\">Compact rugged chromated Aluminum<br \/>\nwith stainless steel plates<\/td><td class=\"column-3\">DIN-rail or flange mounting, no ventilation holes<br \/>\n<\/td>\n<\/tr>\n<tr class=\"row-13\">\n\t<td class=\"column-1\">Size &amp; Weight<\/td><td class=\"column-2\">62.1 x 162.1 x 118mm<\/td><td class=\"column-3\">0.94kg \/ 2lb including housing<br \/>\n<\/td>\n<\/tr>\n<tr class=\"row-14\">\n\t<td class=\"column-1\">Power<\/td><td class=\"column-2\">8 - 36VDC input power<\/td><td class=\"column-3\">Power consumption <9W, reverse polarity protection<br \/>\n<\/td>\n<\/tr>\n<tr class=\"row-15\">\n\t<td class=\"column-1\">Temperature Range<\/td><td class=\"column-2\">-20\u00b0C up to +60\u00b0C optionally -40\u00b0C to +85\u00b0C<\/td><td class=\"column-3\">No fan, no openings, values at full CPU load<br \/>\n<\/td>\n<\/tr>\n<tr class=\"row-16\">\n\t<td class=\"column-1\">Humidity<\/td><td class=\"column-2\">5% - 95% non-condensing<\/td><td class=\"column-3\">Optional coating available<br \/>\n<\/td>\n<\/tr>\n<tr class=\"row-17\">\n\t<td class=\"column-1\"><\/td><td class=\"column-2\"><strong>Standard Compliance<\/strong><br \/>\n<\/td><td class=\"column-3\"><\/td>\n<\/tr>\n<tr class=\"row-18\">\n\t<td class=\"column-1\">EMC<\/td><td class=\"column-2\">EN 55022, EN 55024, EN 61000, MIL-STD-461E<br \/>\n<\/td><td class=\"column-3\"><\/td>\n<\/tr>\n<tr class=\"row-19\">\n\t<td class=\"column-1\">Shock &amp; Vibration<\/td><td class=\"column-2\">EN 60068<br \/>\n<\/td><td class=\"column-3\"><\/td>\n<\/tr>\n<tr class=\"row-20\">\n\t<td class=\"column-1\">Environmental &amp; Safety<\/td><td class=\"column-2\">EN 50155, MIL-STD-810-F, EN 60601, EN 60950, IEC 60945<br \/>\n<\/td><td class=\"column-3\"><\/td>\n<\/tr>\n<tr class=\"row-21\">\n\t<td class=\"column-1\"><\/td><td class=\"column-2\"><strong>Software<\/strong><br \/>\n<\/td><td class=\"column-3\"><\/td>\n<\/tr>\n<tr class=\"row-22\">\n\t<td class=\"column-1\">OS-Support: Linux (Debian, Buildroot, ...)<br \/>\nthe system comes with a full functional Debian GNU\/Linux (armel) Distribution<\/td><td class=\"column-2\"><\/td><td class=\"column-3\"><\/td>\n<\/tr>\n<\/tbody>\n<\/table>\n\n<h4>CEC5-X Versions<\/h4>\n<ul>\n<li><strong>CEC5-10X<\/strong> &#8211; Compact Embedded Computer from -40\u00b0C to +85\u00b0C with Intel Atom Z510PT and PoulsboXL US15WPT chipset, Graphics, 2x Gigabit Ethernet, 3x USB2.0, 2x PS\/2, 1x SERIF port (all interfaces on bottom side)<\/li>\n<li><strong>CEC5-11X<\/strong> &#8211; Compact Embedded Computer from -40\u00b0C to +85\u00b0C with Intel Atom Z510PT and PoulsboXL US15WPT chipset, Graphics, 4x Gigabit Ethernet, 7x USB2.0, 2 x PS\/2, 2x SERIF ports (interfaces on top and bottom side)<\/li>\n<li><strong>CEC5-Cx<\/strong> &#8211; Compact Embedded Computer with Intel Atom Z510PT and PoulsboXL US15WPT chipset, customer specific version according your needs. Please talk to us about your project requirements!<\/li>\n<\/ul>\n<p>&nbsp;<\/p>\n","protected":false},"excerpt":{"rendered":"<h3><strong>CEC5-X<\/strong><\/h3>\n<p>Goal of the design was an Embedded Computer for the Extreme, that is ultra compact, robust, and completely fanless. With the Z520PT processor and the US15WPT chipset, we built a compact passive cooled system, that works smooth between -40\u00b0C and +85\u00b0C, without derating or throttling, and no fan or case openings. Integrated are features like up to 4 Gbit Ethernet ports, 7 USB ports, and 2 serial ports.<\/p>\n","protected":false},"featured_media":10802,"template":"","meta":{"_acf_changed":false,"inline_featured_image":false,"_monsterinsights_skip_tracking":false,"_monsterinsights_sitenote_active":false,"_monsterinsights_sitenote_note":"","_monsterinsights_sitenote_category":0},"product_brand":[],"product_cat":[1586,433,363],"product_tag":[],"class_list":{"0":"post-4219","1":"product","2":"type-product","3":"status-publish","4":"has-post-thumbnail","6":"product_cat-compact-computers-box-pc","7":"product_cat-compact-embedded-computer","8":"product_cat-mpl-en","10":"first","11":"instock","12":"shipping-taxable","13":"product-type-simple"},"acf":[],"_links":{"self":[{"href":"https:\/\/quantum.com.pl\/en\/wp-json\/wp\/v2\/product\/4219","targetHints":{"allow":["GET"]}}],"collection":[{"href":"https:\/\/quantum.com.pl\/en\/wp-json\/wp\/v2\/product"}],"about":[{"href":"https:\/\/quantum.com.pl\/en\/wp-json\/wp\/v2\/types\/product"}],"wp:featuredmedia":[{"embeddable":true,"href":"https:\/\/quantum.com.pl\/en\/wp-json\/wp\/v2\/media\/10802"}],"wp:attachment":[{"href":"https:\/\/quantum.com.pl\/en\/wp-json\/wp\/v2\/media?parent=4219"}],"wp:term":[{"taxonomy":"product_brand","embeddable":true,"href":"https:\/\/quantum.com.pl\/en\/wp-json\/wp\/v2\/product_brand?post=4219"},{"taxonomy":"product_cat","embeddable":true,"href":"https:\/\/quantum.com.pl\/en\/wp-json\/wp\/v2\/product_cat?post=4219"},{"taxonomy":"product_tag","embeddable":true,"href":"https:\/\/quantum.com.pl\/en\/wp-json\/wp\/v2\/product_tag?post=4219"}],"curies":[{"name":"wp","href":"https:\/\/api.w.org\/{rel}","templated":true}]}}