{"id":4283,"date":"2019-09-11T17:47:21","date_gmt":"2019-09-11T15:47:21","guid":{"rendered":"https:\/\/quantum.com.pl\/product\/pc-104-plus-powerpc-controlled-analog-and-timing-i-o-intelligence\/"},"modified":"2020-10-21T15:22:28","modified_gmt":"2020-10-21T13:22:28","slug":"pc-104-plus-powerpc-i-o-board","status":"publish","type":"product","link":"https:\/\/quantum.com.pl\/en\/product\/pc-104-plus-powerpc-i-o-board\/","title":{"rendered":"PC\/104-Plus PowerPC I\/O Board"},"content":{"rendered":"<p>The PATI is a highly integrated I\/O Board in PC\/104-Plus form factor. Build around the MPC555 Motorola PowerPCTM Processor and the PLX9056 PCI Bridge it brings the superb MPC555 peripherals to a standard PCI Interface.<\/p>\n<p>With the possibilities for firmware update over the PCI bus, parameter passing via the on-board SDRAM, allowing the PATI to access the host memory via PCI busmaster access and various configurations options it is well suited for fast prototyping application.<\/p>\n<p>A stand-alone mode allows the PATI to work without the host. Application developed and tested in a host environment can be executed on the PATI in the stand-alone mode without any code modification.<\/p>\n<p>The MPC555 peripherals are available on 2 standard 50 pin 2.54 mm header which offers easy connections. It features 8 differential 10bit Analog\/Digital channels, 32bit TPU channels, 2 serial interfaces and 2 CAN interfaces<\/p>\n<h4>PATI Specialities:<\/h4>\n<ul>\n<li>Motorola MPC555 PowerPCTM Processor<\/li>\n<li>40MHz Processor Clock<\/li>\n<li>16MByte SDRAM on-board<\/li>\n<li>up to 8MByte on-board Flash<\/li>\n<li>32bit 33MHz PCI Agent Interface<\/li>\n<li>Bus Master capable<\/li>\n<li>Low power consumption<\/li>\n<li>5V only Power Supply<\/li>\n<li>8 differentials 10bit Analog\/Digital converter channels<\/li>\n<li>32Bit TPU channels<\/li>\n<li>2 Serial Interface<\/li>\n<li>2 CAN Interface<\/li>\n<\/ul>\n<h4>Technical Features:<\/h4>\n\n<table id=\"tablepress-133\" class=\"tablepress tablepress-id-133\">\n<thead>\n<tr class=\"row-1\">\n\t<th class=\"column-1\"><strong>Dane og\u00f3lne<\/strong><\/th><td class=\"column-2\"><\/td>\n<\/tr>\n<\/thead>\n<tbody class=\"row-striping row-hover\">\n<tr class=\"row-2\">\n\t<td class=\"column-1\">Switch wyszukiwania silnika<\/td><td class=\"column-2\">Switch silnika o wysokiej wydajno\u015bci obs\u0142uguje do 16 000 wpis\u00f3w MAC<br \/>\nKontrola przep\u0142ywu IEEE 802.3x, kontrola przep\u0142ywu przeciwci\u015bnienia<\/td>\n<\/tr>\n<tr class=\"row-3\">\n\t<td class=\"column-1\">Status LED<\/td><td class=\"column-2\">2 diody LED na ka\u017cdy port miedziany (wska\u017aniki Link \/ Activity i Speed)<br \/>\n1 dioda LED dla ka\u017cdego SFP (wska\u017aniki Link \/ Activity)<\/td>\n<\/tr>\n<tr class=\"row-4\">\n\t<td class=\"column-1\">Dioda LED statusu zewn\u0119trznego<br \/>\n<\/td><td class=\"column-2\">Wszystkie diody LED do zdalnej sygnalizacji s\u0105 dost\u0119pne poprzez zamykan\u0105 g\u0142owic\u0119<br \/>\n<\/td>\n<\/tr>\n<tr class=\"row-5\">\n\t<td class=\"column-1\"><strong>Interfejsy<\/strong><\/td><td class=\"column-2\"><\/td>\n<\/tr>\n<tr class=\"row-6\">\n\t<td class=\"column-1\">Porty<\/td><td class=\"column-2\">8x 1Gbit miedziany, 2x 10Gbit SFP + \/ lub 4x 1Gbit miedziany, 4x 1GBit SFP, 2x 10Gbit SFP+<br \/>\n<\/td>\n<\/tr>\n<tr class=\"row-7\">\n\t<td class=\"column-1\">Porty miedziane<br \/>\n<\/td><td class=\"column-2\">Obs\u0142uga automatycznej zwrotnicy (Auto MDI \/ MDIX)., Automatyczna korekta polaryzacji, auto negocjacja<br \/>\nObs\u0142uga energooszcz\u0119dnego Ethernetu 802.3az<\/td>\n<\/tr>\n<tr class=\"row-8\">\n\t<td class=\"column-1\">Porty SFP 1 Gb<br \/>\n<\/td><td class=\"column-2\">Obs\u0142uguje wszystkie 1 GBit SFP, kt\u00f3re s\u0105 zgodne z MSA i Ethernet<br \/>\nObs\u0142uga cyfrowego monitorowania diagnostycznego (DDM) i potr\u00f3jnej szybko\u015bci miedzianej SFP<\/td>\n<\/tr>\n<tr class=\"row-9\">\n\t<td class=\"column-1\">Porty SFP 10 Gb (2x)<br \/>\n<\/td><td class=\"column-2\">Obs\u0142uguje wszystkie 10 GBit SFP+ i 1 GBit SFP, kt\u00f3re s\u0105 zgodne z MSA i Ethernet<br \/>\nObs\u0142uga bezpo\u015brednio pod\u0142\u0105czonego kabla SFP+<\/td>\n<\/tr>\n<tr class=\"row-10\">\n\t<td class=\"column-1\"><strong>Zarz\u0105dzanie oprogramowaniem<\/strong><\/td><td class=\"column-2\"><\/td>\n<\/tr>\n<tr class=\"row-11\">\n\t<td class=\"column-1\">MPL opracowa\u0142 i utrzymuje zarz\u0105dzanie oprogramowaniem z \u0142atwym w u\u017cyciu interfejsem sieciowym.<br \/>\n<\/td><td class=\"column-2\"><\/td>\n<\/tr>\n<tr class=\"row-12\">\n\t<td class=\"column-1\">Zarz\u0105dzanie wspiera:<br \/>\n(Zarz\u0105dzanie Layer 2)<br \/>\n<\/td><td class=\"column-2\">\u2022 Sprawdzanie adresu MAC IEEE 802.1X<br \/>\n\u2022 IEEE 802.1Q VLAN\t<br \/>\n\u2022 Obs\u0142uga RSTP IEEE 802.1D<br \/>\n\u2022 Obs\u0142uga SNMP V1, V2c, V3<br \/>\n\u2022 Szpiegowanie IGMPv3<br \/>\n\u2022 Klient DHCP<br \/>\n\u2022 Monitorowanie port\u00f3w<br \/>\n\u2022 Statystyki switcha<br \/>\n\u2022 VLAN oparty na portach<br \/>\n\u2022 Jako\u015b\u0107 us\u0142ugi<br \/>\n\u2022 Dost\u0119pne przez https, Telnet, RS232<br \/>\n\u2022 Aktualizacja oprogramowania uk\u0142adowego przez HTTP lub TFTP<br \/>\n\u2022 TLS (HTTPS)<br \/>\n\u2022 Wsparcie trunkingowe (planowane)<br \/>\n<br \/>\n<\/td>\n<\/tr>\n<tr class=\"row-13\">\n\t<td class=\"column-1\"><strong>Moc<\/strong><\/td><td class=\"column-2\"><\/td>\n<\/tr>\n<tr class=\"row-14\">\n\t<td class=\"column-1\">Napi\u0119cie wej\u015bciowe<\/td><td class=\"column-2\">8VDC-36VDC, zabezpieczenie przed odwrotn\u0105 polaryzacj\u0105<br \/>\n<\/td>\n<\/tr>\n<tr class=\"row-15\">\n\t<td class=\"column-1\">Pob\u00f3r mocy<\/td><td class=\"column-2\">15W<br \/>\n<\/td>\n<\/tr>\n<tr class=\"row-16\">\n\t<td class=\"column-1\"><strong>\u015arodowisko<\/strong><\/td><td class=\"column-2\"><\/td>\n<\/tr>\n<tr class=\"row-17\">\n\t<td class=\"column-1\">Temperatura przechowywania<\/td><td class=\"column-2\">-45\u00b0C do +85\u00b0C (-49\u00b0F do +185\u00b0F)<br \/>\n<\/td>\n<\/tr>\n<tr class=\"row-18\">\n\t<td class=\"column-1\">Temperatura operacyjna<\/td><td class=\"column-2\">Od -20\u00b0C do +60\u00b0C (od -4\u00b0F do +140\u00b0F) przy pe\u0142nej pracy<br \/>\nopcjonalnie do 70\u00b0C (158\u00b0F)<\/td>\n<\/tr>\n<tr class=\"row-19\">\n\t<td class=\"column-1\">Wzgl\u0119dna wilgotno\u015b\u0107<\/td><td class=\"column-2\">5% do 95% bez kondensacji<br \/>\n<\/td>\n<\/tr>\n<tr class=\"row-20\">\n\t<td class=\"column-1\"><strong>Standardowa zgodno\u015b\u0107<\/strong><\/td><td class=\"column-2\"><\/td>\n<\/tr>\n<tr class=\"row-21\">\n\t<td class=\"column-1\">EMC<\/td><td class=\"column-2\">EN 55022, EN 55024, EN 61000, MIL-STD-461E<br \/>\n<\/td>\n<\/tr>\n<tr class=\"row-22\">\n\t<td class=\"column-1\">Wstrz\u0105sy i wibracje<\/td><td class=\"column-2\">EN 60068<br \/>\n<\/td>\n<\/tr>\n<tr class=\"row-23\">\n\t<td class=\"column-1\">Bezpiecze\u0144stwo \u015brodowiska<\/td><td class=\"column-2\">EN 50155, MIL-STD-810-F, EN 60601, EN 60950<br \/>\n<\/td>\n<\/tr>\n<tr class=\"row-24\">\n\t<td class=\"column-1\">Lista zatwierdze\u0144<\/td><td class=\"column-2\">CE, IEC 60945, IACS E10<br \/>\n<\/td>\n<\/tr>\n<tr class=\"row-25\">\n\t<td class=\"column-1\">MAXBES zosta\u0142 pomy\u015blnie przetestowany zgodnie z EN50155, MIL-STD-810-G oraz znakiem CE<br \/>\n<\/td><td class=\"column-2\"><\/td>\n<\/tr>\n<\/tbody>\n<\/table>\n<!-- #tablepress-133 from cache -->\n<p>&nbsp;<\/p>\n<h4>PATI Versions:<\/h4>\n\n<table id=\"tablepress-134\" class=\"tablepress tablepress-id-134\">\n<thead>\n<tr class=\"row-1\">\n\t<th class=\"column-1\"><strong>Chassis version<\/strong><\/th><th class=\"column-2\"><strong>width x depth x height<\/strong><\/th><th class=\"column-3\"><strong>comment<\/strong><br \/>\n<\/th>\n<\/tr>\n<\/thead>\n<tbody class=\"row-striping row-hover\">\n<tr class=\"row-2\">\n\t<td class=\"column-1\">DIN-Rail\/Flange<\/td><td class=\"column-2\">162 x 120 x 62mm<\/td><td class=\"column-3\">custom color or foil available<br \/>\n<\/td>\n<\/tr>\n<tr class=\"row-3\">\n\t<td class=\"column-1\">IP67 MIL<\/td><td class=\"column-2\">280 x 208 x 100mm<\/td><td class=\"column-3\">custom housings and connectors available<br \/>\n<\/td>\n<\/tr>\n<tr class=\"row-4\">\n\t<td class=\"column-1\">Open Frame<\/td><td class=\"column-2\">155 x 105 x min 23mm<\/td><td class=\"column-3\">custom cooling plate available<br \/>\n<\/td>\n<\/tr>\n<\/tbody>\n<\/table>\n<!-- #tablepress-134 from cache -->\n","protected":false},"excerpt":{"rendered":"<h3>PATI<\/h3>\n<p>The PATI is a highly integrated I\/O Board in PC\/104-Plus form factor. Build around the MPC555 Motorola PowerPCTM Processor and the PLX9056 PCI Bridge it brings the superb MPC555 peripherals to a standard PCI Interface.<\/p>\n","protected":false},"featured_media":10854,"template":"","meta":{"_acf_changed":false,"inline_featured_image":false,"_monsterinsights_skip_tracking":false,"_monsterinsights_sitenote_active":false,"_monsterinsights_sitenote_note":"","_monsterinsights_sitenote_category":0},"product_brand":[],"product_cat":[1614,363,465],"product_tag":[],"class_list":{"0":"post-4283","1":"product","2":"type-product","3":"status-publish","4":"has-post-thumbnail","6":"product_cat-accessories-peripherals","7":"product_cat-mpl-en","8":"product_cat-rugged-industrial-peripherials","10":"first","11":"instock","12":"shipping-taxable","13":"product-type-simple"},"acf":[],"_links":{"self":[{"href":"https:\/\/quantum.com.pl\/en\/wp-json\/wp\/v2\/product\/4283","targetHints":{"allow":["GET"]}}],"collection":[{"href":"https:\/\/quantum.com.pl\/en\/wp-json\/wp\/v2\/product"}],"about":[{"href":"https:\/\/quantum.com.pl\/en\/wp-json\/wp\/v2\/types\/product"}],"wp:featuredmedia":[{"embeddable":true,"href":"https:\/\/quantum.com.pl\/en\/wp-json\/wp\/v2\/media\/10854"}],"wp:attachment":[{"href":"https:\/\/quantum.com.pl\/en\/wp-json\/wp\/v2\/media?parent=4283"}],"wp:term":[{"taxonomy":"product_brand","embeddable":true,"href":"https:\/\/quantum.com.pl\/en\/wp-json\/wp\/v2\/product_brand?post=4283"},{"taxonomy":"product_cat","embeddable":true,"href":"https:\/\/quantum.com.pl\/en\/wp-json\/wp\/v2\/product_cat?post=4283"},{"taxonomy":"product_tag","embeddable":true,"href":"https:\/\/quantum.com.pl\/en\/wp-json\/wp\/v2\/product_tag?post=4283"}],"curies":[{"name":"wp","href":"https:\/\/api.w.org\/{rel}","templated":true}]}}