{"id":4296,"date":"2019-09-12T11:31:47","date_gmt":"2019-09-12T09:31:47","guid":{"rendered":"https:\/\/quantum.com.pl\/?post_type=product&#038;p=4296"},"modified":"2021-01-14T11:51:10","modified_gmt":"2021-01-14T10:51:10","slug":"rugged-10-port-gigabit-switch-with-2-sfp-10gbit-ports","status":"publish","type":"product","link":"https:\/\/quantum.com.pl\/en\/product\/rugged-10-port-gigabit-switch-with-2-sfp-10gbit-ports\/","title":{"rendered":"MAXBES-xy (Rugged 10-port Gigabit Switch with 2 SFP+ 10Gbit port)"},"content":{"rendered":"<p>The MAXBES comes with 8-ports 1Gbit and 2-ports 10Gbit speed. The eight 1GBit ports are either available as eight RJ45 copper ports or four RJ45 copper ports and four 1GBit SFP. The open frame version also offers lockable headers instead of RJ45. All ports have status LEDs, indicating the activity and speed of each port.<\/p>\n<p>The MAXBES solution is extremely compact and can also be used as open frame solution or in a MIL housing with connectors of your choice. Supply power is 8-36VDC and uses less than 15W. The product can be operated at -20\u00b0C to 60\u00b0C and optionally even up to +70\u00b0C.<\/p>\n<p>For the fiber ports, most Ethernet compatible transceivers (acc. MSA) can be used. It allows the users to select the appropriate transceiver for each link. As managed switch, the product gives access to various switch settings to configure features like: Quality of Service, VLAN, Rapid Spanning Tree, etc.. To adjust these switch settings, MPL provides an easy to use web interface.<\/p>\n<h4>MAXBES Highlights<\/h4>\n<ul>\n<li>Includes two 10Gbit SFP+ ports<\/li>\n<li>RJ45 &amp; header versions<\/li>\n<li>Wide input 8-36VDC<\/li>\n<li>Fully manageable through Web Interface or Telnet<\/li>\n<li>Copper or mixed Copper\/Fiber versions<\/li>\n<li>Fanless operation<\/li>\n<\/ul>\n<p>These features make the MAXBES ideally suited for any rugged or industrial network applications. Due to the low power consumption, robust and flexible design, the products are well suited for any embedded system. It is the perfect fit, whether they are used in a rugged, hot or other harsh environment. The MAXBES makes it easy to set up a challenging network!<\/p>\n<h4>Technical Features<\/h4>\n\n<table id=\"tablepress-133\" class=\"tablepress tablepress-id-133\">\n<thead>\n<tr class=\"row-1\">\n\t<th class=\"column-1\"><strong>Dane og\u00f3lne<\/strong><\/th><td class=\"column-2\"><\/td>\n<\/tr>\n<\/thead>\n<tbody class=\"row-striping row-hover\">\n<tr class=\"row-2\">\n\t<td class=\"column-1\">Switch wyszukiwania silnika<\/td><td class=\"column-2\">Switch silnika o wysokiej wydajno\u015bci obs\u0142uguje do 16 000 wpis\u00f3w MAC<br \/>\nKontrola przep\u0142ywu IEEE 802.3x, kontrola przep\u0142ywu przeciwci\u015bnienia<\/td>\n<\/tr>\n<tr class=\"row-3\">\n\t<td class=\"column-1\">Status LED<\/td><td class=\"column-2\">2 diody LED na ka\u017cdy port miedziany (wska\u017aniki Link \/ Activity i Speed)<br \/>\n1 dioda LED dla ka\u017cdego SFP (wska\u017aniki Link \/ Activity)<\/td>\n<\/tr>\n<tr class=\"row-4\">\n\t<td class=\"column-1\">Dioda LED statusu zewn\u0119trznego<br \/>\n<\/td><td class=\"column-2\">Wszystkie diody LED do zdalnej sygnalizacji s\u0105 dost\u0119pne poprzez zamykan\u0105 g\u0142owic\u0119<br \/>\n<\/td>\n<\/tr>\n<tr class=\"row-5\">\n\t<td class=\"column-1\"><strong>Interfejsy<\/strong><\/td><td class=\"column-2\"><\/td>\n<\/tr>\n<tr class=\"row-6\">\n\t<td class=\"column-1\">Porty<\/td><td class=\"column-2\">8x 1Gbit miedziany, 2x 10Gbit SFP + \/ lub 4x 1Gbit miedziany, 4x 1GBit SFP, 2x 10Gbit SFP+<br \/>\n<\/td>\n<\/tr>\n<tr class=\"row-7\">\n\t<td class=\"column-1\">Porty miedziane<br \/>\n<\/td><td class=\"column-2\">Obs\u0142uga automatycznej zwrotnicy (Auto MDI \/ MDIX)., Automatyczna korekta polaryzacji, auto negocjacja<br \/>\nObs\u0142uga energooszcz\u0119dnego Ethernetu 802.3az<\/td>\n<\/tr>\n<tr class=\"row-8\">\n\t<td class=\"column-1\">Porty SFP 1 Gb<br \/>\n<\/td><td class=\"column-2\">Obs\u0142uguje wszystkie 1 GBit SFP, kt\u00f3re s\u0105 zgodne z MSA i Ethernet<br \/>\nObs\u0142uga cyfrowego monitorowania diagnostycznego (DDM) i potr\u00f3jnej szybko\u015bci miedzianej SFP<\/td>\n<\/tr>\n<tr class=\"row-9\">\n\t<td class=\"column-1\">Porty SFP 10 Gb (2x)<br \/>\n<\/td><td class=\"column-2\">Obs\u0142uguje wszystkie 10 GBit SFP+ i 1 GBit SFP, kt\u00f3re s\u0105 zgodne z MSA i Ethernet<br \/>\nObs\u0142uga bezpo\u015brednio pod\u0142\u0105czonego kabla SFP+<\/td>\n<\/tr>\n<tr class=\"row-10\">\n\t<td class=\"column-1\"><strong>Zarz\u0105dzanie oprogramowaniem<\/strong><\/td><td class=\"column-2\"><\/td>\n<\/tr>\n<tr class=\"row-11\">\n\t<td class=\"column-1\">MPL opracowa\u0142 i utrzymuje zarz\u0105dzanie oprogramowaniem z \u0142atwym w u\u017cyciu interfejsem sieciowym.<br \/>\n<\/td><td class=\"column-2\"><\/td>\n<\/tr>\n<tr class=\"row-12\">\n\t<td class=\"column-1\">Zarz\u0105dzanie wspiera:<br \/>\n(Zarz\u0105dzanie Layer 2)<br \/>\n<\/td><td class=\"column-2\">\u2022 Sprawdzanie adresu MAC IEEE 802.1X<br \/>\n\u2022 IEEE 802.1Q VLAN\t<br \/>\n\u2022 Obs\u0142uga RSTP IEEE 802.1D<br \/>\n\u2022 Obs\u0142uga SNMP V1, V2c, V3<br \/>\n\u2022 Szpiegowanie IGMPv3<br \/>\n\u2022 Klient DHCP<br \/>\n\u2022 Monitorowanie port\u00f3w<br \/>\n\u2022 Statystyki switcha<br \/>\n\u2022 VLAN oparty na portach<br \/>\n\u2022 Jako\u015b\u0107 us\u0142ugi<br \/>\n\u2022 Dost\u0119pne przez https, Telnet, RS232<br \/>\n\u2022 Aktualizacja oprogramowania uk\u0142adowego przez HTTP lub TFTP<br \/>\n\u2022 TLS (HTTPS)<br \/>\n\u2022 Wsparcie trunkingowe (planowane)<br \/>\n<br \/>\n<\/td>\n<\/tr>\n<tr class=\"row-13\">\n\t<td class=\"column-1\"><strong>Moc<\/strong><\/td><td class=\"column-2\"><\/td>\n<\/tr>\n<tr class=\"row-14\">\n\t<td class=\"column-1\">Napi\u0119cie wej\u015bciowe<\/td><td class=\"column-2\">8VDC-36VDC, zabezpieczenie przed odwrotn\u0105 polaryzacj\u0105<br \/>\n<\/td>\n<\/tr>\n<tr class=\"row-15\">\n\t<td class=\"column-1\">Pob\u00f3r mocy<\/td><td class=\"column-2\">15W<br \/>\n<\/td>\n<\/tr>\n<tr class=\"row-16\">\n\t<td class=\"column-1\"><strong>\u015arodowisko<\/strong><\/td><td class=\"column-2\"><\/td>\n<\/tr>\n<tr class=\"row-17\">\n\t<td class=\"column-1\">Temperatura przechowywania<\/td><td class=\"column-2\">-45\u00b0C do +85\u00b0C (-49\u00b0F do +185\u00b0F)<br \/>\n<\/td>\n<\/tr>\n<tr class=\"row-18\">\n\t<td class=\"column-1\">Temperatura operacyjna<\/td><td class=\"column-2\">Od -20\u00b0C do +60\u00b0C (od -4\u00b0F do +140\u00b0F) przy pe\u0142nej pracy<br \/>\nopcjonalnie do 70\u00b0C (158\u00b0F)<\/td>\n<\/tr>\n<tr class=\"row-19\">\n\t<td class=\"column-1\">Wzgl\u0119dna wilgotno\u015b\u0107<\/td><td class=\"column-2\">5% do 95% bez kondensacji<br \/>\n<\/td>\n<\/tr>\n<tr class=\"row-20\">\n\t<td class=\"column-1\"><strong>Standardowa zgodno\u015b\u0107<\/strong><\/td><td class=\"column-2\"><\/td>\n<\/tr>\n<tr class=\"row-21\">\n\t<td class=\"column-1\">EMC<\/td><td class=\"column-2\">EN 55022, EN 55024, EN 61000, MIL-STD-461E<br \/>\n<\/td>\n<\/tr>\n<tr class=\"row-22\">\n\t<td class=\"column-1\">Wstrz\u0105sy i wibracje<\/td><td class=\"column-2\">EN 60068<br \/>\n<\/td>\n<\/tr>\n<tr class=\"row-23\">\n\t<td class=\"column-1\">Bezpiecze\u0144stwo \u015brodowiska<\/td><td class=\"column-2\">EN 50155, MIL-STD-810-F, EN 60601, EN 60950<br \/>\n<\/td>\n<\/tr>\n<tr class=\"row-24\">\n\t<td class=\"column-1\">Lista zatwierdze\u0144<\/td><td class=\"column-2\">CE, IEC 60945, IACS E10<br \/>\n<\/td>\n<\/tr>\n<tr class=\"row-25\">\n\t<td class=\"column-1\">MAXBES zosta\u0142 pomy\u015blnie przetestowany zgodnie z EN50155, MIL-STD-810-G oraz znakiem CE<br \/>\n<\/td><td class=\"column-2\"><\/td>\n<\/tr>\n<\/tbody>\n<\/table>\n<!-- #tablepress-133 from cache -->\n<h4>Packaging<\/h4>\n\n<table id=\"tablepress-136\" class=\"tablepress tablepress-id-136\">\n<thead>\n<tr class=\"row-1\">\n\t<th class=\"column-1\"><strong>Board Key Data<\/strong><br \/>\n<\/th><td class=\"column-2\"><\/td>\n<\/tr>\n<\/thead>\n<tbody class=\"row-striping row-hover\">\n<tr class=\"row-2\">\n\t<td class=\"column-1\">Switch lookup Engine<\/td><td class=\"column-2\">High performance lookup engine supports up to16k MAC entries<br \/>\nIEEE 802.3x flow control, back pressure flow control<\/td>\n<\/tr>\n<tr class=\"row-3\">\n\t<td class=\"column-1\">Status LED<\/td><td class=\"column-2\">2 LEDs for each copper port (Link\/Activity and Speed indicators)<br \/>\n1 LED for each SFP (Link\/Activity indicators)<\/td>\n<\/tr>\n<tr class=\"row-4\">\n\t<td class=\"column-1\">External Status LED<\/td><td class=\"column-2\">All LED for remote indication are available over lockable header<br \/>\n<\/td>\n<\/tr>\n<tr class=\"row-5\">\n\t<td class=\"column-1\"><strong>Interfaces<\/strong><br \/>\n<\/td><td class=\"column-2\"><\/td>\n<\/tr>\n<tr class=\"row-6\">\n\t<td class=\"column-1\">Ports<\/td><td class=\"column-2\">8x 1Gbit copper, 2x 10Gbit SFP+ \/ or 4x 1Gbit copper, 4x 1GBit SFP, 2x 10Gbit SFP+<br \/>\n<\/td>\n<\/tr>\n<tr class=\"row-7\">\n\t<td class=\"column-1\">Copper ports<\/td><td class=\"column-2\">Auto crossover (Auto MDI\/MDIX) support., auto polarity correction, auto negotiation<br \/>\nSupport for 802.3az Energy Efficient Ethernet<\/td>\n<\/tr>\n<tr class=\"row-8\">\n\t<td class=\"column-1\">1Gbit SFP ports<\/td><td class=\"column-2\">Supports all 1GBit SFP which are MSA compliant and Ethernet compatible<br \/>\nSupport for digital diagnostics monitoring (DDM) and triple speed copper SFP<\/td>\n<\/tr>\n<tr class=\"row-9\">\n\t<td class=\"column-1\">10Gbit SFP ports (2x)<\/td><td class=\"column-2\">Supports all 10GBit SFP+ and 1GBit SFP which are MSA compliant and Ethernet compatible<br \/>\nSupport for direct attached cable SFP+<\/td>\n<\/tr>\n<tr class=\"row-10\">\n\t<td class=\"column-1\"><strong>Management Software<\/strong><br \/>\n<\/td><td class=\"column-2\"><\/td>\n<\/tr>\n<tr class=\"row-11\">\n\t<td class=\"column-1\">MPL developed and maintains a management SW with easy to use web interface.<br \/>\n<\/td><td class=\"column-2\"><\/td>\n<\/tr>\n<tr class=\"row-12\">\n\t<td class=\"column-1\">Management supports:\t(Layer 2 Management)<\/td><td class=\"column-2\">\u2022 IEEE 802.1X MAC Address Checking <br \/>\n\u2022Switch statistic<br \/>\n\u2022 IEEE 802.1Q VLAN\t<br \/>\n\u2022 Port Based VLAN<br \/>\n\u2022 IEEE 802.1D RSTP support\t<br \/>\n\u2022 Quality of Service<br \/>\n\u2022 SNMP V1, V2c, V3 support\t<br \/>\n\u2022 Accessible via https, Telnet, RS232<br \/>\n\u2022 IGMPv3 snooping\t\u2022 Firmware Update via HTTP or TFTP<br \/>\n\u2022 DHCP Client\t<br \/>\n\u2022 TLS (HTTPS)<br \/>\n\u2022 Port monitoring\t\u2022 Trunking support (planned)<\/td>\n<\/tr>\n<tr class=\"row-13\">\n\t<td class=\"column-1\"><strong>Power<\/strong><\/td><td class=\"column-2\"><\/td>\n<\/tr>\n<tr class=\"row-14\">\n\t<td class=\"column-1\">Input voltage<\/td><td class=\"column-2\">8VDC- 36VDC, Reverse polarity protection<br \/>\n<\/td>\n<\/tr>\n<tr class=\"row-15\">\n\t<td class=\"column-1\">Power consumption<\/td><td class=\"column-2\">15W<\/td>\n<\/tr>\n<tr class=\"row-16\">\n\t<td class=\"column-1\"><strong>Environment<\/strong><br \/>\n<\/td><td class=\"column-2\"><\/td>\n<\/tr>\n<tr class=\"row-17\">\n\t<td class=\"column-1\">Storage Temperature<\/td><td class=\"column-2\">-45\u00b0C up to +85\u00b0C (-49\u00b0F to +185\u00b0F)<br \/>\n<\/td>\n<\/tr>\n<tr class=\"row-18\">\n\t<td class=\"column-1\">Operating Temperature<\/td><td class=\"column-2\">-20\u00b0C to +60\u00b0C (-4\u00b0F to +140\u00b0F) at full operation<br \/>\noptionally up to 70\u00b0C (158\u00b0F)<\/td>\n<\/tr>\n<tr class=\"row-19\">\n\t<td class=\"column-1\">Relative Humidity<\/td><td class=\"column-2\">5% to 95% non condensing<br \/>\n<\/td>\n<\/tr>\n<tr class=\"row-20\">\n\t<td class=\"column-1\"><strong>Standard Compliance<\/strong><br \/>\n<\/td><td class=\"column-2\"><\/td>\n<\/tr>\n<tr class=\"row-21\">\n\t<td class=\"column-1\">EMC<\/td><td class=\"column-2\">EN 55022, EN 55024, EN 61000, MIL-STD-461E<br \/>\n<\/td>\n<\/tr>\n<tr class=\"row-22\">\n\t<td class=\"column-1\">Shock &amp; Vibration<\/td><td class=\"column-2\">EN 60068<br \/>\n<\/td>\n<\/tr>\n<tr class=\"row-23\">\n\t<td class=\"column-1\">Environmental &amp; Safety<\/td><td class=\"column-2\">EN 50155, MIL-STD-810-F, EN 60601, EN 60950<br \/>\n<\/td>\n<\/tr>\n<tr class=\"row-24\">\n\t<td class=\"column-1\">Approval List<\/td><td class=\"column-2\">CE, IEC 60945, IACS E10<br \/>\n<\/td>\n<\/tr>\n<tr class=\"row-25\">\n\t<td class=\"column-1\">The MAXBES has been successfully tested according EN50155, MIL-STD-810-G as well as CE marking<br \/>\n<\/td><td class=\"column-2\"><\/td>\n<\/tr>\n<\/tbody>\n<\/table>\n<!-- #tablepress-136 from cache -->\n<p>&nbsp;<\/p>\n<h4>MAXBES Versions<\/h4>\n<p><img decoding=\"async\" class=\"aligncenter\" src=\"http:\/\/www.mpl.ch\/images\/industrialE\/maxbes-versions.gif\" alt=\"[MAXBES versions]\" border=\"0\" \/><\/p>\n<h4><\/h4>\n<h4>Accessories<\/h4>\n\n<table id=\"tablepress-135\" class=\"tablepress tablepress-id-135\">\n<thead>\n<tr class=\"row-1\">\n\t<th class=\"column-1\"><strong>SFP (optical transceiver) in stock<\/strong><br \/>\n<\/th><td class=\"column-2\"><\/td>\n<\/tr>\n<\/thead>\n<tbody class=\"row-striping row-hover\">\n<tr class=\"row-2\">\n\t<td class=\"column-1\">Optional: MPL offers following SFP modules (others on request)<br \/>\n<\/td><td class=\"column-2\"><\/td>\n<\/tr>\n<tr class=\"row-3\">\n\t<td class=\"column-1\">SFP-1X<\/td><td class=\"column-2\">1Gb SFP 850nm optical transceiver, 1000BASE-SX, multi mode, up to 500m, with standard LC connector, case temp. -40 to +85\u00b0C<br \/>\n<\/td>\n<\/tr>\n<tr class=\"row-4\">\n\t<td class=\"column-1\">SFP-2X<\/td><td class=\"column-2\">1Gb SFP 1310nm optical transceiver, 1000BASE-LX, single mode, up to 10km, with standard LC connector, case temp. -40 to +85\u00b0C<br \/>\n<\/td>\n<\/tr>\n<tr class=\"row-5\">\n\t<td class=\"column-1\">SFP-3X<\/td><td class=\"column-2\">100Mb SFP 1310nm optical transceiver, 100BASE-FX, multi mode, up to 2km, with standard LC connector, case temp. -40 to +85\u00b0C<br \/>\n<\/td>\n<\/tr>\n<tr class=\"row-6\">\n\t<td class=\"column-1\">or any other standard SFP in accordance to MSA &amp; Ethernet compatible<br \/>\n<\/td><td class=\"column-2\"><\/td>\n<\/tr>\n<\/tbody>\n<\/table>\n<!-- #tablepress-135 from cache -->\n","protected":false},"excerpt":{"rendered":"<h3><strong>MAXBES<\/strong><\/h3>\n<p>The MAXBES solution is extremely compact and can also be used as open frame solution or in a MIL housing with connectors of your choice. Supply power is 8-36VDC and uses less than 15W. The product can be operated at -20\u00b0C to 60\u00b0C and optionally even up to +70\u00b0C.<\/p>\n","protected":false},"featured_media":10864,"template":"","meta":{"_acf_changed":false,"inline_featured_image":false,"_monsterinsights_skip_tracking":false,"_monsterinsights_sitenote_active":false,"_monsterinsights_sitenote_note":"","_monsterinsights_sitenote_category":0},"product_brand":[],"product_cat":[446,363,1588],"product_tag":[],"class_list":{"0":"post-4296","1":"product","2":"type-product","3":"status-publish","4":"has-post-thumbnail","6":"product_cat-industrial-networks","7":"product_cat-mpl-en","8":"product_cat-network-products","10":"first","11":"instock","12":"shipping-taxable","13":"product-type-simple"},"acf":[],"_links":{"self":[{"href":"https:\/\/quantum.com.pl\/en\/wp-json\/wp\/v2\/product\/4296","targetHints":{"allow":["GET"]}}],"collection":[{"href":"https:\/\/quantum.com.pl\/en\/wp-json\/wp\/v2\/product"}],"about":[{"href":"https:\/\/quantum.com.pl\/en\/wp-json\/wp\/v2\/types\/product"}],"wp:featuredmedia":[{"embeddable":true,"href":"https:\/\/quantum.com.pl\/en\/wp-json\/wp\/v2\/media\/10864"}],"wp:attachment":[{"href":"https:\/\/quantum.com.pl\/en\/wp-json\/wp\/v2\/media?parent=4296"}],"wp:term":[{"taxonomy":"product_brand","embeddable":true,"href":"https:\/\/quantum.com.pl\/en\/wp-json\/wp\/v2\/product_brand?post=4296"},{"taxonomy":"product_cat","embeddable":true,"href":"https:\/\/quantum.com.pl\/en\/wp-json\/wp\/v2\/product_cat?post=4296"},{"taxonomy":"product_tag","embeddable":true,"href":"https:\/\/quantum.com.pl\/en\/wp-json\/wp\/v2\/product_tag?post=4296"}],"curies":[{"name":"wp","href":"https:\/\/api.w.org\/{rel}","templated":true}]}}