{"id":4395,"date":"2019-10-09T15:44:17","date_gmt":"2019-10-09T13:44:17","guid":{"rendered":"https:\/\/quantum.com.pl\/?post_type=product&#038;p=4395"},"modified":"2020-09-24T11:35:06","modified_gmt":"2020-09-24T09:35:06","slug":"rugged-embedded-10-4-panel-computer","status":"publish","type":"product","link":"https:\/\/quantum.com.pl\/en\/product\/rugged-embedded-10-4-panel-computer\/","title":{"rendered":"Rugged Embedded 10,4\u201d Panel Computer"},"content":{"rendered":"<p>The TRICOR series embedded rugged computer combines a built-in touch screen available at various diagonals (8.4\/10.4\/12\/15 inches &amp; more) with excellent optical specifications; embedded with wide range of ultra low power Intel Embedded Processors based Single Board Computers (PIP3x Family). The features are flexible and can be chosen according to the application performance requirements with Quad Core i7 CPU Family, Memory, Storage, Display size (denoting as &#8220;X&#8221; in the TRICOR Model number), with EMI Protection, and other additional I\/Os. All this comes within a small footprint of a standalone monitor \/ portable laptop, and therefore saves space. The special feature of the TRICOR is that it comes without a fan or air vents.<\/p>\n<h4><strong>I\/O Expansion<\/strong><\/h4>\n<p>The TRICOR series has built in I\/O expansion over mPCIe &amp; PCIe-104 bus, allowing for additions of I\/Os to meet future requirements.<\/p>\n<h4>Mounting Options<\/h4>\n<p>Generally the TRICOR will have wall mounting provisions given on rear side within the VESA* dimensions. Additional brackets may be designed according to the mounting requirements. (e.g. L-brackets for 19&#8243; Rack mounting etc.).<\/p>\n<h4>Rugged Construction<\/h4>\n<p>The TRICOR model is constructed from military grade, high strength, and light weight HE30 grade aluminum alloy housing. Its modular architecture allows the system to be easily configurable with many options. The fanless design helps in noiseless operation, increases reliability, and gives the system a longer MTBF.<\/p>\n<h4>Key features are:<\/h4>\n<ul>\n<li>CPU solution up to Quad Core i7<\/li>\n<li>Up to 16GB ECC DDR3 1600 Memory<\/li>\n<li>Universal selection of display (e.g. 12.1&#8243; XGA Sun readable resistive touch screen display)<\/li>\n<li>Space for rugged 2.5&#8243; SSD<\/li>\n<li>Quad Gigabit Ethernet (optional)<\/li>\n<li>Fan-less design<\/li>\n<li>Rugged &amp; light weight<\/li>\n<li>Desk\/Wall\/Rack mountable<\/li>\n<\/ul>\n\n<table id=\"tablepress-159\" class=\"tablepress tablepress-id-159\">\n<thead>\n<tr class=\"row-1\">\n\t<th class=\"column-1\"><strong>\u015arodowisko<\/strong><\/th><td class=\"column-2\"><\/td>\n<\/tr>\n<\/thead>\n<tbody class=\"row-striping row-hover\">\n<tr class=\"row-2\">\n\t<td class=\"column-1\">Temperatura operacyjna<\/td><td class=\"column-2\">-20\u00b0C do +60\u00b0C, MIL-STD-810G, metoda 501,5 i 502,5 procedura-I i II<\/td>\n<\/tr>\n<tr class=\"row-3\">\n\t<td class=\"column-1\">Temperatura przechowywania<\/td><td class=\"column-2\">-40\u00b0C do +75\u00b0C, MIL-STD-810G, metoda 501,5 i 502,5 procedura-I i II<br \/>\n<\/td>\n<\/tr>\n<tr class=\"row-4\">\n\t<td class=\"column-1\">Wstrz\u0105s funkcjonalny<br \/>\n<\/td><td class=\"column-2\">20G peak Saw Tooth @ 11ms, MIL-STD-810G, metoda 516.6 procedura-I<\/td>\n<\/tr>\n<tr class=\"row-5\">\n\t<td class=\"column-1\">Ochrona przed wypadkiem<\/td><td class=\"column-2\">40G peak Saw Tooth @ 11ms MIL-STD-810G, metoda 516.6 procedura-V<\/td>\n<\/tr>\n<tr class=\"row-6\">\n\t<td class=\"column-1\">Transit Drop<br \/>\n<\/td><td class=\"column-2\">26 drops @ 122 cm wysoko\u015bci, MIL-STD-810G, metoda 516.6 procedura-IV<\/td>\n<\/tr>\n<tr class=\"row-7\">\n\t<td class=\"column-1\">Wibracje<\/td><td class=\"column-2\">MIL-STD-810G, metoda 514.6 procedura-I, kategoria 13 Samoloty \u015bmig\u0142owe<br \/>\nLosowa ekspozycja na wibracje<\/td>\n<\/tr>\n<tr class=\"row-8\">\n\t<td class=\"column-1\">Przyspieszenie - operacyjne<br \/>\n<\/td><td class=\"column-2\">Fore - 2G | Rufowy - 6G | W g\u00f3r\u0119 - 9G | D\u00f3\u0142 - 3G | Lewy - 4G | Prawy - 4G, 1 min. @<br \/>\nOkre\u015blony poziom \u201eG\u201d. MIL-STD-810G, metoda 513.6 procedura II<\/td>\n<\/tr>\n<tr class=\"row-9\">\n\t<td class=\"column-1\">Przyspieszenie - strukturalne<br \/>\n<\/td><td class=\"column-2\">Fore - 3G | Rufa - 9G | W g\u00f3r\u0119 - 13,5G | D\u00f3\u0142 - 4,5G | Lewy - 6G | Z prawej - 6G<br \/>\nMIL-STD-810G, metoda 513.6 procedura I<\/td>\n<\/tr>\n<tr class=\"row-10\">\n\t<td class=\"column-1\">Wysoko\u015b\u0107<\/td><td class=\"column-2\">32808 st\u00f3p, MIL-STD-810G, metoda 500.5 procedura-I i procedura-II<\/td>\n<\/tr>\n<tr class=\"row-11\">\n\t<td class=\"column-1\">Szybka dekompresja<br \/>\n<\/td><td class=\"column-2\">8000 st\u00f3p do 347008 st\u00f3p w ci\u0105gu 12 sekund @ 10 minut<br \/>\nMIL-STD-810G, metoda 500.5 procedura-III<\/td>\n<\/tr>\n<tr class=\"row-12\">\n\t<td class=\"column-1\">Wilgotno\u015b\u0107<\/td><td class=\"column-2\">95% rh @ 10 cykli, MIL-STD-810G, metoda 507,5 procedura II<br \/>\n<\/td>\n<\/tr>\n<tr class=\"row-13\">\n\t<td class=\"column-1\">Grzyb<\/td><td class=\"column-2\">MIL-STD-810G, metoda 508.6, procedura I<\/td>\n<\/tr>\n<tr class=\"row-14\">\n\t<td class=\"column-1\">Mg\u0142a solna<\/td><td class=\"column-2\">4 cykle 2wet i 2dry, MIL-STD-810G, metoda 509.5, procedura I<\/td>\n<\/tr>\n<tr class=\"row-15\">\n\t<td class=\"column-1\">Kurz<\/td><td class=\"column-2\">LP5X Ochrona przed wnikaniem py\u0142u, IS-LEC60529-2001, tabela 7 i sekcja 13.4, 13.5<\/td>\n<\/tr>\n<tr class=\"row-16\">\n\t<td class=\"column-1\">Woda<\/td><td class=\"column-2\">LPX4 Zabezpieczenie przed wnikaniem wody, IS-LEC60529-2001, tabela-8 i sekcja-14.2.4<\/td>\n<\/tr>\n<tr class=\"row-17\">\n\t<td class=\"column-1\">EMI\/RFI<\/td><td class=\"column-2\">MIL-STD-461E, CE102, RE102, CS101, CS114, CS115, CS116 i RS103<br \/>\n<\/td>\n<\/tr>\n<\/tbody>\n<\/table>\n<!-- #tablepress-159 from cache -->\n\n<table id=\"tablepress-160\" class=\"tablepress tablepress-id-160\">\n<thead>\n<tr class=\"row-1\">\n\t<th class=\"column-1\"><strong>Model<\/strong><\/th><td class=\"column-2\"><\/td><th class=\"column-3\"><strong>OXY5135B-UT<\/strong><\/th>\n<\/tr>\n<\/thead>\n<tbody class=\"row-striping row-hover\">\n<tr class=\"row-2\">\n\t<td class=\"column-1\">Mechanika i \u015brodowisko<br \/>\n<\/td><td class=\"column-2\">Temperatura operacyjna<\/td><td class=\"column-3\"> -40\u00b0C ~ +85\u00b0C<\/td>\n<\/tr>\n<tr class=\"row-3\">\n\t<td class=\"column-1\">System<\/td><td class=\"column-2\">Typ CPU<\/td><td class=\"column-3\">Intel\u00ae Core\u2122 i7\/i5\/i3 procesor<br \/>\nCore\u2122 i7 3615QE (4C, 2.3GHz, 45W)<br \/>\nCore\u2122 i7 3612QE (4C, 2.1GHz, 35W)<br \/>\nCore\u2122 i7 3555LE (2C, 2.5GHz, 25W)<br \/>\nCore\u2122 i7 3517UE (2C, 1.7GHz, 17W)<br \/>\nCore\u2122 i5 3610ME (2C, 2.7GHz, 35W)<br \/>\nCore\u2122 i3 3120ME (2C, 2.4GHz, 35W)<br \/>\nCore\u2122 i3 3217UE (2C, 1.6GHz, 17W)<\/td>\n<\/tr>\n<tr class=\"row-4\">\n\t<td class=\"column-1\"><\/td><td class=\"column-2\">Chipset<\/td><td class=\"column-3\">Intel\u00ae QM77<br \/>\n<\/td>\n<\/tr>\n<tr class=\"row-5\">\n\t<td class=\"column-1\"><\/td><td class=\"column-2\">Typ pami\u0119ci<\/td><td class=\"column-3\">Dwukana\u0142owy uk\u0142ad pami\u0119ci 4 GB DDR3 1600 MHz<br \/>\n<\/td>\n<\/tr>\n<tr class=\"row-6\">\n\t<td class=\"column-1\"><\/td><td class=\"column-2\">BIOS<\/td><td class=\"column-3\">AMI\u00ae UEFI BIOS<br \/>\n<\/td>\n<\/tr>\n<tr class=\"row-7\">\n\t<td class=\"column-1\"><\/td><td class=\"column-2\">Zegar nadzoruj\u0105cy<\/td><td class=\"column-3\">1-255 sek. lub 1-255 min. programowalny software<br \/>\n<\/td>\n<\/tr>\n<tr class=\"row-8\">\n\t<td class=\"column-1\">Gniazdo rozszerze\u0144<br \/>\n<\/td><td class=\"column-2\">Mini PCIe<\/td><td class=\"column-3\">1 x PCIe x16 (2 x PCIe x8 lub 1 x PCIe x8 + 2 x PCIe x4)<br \/>\n7 x PCIe x1<\/td>\n<\/tr>\n<tr class=\"row-9\">\n\t<td class=\"column-1\">Obraz<\/td><td class=\"column-2\">Chipset<\/td><td class=\"column-3\">Zintegrowany GFX w procesorze Ivy Bridge<br \/>\n<\/td>\n<\/tr>\n<tr class=\"row-10\">\n\t<td class=\"column-1\"><\/td><td class=\"column-2\">Rozdzielczo\u015b\u0107<\/td><td class=\"column-3\">maksymalna rozdzielczo\u015b\u0107 2048 x1536<\/td>\n<\/tr>\n<tr class=\"row-11\">\n\t<td class=\"column-1\"><\/td><td class=\"column-2\">Typ obrazu<\/td><td class=\"column-3\">3 porty DDI obs\u0142uguj\u0105 HDMI \/ DP \/ SDVO \/ DVI<br \/>\n<\/td>\n<\/tr>\n<tr class=\"row-12\">\n\t<td class=\"column-1\">Audio<\/td><td class=\"column-2\">Codec<\/td><td class=\"column-3\">Zintegrowany Intel\u00ae High Definition Audio<br \/>\n<\/td>\n<\/tr>\n<tr class=\"row-13\">\n\t<td class=\"column-1\">Ethernet<\/td><td class=\"column-2\">Chipset<\/td><td class=\"column-3\">1 x Intel\u00ae 82579LM GbE LAN<br \/>\n<\/td>\n<\/tr>\n<tr class=\"row-14\">\n\t<td class=\"column-1\">Interfejs I \/ O<br \/>\n<\/td><td class=\"column-2\">SATA<\/td><td class=\"column-3\">2 x SATAIII (6 Gb\/s)<br \/>\n2 x SATAII (3 Gb\/s)<\/td>\n<\/tr>\n<tr class=\"row-15\">\n\t<td class=\"column-1\"><\/td><td class=\"column-2\">USB<\/td><td class=\"column-3\">4 x USB 3.0<br \/>\n8 x USB 2.0<\/td>\n<\/tr>\n<tr class=\"row-16\">\n\t<td class=\"column-1\"><\/td><td class=\"column-2\">LPC bus<\/td><td class=\"column-3\">1<\/td>\n<\/tr>\n<tr class=\"row-17\">\n\t<td class=\"column-1\"><\/td><td class=\"column-2\">SMBus<\/td><td class=\"column-3\">1<\/td>\n<\/tr>\n<tr class=\"row-18\">\n\t<td class=\"column-1\"><\/td><td class=\"column-2\">I\u00b2C<\/td><td class=\"column-3\">1<\/td>\n<\/tr>\n<\/tbody>\n<\/table>\n<!-- #tablepress-160 from cache -->\n<p>&nbsp;<\/p>\n","protected":false},"excerpt":{"rendered":"<h3 class=\"title1\"><strong>TRICOR10NV<\/strong><\/h3>\n<p>The TRICOR series embedded rugged computer combines a built-in touch screen available at various diagonals (8.4\/10.4\/12\/15 inches &amp; more) with excellent optical specifications; embedded with wide range of ultra low power Intel Embedded Processors based Single Board Computers (PIP3x Family). The features are flexible and can be chosen according to the application performance requirements with Quad Core i7 CPU Family, Memory, Storage, Display size (denoting as &#8220;X&#8221; in the TRICOR Model number), with EMI Protection, and other additional I\/Os.<\/p>\n","protected":false},"featured_media":10818,"template":"","meta":{"_acf_changed":false,"inline_featured_image":false,"_monsterinsights_skip_tracking":false,"_monsterinsights_sitenote_active":false,"_monsterinsights_sitenote_note":"","_monsterinsights_sitenote_category":0},"product_brand":[],"product_cat":[448,1601,363,1589],"product_tag":[],"class_list":{"0":"post-4395","1":"product","2":"type-product","3":"status-publish","4":"has-post-thumbnail","6":"product_cat-fanless-panel-computers","7":"product_cat-military-industry","8":"product_cat-mpl-en","9":"product_cat-panel-computers","11":"first","12":"instock","13":"shipping-taxable","14":"product-type-simple"},"acf":[],"_links":{"self":[{"href":"https:\/\/quantum.com.pl\/en\/wp-json\/wp\/v2\/product\/4395","targetHints":{"allow":["GET"]}}],"collection":[{"href":"https:\/\/quantum.com.pl\/en\/wp-json\/wp\/v2\/product"}],"about":[{"href":"https:\/\/quantum.com.pl\/en\/wp-json\/wp\/v2\/types\/product"}],"wp:featuredmedia":[{"embeddable":true,"href":"https:\/\/quantum.com.pl\/en\/wp-json\/wp\/v2\/media\/10818"}],"wp:attachment":[{"href":"https:\/\/quantum.com.pl\/en\/wp-json\/wp\/v2\/media?parent=4395"}],"wp:term":[{"taxonomy":"product_brand","embeddable":true,"href":"https:\/\/quantum.com.pl\/en\/wp-json\/wp\/v2\/product_brand?post=4395"},{"taxonomy":"product_cat","embeddable":true,"href":"https:\/\/quantum.com.pl\/en\/wp-json\/wp\/v2\/product_cat?post=4395"},{"taxonomy":"product_tag","embeddable":true,"href":"https:\/\/quantum.com.pl\/en\/wp-json\/wp\/v2\/product_tag?post=4395"}],"curies":[{"name":"wp","href":"https:\/\/api.w.org\/{rel}","templated":true}]}}