{"id":4412,"date":"2019-10-09T18:26:28","date_gmt":"2019-10-09T16:26:28","guid":{"rendered":"https:\/\/quantum.com.pl\/?post_type=product&#038;p=4412"},"modified":"2020-08-25T22:45:16","modified_gmt":"2020-08-25T20:45:16","slug":"rugged-railway-computer-solution-intel-core-i7-and-celeron-processor-pip37-2","status":"publish","type":"product","link":"https:\/\/quantum.com.pl\/en\/product\/rugged-railway-computer-solution-intel-core-i7-and-celeron-processor-pip37-2\/","title":{"rendered":"Rugged Railway Computer Solution Intel\u00ae Core&#x2122; i7 and Celeron\u00ae Processor | PIP37"},"content":{"rendered":"<h4 class=\"title2\">PIP30 Family<\/h4>\n<p>The PIP30 Product Family is a high performance, low power, and highly integrated rugged Embedded Computer, designed for railway operation. The solution is available in a compact aluminum housing with flange mounting. The unique chassis solutions allows to operate the PIP30 in a moderate as well as in harsh environments without the need of a fan or ventilation holes. The design integrates standard connectors for easy connection or lockable headers, depending on project needs.<\/p>\n<h4>PIP30 Family Highlights<\/h4>\n<p>The PIP housings offer sufficient space for up to four 2.5&#8243; HDD\/SSD or other expansions like UPS, RAID..). Two mPCIe slots allow to expand the system very easy. The internal expansion bus allows to integrate PCI or PCIe cards. This expansion possibilities give a maximum on customization for additional interfaces and features. Particular precautions during the design have been taken that the entire system EMC is within the CE and FCC limits and standards like EN50155, IEC 60945 or MIL-STD-810 can be met.<\/p>\n<p><strong>Key features are:<\/strong><\/p>\n<ul>\n<li>On-board soldered DDR3 ECC RAM up to 4GB<br \/>\n(Up to 12GB via SO-DIMM slot)<\/li>\n<li>4 GigE ports on RJ45 (optionally on M12, fiber, PoE+)<\/li>\n<li>Fanless operation, also with -40\u00b0C to 75\u00b0C<\/li>\n<li>Long term availability*<\/li>\n<li>Extremely flexible<\/li>\n<\/ul>\n<p>The PIP30 Family has been designed to withstand any harsh environments and extreme temperature conditions. The special rugged design, combined with the best industrial-grade components, offer high reliability and long-term performance. <i>* Typically 10 years or more, 20+ years repair-ability<\/i><\/p>\n<p><strong>MPL\u2019s Railway Solutions<\/strong>\u00a0are EN50155 certified and all units undergo severe environmental testing to ensure reliable performance under a variety of power conditions, such as voltage variations, power interruptions, and supply changeover. The systems are also tested to withstand environmental disturbances, like vibration, shock, and extreme temperature.<\/p>\n<h4>Technical Features<\/h4>\n\n<table id=\"tablepress-71\" class=\"tablepress tablepress-id-71\">\n<thead>\n<tr class=\"row-1\">\n\t<th class=\"column-1\"><strong>Reference<\/strong><\/th><th class=\"column-2\"><strong>Description<\/strong><br \/>\n<\/th>\n<\/tr>\n<\/thead>\n<tbody class=\"row-striping row-hover\">\n<tr class=\"row-2\">\n\t<td class=\"column-1\">PIP31-1<\/td><td class=\"column-2\">Low power embedded Intel Celeron 927UE (Ivy Bridge) 1.5GHz with 1MB L3 Cache, 4GB DDR3 ECC RAM on-board and DDR memory socket (max. 8GB module), 4x GbE, 3D Graphic (DVI-I &amp; DP), 6x USB 3.0 &amp; 2.0, 2x RS232, PCI\/104-Express...<\/td>\n<\/tr>\n<tr class=\"row-3\">\n\t<td class=\"column-1\">RAIL-PIP31-1<\/td><td class=\"column-2\">EN50155 approved PIP31-1 equivalent, including isolation of board and system ground, galvanic isolation on the input, input range 9-36VDC, 4 x LAN on M12.<\/td>\n<\/tr>\n<tr class=\"row-4\">\n\t<td class=\"column-1\">PIP31-2<\/td><td class=\"column-2\">Low power embedded Intel Celeron 927UE (Ivy Bridge) 1.5GHz with 1MB L3 Cache, DDR memory socket (max. 8GB module), 2x GbE, 3D Graphic (DVI-I &amp; DP), 6x USB 3.0 &amp; 2.0, 2x RS232, PCI\/104-Express...<br \/>\n(no on-board memory, no internal and external PCIe extension, no eSATAp connector)<\/td>\n<\/tr>\n<tr class=\"row-5\">\n\t<td class=\"column-1\">RAIL-PIP31-2<\/td><td class=\"column-2\">EN50155 approved PIP31-2 equivalent, including isolation of board and system ground, galvanic isolation on the input, input range 9-36VDC, 2 x LAN on M12.<\/td>\n<\/tr>\n<\/tbody>\n<\/table>\n<!-- #tablepress-71 from cache -->\n<h4>Packaging<\/h4>\n\n<table id=\"tablepress-72\" class=\"tablepress tablepress-id-72\">\n<thead>\n<tr class=\"row-1\">\n\t<th class=\"column-1\">Procesor<\/th><th class=\"column-2\">Intel Celeron 927UE<\/th>\n<\/tr>\n<\/thead>\n<tbody class=\"row-striping row-hover\">\n<tr class=\"row-2\">\n\t<td class=\"column-1\">Liczba rdzeni \/ gwint\u00f3w<\/td><td class=\"column-2\">1 \/ 1<\/td>\n<\/tr>\n<tr class=\"row-3\">\n\t<td class=\"column-1\">Szybko\u015b\u0107 zegara<\/td><td class=\"column-2\">1.5 GHz<\/td>\n<\/tr>\n<tr class=\"row-4\">\n\t<td class=\"column-1\">Pami\u0119\u0107 podr\u0119czna L2<br \/>\n<\/td><td class=\"column-2\">1 MB<\/td>\n<\/tr>\n<tr class=\"row-5\">\n\t<td class=\"column-1\">Passmark (wszystkie rdzenie)<br \/>\n<\/td><td class=\"column-2\">566<\/td>\n<\/tr>\n<tr class=\"row-6\">\n\t<td class=\"column-1\">Chipset<br \/>\n<\/td><td class=\"column-2\">Intel QM77 (Panther Point), obs\u0142uguje stany zasilania ACPI S1, S4 i S5, USB 3.0 ...<br \/>\n<\/td>\n<\/tr>\n<tr class=\"row-7\">\n\t<td class=\"column-1\">Pami\u0119\u0107<\/td><td class=\"column-2\">Wbudowana pami\u0119\u0107 RAM ECC 4 GB DDR3<br \/>\n1x 204-stykowe dwukana\u0142owe gniazdo DDR3 SODIMM, obs\u0142uguje do 8 GB modu\u0142\u00f3w (ca\u0142kowita pami\u0119\u0107 p\u0142yty 12 GB)<\/td>\n<\/tr>\n<tr class=\"row-8\">\n\t<td class=\"column-1\">BIOS<\/td><td class=\"column-2\">Wbudowany lutowany Flash 8 MB, opracowany przez MPL BIOS (SecureCore firmy Phoenix), konfigurowalny<br \/>\n<\/td>\n<\/tr>\n<tr class=\"row-9\">\n\t<td class=\"column-1\">TPM<\/td><td class=\"column-2\">Trusted Platform Support<\/td>\n<\/tr>\n<tr class=\"row-10\">\n\t<td class=\"column-1\">Zegar nadzoruj\u0105cy<br \/>\n<\/td><td class=\"column-2\">Konfigurowalna szczeg\u00f3\u0142owo\u015b\u0107 1-255 sek. lub 1-255 min.<br \/>\n<\/td>\n<\/tr>\n<tr class=\"row-11\">\n\t<td class=\"column-1\">Wska\u017aniki LED<br \/>\n<\/td><td class=\"column-2\">Diody LED zasilania, resetowania, HDD LAN i Wi-Fi, 2 diody LED programowalne przez u\u017cytkownika<br \/>\n<\/td>\n<\/tr>\n<tr class=\"row-12\">\n\t<td class=\"column-1\"><strong>Pami\u0119\u0107 masowa<\/strong><br \/>\n<\/td><td class=\"column-2\"><\/td>\n<\/tr>\n<tr class=\"row-13\">\n\t<td class=\"column-1\">SATA<\/td><td class=\"column-2\">2x porty SATA 3.0 i 2x porty SATA 2.0, obs\u0142uga RAID 0\/1\/5\/10<br \/>\n<\/td>\n<\/tr>\n<tr class=\"row-14\">\n\t<td class=\"column-1\">mSATA<\/td><td class=\"column-2\">2x porty SATA 3.0 i 2x porty SATA 2.0, obs\u0142uga RAID 0\/1\/5\/10<br \/>\n<\/td>\n<\/tr>\n<tr class=\"row-15\">\n\t<td class=\"column-1\">eSATAp<\/td><td class=\"column-2\">Zasilany zewn\u0119trzny port SATA z SATA 2.0 i USB 2.0, z\u0142\u0105cze chronione przed wy\u0142adowaniami elektrostatycznymi<br \/>\n<\/td>\n<\/tr>\n<tr class=\"row-16\">\n\t<td class=\"column-1\"><strong>Interfejsy<\/strong><br \/>\n<\/td><td class=\"column-2\"><\/td>\n<\/tr>\n<tr class=\"row-17\">\n\t<td class=\"column-1\">Interfejsy graficzne<br \/>\n<\/td><td class=\"column-2\">Display Port (DP) do 2560x1600 (DP) oraz DVI-I i 24-bit LVDS do 1920 x 1200<br \/>\nMo\u017cliwo\u015b\u0107 wy\u015bwietlania na dw\u00f3ch wy\u015bwietlaczach, ochrona przed wy\u0142adowaniami elektrostatycznymi. Port PCIe Gen3 x16 (PEG) dla karty graficznej.<\/td>\n<\/tr>\n<tr class=\"row-18\">\n\t<td class=\"column-1\">USB<\/td><td class=\"column-2\">4x porty USB 3.0, 2x porty USB 2.0, obs\u0142uguje klawiatury i myszy USB jako starsze urz\u0105dzenia<br \/>\n3x dodatkowe wewn\u0119trzne porty USB 2.0<\/td>\n<\/tr>\n<tr class=\"row-19\">\n\t<td class=\"column-1\">LAN<\/td><td class=\"column-2\">4x porty GbE (Intel 82574IT) na RJ45, z\u0142\u0105cza chronione przed ESD, obs\u0142uga Wake on LAN<br \/>\n<\/td>\n<\/tr>\n<tr class=\"row-20\">\n\t<td class=\"column-1\">Porty szeregowe<br \/>\n<\/td><td class=\"column-2\">2x pe\u0142ne porty modemowe RS232, zewn\u0119trzne z\u0142\u0105cza DB9 chronione przed ESD<br \/>\n2x dodatkowe porty RS232 \/ 485 (opcjonalnie)<\/td>\n<\/tr>\n<tr class=\"row-21\">\n\t<td class=\"column-1\">PS\/2<\/td><td class=\"column-2\">Do klawiatury i myszy, 1x 6-stykowe z\u0142\u0105cze Mini-DIN, chronione przed wy\u0142adowaniami elektrostatycznymi<br \/>\n<\/td>\n<\/tr>\n<tr class=\"row-22\">\n\t<td class=\"column-1\">HDAudio<\/td><td class=\"column-2\">Sygna\u0142y Intel HDAudio, dost\u0119pne w nag\u0142\u00f3wku 1 mm, karta d\u017awi\u0119kowa (HDSOUND-1) jest dost\u0119pna<br \/>\n<\/td>\n<\/tr>\n<tr class=\"row-23\">\n\t<td class=\"column-1\"><strong>Rozszerzenia<\/strong><\/td><td class=\"column-2\"><\/td>\n<\/tr>\n<tr class=\"row-24\">\n\t<td class=\"column-1\">mPCIe<\/td><td class=\"column-2\">2x mPCIe PCI Express Gen2, x1 linia i USB 2.0 (1 w po\u0142\u0105czeniu z mSATA)<br \/>\n<\/td>\n<\/tr>\n<tr class=\"row-25\">\n\t<td class=\"column-1\">ePCIe<\/td><td class=\"column-2\">1x zewn\u0119trzny port PCI Express Gen2, port liniowy x1 z 500 MB \/ s, z\u0142\u0105cze chronione przed ESD<br \/>\n<\/td>\n<\/tr>\n<tr class=\"row-26\">\n\t<td class=\"column-1\">PCI\/104-Express<\/td><td class=\"column-2\">1x gniazdo PCIe \/ 104 (4x linia PCIe x1, 2x USB 2.0), gniazdo PCI \/ 104 (magistrala PCI 33 lub 66 MHz)<br \/>\n<\/td>\n<\/tr>\n<tr class=\"row-27\">\n\t<td class=\"column-1\"><strong>Moc<\/strong><\/td><td class=\"column-2\"><\/td>\n<\/tr>\n<tr class=\"row-28\">\n\t<td class=\"column-1\">Napi\u0119cie wej\u015bciowe<br \/>\n<\/td><td class=\"column-2\">Zakres wej\u015bciowy 8\u201336 VDC, moc wej\u015bciowa chroniona przed ESD i EMC (opcjonalnie do 110 V DC)<br \/>\nZabezpieczenie przed: napi\u0119ciem do -36 VDC, odwrotn\u0105 polaryzacj\u0105, zrzutem obci\u0105\u017cenia do 150 V.<br \/>\nPrzycisk resetowania i zasilania *<br \/>\nWej\u015bcie zap\u0142onu specjalnie dla pojazd\u00f3w * (* dost\u0119pne r\u00f3wnie\u017c na 4-pinowym z\u0142\u0105czu Mini-DIN)<\/td>\n<\/tr>\n<tr class=\"row-29\">\n\t<td class=\"column-1\">Pob\u00f3r energii<br \/>\n<\/td><td class=\"column-2\">11-17 Watt<br \/>\nUlepszona technologia Intel Speed \u200b\u200bStep, dzia\u0142anie wszystkich sieci LAN<\/td>\n<\/tr>\n<tr class=\"row-30\">\n\t<td class=\"column-1\"><strong>\u015arodowisko<\/strong><br \/>\n<\/td><td class=\"column-2\"><\/td>\n<\/tr>\n<tr class=\"row-31\">\n\t<td class=\"column-1\">Temperatura przechowywania<br \/>\n<\/td><td class=\"column-2\">-45\u00b0C do +85\u00b0C (-49\u00b0F do +185\u00b0F)<br \/>\n<\/td>\n<\/tr>\n<tr class=\"row-32\">\n\t<td class=\"column-1\">Temperatura robocza<br \/>\n<\/td><td class=\"column-2\">Od -20\u00b0C do +60\u00b0C (od -4 \u00b0F do +140\u00b0F), przy pe\u0142nym wykorzystaniu procesora, wideo 3D i pami\u0119ci, bez wentylatora<br \/>\n<\/td>\n<\/tr>\n<tr class=\"row-33\">\n\t<td class=\"column-1\">Rozszerzenie temperatury (opcjonalnie)<\/td><td class=\"column-2\">-40\u00b0C do +75\u00b0C (-40\u00b0F do +167\u00b0F), bez wentylatora, ko\u0144cowy test w komorze klimatycznej z protoko\u0142em testu<br \/>\n<\/td>\n<\/tr>\n<tr class=\"row-34\">\n\t<td class=\"column-1\">Wilgotno\u015b\u0107 wzgl\u0119dna<br \/>\n<\/td><td class=\"column-2\">5% do 95% bez kondensacji, dost\u0119pna opcjonalna pow\u0142oka<br \/>\n<\/td>\n<\/tr>\n<tr class=\"row-35\">\n\t<td class=\"column-1\"><strong>Standardowa zgodno\u015b\u0107<\/strong><br \/>\n<\/td><td class=\"column-2\"><\/td>\n<\/tr>\n<tr class=\"row-36\">\n\t<td class=\"column-1\">EMC<\/td><td class=\"column-2\">EN 55022, EN 55024, EN 61000, MIL-STD-461E<br \/>\n<\/td>\n<\/tr>\n<tr class=\"row-37\">\n\t<td class=\"column-1\">Wstrz\u0105sy i wibracje<br \/>\n<\/td><td class=\"column-2\">EN 60068<br \/>\n<\/td>\n<\/tr>\n<tr class=\"row-38\">\n\t<td class=\"column-1\">\u015arodowisko i bezpiecze\u0144stwo<\/td><td class=\"column-2\">EN 50155, MIL-STD-810G, EN 60601, EN 60950<br \/>\n<\/td>\n<\/tr>\n<tr class=\"row-39\">\n\t<td class=\"column-1\">Lista zatwierdze\u0144<br \/>\n<\/td><td class=\"column-2\">CE, IEC 60945, IACS E10<br \/>\n<\/td>\n<\/tr>\n<tr class=\"row-40\">\n\t<td class=\"column-1\">Certyfikat<\/td><td class=\"column-2\">EN 50155 Class Tx<br \/>\n<\/td>\n<\/tr>\n<\/tbody>\n<\/table>\n<!-- #tablepress-72 from cache -->\n<h4>CPU Board Versions<\/h4>\n\n<table id=\"tablepress-78\" class=\"tablepress tablepress-id-78\">\n<thead>\n<tr class=\"row-1\">\n\t<th class=\"column-1\"><strong>Reference\t<\/strong><\/th><th class=\"column-2\"><strong>Description<\/strong><br \/>\n<\/th>\n<\/tr>\n<\/thead>\n<tbody class=\"row-striping row-hover\">\n<tr class=\"row-2\">\n\t<td class=\"column-1\">PIP38-1<\/td><td class=\"column-2\">Low power embedded Intel Core i7-3555LE (Ivy Bridge) 2.5GHz dual core with 4MB L3 Cache, 4GB DDR3 ECC RAM on-board and DDR memory socket (max. 8GB module), 4x GbE, 3D Graphic (DVI-I &amp; DP), 6x USB 3.0 &amp; 2.0, 2x RS232, PCI\/104-Express...<br \/>\n<\/td>\n<\/tr>\n<tr class=\"row-3\">\n\t<td class=\"column-1\">RAIL-PIP38-1<\/td><td class=\"column-2\">EN50155 approved PIP38-1 equivalent, including isolation of board and system ground, galvanic isolation on the input, input range 9-36VDC, 4 x LAN on M12.<br \/>\n<\/td>\n<\/tr>\n<\/tbody>\n<\/table>\n<!-- #tablepress-78 from cache -->\n","protected":false},"excerpt":{"rendered":"<p>The PIP30 Product Family is a high performance, low power, and highly integrated rugged Embedded Computer, designed for railway operation. The solution is available in a compact aluminum housing with flange mounting. The unique chassis solutions allows to operate the PIP30 in a moderate as well as in harsh environments without the need of a fan or ventilation holes.<\/p>\n","protected":false},"featured_media":10798,"template":"","meta":{"_acf_changed":false,"inline_featured_image":false,"_monsterinsights_skip_tracking":false,"_monsterinsights_sitenote_active":false,"_monsterinsights_sitenote_note":"","_monsterinsights_sitenote_category":0},"product_brand":[],"product_cat":[1616,363,1583],"product_tag":[],"class_list":{"0":"post-4412","1":"product","2":"type-product","3":"status-publish","4":"has-post-thumbnail","6":"product_cat-industrial-computers","7":"product_cat-mpl-en","8":"product_cat-sbc-single-board-computers","10":"first","11":"instock","12":"shipping-taxable","13":"product-type-simple"},"acf":[],"_links":{"self":[{"href":"https:\/\/quantum.com.pl\/en\/wp-json\/wp\/v2\/product\/4412","targetHints":{"allow":["GET"]}}],"collection":[{"href":"https:\/\/quantum.com.pl\/en\/wp-json\/wp\/v2\/product"}],"about":[{"href":"https:\/\/quantum.com.pl\/en\/wp-json\/wp\/v2\/types\/product"}],"wp:featuredmedia":[{"embeddable":true,"href":"https:\/\/quantum.com.pl\/en\/wp-json\/wp\/v2\/media\/10798"}],"wp:attachment":[{"href":"https:\/\/quantum.com.pl\/en\/wp-json\/wp\/v2\/media?parent=4412"}],"wp:term":[{"taxonomy":"product_brand","embeddable":true,"href":"https:\/\/quantum.com.pl\/en\/wp-json\/wp\/v2\/product_brand?post=4412"},{"taxonomy":"product_cat","embeddable":true,"href":"https:\/\/quantum.com.pl\/en\/wp-json\/wp\/v2\/product_cat?post=4412"},{"taxonomy":"product_tag","embeddable":true,"href":"https:\/\/quantum.com.pl\/en\/wp-json\/wp\/v2\/product_tag?post=4412"}],"curies":[{"name":"wp","href":"https:\/\/api.w.org\/{rel}","templated":true}]}}