{"id":4564,"date":"2019-10-15T15:34:05","date_gmt":"2019-10-15T13:34:05","guid":{"rendered":"https:\/\/quantum.com.pl\/product\/sr10b\/"},"modified":"2020-08-25T23:02:21","modified_gmt":"2020-08-25T21:02:21","slug":"sr10b","status":"publish","type":"product","link":"https:\/\/quantum.com.pl\/en\/product\/sr10b\/","title":{"rendered":"SR10B"},"content":{"rendered":"<h4>Intel\u00ae QM87 MIL-STD Fanless Rugged Vibration Proof System with Intel\u00ae Core&#x2122; i7 Haswell Processor, SSD easy swap cage, mPCIe expansion 9V to 36V DC-in, Wide Temp. -40 ~ 70\u00b0C<\/h4>\n<p>&nbsp;<\/p>\n<p>The SR10B based on Intel\u00ae Haswell QM87 chipset, is powered by Intel\u00ae 4th generation Core&#x2122; i7\/i5\/i3 processor onboard. The SR10B can operate effectively in harsh environment under temp range from -40 to 70\u00b0C and is a perfect solution for military, transportation, factory automation and digital signage applications. SR10B is based on EBX form factor, Swissbit XR-DIMM up to 8GB. It supports triple-display, 2 DP and 1 DVI-I, 4 GIGA LAN port, 4 USB 3.0 and 4 COM port. SR10B supplies wide power voltage from 9 to 36V DC-in.<\/p>\n<h4>Technical features:<\/h4>\n<ul>\n<li>4th Generation Intel\u00ae Core&#x2122; i7 Haswell processors (BGA)<\/li>\n<li>DDR3 Up to 8GB XR-DIMM<\/li>\n<li>mSATA Up to 512GB<\/li>\n<li>Multi-Displays by 2 x DP, 1 x DVI-I<\/li>\n<li>1 x mPCIe Expansion slot<\/li>\n<li>4 x Intel\u00ae Gigabit Ethernet<\/li>\n<li>4 x USB 3.0, 4 x COM ports (2x RS232\/422\/485, 2 x RS232)<\/li>\n<li>9V~36V DC-in with power delay on\/off<\/li>\n<li>Extended Temperature -40 to 70 \u00b0C<\/li>\n<li>Optional unique accessory bumper design for vibration resistance<\/li>\n<\/ul>\n<h4>MIL-STD-810G standard designed for shock and vibration<\/h4>\n<p>SR10B is designed to meet MIL-STD-810G standard for shock and vibration. MIL-STD-810G standard is considered the upmost principle, which guarantees the system achieves superior quality and stability when operate under extreme harsh environment. We have conducted the test with series of testing procedures for resistance to shock, vibration, dust, humidity, and extreme temperatures. What\u2019s more to make the system more rugged is SR10B designed with EBX form factor and stackable ability. With those two features can provide maximum exceeding solidity when stacking together to prevent loose from vibration. With key components- CPU and SSD soldering on board to enhance the capability of shock and vibration. With unique Wipe Rope Vibration Isolator design, the level of vibration resistance increased.<\/p>\n<h4>Wire Rope Vibration Isolator Design for Higher Vibration Resistance<\/h4>\n<p>STACKRACK has especially design a Wire Rope Vibration Isolator for SR10B. The Wire Rope Vibration Isolator may sustain higher vibration resistance of the product itself. A Wire Rope Vibration Isolator is widely apply on supporting Military equipment because it may absorb and protect the object from vibration damage in any axes simultaneously, with the protection it may extended the product life operating under long hour vibration environment and vibration shock. The isolator is long life maintenance free tool and it may unload whenever required. Besides, Wipe Rope Vibration Isolators may survive under extreme temperature, corrosion, radioactivity, extreme dry or high humidity and UV Radiation environment.<\/p>\n<p>&nbsp;<\/p>\n<h4>System main board: EBX SBC-OXY5737A<\/h4>\n<p>&nbsp;<\/p>\n<p><strong>(1) Intel\u00ae Core i7 CPU soldering onboard<\/strong><\/p>\n<p>OXY5737A is based on EBX rugged single board computer, powered by Intel Ivy Bridge i7-4700EQ quad core processor plus QM87 chipset soldered onboard. With processor soldering on board can enhance the resistance of shock and vibration to allow product operates under every possible condition. With processor solder on board would lower resistance and inductance at the connection enhance effective transmission that could guarantee better and more high frequency performance for the system.<\/p>\n<p><strong>(2) 2.5&#8243; SATA Easy Storage Accessible Tray<\/strong><\/p>\n<p>Easy Storage Accessible Tray allow customer to access the Storage without disassemble the system. It may let the user remove, replace and carry out the HDD easily. With this feature, SR10 may widely apply in surveillance, data storage and infotainment purpose due to occasionally or daily storage reload is required.<\/p>\n<p><strong>(3) Wide range DC input from 9V~ 36V<\/strong><\/p>\n<p>For certain application such like transportation and military always challenge the risk of unstable power that might cause damage to the system. Wide range DC input becomes an indispensable element for those applications. SR10A supports Wide range 9V~ 36V DC-in to protect system from damage caused by sudden surge or peak voltage. This feature guarantees the system increasing migration path flexible and eliminates redesign of existing power architecture.<\/p>\n<p>&nbsp;<\/p>\n\n<table id=\"tablepress-173\" class=\"tablepress tablepress-id-173\">\n<thead>\n<tr class=\"row-1\">\n\t<th class=\"column-1\"><strong>Model<\/strong><\/th><td class=\"column-2\"><\/td><th class=\"column-3\"><strong>OXY5535B-UT<\/strong><br \/>\n<\/th>\n<\/tr>\n<\/thead>\n<tbody class=\"row-striping row-hover\">\n<tr class=\"row-2\">\n\t<td class=\"column-1\">Temperatura operacyjna<\/td><td class=\"column-2\"><\/td><td class=\"column-3\">-40\u00b0C ~ +85\u00b0C<br \/>\n<\/td>\n<\/tr>\n<tr class=\"row-3\">\n\t<td class=\"column-1\">System<\/td><td class=\"column-2\">Typ CPU<\/td><td class=\"column-3\">Intel\u00ae Ivy Bridge, typ FCBGA1023 <br \/>\nCore\u2122 i3 3217UE (2C x 1.6GHz), 3M L2 cache (17W)<br \/>\nCore\u2122 i7 3517UE (2C x 1.7GHz), 4M L2 cashe (17W)<br \/>\nCeleron 1047UE (1.4GHz), 2M L2 cache (17W)<\/td>\n<\/tr>\n<tr class=\"row-4\">\n\t<td class=\"column-1\"><\/td><td class=\"column-2\">Chipset<\/td><td class=\"column-3\">Intel\u00ae QM77<br \/>\n<\/td>\n<\/tr>\n<tr class=\"row-5\">\n\t<td class=\"column-1\"><\/td><td class=\"column-2\">Typ pami\u0119ci<\/td><td class=\"column-3\">1 x DDR3 1333\/1600 MHz XR-DIMM z ECC do 8 GB<\/td>\n<\/tr>\n<tr class=\"row-6\">\n\t<td class=\"column-1\"><\/td><td class=\"column-2\">BIOS<\/td><td class=\"column-3\">AMI\u00ae UEFI BIOS<br \/>\n<\/td>\n<\/tr>\n<tr class=\"row-7\">\n\t<td class=\"column-1\"><\/td><td class=\"column-2\">Zegar nadzoruj\u0105cy<\/td><td class=\"column-3\">1-255 sek. lub 1-255 min. programowalny software<br \/>\n<\/td>\n<\/tr>\n<tr class=\"row-8\">\n\t<td class=\"column-1\">Gniazdo rozszerze\u0144<\/td><td class=\"column-2\">StackPC<\/td><td class=\"column-3\">1<\/td>\n<\/tr>\n<tr class=\"row-9\">\n\t<td class=\"column-1\"><\/td><td class=\"column-2\">FPE<\/td><td class=\"column-3\">1<\/td>\n<\/tr>\n<tr class=\"row-10\">\n\t<td class=\"column-1\">Obraz<\/td><td class=\"column-2\">Chipset<\/td><td class=\"column-3\">Zintegrowany GFX w procesorze Ivy Bridge<br \/>\n<\/td>\n<\/tr>\n<tr class=\"row-11\">\n\t<td class=\"column-1\"><\/td><td class=\"column-2\">VGA<\/td><td class=\"column-3\">1<\/td>\n<\/tr>\n<tr class=\"row-12\">\n\t<td class=\"column-1\"><\/td><td class=\"column-2\">DVI-D<\/td><td class=\"column-3\">1<\/td>\n<\/tr>\n<tr class=\"row-13\">\n\t<td class=\"column-1\"><\/td><td class=\"column-2\">LVDS<\/td><td class=\"column-3\">Dwukana\u0142owy 24-bitowy LVDS<br \/>\n<\/td>\n<\/tr>\n<tr class=\"row-14\">\n\t<td class=\"column-1\"><\/td><td class=\"column-2\">Typ obrazu<\/td><td class=\"column-3\">VGA + LVDS<br \/>\n<\/td>\n<\/tr>\n<tr class=\"row-15\">\n\t<td class=\"column-1\">Audio<\/td><td class=\"column-2\">Codec<\/td><td class=\"column-3\">Realtek ALC887 High Definition Audio Codec<br \/>\n<\/td>\n<\/tr>\n<tr class=\"row-16\">\n\t<td class=\"column-1\">Ethernet<\/td><td class=\"column-2\">Chipset<\/td><td class=\"column-3\">Intel\u00ae 82579LM &amp; 82574IT GbE<br \/>\n<\/td>\n<\/tr>\n<tr class=\"row-17\">\n\t<td class=\"column-1\">Wewn\u0119trzne I\/O<\/td><td class=\"column-2\">SATA<\/td><td class=\"column-3\">2 x SATAIII (6 Gb\/s)<br \/>\n<\/td>\n<\/tr>\n<tr class=\"row-18\">\n\t<td class=\"column-1\"><\/td><td class=\"column-2\">Dysk flash NAND<br \/>\n<\/td><td class=\"column-3\">Onbaord 32 GB MLC<br \/>\n<\/td>\n<\/tr>\n<tr class=\"row-19\">\n\t<td class=\"column-1\"><\/td><td class=\"column-2\">USB 2.0<\/td><td class=\"column-3\">4<\/td>\n<\/tr>\n<tr class=\"row-20\">\n\t<td class=\"column-1\"><\/td><td class=\"column-2\">COM<\/td><td class=\"column-3\">4 (2x RS232, 2x RS422\/485)<br \/>\n<\/td>\n<\/tr>\n<tr class=\"row-21\">\n\t<td class=\"column-1\"><\/td><td class=\"column-2\">VGA<\/td><td class=\"column-3\">Z\u0142\u0105cze 1 na 1 x 10-stykowe (maks. Rozdzielczo\u015b\u0107 SXGA 2048 x 1536 @ 60 Hz)<br \/>\n<\/td>\n<\/tr>\n<tr class=\"row-22\">\n\t<td class=\"column-1\"><\/td><td class=\"column-2\">LVDS<\/td><td class=\"column-3\">Z\u0142\u0105cze 1 na 1 x 30-stykowe<br \/>\n<\/td>\n<\/tr>\n<tr class=\"row-23\">\n\t<td class=\"column-1\"><\/td><td class=\"column-2\">Inverter<\/td><td class=\"column-3\">Z\u0142\u0105cze 1 na 1 x 5-stykowe<br \/>\n<\/td>\n<\/tr>\n<tr class=\"row-24\">\n\t<td class=\"column-1\"><\/td><td class=\"column-2\">DVI-D<\/td><td class=\"column-3\">Z\u0142\u0105cze 1 na 1 x 30-stykowe (maks. Rozdzielczo\u015b\u0107 1920 x 1080)<br \/>\n<\/td>\n<\/tr>\n<tr class=\"row-25\">\n\t<td class=\"column-1\"><\/td><td class=\"column-2\">DIO<\/td><td class=\"column-3\">8-bit (4 wej\u015bcia \/ 4 wyj\u015bcia bez izolacji)<br \/>\n<\/td>\n<\/tr>\n<tr class=\"row-26\">\n\t<td class=\"column-1\"><\/td><td class=\"column-2\">PS\/2<\/td><td class=\"column-3\">Z\u0142\u0105cze 1 na 1 x 6-stykowe<br \/>\n<\/td>\n<\/tr>\n<tr class=\"row-27\">\n\t<td class=\"column-1\"><\/td><td class=\"column-2\">FAN<\/td><td class=\"column-3\">1<\/td>\n<\/tr>\n<tr class=\"row-28\">\n\t<td class=\"column-1\"><\/td><td class=\"column-2\"><strong>Mechanika i \u015brodowisko<\/strong><\/td><td class=\"column-3\"><\/td>\n<\/tr>\n<tr class=\"row-29\">\n\t<td class=\"column-1\">Form Factor<br \/>\n<\/td><td class=\"column-2\"><\/td><td class=\"column-3\">PCIe\/104 (StackPC)<br \/>\n<\/td>\n<\/tr>\n<tr class=\"row-30\">\n\t<td class=\"column-1\">Typ mocy<\/td><td class=\"column-2\"><\/td><td class=\"column-3\">Wej\u015bcie 12V DC, 4-stykowe z\u0142\u0105cze zasilania ATX, obs\u0142uga trybu AT \/ ATX<br \/>\n<\/td>\n<\/tr>\n<tr class=\"row-31\">\n\t<td class=\"column-1\">Wymiary<\/td><td class=\"column-2\"><\/td><td class=\"column-3\">95.89 x 115.57 mm (3.8\" x 4.6\")<br \/>\n<\/td>\n<\/tr>\n<tr class=\"row-32\">\n\t<td class=\"column-1\">Temperatura operacyjna<\/td><td class=\"column-2\"><\/td><td class=\"column-3\">-40\u00b0C do 85\u00b0C<br \/>\n<\/td>\n<\/tr>\n<tr class=\"row-33\">\n\t<td class=\"column-1\">Temperatura przechowywania<\/td><td class=\"column-2\"><\/td><td class=\"column-3\">-40\u00b0C do 85\u00b0C<br \/>\n<\/td>\n<\/tr>\n<tr class=\"row-34\">\n\t<td class=\"column-1\">Wzgl\u0119dna wilgotno\u015b\u0107<\/td><td class=\"column-2\"><\/td><td class=\"column-3\">10% do 90%, bez kondensacji<br \/>\n<\/td>\n<\/tr>\n<tr class=\"row-35\">\n\t<td class=\"column-1\"><\/td><td class=\"column-2\"><strong>Testy zgodno\u015bci<\/strong><\/td><td class=\"column-3\"><\/td>\n<\/tr>\n<tr class=\"row-36\">\n\t<td class=\"column-1\"><\/td><td class=\"column-2\">Szok temperaturowy<br \/>\n<\/td><td class=\"column-3\">MIL-STD-810G Metoda badawcza 503.5 Procedura szoku termicznego I-C \/ Przechowywanie (Szoki wielocyklowe od sta\u0142ej ekstremalnej temperatury, od 85 \u2103 do -40 \u2103, trzy cykle)<br \/>\n<\/td>\n<\/tr>\n<tr class=\"row-37\">\n\t<td class=\"column-1\">MIL-STD-810G<\/td><td class=\"column-2\">Wysoka temperatura<\/td><td class=\"column-3\">Metoda testowa MIL-STD-810G wysoka temperatura 501,5 (96 godzin przy 75 \u2103 bez dzia\u0142ania + 72 godziny przy 75 \u2103 podczas pracy)<br \/>\n<\/td>\n<\/tr>\n<tr class=\"row-38\">\n\t<td class=\"column-1\"><\/td><td class=\"column-2\">Niska temperatura<\/td><td class=\"column-3\">MIL-STD-810G Metoda badawcza 502,5 Niska temperatura (96 godzin przy -40\u2103 bez dzia\u0142ania +72 godziny przy -40\u2103 podczas pracy)<\/td>\n<\/tr>\n<\/tbody>\n<\/table>\n<!-- #tablepress-173 from cache -->\n","protected":false},"excerpt":{"rendered":"<p>Intel\u00ae QM87 MIL-STD Fanless Rugged Vibration Proof System with Intel\u00ae Core&#x2122; i7 Haswell Processor, SSD easy swap cage, mPCIe expansion 9V to 36V DC-in, Wide Temp. -40 ~ 70\u00b0C<\/p>\n","protected":false},"featured_media":11095,"template":"","meta":{"_acf_changed":false,"inline_featured_image":false,"_monsterinsights_skip_tracking":false,"_monsterinsights_sitenote_active":false,"_monsterinsights_sitenote_note":"","_monsterinsights_sitenote_category":0},"product_brand":[],"product_cat":[510,1592,534],"product_tag":[],"class_list":{"0":"post-4564","1":"product","2":"type-product","3":"status-publish","4":"has-post-thumbnail","6":"product_cat-perfectron-en","7":"product_cat-rugged-computers","8":"product_cat-rugged-computing-systems","10":"first","11":"instock","12":"shipping-taxable","13":"product-type-simple"},"acf":[],"_links":{"self":[{"href":"https:\/\/quantum.com.pl\/en\/wp-json\/wp\/v2\/product\/4564","targetHints":{"allow":["GET"]}}],"collection":[{"href":"https:\/\/quantum.com.pl\/en\/wp-json\/wp\/v2\/product"}],"about":[{"href":"https:\/\/quantum.com.pl\/en\/wp-json\/wp\/v2\/types\/product"}],"wp:featuredmedia":[{"embeddable":true,"href":"https:\/\/quantum.com.pl\/en\/wp-json\/wp\/v2\/media\/11095"}],"wp:attachment":[{"href":"https:\/\/quantum.com.pl\/en\/wp-json\/wp\/v2\/media?parent=4564"}],"wp:term":[{"taxonomy":"product_brand","embeddable":true,"href":"https:\/\/quantum.com.pl\/en\/wp-json\/wp\/v2\/product_brand?post=4564"},{"taxonomy":"product_cat","embeddable":true,"href":"https:\/\/quantum.com.pl\/en\/wp-json\/wp\/v2\/product_cat?post=4564"},{"taxonomy":"product_tag","embeddable":true,"href":"https:\/\/quantum.com.pl\/en\/wp-json\/wp\/v2\/product_tag?post=4564"}],"curies":[{"name":"wp","href":"https:\/\/api.w.org\/{rel}","templated":true}]}}