{"id":4594,"date":"2019-10-15T18:04:49","date_gmt":"2019-10-15T16:04:49","guid":{"rendered":"https:\/\/quantum.com.pl\/product\/sr700\/"},"modified":"2020-08-25T23:02:21","modified_gmt":"2020-08-25T21:02:21","slug":"sr700","status":"publish","type":"product","link":"https:\/\/quantum.com.pl\/en\/product\/sr700\/","title":{"rendered":"SR700"},"content":{"rendered":"<h4>Intel\u00ae QM87 MIL-STD Fanless Rugged System with Intel\u00ae Core&#x2122; i7-4700EQ Haswell Processor, IP65 protection, M12-Type Connectors ,9V to 36V DC-in, Wide Temp. -40 to 70\u00b0C<\/h4>\n<p>SR700, EBX rugged system is a powerful system driven by Intel\u00ae 4th generation Haswell CPU and chipset soldering onboard. Processor i7-4700EQ plus Intel\u00ae QM87 chipset supports clock speed 2.4GHz, up to 3.4GHz. Quad cores, turbo up to 8 cores to cope with enormous data computing. SR700 highlights on its extreme rugged design, high functionality, and specially installed MIL-STD M12 connectors. Full IP65 protection is guaranteed.<\/p>\n<p>What&#8217;s even more impressive is the fact that SR700 can withstand vibration up to 10 Grms and shock up to 75G. It supports extended temperature operation from -40 to 70\u2103. 9V~36V DC input design can protect system from damages caused by sudden surge of voltage, thus further secure the reliability of its critical components and the system itself.<\/p>\n<p>SR700 is the perfect solution to military purposes, such as defense, marine navigation and aviation technology. It also can withstand and survive in the harshest surroundings. Even in fields like mining and offshore drilling, SR700 can provide equally stunning performance.<\/p>\n<h4>Technical features:<\/h4>\n<ul>\n<li>Intel\u00ae Haswell BGA i7-4700EQ + Intel QM87<\/li>\n<li>PCH(4 cores x 2.4GHz, 47W)<\/li>\n<li>DDR3 XR-DIMM up to 8GB memory<\/li>\n<li>Onboard SATAIII NAND Drive up to 64GB<\/li>\n<li>2 x mPCIe expansion slot (one co-lay with mSATA)<\/li>\n<li>M12 Connectors applied<\/li>\n<li>Full IP65 Classified<\/li>\n<li>MIL-STD 810G compliant<\/li>\n<li>9V to 36V DC-in with power delay on\/off<\/li>\n<li>Extended operating temperature. -40 to 70\u00b0C<\/li>\n<\/ul>\n<p>&nbsp;<\/p>\n<h4>System main board: EBX SBC-OXY5737A<\/h4>\n<p>&nbsp;<\/p>\n<p><strong>(1) Intel \u00ae Core i7 CPU soldering onboard<\/strong><\/p>\n<p>SR700 is based on EBX SBC\u2014OXY5737A, powered by Intel Ivy Bridge i7-4700EQ quad core processor plus QM87 chipset soldered onboard. With CPU soldering onboard, there is less conduction of heat and high density interconnection between the motherboard and the components, which reduces the MB from the crisis of overheating. The all-in-one design rugged system guarantees CPU full speed operation at 70\u2103.<\/p>\n<p><strong>(2) Wide voltage power input 9V~36V with power delay on\/off<\/strong><\/p>\n<p>Wide voltage power input design (9~36V) can protect the system from damages caused by sudden surge of voltage, thus further secure the reliability of its critical components and the system itself. Power delay on\/off design allows selectable boot-up &amp; shutdown voltage for low power protection. SR700 provides 8-level power on\/off delay time, status of ignition and low voltage can also be detected.<\/p>\n<p><strong>(3) Expandable by Extension Storage Module, the SK401<\/strong><\/p>\n<p>SR700 features stackable PCIe 104 and FPE expansion slot. Optional module connection can be achieved for a variety of devices. Stacking with the storage module \u2013 SK401, 2 x 2.5&#8243; SSD or HDD and 2 x mSATA can be supported. The SK401 suppports Win 7 OS, XP, Linux, and DOS.<\/p>\n<p>&nbsp;<\/p>\n\n<table id=\"tablepress-175\" class=\"tablepress tablepress-id-175\">\n<thead>\n<tr class=\"row-1\">\n\t<th class=\"column-1\"><strong>Urz\u0105dzenie<\/strong><\/th><th class=\"column-2\"><strong>Konfiguracja<\/strong><\/th><th class=\"column-3\"><strong>Producent<\/strong><\/th><th class=\"column-4\"><strong>Numer partii<\/strong><\/th>\n<\/tr>\n<\/thead>\n<tbody class=\"row-striping row-hover\">\n<tr class=\"row-2\">\n\t<td class=\"column-1\">Typ CPU<\/td><td class=\"column-2\">Procesor Intel\u00ae Core\u2122 i7-3517UE (pami\u0119\u0107 podr\u0119czna 4 MB, do 2,80 GHz)<\/td><td class=\"column-3\">Intel<\/td><td class=\"column-4\">i7-3517UE<br \/>\n<\/td>\n<\/tr>\n<tr class=\"row-3\">\n\t<td class=\"column-1\">PCH<\/td><td class=\"column-2\">Mobile Intel Q77 Express Chipset<\/td><td class=\"column-3\">Intel<\/td><td class=\"column-4\">QM77<\/td>\n<\/tr>\n<tr class=\"row-4\">\n\t<td class=\"column-1\">Pami\u0119\u0107<\/td><td class=\"column-2\">Swissbit XR-DIMM 8 GB DDR3-1600<\/td><td class=\"column-3\">Swissbit<\/td><td class=\"column-4\">SGV08G72B1BB2SA-DCWRT<br \/>\n<\/td>\n<\/tr>\n<tr class=\"row-5\">\n\t<td class=\"column-1\">port0 SATAIII<\/td><td class=\"column-2\">Innodisk 64G SATA SSD<\/td><td class=\"column-3\">Innodisk<\/td><td class=\"column-4\">DES25-64GD08SC1QC-D26<br \/>\n<\/td>\n<\/tr>\n<tr class=\"row-6\">\n\t<td class=\"column-1\">port4 SATA II<\/td><td class=\"column-2\">Wbudowany dysk Apacer 32 GB SATA NAND<br \/>\n<\/td><td class=\"column-3\">Apacer<\/td><td class=\"column-4\">32GB-AP-USDC32GE429-BTM<br \/>\n<\/td>\n<\/tr>\n<tr class=\"row-7\">\n\t<td class=\"column-1\">USB3 ~ USB4<\/td><td class=\"column-2\">Klawiatura \/ mysz USB<br \/>\n<\/td><td class=\"column-3\"><\/td><td class=\"column-4\"><\/td>\n<\/tr>\n<tr class=\"row-8\">\n\t<td class=\"column-1\">LAN1<\/td><td class=\"column-2\">Intel\u00ae 82579LM GbE<\/td><td class=\"column-3\">Intel<\/td><td class=\"column-4\">82579LM<br \/>\n<\/td>\n<\/tr>\n<tr class=\"row-9\">\n\t<td class=\"column-1\">LAN2<\/td><td class=\"column-2\">Intel\u00ae 82574L GbE<\/td><td class=\"column-3\">Intel<\/td><td class=\"column-4\">82574IT<br \/>\n<\/td>\n<\/tr>\n<tr class=\"row-10\">\n\t<td class=\"column-1\">Test oprogramowania<\/td><td class=\"column-2\">Test Burnin v6.0 \u3001 HD Tune v4.01 \u3001 iperf \u3001 Passmark<br \/>\nUSB3.0 Intel Extreme Tuning Utility 4.3.0.11<\/td><td class=\"column-3\"><\/td><td class=\"column-4\"><\/td>\n<\/tr>\n<tr class=\"row-11\">\n\t<td class=\"column-1\">Komora<\/td><td class=\"column-2\">KSON THS-b4t-150 Chipeng SMO-3<\/td><td class=\"column-3\">KSON Chipeng<\/td><td class=\"column-4\">THS-b4t-150 SMO-3<br \/>\n<\/td>\n<\/tr>\n<\/tbody>\n<\/table>\n<!-- #tablepress-175 from cache -->\n","protected":false},"excerpt":{"rendered":"<p>Intel\u00ae QM87 MIL-STD Fanless Rugged System with Intel\u00ae Core&#x2122; i7-4700EQ Haswell Processor, IP65 protection, M12-Type Connectors ,9V to 36V DC-in, Wide Temp. -40 to 70\u00b0C<\/p>\n","protected":false},"featured_media":11099,"template":"","meta":{"_acf_changed":false,"inline_featured_image":false,"_monsterinsights_skip_tracking":false,"_monsterinsights_sitenote_active":false,"_monsterinsights_sitenote_note":"","_monsterinsights_sitenote_category":0},"product_brand":[],"product_cat":[510,1592,534],"product_tag":[],"class_list":{"0":"post-4594","1":"product","2":"type-product","3":"status-publish","4":"has-post-thumbnail","6":"product_cat-perfectron-en","7":"product_cat-rugged-computers","8":"product_cat-rugged-computing-systems","10":"first","11":"instock","12":"shipping-taxable","13":"product-type-simple"},"acf":[],"_links":{"self":[{"href":"https:\/\/quantum.com.pl\/en\/wp-json\/wp\/v2\/product\/4594","targetHints":{"allow":["GET"]}}],"collection":[{"href":"https:\/\/quantum.com.pl\/en\/wp-json\/wp\/v2\/product"}],"about":[{"href":"https:\/\/quantum.com.pl\/en\/wp-json\/wp\/v2\/types\/product"}],"wp:featuredmedia":[{"embeddable":true,"href":"https:\/\/quantum.com.pl\/en\/wp-json\/wp\/v2\/media\/11099"}],"wp:attachment":[{"href":"https:\/\/quantum.com.pl\/en\/wp-json\/wp\/v2\/media?parent=4594"}],"wp:term":[{"taxonomy":"product_brand","embeddable":true,"href":"https:\/\/quantum.com.pl\/en\/wp-json\/wp\/v2\/product_brand?post=4594"},{"taxonomy":"product_cat","embeddable":true,"href":"https:\/\/quantum.com.pl\/en\/wp-json\/wp\/v2\/product_cat?post=4594"},{"taxonomy":"product_tag","embeddable":true,"href":"https:\/\/quantum.com.pl\/en\/wp-json\/wp\/v2\/product_tag?post=4594"}],"curies":[{"name":"wp","href":"https:\/\/api.w.org\/{rel}","templated":true}]}}