{"id":4621,"date":"2019-10-16T13:31:58","date_gmt":"2019-10-16T11:31:47","guid":{"rendered":"https:\/\/quantum.com.pl\/?post_type=product&#038;p=4621"},"modified":"2020-08-25T23:00:25","modified_gmt":"2020-08-25T21:00:25","slug":"oxy5535b","status":"publish","type":"product","link":"https:\/\/quantum.com.pl\/en\/product\/oxy5535b\/","title":{"rendered":"OXY5535B"},"content":{"rendered":"<h4>Intel\u00ae Ivy Bridge Core&#x2122; i7 StackPC (PCIe\/104) with QM77 Chipset, Extended Temperature. -40 to 85\u00b0C<\/h4>\n<ul>\n<li>Supports Intel\u00ae Ivy Bridge CPU onboard<\/li>\n<li>StackPC-FPE CPU module, next generation of PCIe\/104<\/li>\n<li>1 x StackPC, 1 x FPE<\/li>\n<li>Supports 1 x PCIe_16, 1 x PCIe_4, 4 x PCIe, 4 x USB, 2 x GbE<\/li>\n<li>VGA, DVI-D, 24-bit LVDS<\/li>\n<li>Onboard SATA NAND Drive up to 32 GB (MLC)<\/li>\n<li>Rugged XR-DIMM DDR3 1600 support up to 8GB w\/ECC<\/li>\n<li>12V DC-in<\/li>\n<li>Extended operation temp. -40 to 85\u00b0<\/li>\n<\/ul>\n<h4>Introduction<\/h4>\n<div class=\"promain_block_word\">\n<p>StackPC is the new standard of embedded stackable system design, the OXY5535B presents the new approach to stackable system design and development. The main competitive distinction of the StackPC connector is the combination of most popular low speed interfaces such as USB, COM, CAN, SPI, LPC and high speed SATA, Gigabit Ethernet and PCI-Express x1, x4 within one stack expansion connector. This combination allows to minimize the number of wired connections inside the stack system enclosure and gives more design and manufacturing flexibility. The StackPC modules are much easier to be designed due to the consistent stack up systems development only. This approach doesn&#8217;t require placing high speed and low speed signal switches. The stack direction specifies the mechanical part on host and peripheral modules, which makes them cost-effective as well as easy to design, verify and use. The unified approach to stack power supply and communication interfaces output is aimed to increase the different vendors products&#8217; compatibility.<\/p>\n<h4>Benefits of StackPC &#8211; Expansion Connector<\/h4>\n<p>The StackPC Specification defines new approach to stackable systems design and development. The specification includes all valuable heritages of PC\/104 standards along with the new features of StackPC connector.<\/p>\n<p>The main competitive distinction of the StackPC connector is the combination of most popular low speed interfaces such as USB, COM, CAN, SPI, LPC and high speed SATA, Gigabit Ethernet and PCI-Express x1, x4 within one stack expansion connector.<\/p>\n<p>The dimension and pin of the StackPC connector is as the same as the PCIe\/104 connector.<\/p>\n<ul>\n<li>Compatibility with PCIe\/104<\/li>\n<li>BANK1 is the same<\/li>\n<li>PCIe x4 StackPC modules can be placed into PCIe\/104 stack on the TOP<\/li>\n<li>The same protection mechanism as in Type1\/Type2<\/li>\n<li>BANK1 is the same as PCIe\/104 Type2<\/li>\n<li>Universal modules are fully compatible<\/li>\n<li>Flexibility in adaptation to most popular form factors<\/li>\n<li>Maximum compatibility with the most popular PCIe\/104 modules<\/li>\n<li>More features with FPE expansion up to PCIe_16<\/li>\n<li>EPIC SBC Carrier Module SK507<\/li>\n<li>StackPC-FPE carrier module in EPIC form factor<\/li>\n<li>2 x mPCIe<\/li>\n<li>1 x VGA, 1 x DP<\/li>\n<li>4 x USB3.0<\/li>\n<li>2 x GbE<\/li>\n<li>2 x RS485<\/li>\n<li>1 x SATA, 1 x CFast<\/li>\n<\/ul>\n\n<table id=\"tablepress-180\" class=\"tablepress tablepress-id-180\">\n<thead>\n<tr class=\"row-1\">\n\t<th class=\"column-1\"><strong>GPU<\/strong><\/th><th class=\"column-2\">GT 730M(N14M-GS-B-A1)<br \/>\n<\/th>\n<\/tr>\n<\/thead>\n<tbody class=\"row-striping row-hover\">\n<tr class=\"row-2\">\n\t<td class=\"column-1\"><strong>Bus Type<\/strong><\/td><td class=\"column-2\">PCI-Express 3.0\/2.0<br \/>\n<\/td>\n<\/tr>\n<tr class=\"row-3\">\n\t<td class=\"column-1\"><strong>Nazwa rdzenia<\/strong><\/td><td class=\"column-2\">GK210<br \/>\n<\/td>\n<\/tr>\n<tr class=\"row-4\">\n\t<td class=\"column-1\"><strong>Proces technologii<\/strong><br \/>\n<\/td><td class=\"column-2\">28 nm<br \/>\n<\/td>\n<\/tr>\n<tr class=\"row-5\">\n\t<td class=\"column-1\"><strong>Rdzenie CUDA<\/strong><\/td><td class=\"column-2\">384 rdzeni<\/td>\n<\/tr>\n<tr class=\"row-6\">\n\t<td class=\"column-1\"><strong>Zegar GPU<\/strong><\/td><td class=\"column-2\">719 MHz<br \/>\n<\/td>\n<\/tr>\n<tr class=\"row-7\">\n\t<td class=\"column-1\"><strong>Ilo\u015b\u0107 pami\u0119ci<\/strong><\/td><td class=\"column-2\">1024 MB<br \/>\n<\/td>\n<\/tr>\n<tr class=\"row-8\">\n\t<td class=\"column-1\"><strong>Typ pami\u0119ci<\/strong><\/td><td class=\"column-2\">DDR3<\/td>\n<\/tr>\n<tr class=\"row-9\">\n\t<td class=\"column-1\"><strong>Zegar pami\u0119ci<\/strong><\/td><td class=\"column-2\">900 MHz<br \/>\n<\/td>\n<\/tr>\n<tr class=\"row-10\">\n\t<td class=\"column-1\"><strong>Interfejs pami\u0119ci<\/strong><\/td><td class=\"column-2\">64-bit<br \/>\n<\/td>\n<\/tr>\n<tr class=\"row-11\">\n\t<td class=\"column-1\"><strong>Obs\u0142uga OS<\/strong><\/td><td class=\"column-2\">Win7, Win8 i Linux<br \/>\n<\/td>\n<\/tr>\n<tr class=\"row-12\">\n\t<td class=\"column-1\"><strong>Obs\u0142uga obrazu<\/strong><\/td><td class=\"column-2\">Dekoder wideo - H.264, VC1, MPEG2 1080p<br \/>\nDP x 4 - do 3840 x 2160<br \/>\nCRT x 1 (13-stykowa g\u0142owica) - do 2048 x 1536<\/td>\n<\/tr>\n<tr class=\"row-13\">\n\t<td class=\"column-1\"><strong>Licza wy\u015bwietlaczy<\/strong><\/td><td class=\"column-2\">4 (maksymalnie)<\/td>\n<\/tr>\n<tr class=\"row-14\">\n\t<td class=\"column-1\"><strong>Obs\u0142ugiwane technologie<\/strong><\/td><td class=\"column-2\">Optimus, GeForce Experence, TXAA, GPU Boost 2.0, PhysX, CUDA, FXAA, OpenCL, Direct Compute, PureVideo HD, HDCP, 3D Vision, OpenGL<\/td>\n<\/tr>\n<tr class=\"row-15\">\n\t<td class=\"column-1\"><strong>Informacje o p\u0142ycie<\/strong><\/td><td class=\"column-2\">Wymiary p\u0142yty: 95,89 mm x 90,17 mm<br \/>\nKierunek stosu: W G\u00d3R\u0118 (w jedn\u0105 stron\u0119)<br \/>\nForma wsparcia: StackPC i PCIe \/ 104<\/td>\n<\/tr>\n<\/tbody>\n<\/table>\n<!-- #tablepress-180 from cache -->\n<h4>CPU Performance<\/h4>\n<p>The OXY5535B offers highly effectively heat conductive and heat convective thermal solutions to meet the demands of customers\u2019 extended temperature requirements. The heat conductive solutions uses an aluminum flat mass to place in direct contact with the processor and chipset, the heat from chips then transfers it to the case of the system. In addition, the convective thermal solutions introduce airflow directed to move across the surface of a fin style heatsink placed on top of the processor and chipset. This can be done with the aid of an appropriately sized fan placed in top of the fin style heatsink. Alternately, enclosure airflow can be routed to flow across a fin style heatsink.<\/p>\n<h4>Test Result<\/h4>\n\n<table id=\"tablepress-181\" class=\"tablepress tablepress-id-181 tbody-has-connected-cells\">\n<thead>\n<tr class=\"row-1\">\n\t<th class=\"column-1\"><strong>General information<\/strong><\/th><th class=\"column-2\">Model<\/th><th colspan=\"2\" class=\"column-3\">F1-30<\/th>\n<\/tr>\n<\/thead>\n<tbody class=\"row-striping row-hover\">\n<tr class=\"row-2\">\n\t<td rowspan=\"3\" class=\"column-1\"><\/td><td class=\"column-2\">CPU Type<\/td><td colspan=\"2\" class=\"column-3\">Intel\u00ae 3rd generation Core\u2122 i7 Processor<\/td>\n<\/tr>\n<tr class=\"row-3\">\n\t<td class=\"column-2\">System Chipset<\/td><td colspan=\"2\" class=\"column-3\">Intel\u00ae QM77<\/td>\n<\/tr>\n<tr class=\"row-4\">\n\t<td class=\"column-2\">Memory type<\/td><td colspan=\"2\" class=\"column-3\">1 x DDR3 1333\/1600MHz XR-DIMM 8 GB<\/td>\n<\/tr>\n<tr class=\"row-5\">\n\t<td rowspan=\"2\" class=\"column-1\"><strong>Storage<\/strong><\/td><td rowspan=\"2\" class=\"column-2\">HDD\/SDD support<\/td><td colspan=\"2\" class=\"column-3\">1 x 2.5\u201d SSD<\/td>\n<\/tr>\n<tr class=\"row-6\">\n\t<td colspan=\"2\" class=\"column-3\">2 x mSATA SSD backup storage<\/td>\n<\/tr>\n<tr class=\"row-7\">\n\t<td rowspan=\"12\" class=\"column-1\"><strong>I\/O connectors<\/strong><\/td><td rowspan=\"6\" class=\"column-2\">Type A (Amphenol D38999 Connectors)<\/td><td class=\"column-3\">Power button<\/td><td class=\"column-4\">1 x Waterproof Button with Backlight<\/td>\n<\/tr>\n<tr class=\"row-8\">\n\t<td class=\"column-3\">DP<\/td><td class=\"column-4\">4<\/td>\n<\/tr>\n<tr class=\"row-9\">\n\t<td class=\"column-3\">COM<\/td><td class=\"column-4\">4<\/td>\n<\/tr>\n<tr class=\"row-10\">\n\t<td class=\"column-3\">Ethernet<\/td><td class=\"column-4\">2<\/td>\n<\/tr>\n<tr class=\"row-11\">\n\t<td class=\"column-3\">USB 2.0<\/td><td class=\"column-4\">2<\/td>\n<\/tr>\n<tr class=\"row-12\">\n\t<td class=\"column-3\">DC-in<\/td><td class=\"column-4\">1<\/td>\n<\/tr>\n<tr class=\"row-13\">\n\t<td rowspan=\"6\" class=\"column-2\">Type B (Phoenix Contact M12 Connectors)<\/td><td class=\"column-3\">Power button<\/td><td class=\"column-4\">1 x Waterproof Button with Backlight<\/td>\n<\/tr>\n<tr class=\"row-14\">\n\t<td class=\"column-3\">DP<\/td><td class=\"column-4\">4<\/td>\n<\/tr>\n<tr class=\"row-15\">\n\t<td class=\"column-3\">COM<\/td><td class=\"column-4\">2<\/td>\n<\/tr>\n<tr class=\"row-16\">\n\t<td class=\"column-3\">Ethernet<\/td><td class=\"column-4\">2<\/td>\n<\/tr>\n<tr class=\"row-17\">\n\t<td class=\"column-3\">USB 2.0<\/td><td class=\"column-4\">4<\/td>\n<\/tr>\n<tr class=\"row-18\">\n\t<td class=\"column-3\">DC-in<\/td><td class=\"column-4\">1<\/td>\n<\/tr>\n<tr class=\"row-19\">\n\t<td rowspan=\"4\" class=\"column-1\"><strong>Mechanical<\/strong><\/td><td class=\"column-2\">Housing<\/td><td colspan=\"2\" class=\"column-3\">Aluminum<\/td>\n<\/tr>\n<tr class=\"row-20\">\n\t<td class=\"column-2\">Weight<\/td><td colspan=\"2\" class=\"column-3\">16 Kg (35.24 lb)<\/td>\n<\/tr>\n<tr class=\"row-21\">\n\t<td class=\"column-2\">Ingress Protection<\/td><td colspan=\"2\" class=\"column-3\">IP65<\/td>\n<\/tr>\n<tr class=\"row-22\">\n\t<td class=\"column-2\">Dimension (W x H x D)<\/td><td colspan=\"2\" class=\"column-3\">189.5 x 230 x 318 mm<\/td>\n<\/tr>\n<tr class=\"row-23\">\n\t<td class=\"column-1\"><strong>Power Requirement<\/strong><\/td><td class=\"column-2\">Input Voltage<\/td><td colspan=\"2\" class=\"column-3\">16.5 to 50 VDC<br \/>\n(Compliant with MIL-STD-1275\/704\/461F\/202)<\/td>\n<\/tr>\n<tr class=\"row-24\">\n\t<td rowspan=\"4\" class=\"column-1\"><strong>Environment Limits<\/strong><\/td><td class=\"column-2\">Operating temperature<\/td><td colspan=\"2\" class=\"column-3\">-40 to 75\u00b0C (-40 to 158\u00b0F)<\/td>\n<\/tr>\n<tr class=\"row-25\">\n\t<td class=\"column-2\">Storage temperature<\/td><td colspan=\"2\" class=\"column-3\">-40 to 85\u00b0C (-40 to 185\u00b0F) *without HDD installed<\/td>\n<\/tr>\n<tr class=\"row-26\">\n\t<td class=\"column-2\">Relative Humidity<\/td><td colspan=\"2\" class=\"column-3\">Up to 95%RH @40\u00b0C, non-condensing<\/td>\n<\/tr>\n<tr class=\"row-27\">\n\t<td class=\"column-2\">Ingress Protection<\/td><td colspan=\"2\" class=\"column-3\">Designed for compliance to IP65, MIL-STD-810G<\/td>\n<\/tr>\n<tr class=\"row-28\">\n\t<td rowspan=\"3\" class=\"column-1\"><strong>TEST STANDARD<\/strong><\/td><td class=\"column-2\">EMI\/EMC<\/td><td colspan=\"2\" class=\"column-3\">Designed to meet MIL-STD-461F<\/td>\n<\/tr>\n<tr class=\"row-29\">\n\t<td class=\"column-2\">Military<\/td><td colspan=\"2\" class=\"column-3\">Designed to meet MIL-STD-810G<\/td>\n<\/tr>\n<tr class=\"row-30\">\n\t<td class=\"column-2\">Vibration &amp; Shock<\/td><td colspan=\"2\" class=\"column-3\">Designed to meet MIL-STD-810G<\/td>\n<\/tr>\n<tr class=\"row-31\">\n\t<td rowspan=\"5\" class=\"column-1\"><strong>Stackable Module<\/strong><\/td><td class=\"column-2\">SK210<\/td><td colspan=\"2\" class=\"column-3\">Graphic module with NVIDIA730M GPU supports four DP output<\/td>\n<\/tr>\n<tr class=\"row-32\">\n\t<td class=\"column-2\">SK220<\/td><td colspan=\"2\" class=\"column-3\">MXM graphic card carrier supports six miniDP output<\/td>\n<\/tr>\n<tr class=\"row-33\">\n\t<td class=\"column-2\">SK303<\/td><td colspan=\"2\" class=\"column-3\">COM port module with total four COM ports (RS232\/422\/485 selectable)<\/td>\n<\/tr>\n<tr class=\"row-34\">\n\t<td class=\"column-2\">SK401<\/td><td colspan=\"2\" class=\"column-3\">Storage carrier with one 2.5\" HDD\/SSD socket and two mSATA socket<\/td>\n<\/tr>\n<tr class=\"row-35\">\n\t<td class=\"column-2\">SK506<\/td><td colspan=\"2\" class=\"column-3\">Ethernet module with total six 10\/100\/1000 mbps ethernet connections<\/td>\n<\/tr>\n<\/tbody>\n<\/table>\n<!-- #tablepress-181 from cache -->\n<h4>Test Configuration<\/h4>\n\n<table id=\"tablepress-182\" class=\"tablepress tablepress-id-182\">\n<thead>\n<tr class=\"row-1\">\n\t<th class=\"column-1\"><strong>GPU<\/strong><\/th><th class=\"column-2\">GT 730M(N14M-GS-B-A1)<br \/>\n<\/th>\n<\/tr>\n<\/thead>\n<tbody class=\"row-striping row-hover\">\n<tr class=\"row-2\">\n\t<td class=\"column-1\"><strong>Bus Type<\/strong><\/td><td class=\"column-2\">PCI-Express 3.0\/2.0<br \/>\n<\/td>\n<\/tr>\n<tr class=\"row-3\">\n\t<td class=\"column-1\"><strong>Core Name<\/strong><\/td><td class=\"column-2\">GK210<br \/>\n<\/td>\n<\/tr>\n<tr class=\"row-4\">\n\t<td class=\"column-1\"><strong>Process Technology<\/strong><br \/>\n<\/td><td class=\"column-2\">28 nm<br \/>\n<\/td>\n<\/tr>\n<tr class=\"row-5\">\n\t<td class=\"column-1\"><strong>CUDA Cores<\/strong><\/td><td class=\"column-2\">384 cores<\/td>\n<\/tr>\n<tr class=\"row-6\">\n\t<td class=\"column-1\"><strong>GPU Clock<\/strong><\/td><td class=\"column-2\">719 MHz<br \/>\n<\/td>\n<\/tr>\n<tr class=\"row-7\">\n\t<td class=\"column-1\"><strong>Memory Amount<\/strong><\/td><td class=\"column-2\">1024 MB<br \/>\n<\/td>\n<\/tr>\n<tr class=\"row-8\">\n\t<td class=\"column-1\"><strong>Memory Type<\/strong><\/td><td class=\"column-2\">DDR3<\/td>\n<\/tr>\n<tr class=\"row-9\">\n\t<td class=\"column-1\"><strong>Memory Clock<\/strong><\/td><td class=\"column-2\">900 MHz<br \/>\n<\/td>\n<\/tr>\n<tr class=\"row-10\">\n\t<td class=\"column-1\"><strong>Memory Interface<\/strong><\/td><td class=\"column-2\">64-bit<br \/>\n<\/td>\n<\/tr>\n<tr class=\"row-11\">\n\t<td class=\"column-1\"><strong>OS Support<\/strong><\/td><td class=\"column-2\">Win7, Win8 and Linux<br \/>\n<\/td>\n<\/tr>\n<tr class=\"row-12\">\n\t<td class=\"column-1\"><strong>Display Support<\/strong><\/td><td class=\"column-2\">Video decoder - H.264, VC1, MPEG2 1080p<br \/>\nDP x 4 - Up to 3840x2160<br \/>\nCRT x 1 (13 pin Header)- Up to 2048 x 1536<\/td>\n<\/tr>\n<tr class=\"row-13\">\n\t<td class=\"column-1\"><strong>Number of display<\/strong><\/td><td class=\"column-2\">4 (maximum)<\/td>\n<\/tr>\n<tr class=\"row-14\">\n\t<td class=\"column-1\"><strong>Supported Technologies<\/strong><\/td><td class=\"column-2\">Optimus, GeForce Experence, TXAA, GPU Boost 2.0, PhysX, CUDA, FXAA, OpenCL, Direct Compute, PureVideo HD, HDCP, 3D Vision, OpenGL<\/td>\n<\/tr>\n<tr class=\"row-15\">\n\t<td class=\"column-1\"><strong>Board Information<\/strong><\/td><td class=\"column-2\">Board Dimensions: 95.89 mm x 90.17 mm<br \/>\nStack Direction: UP (One way)<br \/>\nSupport Form Factor: StackPC and PCIe\/104<br \/>\n<\/td>\n<\/tr>\n<\/tbody>\n<\/table>\n<!-- #tablepress-182 from cache -->\n<h4>Thermal Measurement<\/h4>\n<p>PERFECTRON provides real lab testing figures to show how CPU performance is with each tailor made thermal kits as important references and design guide for system engineers. For system integration, the crucial challenge is the operation performance under high temperature, thus PERFECTRON conducts long time experiments to make sure the superior testing result for all critical missions. By revealing temperature at processor T junction, processor die and heat sink, PERFECTRON is able to analyse the thermal solution we designed achieves maximum efficacy and observe CPU performance. The high temperature testing takes 5 hours which at each temperature point we burn in F1 for one hour, from -40 to +85\u00b0C.<\/p>\n<ul>\n<li>Rugged COTS computer with Intel\u00ae3rd generation Core- i7 processor<\/li>\n<li>NVIDIA\u00aeGPU GT730M supports CUDA 384 independent displays by 4 x DP<\/li>\n<li>Modular rugged chassis with stackable PCIe\/104 I\/O card expansion<\/li>\n<li>28V DC MIL-STD-1275\/704\/DO-160 Power supply with Voltage transient protections<\/li>\n<li>Design for reliability under demanding MIL-STD-810G\/DO-160\/MIL-461F Thermal Shock, Vibration, Humidity\/EMI\/EMC conditions<\/li>\n<li>Rugged IP67 aluminum chassis with MIL-DTL-38999 connectors<\/li>\n<li>Military grade M12 X-coded connector<\/li>\n<li>Operating temperature range : -40\u00b0C to 85\u00b0C<\/li>\n<\/ul>\n<p>When StackPC meets ATR Structure\u2026<\/p>\n<p>ATR, which stands for Air Transport Rack, is a universal standard that determines the dimension and function of a rugged system especially dedicated to avionics\/aerospace applications.<\/p>\n<h4>PERFECTRON\u2019s Unique Solution<\/h4>\n<p>While usual ATR structure incorporates PCI, VPX, and VME based form factors, PERFECTRON\u2019s OXY5535B-30 Conduction cooled ATR is powered by PCIe104 small form factor modules. PCIe104 \u2013 StackPC architecture provides even more flexibility in designing rugged COTS computers. Also known as ARINC, the concept has been used universally for not only aviation purpose but also vehicles with wheels and tracks.<\/p>\n<h4>The Power of Conduction Cooling<\/h4>\n<p>PERFECTRON, being the master of thermal design, has once again achieved fanless design through conduction cooling method. With each layer comes a heat plate to touch directly the heated parts, the thermal performance is of the highest level. The top side, which is designated as the customized I\/O interface, is equipped with water\/dust proof MIL-STD M12 connectors (enhanced D38999 by request).<\/p>\n<h4>CALMARK Wedge-Lok<\/h4>\n<p>To ensure maximum reliability in rugged, heavy shock, and high vibration terrains, Wedge-loks from CALMARK can provide equally satisfying results. With 5 segments, shifted design, Wedge loks also help to transfer the heat and ensure best conductivity of heat load. The multi-segment design highlights on its ability to withstand massive vibration and shock, providing even higher sustainability through the torque-limiting design.<\/p>\n<h4>Conductive Cooling Modules for Low\/middle\/high Power<\/h4>\n<p>A solid material that can effectively conduct the heat is used to move the heat to the system enclosure and dissipated to the external surroundings. The machined copper cooling plates matching the component layout are placed between each layer; heat is carried away to the edges where a wedge lok mechanism secures inside the chassis, coming up with a thermal interface.<\/p>\n<h4>Conduction Cooled Chassis Platform up to 10 Slots<\/h4>\n<p>PERFECTRON\u2019s ATR solution comes with an all-in-one design enclosure; each slot can securely fit a CALMARK wedge-lok, and each layer comes with a firmly attached, directly touched copper heat plate to complete a effectively cooled interior. What makes conduction cooling method so practical is that it is without moving parts, therefore suitable for high altitude and underwater applications.<\/p>\n<\/div>\n","protected":false},"excerpt":{"rendered":"<p>StackPC is the new standard of embedded stackable system design, the OXY5535B presents the new approach to stackable system design and development. The main competitive distinction of the StackPC connector is the combination of most popular low speed interfaces such as USB, COM, CAN, SPI, LPC and high speed SATA, Gigabit Ethernet and PCI-Express x1, x4 within one stack expansion connector. <\/p>\n","protected":false},"featured_media":11051,"template":"","meta":{"_acf_changed":false,"inline_featured_image":false,"_monsterinsights_skip_tracking":false,"_monsterinsights_sitenote_active":false,"_monsterinsights_sitenote_note":"","_monsterinsights_sitenote_category":0},"product_brand":[],"product_cat":[512,524,510,1583],"product_tag":[],"class_list":{"0":"post-4621","1":"product","2":"type-product","3":"status-publish","4":"has-post-thumbnail","6":"product_cat-embedded-computer","7":"product_cat-pc-104-en","8":"product_cat-perfectron-en","9":"product_cat-sbc-single-board-computers","11":"first","12":"instock","13":"shipping-taxable","14":"product-type-simple"},"acf":[],"_links":{"self":[{"href":"https:\/\/quantum.com.pl\/en\/wp-json\/wp\/v2\/product\/4621","targetHints":{"allow":["GET"]}}],"collection":[{"href":"https:\/\/quantum.com.pl\/en\/wp-json\/wp\/v2\/product"}],"about":[{"href":"https:\/\/quantum.com.pl\/en\/wp-json\/wp\/v2\/types\/product"}],"wp:featuredmedia":[{"embeddable":true,"href":"https:\/\/quantum.com.pl\/en\/wp-json\/wp\/v2\/media\/11051"}],"wp:attachment":[{"href":"https:\/\/quantum.com.pl\/en\/wp-json\/wp\/v2\/media?parent=4621"}],"wp:term":[{"taxonomy":"product_brand","embeddable":true,"href":"https:\/\/quantum.com.pl\/en\/wp-json\/wp\/v2\/product_brand?post=4621"},{"taxonomy":"product_cat","embeddable":true,"href":"https:\/\/quantum.com.pl\/en\/wp-json\/wp\/v2\/product_cat?post=4621"},{"taxonomy":"product_tag","embeddable":true,"href":"https:\/\/quantum.com.pl\/en\/wp-json\/wp\/v2\/product_tag?post=4621"}],"curies":[{"name":"wp","href":"https:\/\/api.w.org\/{rel}","templated":true}]}}