{"id":4644,"date":"2019-10-16T14:32:23","date_gmt":"2019-10-16T12:32:23","guid":{"rendered":"https:\/\/quantum.com.pl\/?post_type=product&#038;p=4644"},"modified":"2020-08-25T23:00:26","modified_gmt":"2020-08-25T21:00:26","slug":"sk210-gt730m","status":"publish","type":"product","link":"https:\/\/quantum.com.pl\/en\/product\/sk210-gt730m\/","title":{"rendered":"SK210-GT730M"},"content":{"rendered":"<h4>NVIDIA GeForce\u00ae GT730M StackPC\/PCIe104 Graphic Module, Supports Four DP outputs and 3+ Years Longevity Supply<\/h4>\n<p>SK210-GT730M is a high-end PCIe\/104 (StackPC) graphic module featuring NVIDIA\u00ae GPU GT730M, which provides GPU clock up to 719 MHz, CUDA 384 cores and supports four independent display ports output (up to three 1080P full HD). With the excellent graphic processing ability, it equipped with 1024MB DDR3 memory so to present advanced graphic computing for multi-display, high-end graphic applications such as central room signage, high-end digital signage, navigation, defence and more. For complete StackPC solution and module please go to http:\/\/www.perfectron.com\/stack_pc.html for more reference.<\/p>\n<h4>Feature<\/h4>\n<ul>\n<li>StackPC and PCIe\/104 Complaint<\/li>\n<li>Utilizes PCIe x 8 and x 4 Link<\/li>\n<li>NVIDIA CUDA technology<\/li>\n<li>OpenGL 4.4 support<\/li>\n<li>OCL 1.1 support<\/li>\n<li>NVIDIA Adaptive Vertical Sync<\/li>\n<li>Microsoft DirectX 11 support<\/li>\n<\/ul>\n\n<table id=\"tablepress-185\" class=\"tablepress tablepress-id-185\">\n<thead>\n<tr class=\"row-1\">\n\t<th class=\"column-1\"><strong>Funkcje<\/strong><\/th><th class=\"column-2\">\u0141\u0105cznie 6 po\u0142\u0105cze\u0144 Ethernet 10\/100\/100 Mb\/s<br \/>\n<\/th>\n<\/tr>\n<\/thead>\n<tbody class=\"row-striping row-hover\">\n<tr class=\"row-2\">\n\t<td class=\"column-1\"><strong>Kontroler sieciowy<\/strong><\/td><td class=\"column-2\">Kontroler sieciowy Intel i350-AM4<br \/>\n* Max TDP 4 W.<br \/>\n* EEE802.3 \/ 10BASE-T, 100BASE-TX, 1000BASE-T<br \/>\n* Poziomy przerwa\u0144: INTA, INTB, INTC, INTD, MSI, MSI-X<br \/>\n* Obs\u0142uguje Jumbo Frames<br \/>\n* Obs\u0142uguje IEEE1588<br \/>\n* Obs\u0142uguje technologi\u0119 Intel Data Direct I \/ O<br \/>\n* Innowacyjne funkcje zarz\u0105dzania energi\u0105, w tym energooszcz\u0119dny Ethernet (EEE) i DDMA Coalescing dla<br \/>\nzwi\u0119kszonej wydajno\u015bci i zmniejszonego zu\u017cycia energii<\/td>\n<\/tr>\n<tr class=\"row-3\">\n\t<td class=\"column-1\"><strong>Interfejs hostu<\/strong><\/td><td class=\"column-2\">Interfejs PCIe x4 do procesora poprzez magistral\u0119 PCIe \/ 104<br \/>\nStackPC zgodny z magistralami PCIe \/ 104 Type1 i Type2<\/td>\n<\/tr>\n<tr class=\"row-4\">\n\t<td class=\"column-1\"><strong>Z\u0142\u0105cza fizyczne<\/strong><br \/>\n<\/td><td class=\"column-2\">4 niezale\u017cne po\u0142\u0105czenia LAN (od Intel i350-AM4)<br \/>\n+ 2 niezale\u017cne interfejsy LAN (od p\u0142yty g\u0142\u00f3wnej CPU)<br \/>\nTyp R: 6 gniazd RJ45 (10\/100\/1000 Mbps)<br \/>\nTyp P: 6 x z\u0142\u0105cza FCI (5 x 2 stykowe, 10\/100\/1000 Mbps)<\/td>\n<\/tr>\n<tr class=\"row-5\">\n\t<td class=\"column-1\"><strong>Cechy szczeg\u00f3lne<\/strong><br \/>\n<\/td><td class=\"column-2\">Technologia wirtualizacji Intel dla \u0142\u0105czno\u015bci<br \/>\n* Obs\u0142uguje QoS i zarz\u0105dzanie ruchem na chipie<br \/>\n* Obs\u0142uguje wirtualne kolejki urz\u0105dze\u0144 (VMDq)<br \/>\n* Obs\u0142uguje PCI-SIG * SR-IOV<\/td>\n<\/tr>\n<tr class=\"row-6\">\n\t<td class=\"column-1\"><strong>Temperatura operacyjna<\/strong><\/td><td class=\"column-2\">Rozszerzona temperatura (-40\u00b0C do 85\u00b0C)<br \/>\n<\/td>\n<\/tr>\n<tr class=\"row-7\">\n\t<td class=\"column-1\"><strong>Wymiary<\/strong><\/td><td class=\"column-2\">95 x 90 mm<br \/>\n<\/td>\n<\/tr>\n<\/tbody>\n<\/table>\n<!-- #tablepress-185 from cache -->\n","protected":false},"excerpt":{"rendered":"<p>SK210-GT730M is a high-end PCIe\/104 (StackPC) graphic module featuring NVIDIA\u00ae GPU GT730M, which provides GPU clock up to 719 MHz, CUDA 384 cores and supports four independent display ports output (up to three 1080P full HD). <\/p>\n","protected":false},"featured_media":11061,"template":"","meta":{"_acf_changed":false,"inline_featured_image":false,"_monsterinsights_skip_tracking":false,"_monsterinsights_sitenote_active":false,"_monsterinsights_sitenote_note":"","_monsterinsights_sitenote_category":0},"product_brand":[],"product_cat":[512,524,510,1583],"product_tag":[],"class_list":{"0":"post-4644","1":"product","2":"type-product","3":"status-publish","4":"has-post-thumbnail","6":"product_cat-embedded-computer","7":"product_cat-pc-104-en","8":"product_cat-perfectron-en","9":"product_cat-sbc-single-board-computers","11":"first","12":"instock","13":"shipping-taxable","14":"product-type-simple"},"acf":[],"_links":{"self":[{"href":"https:\/\/quantum.com.pl\/en\/wp-json\/wp\/v2\/product\/4644","targetHints":{"allow":["GET"]}}],"collection":[{"href":"https:\/\/quantum.com.pl\/en\/wp-json\/wp\/v2\/product"}],"about":[{"href":"https:\/\/quantum.com.pl\/en\/wp-json\/wp\/v2\/types\/product"}],"wp:featuredmedia":[{"embeddable":true,"href":"https:\/\/quantum.com.pl\/en\/wp-json\/wp\/v2\/media\/11061"}],"wp:attachment":[{"href":"https:\/\/quantum.com.pl\/en\/wp-json\/wp\/v2\/media?parent=4644"}],"wp:term":[{"taxonomy":"product_brand","embeddable":true,"href":"https:\/\/quantum.com.pl\/en\/wp-json\/wp\/v2\/product_brand?post=4644"},{"taxonomy":"product_cat","embeddable":true,"href":"https:\/\/quantum.com.pl\/en\/wp-json\/wp\/v2\/product_cat?post=4644"},{"taxonomy":"product_tag","embeddable":true,"href":"https:\/\/quantum.com.pl\/en\/wp-json\/wp\/v2\/product_tag?post=4644"}],"curies":[{"name":"wp","href":"https:\/\/api.w.org\/{rel}","templated":true}]}}