{"id":4664,"date":"2019-10-16T15:04:24","date_gmt":"2019-10-16T13:04:24","guid":{"rendered":"https:\/\/quantum.com.pl\/?post_type=product&#038;p=4664"},"modified":"2020-08-25T23:00:26","modified_gmt":"2020-08-25T21:00:26","slug":"sk401","status":"publish","type":"product","link":"https:\/\/quantum.com.pl\/en\/product\/sk401\/","title":{"rendered":"SK401"},"content":{"rendered":"<h4>PCIe\/104 (StackPC)SSD\/mSATA Storage Carrier<\/h4>\n<p>SK401 is a PCIe\/104 (StackPC) peripheral module designed for stacking system, expanding extra storage. The storage carrier can support either with two mSATA modules or one mSATA with one 2.5\u201d SSD which can be stacked with other PCI\/104 Express, PCIe\/104, PCI\/104 and StackPC modules. The mSATA signal is transferred by PCIe\/104 connector, however the board itself also carries PCI\/104 interface to cater different expansion slot and create another stackable criteria. The storage module goes with standard mSATA ports which can replace any other mSATA storage devices. Combining with mSATA SSD modules can directly expand larger capacity to reinforce storage and performance. SK401 provides the power to 2.5\u201d SSD which allows the users to assemble easily with embedded system. SK401 can not only be available as an independent mSATA SSD carrier but also as a complete storage solution.<\/p>\n<h4>Feature<\/h4>\n<ul>\n<li>StackPC form factor<\/li>\n<li>PCIe\/104 stackable bus structure<\/li>\n<li>Supports 1 x 2.5\u201d SSD<\/li>\n<li>Supports 2 x mSATA SSD slot, compatible with JEDEC MO-300B<\/li>\n<li>SATAII interface supports 1.5Gbps\/3.0Gbps<\/li>\n<li>Reserve PCI\/104 connector for different stacking criteria<\/li>\n<li>Extended temperature -40 to 85\u00b0C<\/li>\n<\/ul>\n\n<table id=\"tablepress-187\" class=\"tablepress tablepress-id-187\">\n<thead>\n<tr class=\"row-1\">\n\t<th class=\"column-1\"><strong>Model<\/strong><\/th><td class=\"column-2\"><\/td><th class=\"column-3\"><strong>SK507<\/strong><\/th>\n<\/tr>\n<\/thead>\n<tbody class=\"row-striping row-hover\">\n<tr class=\"row-2\">\n\t<td class=\"column-1\">System<\/td><td class=\"column-2\">Gniazdo rozszerze\u0144<\/td><td class=\"column-3\">2 x mPCIe<br \/>\n2 x uchwyt karty SIM<br \/>\n1 x PCIe x 8<\/td>\n<\/tr>\n<tr class=\"row-3\">\n\t<td class=\"column-1\"><\/td><td class=\"column-2\">Port wy\u015bwietlacza<\/td><td class=\"column-3\">1 (przez FPE)<\/td>\n<\/tr>\n<tr class=\"row-4\">\n\t<td class=\"column-1\"><\/td><td class=\"column-2\">VGA<\/td><td class=\"column-3\">1 (przez kabel \u0142\u0105cz\u0105cy z modu\u0142em CPU)<br \/>\n<\/td>\n<\/tr>\n<tr class=\"row-5\">\n\t<td class=\"column-1\">Tylne I\/0<\/td><td class=\"column-2\">GbE<\/td><td class=\"column-3\">2 x RJ45 przez StackPC (z modu\u0142u CPU)<br \/>\n2 x RJ45 przez StackPC PCIex1 (Intel 82574IT)<\/td>\n<\/tr>\n<tr class=\"row-6\">\n\t<td class=\"column-1\"><\/td><td class=\"column-2\">USB 3.0<\/td><td class=\"column-3\">4 przez FPE<\/td>\n<\/tr>\n<tr class=\"row-7\">\n\t<td class=\"column-1\"><\/td><td class=\"column-2\">COM<\/td><td class=\"column-3\">2 x RS485 (FBUS)<br \/>\nBloki zacisk\u00f3w. Sterownik z izolacj\u0105, taki sam jak na p\u0142ycie CPU.<\/td>\n<\/tr>\n<tr class=\"row-8\">\n\t<td class=\"column-1\"><\/td><td class=\"column-2\">SATA<\/td><td class=\"column-3\">1<\/td>\n<\/tr>\n<tr class=\"row-9\">\n\t<td class=\"column-1\">Interfejs I\/O<\/td><td class=\"column-2\">SATA Power<\/td><td class=\"column-3\">1<\/td>\n<\/tr>\n<tr class=\"row-10\">\n\t<td class=\"column-1\"><\/td><td class=\"column-2\">CFast<\/td><td class=\"column-3\">1<\/td>\n<\/tr>\n<tr class=\"row-11\">\n\t<td class=\"column-1\"><\/td><td class=\"column-2\">Uchwyt karty SIM<br \/>\n<\/td><td class=\"column-3\">1<\/td>\n<\/tr>\n<tr class=\"row-12\">\n\t<td class=\"column-1\"><\/td><td class=\"column-2\">Form Factor<br \/>\n<\/td><td class=\"column-3\">EPIC z StackPC-FPE<br \/>\n<\/td>\n<\/tr>\n<tr class=\"row-13\">\n\t<td class=\"column-1\"><\/td><td class=\"column-2\">Rodzaj zasilania<br \/>\n<\/td><td class=\"column-3\">9 do 24 V DC-in<br \/>\n<\/td>\n<\/tr>\n<tr class=\"row-14\">\n\t<td class=\"column-1\">Mechanika i \u015brodowisko<\/td><td class=\"column-2\">Wymiary<\/td><td class=\"column-3\">115 x 165mm<br \/>\n<\/td>\n<\/tr>\n<tr class=\"row-15\">\n\t<td class=\"column-1\"><\/td><td class=\"column-2\">Temperatura operacyjna<\/td><td class=\"column-3\">-40\u00b0 C do 85 \u00b0 C<br \/>\n<\/td>\n<\/tr>\n<tr class=\"row-16\">\n\t<td class=\"column-1\"><\/td><td class=\"column-2\">Temperatura przechowywania<\/td><td class=\"column-3\">-55\u00b0C do 90\u00b0C<br \/>\n<\/td>\n<\/tr>\n<tr class=\"row-17\">\n\t<td class=\"column-1\"><\/td><td class=\"column-2\">Wzgl\u0119dna wilgotno\u015b\u0107<\/td><td class=\"column-3\">10% do 90%, bez kondensacji<br \/>\n<\/td>\n<\/tr>\n<\/tbody>\n<\/table>\n<!-- #tablepress-187 from cache -->\n","protected":false},"excerpt":{"rendered":"<p>SK401 is a PCIe\/104 (StackPC) peripheral module designed for stacking system, expanding extra storage. The storage carrier can support either with two mSATA modules or one mSATA with one 2.5\u201d SSD which can be stacked with other PCI\/104 Express, PCIe\/104, PCI\/104 and StackPC modules. <\/p>\n","protected":false},"featured_media":11063,"template":"","meta":{"_acf_changed":false,"inline_featured_image":false,"_monsterinsights_skip_tracking":false,"_monsterinsights_sitenote_active":false,"_monsterinsights_sitenote_note":"","_monsterinsights_sitenote_category":0},"product_brand":[],"product_cat":[512,524,510,1583],"product_tag":[],"class_list":{"0":"post-4664","1":"product","2":"type-product","3":"status-publish","4":"has-post-thumbnail","6":"product_cat-embedded-computer","7":"product_cat-pc-104-en","8":"product_cat-perfectron-en","9":"product_cat-sbc-single-board-computers","11":"first","12":"instock","13":"shipping-taxable","14":"product-type-simple"},"acf":[],"_links":{"self":[{"href":"https:\/\/quantum.com.pl\/en\/wp-json\/wp\/v2\/product\/4664","targetHints":{"allow":["GET"]}}],"collection":[{"href":"https:\/\/quantum.com.pl\/en\/wp-json\/wp\/v2\/product"}],"about":[{"href":"https:\/\/quantum.com.pl\/en\/wp-json\/wp\/v2\/types\/product"}],"wp:featuredmedia":[{"embeddable":true,"href":"https:\/\/quantum.com.pl\/en\/wp-json\/wp\/v2\/media\/11063"}],"wp:attachment":[{"href":"https:\/\/quantum.com.pl\/en\/wp-json\/wp\/v2\/media?parent=4664"}],"wp:term":[{"taxonomy":"product_brand","embeddable":true,"href":"https:\/\/quantum.com.pl\/en\/wp-json\/wp\/v2\/product_brand?post=4664"},{"taxonomy":"product_cat","embeddable":true,"href":"https:\/\/quantum.com.pl\/en\/wp-json\/wp\/v2\/product_cat?post=4664"},{"taxonomy":"product_tag","embeddable":true,"href":"https:\/\/quantum.com.pl\/en\/wp-json\/wp\/v2\/product_tag?post=4664"}],"curies":[{"name":"wp","href":"https:\/\/api.w.org\/{rel}","templated":true}]}}