{"id":4690,"date":"2019-10-16T15:48:15","date_gmt":"2019-10-16T13:48:15","guid":{"rendered":"https:\/\/quantum.com.pl\/?post_type=product&#038;p=4690"},"modified":"2020-08-25T23:00:27","modified_gmt":"2020-08-25T21:00:27","slug":"sk506","status":"publish","type":"product","link":"https:\/\/quantum.com.pl\/en\/product\/sk506\/","title":{"rendered":"SK506"},"content":{"rendered":"<h4>PCIe\/104(StackPC FPE module) Expand 4 extra 10\/100\/1000 mbps Gigabit Ethernet<\/h4>\n<p>SK506 is a PCIe\/104(StackPC-FPE) peripheral module designed for stacking system, expanding four extra Gigabit Ethernet connections with two original Gigabit Ethernet ports. The board carries Intel i350-AM4 Ethernet controller onboard, supporting quad Gigabit Ethernet ports through PCIe\/104 bus structure while the original dual Ethernet ports are supported by the host board. The StackPC Specification defines new approach to stackable systems design and development. The specification includes all valuable heritages of PCIe\/104 standards along with the new features of StackPC connector, that is, StackPC can also support PCIe\/104 signal. Currently, PERFECTRON released OXY5535B, a PCIe\/104(StackPC) host board powered by Intel Ivy Bridge Core i7 CPU to work with SK506. To match the different system requirements, two types of interface are available, RJ45 and 5 x 2 pin-headers.<\/p>\n<h4>Feature<\/h4>\n<div class=\"pro_Feature\">\n<ul>\n<li>StackPC-FPE form factor<\/li>\n<li>PCIe\/104 stackable bus structure<\/li>\n<li>Reliable Ethernet technology from Intel i350-AM4 controllers<\/li>\n<li>total 6 independent LAN connections (2 from host board, 4 from Intel controllers)<\/li>\n<li>Flexible options for Ethernets through RJ45 or 10 pin-headers<\/li>\n<li>High-performing bridgeless design supporting PCI Express Gen 2.1 5GT\/s<\/li>\n<li>Extended temperature -40 to 85\u00b0C<\/li>\n<\/ul>\n<\/div>\n<div class=\"pro_des_title\">\n<table id=\"tablepress-189\" class=\"tablepress tablepress-id-189\">\n<thead>\n<tr class=\"row-1\">\n\t<th class=\"column-1\"><strong>Form Factor<\/strong><\/th><td class=\"column-2\"><\/td><th class=\"column-3\">StackPC<br \/>\n<\/th>\n<\/tr>\n<\/thead>\n<tbody class=\"row-striping row-hover\">\n<tr class=\"row-2\">\n\t<td class=\"column-1\">Temperatura operacyjna<\/td><td class=\"column-2\"><\/td><td class=\"column-3\">-40\u00b0C ~ 85\u00b0C<br \/>\n<\/td>\n<\/tr>\n<tr class=\"row-3\">\n\t<td class=\"column-1\"><\/td><td class=\"column-2\">Ethernet<\/td><td class=\"column-3\">2 x RJ45 LAN port<br \/>\n<\/td>\n<\/tr>\n<tr class=\"row-4\">\n\t<td class=\"column-1\"><\/td><td class=\"column-2\">USB<\/td><td class=\"column-3\">4 x USB2.0<br \/>\n<\/td>\n<\/tr>\n<tr class=\"row-5\">\n\t<td class=\"column-1\">G\u00f3rna strona<\/td><td class=\"column-2\">DIO<\/td><td class=\"column-3\">1 x 16-bit (8in\/8out) DIO<br \/>\n<\/td>\n<\/tr>\n<tr class=\"row-6\">\n\t<td class=\"column-1\"><\/td><td class=\"column-2\">COM<\/td><td class=\"column-3\">3 x RS232 z mo\u017cliwo\u015bci\u0105 wyboru 5 V \/ 12V (DB9 male)<br \/>\n1 x porty RS-232\/422\/485 (DB9 male)<\/td>\n<\/tr>\n<tr class=\"row-7\">\n\t<td class=\"column-1\"><\/td><td class=\"column-2\">VGA<\/td><td class=\"column-3\">1 x 15-stykowe z\u0142\u0105cze VGA (female) # Wyd\u0142u\u017cone z listwy wtykowej VGA na spodzie<\/td>\n<\/tr>\n<tr class=\"row-8\">\n\t<td class=\"column-1\"><\/td><td class=\"column-2\">DVI-I<\/td><td class=\"column-3\">1 x 29-stykowe z\u0142\u0105cze DVI-I (female) # Wyd\u0142u\u017cone z listwy wtykowej DVI na spodzie<\/td>\n<\/tr>\n<tr class=\"row-9\">\n\t<td class=\"column-1\"><\/td><td class=\"column-2\">Z\u0142\u0105cze PCIe (StackPC)<br \/>\n<\/td><td class=\"column-3\">1 x StackPC (sp\u00f3d)<br \/>\n<\/td>\n<\/tr>\n<tr class=\"row-10\">\n\t<td class=\"column-1\">Dolna strona<\/td><td class=\"column-2\">VGA (wej\u015bcie)<br \/>\n<\/td><td class=\"column-3\">1 x 10-stykowe z\u0142\u0105cze VGA<br \/>\n<\/td>\n<\/tr>\n<tr class=\"row-11\">\n\t<td class=\"column-1\"><\/td><td class=\"column-2\">DVI-I (wej\u015bcie)<br \/>\n<\/td><td class=\"column-3\">1 x 30-stykowe z\u0142\u0105cze VGA<br \/>\n<\/td>\n<\/tr>\n<tr class=\"row-12\">\n\t<td class=\"column-1\"><\/td><td class=\"column-2\">mPCIe<\/td><td class=\"column-3\">2 x gniazdo mini PCIe<br \/>\n<\/td>\n<\/tr>\n<tr class=\"row-13\">\n\t<td class=\"column-1\"><\/td><td class=\"column-2\"><strong>Mechanika i \u015brodowisko<\/strong><\/td><td class=\"column-3\"><\/td>\n<\/tr>\n<tr class=\"row-14\">\n\t<td class=\"column-1\">Wymiary<\/td><td class=\"column-2\"><\/td><td class=\"column-3\">96 x 90 mm<br \/>\n<\/td>\n<\/tr>\n<tr class=\"row-15\">\n\t<td class=\"column-1\">Temperatura operacyjna<\/td><td class=\"column-2\"><\/td><td class=\"column-3\">-40\u00b0C do 85\u00b0C (otoczenie z przep\u0142ywem powietrza)<\/td>\n<\/tr>\n<tr class=\"row-16\">\n\t<td class=\"column-1\">Wzgl\u0119dna wilgotno\u015b\u0107<\/td><td class=\"column-2\"><\/td><td class=\"column-3\">5% do 95%, bez kondensacji<br \/>\n<\/td>\n<\/tr>\n<\/tbody>\n<\/table>\n<!-- #tablepress-189 from cache --><\/div>\n","protected":false},"excerpt":{"rendered":"<p> The StackPC Specification defines new approach to stackable systems design and development. The specification includes all valuable heritages of PCIe\/104 standards along with the new features of StackPC connector, that is, StackPC can also support PCIe\/104 signal. <\/p>\n","protected":false},"featured_media":10995,"template":"","meta":{"_acf_changed":false,"inline_featured_image":false,"_monsterinsights_skip_tracking":false,"_monsterinsights_sitenote_active":false,"_monsterinsights_sitenote_note":"","_monsterinsights_sitenote_category":0},"product_brand":[],"product_cat":[512,524,510,1583],"product_tag":[],"class_list":{"0":"post-4690","1":"product","2":"type-product","3":"status-publish","4":"has-post-thumbnail","6":"product_cat-embedded-computer","7":"product_cat-pc-104-en","8":"product_cat-perfectron-en","9":"product_cat-sbc-single-board-computers","11":"first","12":"instock","13":"shipping-taxable","14":"product-type-simple"},"acf":[],"_links":{"self":[{"href":"https:\/\/quantum.com.pl\/en\/wp-json\/wp\/v2\/product\/4690","targetHints":{"allow":["GET"]}}],"collection":[{"href":"https:\/\/quantum.com.pl\/en\/wp-json\/wp\/v2\/product"}],"about":[{"href":"https:\/\/quantum.com.pl\/en\/wp-json\/wp\/v2\/types\/product"}],"wp:featuredmedia":[{"embeddable":true,"href":"https:\/\/quantum.com.pl\/en\/wp-json\/wp\/v2\/media\/10995"}],"wp:attachment":[{"href":"https:\/\/quantum.com.pl\/en\/wp-json\/wp\/v2\/media?parent=4690"}],"wp:term":[{"taxonomy":"product_brand","embeddable":true,"href":"https:\/\/quantum.com.pl\/en\/wp-json\/wp\/v2\/product_brand?post=4690"},{"taxonomy":"product_cat","embeddable":true,"href":"https:\/\/quantum.com.pl\/en\/wp-json\/wp\/v2\/product_cat?post=4690"},{"taxonomy":"product_tag","embeddable":true,"href":"https:\/\/quantum.com.pl\/en\/wp-json\/wp\/v2\/product_tag?post=4690"}],"curies":[{"name":"wp","href":"https:\/\/api.w.org\/{rel}","templated":true}]}}