{"id":4761,"date":"2019-10-16T19:11:44","date_gmt":"2019-10-16T17:11:44","guid":{"rendered":"https:\/\/quantum.com.pl\/?post_type=product&#038;p=4761"},"modified":"2020-08-25T23:00:25","modified_gmt":"2020-08-25T21:00:25","slug":"oxy5362a","status":"publish","type":"product","link":"https:\/\/quantum.com.pl\/en\/product\/oxy5362a\/","title":{"rendered":"OXY5362A"},"content":{"rendered":"<div class=\"proname_list2\">\n<h4>Intel\u00ae 7th Gen. Kabylake-U Core&#x2122; i7\/i5\/i3 Processor 3.5&#8243; SBC<\/h4>\n<ul>\n<li>Support 7th Generation Intel\u00ae Core&#x2122; i7-7600U Processor<\/li>\n<li>2 x SO-DIMM, supports Dual Channel DDR4 1866\/2133 up to 32GB<\/li>\n<li>1 x Full-size mPCIe, 1 x Half-size mPCIe<\/li>\n<li>Multi display: 2 x DisplayPort ; 1 x Dual Channel 24 Bit LVDS<\/li>\n<li>Dual LAN Ports ( Intel I210-IT &amp; 1 x I219-LM GbE)<\/li>\n<li>2 x COM Ports: 1 x RS-232, 1 x RS232\/422\/485<\/li>\n<li>6 x USB Ports: 4 x USB 3.0, 2 x USB 2.0<\/li>\n<li>Wide rang 9~36V DC-in<\/li>\n<li>Extended operating temp. -10~+85\u00b0C<\/li>\n<\/ul>\n<h4>Technical Profile<\/h4>\n<p>OXY5362A is a highly integrated 3.5&#8243; rugged SBC driven by Intel\u00ae Kabylake U SoC i7-7600U soldering onboard. With processor soldered onboard can significantly enhance the resistance of vibration and shock. Processor supports graphics (HD Graphics 620 Series) and CPU performance and equips with rich legacy I\/O features such as: 2 COM Ports; 8 Bit DIO; 6 USB Ports. With 2 DisplayPort and a Dual Channel 24 Bit LVDS, OXY5362A can fulfill diverse needs of modern day display &amp; monitor control applications.OXY5362A can operate in harsh environment under temperature range from -20 to 85 \u00b0C and avoid damage from sudden surge of voltage with its 9V~36V DC input design.<\/p>\n<h4>Rich I\/O interface \u2013 Extensive Functionality<\/h4>\n<p>Rich I\/O design endows OXY5362A with the ability to comprehend present day automation devices, display, and other applications that require extensive I\/O features. With 2 COM, 6 USB, 2 LAN, and dual Channel 24-bit LVDS, OXY5362A provides a wide array of choices to expand and connect to different devices.<\/p>\n<h4>Extended Temperature Operation<\/h4>\n<p>PERFECTRON aims to provide excellent performance to all types of temperature zone. From component selection to layout design, we dedicate our knowledge to make sure that our boards can stand extreme temperature. OXY5362A can operate from -10 up to 85 degree, our strict manufacture procedure guarantees supreme performance in severe environment.<\/p>\n<h4>Efficient thermal solution<\/h4>\n<p>A tailor-made heat spreader is what PERFECTRON provide for engineers to reduce mechanical design period also ensures the highest efficacy for dissipation. For OXY5362A, the customized heat sink is placed on top of the CPU and chipset, acting as the medium that exchanges the heat to the surrounding atmosphere. The highly efficient aluminum heat sink has a thermal conductivity to absorb the heat generated by the pumping CPU.<\/p>\n\n<table id=\"tablepress-197\" class=\"tablepress tablepress-id-197\">\n<thead>\n<tr class=\"row-1\">\n\t<th class=\"column-1\"><strong>Model<\/strong><\/th><td class=\"column-2\"><\/td><th class=\"column-3\"><strong>OXY5362A<\/strong><\/th>\n<\/tr>\n<\/thead>\n<tbody class=\"row-striping row-hover\">\n<tr class=\"row-2\">\n\t<td class=\"column-1\">Temperatura operacyjna<\/td><td class=\"column-2\"><\/td><td class=\"column-3\">-20\u00b0C ~ +70\u00b0C<br \/>\n<\/td>\n<\/tr>\n<tr class=\"row-3\">\n\t<td class=\"column-1\"><\/td><td class=\"column-2\">Typ CPU<\/td><td class=\"column-3\">Intel\u00ae Broadwell-U SoC 14nm Core\u2122 i7\/i5 BGA Type<br \/>\nIntel\u00ae Core\u2122 i5-5350U Processor (2C, 3M Cache, up to 2.90 GHz, 9.5W)<br \/>\nIntel\u00ae Core\u2122 i7-5650U Processor (2C, 4M Cache, up to 3.20 GHz, 9.5W)<br \/>\nIntel\u00ae Core\u2122 i3-5010U Processor (2C, 3M Cache, up to 2.10 GHz)<br \/>\nIntel\u00ae Celeron\u00ae Processor 3765U (2C, 2M Cache, up to 1.90 GHz)<br \/>\n<\/td>\n<\/tr>\n<tr class=\"row-4\">\n\t<td class=\"column-1\"><\/td><td class=\"column-2\">Chipset<\/td><td class=\"column-3\">SoC, zintegrowany z CPU<br \/>\n<\/td>\n<\/tr>\n<tr class=\"row-5\">\n\t<td class=\"column-1\">System<\/td><td class=\"column-2\">Typ pami\u0119ci<\/td><td class=\"column-3\">1 x 204-pin SO-DIMM DDR3L 1600 MHz up to 16 GB w\/o ECC support<br \/>\n<br \/>\n<\/td>\n<\/tr>\n<tr class=\"row-6\">\n\t<td class=\"column-1\"><\/td><td class=\"column-2\">BIOS<\/td><td class=\"column-3\">AMI\u00ae SPI BIOS<br \/>\n<\/td>\n<\/tr>\n<tr class=\"row-7\">\n\t<td class=\"column-1\"><\/td><td class=\"column-2\">Zegar nadzoruj\u0105cy<\/td><td class=\"column-3\">1-255 sek. lub 1-255 min. programowalny software<br \/>\n<\/td>\n<\/tr>\n<tr class=\"row-8\">\n\t<td class=\"column-1\">Gniazdo rozszerze\u0144<\/td><td class=\"column-2\">Mini PCIe<\/td><td class=\"column-3\">1 x Full-size mPCIe\/mSATA<br \/>\n1 x Half-size mPCIe\/mSATA<\/td>\n<\/tr>\n<tr class=\"row-9\">\n\t<td class=\"column-1\"><\/td><td class=\"column-2\">Chipset<\/td><td class=\"column-3\">Intel\u00ae HD Graphics 6000<br \/>\n<br \/>\n<\/td>\n<\/tr>\n<tr class=\"row-10\">\n\t<td class=\"column-1\">Wy\u015bwietlacz<\/td><td class=\"column-2\">HDMI<\/td><td class=\"column-3\">2 (maksymalna rozdzielczo\u015b\u0107 4096 * 2304)<br \/>\n<\/td>\n<\/tr>\n<tr class=\"row-11\">\n\t<td class=\"column-1\"><\/td><td class=\"column-2\">LVDS<\/td><td class=\"column-3\">Dwukana\u0142owy 24-bitowy LVDS<br \/>\n<\/td>\n<\/tr>\n<tr class=\"row-12\">\n\t<td class=\"column-1\"><\/td><td class=\"column-2\">Typ wy\u015bwietlacza<\/td><td class=\"column-3\">HDMI, LVDS<br \/>\n<\/td>\n<\/tr>\n<tr class=\"row-13\">\n\t<td class=\"column-1\">Audio<\/td><td class=\"column-2\">Codec<\/td><td class=\"column-3\">Realtek ALC886<br \/>\n<\/td>\n<\/tr>\n<tr class=\"row-14\">\n\t<td class=\"column-1\"><\/td><td class=\"column-2\">Chipset<\/td><td class=\"column-3\">1 x Intel\u00ae I210-IT i 1 x Intel\u00ae I219-LM GbE LAN<br \/>\n(obs\u0142uguje 10\/100\/1000 Mbps dla 2 port\u00f3w RJ45)<\/td>\n<\/tr>\n<tr class=\"row-15\">\n\t<td class=\"column-1\">Ethernet<\/td><td class=\"column-2\">WOL<\/td><td class=\"column-3\">Tak<\/td>\n<\/tr>\n<tr class=\"row-16\">\n\t<td class=\"column-1\"><\/td><td class=\"column-2\">Boot from LAN<\/td><td class=\"column-3\">Tak dla PXE<br \/>\n<\/td>\n<\/tr>\n<tr class=\"row-17\">\n\t<td class=\"column-1\"><\/td><td class=\"column-2\">Chipset<\/td><td class=\"column-3\">\t1 x Intel\u00ae i211AT &amp; 1 x Intel\u00ae i218LM GbE LAN<br \/>\n(support 10\/100\/1000 Mbps for 2 x RJ45 ports)<\/td>\n<\/tr>\n<tr class=\"row-18\">\n\t<td class=\"column-1\">Tylne I\/O<\/td><td class=\"column-2\">HDMI<\/td><td class=\"column-3\">2 x 19-pin HDMI A Type connector (female)<br \/>\n<\/td>\n<\/tr>\n<tr class=\"row-19\">\n\t<td class=\"column-1\"><\/td><td class=\"column-2\">Ethernet<\/td><td class=\"column-3\">2 porty RJ45 (obs\u0142uga 10\/100\/1000 Mbps dla 2 port\u00f3w RJ45)<br \/>\n<\/td>\n<\/tr>\n<tr class=\"row-20\">\n\t<td class=\"column-1\"><\/td><td class=\"column-2\">USB<\/td><td class=\"column-3\">4 x USB 3.0<br \/>\n<\/td>\n<\/tr>\n<tr class=\"row-21\">\n\t<td class=\"column-1\"><\/td><td class=\"column-2\">SATA<\/td><td class=\"column-3\">1 x SATAIII (6 Gb\/s)<br \/>\n<\/td>\n<\/tr>\n<tr class=\"row-22\">\n\t<td class=\"column-1\"><\/td><td class=\"column-2\">USB<\/td><td class=\"column-3\">2 x USB 3.0, 2 x USB 2.0<br \/>\n<\/td>\n<\/tr>\n<tr class=\"row-23\">\n\t<td class=\"column-1\"><\/td><td class=\"column-2\">COM<\/td><td class=\"column-3\">1 x RS232\/422\/485<br \/>\n<\/td>\n<\/tr>\n<tr class=\"row-24\">\n\t<td class=\"column-1\">Interfejs I\/O<\/td><td class=\"column-2\">Audio<\/td><td class=\"column-3\">Mic-in, Line-in\/out<br \/>\n<\/td>\n<\/tr>\n<tr class=\"row-25\">\n\t<td class=\"column-1\"><\/td><td class=\"column-2\">FAN<\/td><td class=\"column-3\">1 x CPU fan<br \/>\n<\/td>\n<\/tr>\n<tr class=\"row-26\">\n\t<td class=\"column-1\"><\/td><td class=\"column-2\">LVDS<\/td><td class=\"column-3\">30-stykowe z\u0142\u0105cze<br \/>\n<\/td>\n<\/tr>\n<tr class=\"row-27\">\n\t<td class=\"column-1\"><\/td><td class=\"column-2\">DIO<\/td><td class=\"column-3\">8-bit (4 wej\u015bcia \/ 4 wyj\u015bcia)<br \/>\n<\/td>\n<\/tr>\n<tr class=\"row-28\">\n\t<td class=\"column-1\">Lista obs\u0142ugiwanych system\u00f3w operacyjnych<br \/>\n<\/td><td class=\"column-2\">Windows<\/td><td class=\"column-3\">Windows 7 x32\u3001Windows 7 x64\u3001Windows 8 x32\u3001<br \/>\nWindows 8 x64\u3001Windows 8.1 x32\u3001Windows 8.1 x64<\/td>\n<\/tr>\n<tr class=\"row-29\">\n\t<td class=\"column-1\"><\/td><td class=\"column-2\">Linux<\/td><td class=\"column-3\">Fedora 20\u3001Ubuntu 13.04\u3001Ubuntu 13.10\u3001Ubuntu 14.04<br \/>\n<\/td>\n<\/tr>\n<tr class=\"row-30\">\n\t<td class=\"column-1\"><\/td><td class=\"column-2\"><strong>Mechanika i \u015brodowisko<\/strong><\/td><td class=\"column-3\"><\/td>\n<\/tr>\n<tr class=\"row-31\">\n\t<td class=\"column-1\">Form Factor<\/td><td class=\"column-2\"><\/td><td class=\"column-3\">3.5\" SBC<br \/>\n<\/td>\n<\/tr>\n<tr class=\"row-32\">\n\t<td class=\"column-1\">Rodzaj zasilania<\/td><td class=\"column-2\"><\/td><td class=\"column-3\">8~32V DC-in<br \/>\n<\/td>\n<\/tr>\n<tr class=\"row-33\">\n\t<td class=\"column-1\">Wymiary<\/td><td class=\"column-2\"><\/td><td class=\"column-3\">146 x 102 mm (5.7\" x 4\")<br \/>\n<\/td>\n<\/tr>\n<tr class=\"row-34\">\n\t<td class=\"column-1\">Temperatura operacyjna<\/td><td class=\"column-2\"><\/td><td class=\"column-3\">-20\u2103 do 70\u2103<br \/>\n<\/td>\n<\/tr>\n<tr class=\"row-35\">\n\t<td class=\"column-1\">Temperatura przechowywania<\/td><td class=\"column-2\"><\/td><td class=\"column-3\">-20\u2103 do 80\u2103<br \/>\n<\/td>\n<\/tr>\n<tr class=\"row-36\">\n\t<td class=\"column-1\">Wzgl\u0119dna wilgotno\u015b\u0107<\/td><td class=\"column-2\"><\/td><td class=\"column-3\">10% do 90%, bez kondensacji<br \/>\n<\/td>\n<\/tr>\n<\/tbody>\n<\/table>\n<!-- #tablepress-197 from cache -->\n<\/div>\n","protected":false},"excerpt":{"rendered":"<p>OXY5362A is a highly integrated 3.5&#8243; rugged SBC driven by Intel\u00ae Kabylake U SoC i7-7600U soldering onboard. With processor soldered onboard can significantly enhance the resistance of vibration and shock.<\/p>\n","protected":false},"featured_media":11047,"template":"","meta":{"_acf_changed":false,"inline_featured_image":false,"_monsterinsights_skip_tracking":false,"_monsterinsights_sitenote_active":false,"_monsterinsights_sitenote_note":"","_monsterinsights_sitenote_category":0},"product_brand":[],"product_cat":[566,512,510,1583],"product_tag":[],"class_list":{"0":"post-4761","1":"product","2":"type-product","3":"status-publish","4":"has-post-thumbnail","6":"product_cat-35-sbc-en","7":"product_cat-embedded-computer","8":"product_cat-perfectron-en","9":"product_cat-sbc-single-board-computers","11":"first","12":"instock","13":"shipping-taxable","14":"product-type-simple"},"acf":[],"_links":{"self":[{"href":"https:\/\/quantum.com.pl\/en\/wp-json\/wp\/v2\/product\/4761","targetHints":{"allow":["GET"]}}],"collection":[{"href":"https:\/\/quantum.com.pl\/en\/wp-json\/wp\/v2\/product"}],"about":[{"href":"https:\/\/quantum.com.pl\/en\/wp-json\/wp\/v2\/types\/product"}],"wp:featuredmedia":[{"embeddable":true,"href":"https:\/\/quantum.com.pl\/en\/wp-json\/wp\/v2\/media\/11047"}],"wp:attachment":[{"href":"https:\/\/quantum.com.pl\/en\/wp-json\/wp\/v2\/media?parent=4761"}],"wp:term":[{"taxonomy":"product_brand","embeddable":true,"href":"https:\/\/quantum.com.pl\/en\/wp-json\/wp\/v2\/product_brand?post=4761"},{"taxonomy":"product_cat","embeddable":true,"href":"https:\/\/quantum.com.pl\/en\/wp-json\/wp\/v2\/product_cat?post=4761"},{"taxonomy":"product_tag","embeddable":true,"href":"https:\/\/quantum.com.pl\/en\/wp-json\/wp\/v2\/product_tag?post=4761"}],"curies":[{"name":"wp","href":"https:\/\/api.w.org\/{rel}","templated":true}]}}