{"id":4840,"date":"2019-10-21T16:31:16","date_gmt":"2019-10-21T14:31:16","guid":{"rendered":"https:\/\/quantum.com.pl\/product\/thor100\/"},"modified":"2020-08-25T23:02:22","modified_gmt":"2020-08-25T21:02:22","slug":"thor100","status":"publish","type":"product","link":"https:\/\/quantum.com.pl\/en\/product\/thor100\/","title":{"rendered":"THOR100"},"content":{"rendered":"<h4>MIL-STD IP65 Rugged System with Intel\u00ae Core&#x2122; i7-5650U Broadwell Processor, 9V to 36V DC-in, Wide Temp. -40 to 70\u00b0C<\/h4>\n<p>&nbsp;<\/p>\n<p>THOR100 is driven by Intel 5th generation Broadwell i7-5650U processor soldering onboard which is an extremely compact Core I-based fanless rugged system. Broadwell processor supports outstanding CPU and graphics performance, providing dual cores 3.2GHz clock speed while consuming low power consumption 9.5W.<\/p>\n<p>THOR100 highlight on its rugged design and high functionality, the system especially installed MIL-STD Amphenol type connector and full IP65 protection allow system withstand in any kind of harsh environment. THOR100-CI supports extended temperature from -40 to 70\u00b0C and wide range 9V~36V DC input can protect system from damages caused by sudden surge of voltage, thus further secure the reliability of its critical components and the system itself.<\/p>\n<h4>Technical features:<\/h4>\n<ul>\n<li>Intel\u00ae Broadwell BGA i7-5650U (2 cores x 2.2GHz, 15W)<\/li>\n<li>2 x DDR3L XR-DIMM up to 16GB<\/li>\n<li>64GB Onboard SATAIII SSD<\/li>\n<li>Amphenol M12 connector applied<\/li>\n<li>IP65 classify<\/li>\n<li>Wide range 9V to 36V DC-in<\/li>\n<li>Extended operating temperature. -40 to 70\u00b0C<\/li>\n<\/ul>\n<p>&nbsp;<\/p>\n<h4>System main board: EPIC OXY5638B SBC<\/h4>\n<p>&nbsp;<\/p>\n<p><strong>(1) Intel Broadwell Core i7-5650U on board<\/strong><\/p>\n<p>THOR100 is based EPIC OXY5638B, powered by on Intel Broadwell Core i7-5650U and 64GB SSD on board. With CPU and SSD soldering onboard, there is less conduction of heat and high-density interconnection between the motherboard and the components, which reduces the motherboard from the crisis of overheating.<\/p>\n<p><strong>(2) Wide voltage power input 9V~36V<\/strong><\/p>\n<p>To withstand under any kinds of application challenges, system with wide range designed is brings maximum reliability and stability. Wide voltage power input design (9~36V) can protect the system from damages caused by sudden surge of voltage, thus further secure the reliability of its critical components and the system itself.<\/p>\n<p>&nbsp;<\/p>\n\n<table id=\"tablepress-204\" class=\"tablepress tablepress-id-204\">\n<thead>\n<tr class=\"row-1\">\n\t<th class=\"column-1\"><strong>Model<\/strong><\/th><td class=\"column-2\"><\/td><th class=\"column-3\"><strong>OXY5335A-UT<\/strong><\/th>\n<\/tr>\n<\/thead>\n<tbody class=\"row-striping row-hover\">\n<tr class=\"row-2\">\n\t<td class=\"column-1\">Temperatura operacyjna<\/td><td class=\"column-2\"><\/td><td class=\"column-3\">-40\u00b0C ~ +85\u00b0C<br \/>\n<\/td>\n<\/tr>\n<tr class=\"row-3\">\n\t<td class=\"column-1\"><\/td><td class=\"column-2\">Typ CPU<\/td><td class=\"column-3\">Intel\u00ae Ivy Bridge 22nm Core\u2122 i7\/i5\/i3 BGA Type<br \/>\nIntel\u00ae Core\u2122 i7-3517UE (2C x 1.7 GHz), 4M L2 cache (17W)<br \/>\nIntel\u00ae Core\u2122 i5-3610ME (2C x 2.7 GHz), 3M L2 cache (35W)<br \/>\nIntel\u00ae Core\u2122 i3-3217UE (2C x 1.66 GHz), 3M L2 cache (17W)<\/td>\n<\/tr>\n<tr class=\"row-4\">\n\t<td class=\"column-1\"><\/td><td class=\"column-2\">Chipset<\/td><td class=\"column-3\">IntelR QM77 Express Chipset (IntelR BD82QM77 PCH)<br \/>\n<\/td>\n<\/tr>\n<tr class=\"row-5\">\n\t<td class=\"column-1\">System<\/td><td class=\"column-2\">Typ pami\u0119ci<\/td><td class=\"column-3\">1 x 204-pin SO-DIMM DDR3L 1600 MHz up to 8 GB w\/o ECC support<br \/>\n<\/td>\n<\/tr>\n<tr class=\"row-6\">\n\t<td class=\"column-1\"><\/td><td class=\"column-2\">BIOS<\/td><td class=\"column-3\">AMI\u00ae UEFI BIOS<\/td>\n<\/tr>\n<tr class=\"row-7\">\n\t<td class=\"column-1\"><\/td><td class=\"column-2\">Zegar nadzoruj\u0105cy<\/td><td class=\"column-3\">1-255 sek. lub 1-255 min. programowalny software<br \/>\n<\/td>\n<\/tr>\n<tr class=\"row-8\">\n\t<td class=\"column-1\">Gniazdo rozszerze\u0144<\/td><td class=\"column-2\">Mini PCIe<\/td><td class=\"column-3\">1 x miniPCIe for Gen2<br \/>\n<\/td>\n<\/tr>\n<tr class=\"row-9\">\n\t<td class=\"column-1\"><\/td><td class=\"column-2\">mSATA<\/td><td class=\"column-3\">1 x mSATA for Gen2<br \/>\n<br \/>\n<\/td>\n<\/tr>\n<tr class=\"row-10\">\n\t<td class=\"column-1\">Wy\u015bwietlacz<\/td><td class=\"column-2\">Chipset<\/td><td class=\"column-3\">Intel\u00ae HD Grapics 4000 Integrated Graphics Engine<br \/>\n<\/td>\n<\/tr>\n<tr class=\"row-11\">\n\t<td class=\"column-1\"><\/td><td class=\"column-2\">LVDS<\/td><td class=\"column-3\">Dwukana\u0142owy 24-bitowy LVDS<br \/>\n<\/td>\n<\/tr>\n<tr class=\"row-12\">\n\t<td class=\"column-1\"><\/td><td class=\"column-2\">Typ wy\u015bwietlacza<\/td><td class=\"column-3\">VGA, LVDS, DVI-I<br \/>\n<\/td>\n<\/tr>\n<tr class=\"row-13\">\n\t<td class=\"column-1\"><\/td><td class=\"column-2\">VGA<\/td><td class=\"column-3\">Tak (Max. rozdzielczo\u015b\u0107 2048 x 1536 @ 60Hz)<br \/>\n<\/td>\n<\/tr>\n<tr class=\"row-14\">\n\t<td class=\"column-1\">Audio<\/td><td class=\"column-2\">Codec<\/td><td class=\"column-3\">Realtek ALC887 High Definition Audio Codec<br \/>\n<\/td>\n<\/tr>\n<tr class=\"row-15\">\n\t<td class=\"column-1\"><\/td><td class=\"column-2\">Chipset<\/td><td class=\"column-3\">1 x Intel\u00ae 82579LM &amp; 1 x Intel\u00ae 82574L GbE LAN<br \/>\n(support 10\/100\/1000 Mbps for 2 x RJ45 ports)<\/td>\n<\/tr>\n<tr class=\"row-16\">\n\t<td class=\"column-1\">Ethernet<\/td><td class=\"column-2\">WOL<\/td><td class=\"column-3\">Tak<\/td>\n<\/tr>\n<tr class=\"row-17\">\n\t<td class=\"column-1\"><\/td><td class=\"column-2\">Boot from LAN<\/td><td class=\"column-3\">Tak dla PXE<br \/>\n<\/td>\n<\/tr>\n<tr class=\"row-18\">\n\t<td class=\"column-1\"><\/td><td class=\"column-2\">Chipset<\/td><td class=\"column-3\">\t1 x Intel\u00ae i211AT &amp; 1 x Intel\u00ae i218LM GbE LAN<br \/>\n(support 10\/100\/1000 Mbps for 2 x RJ45 ports)<\/td>\n<\/tr>\n<tr class=\"row-19\">\n\t<td class=\"column-1\">Tylne I\/O<\/td><td class=\"column-2\">VGA<\/td><td class=\"column-3\">1 x 15-pin VGA connector (female<br \/>\n<\/td>\n<\/tr>\n<tr class=\"row-20\">\n\t<td class=\"column-1\"><\/td><td class=\"column-2\">Ethernet<\/td><td class=\"column-3\">2 porty RJ45 (obs\u0142uga 10\/100\/1000 Mbps dla 2 port\u00f3w RJ45)<br \/>\n<\/td>\n<\/tr>\n<tr class=\"row-21\">\n\t<td class=\"column-1\"><\/td><td class=\"column-2\">USB<\/td><td class=\"column-3\">2 x USB 3.0<br \/>\n<\/td>\n<\/tr>\n<tr class=\"row-22\">\n\t<td class=\"column-1\"><\/td><td class=\"column-2\">SATA<\/td><td class=\"column-3\">1 x SATAIII (6 Gb\/s)<br \/>\n<\/td>\n<\/tr>\n<tr class=\"row-23\">\n\t<td class=\"column-1\"><\/td><td class=\"column-2\">USB<\/td><td class=\"column-3\">8 x USB 2.0 ports by pin header<br \/>\n<\/td>\n<\/tr>\n<tr class=\"row-24\">\n\t<td class=\"column-1\"><\/td><td class=\"column-2\">COM<\/td><td class=\"column-3\">RS232: DCD-, RXD, TXD, DTR-, GND, DSR-, RTS-, CTS-<br \/>\nRS422: TX-, RX+, <br \/>\nTX+, RX-, GND<br \/>\nRS485: DATA-, DATA+, GND<br \/>\n3 x COM ports<br \/>\nCOM 1, 3, 4 ports support RS232 by pin header<br \/>\n<\/td>\n<\/tr>\n<tr class=\"row-25\">\n\t<td class=\"column-1\">Interfejs I\/O<\/td><td class=\"column-2\">Audio<\/td><td class=\"column-3\">Mic-in, Line-in, Line-out<br \/>\n<\/td>\n<\/tr>\n<tr class=\"row-26\">\n\t<td class=\"column-1\"><\/td><td class=\"column-2\">FAN<\/td><td class=\"column-3\">1 x CPU fan<br \/>\n<\/td>\n<\/tr>\n<tr class=\"row-27\">\n\t<td class=\"column-1\"><\/td><td class=\"column-2\">LVDS<\/td><td class=\"column-3\">30-stykowe z\u0142\u0105cze<br \/>\n<\/td>\n<\/tr>\n<tr class=\"row-28\">\n\t<td class=\"column-1\"><\/td><td class=\"column-2\">DIO<\/td><td class=\"column-3\">8-bit (4 wej\u015bcia \/ 4 wyj\u015bcia)<br \/>\n<\/td>\n<\/tr>\n<tr class=\"row-29\">\n\t<td class=\"column-1\">Lista obs\u0142ugiwanych system\u00f3w operacyjnych<br \/>\n<\/td><td class=\"column-2\">Windows<\/td><td class=\"column-3\">Windows 7 x32\u3001Windows 7 x64<br \/>\n<\/td>\n<\/tr>\n<tr class=\"row-30\">\n\t<td class=\"column-1\"><\/td><td class=\"column-2\">Linux<\/td><td class=\"column-3\">Ubuntu 14.04<br \/>\n<\/td>\n<\/tr>\n<tr class=\"row-31\">\n\t<td class=\"column-1\"><\/td><td class=\"column-2\"><strong>Mechanika i \u015brodowisko<\/strong><\/td><td class=\"column-3\"><\/td>\n<\/tr>\n<tr class=\"row-32\">\n\t<td class=\"column-1\">Form Factor<\/td><td class=\"column-2\"><\/td><td class=\"column-3\">3.5\" SBC<br \/>\n<\/td>\n<\/tr>\n<tr class=\"row-33\">\n\t<td class=\"column-1\">Rodzaj zasilania<\/td><td class=\"column-2\"><\/td><td class=\"column-3\">Wej\u015bcie 12V DC, 4-stykowe z\u0142\u0105cze zasilania ATX, obs\u0142uga trybu AT \/ ATX<\/td>\n<\/tr>\n<tr class=\"row-34\">\n\t<td class=\"column-1\">Wymiary<\/td><td class=\"column-2\"><\/td><td class=\"column-3\">146 x 102 mm (5.7\" x 4\")<br \/>\n<\/td>\n<\/tr>\n<tr class=\"row-35\">\n\t<td class=\"column-1\">Temperatura operacyjna<\/td><td class=\"column-2\"><\/td><td class=\"column-3\">-20\u2103 do 70\u2103<br \/>\n<\/td>\n<\/tr>\n<tr class=\"row-36\">\n\t<td class=\"column-1\">Temperatura przechowywania<\/td><td class=\"column-2\"><\/td><td class=\"column-3\">-20\u2103 do 70\u2103<br \/>\n<\/td>\n<\/tr>\n<tr class=\"row-37\">\n\t<td class=\"column-1\">Wzgl\u0119dna wilgotno\u015b\u0107<\/td><td class=\"column-2\"><\/td><td class=\"column-3\">10% do 90%, bez kondensacji<br \/>\n<\/td>\n<\/tr>\n<\/tbody>\n<\/table>\n\n","protected":false},"excerpt":{"rendered":"<p>MIL-STD IP65 Rugged System with Intel\u00ae Core&#x2122; i7-5650U Broadwell Processor, 9V to 36V DC-in, Wide Temp. -40 to 70\u00b0C<\/p>\n","protected":false},"featured_media":11105,"template":"","meta":{"_acf_changed":false,"inline_featured_image":false,"_monsterinsights_skip_tracking":false,"_monsterinsights_sitenote_active":false,"_monsterinsights_sitenote_note":"","_monsterinsights_sitenote_category":0},"product_brand":[],"product_cat":[510,1592,534],"product_tag":[],"class_list":{"0":"post-4840","1":"product","2":"type-product","3":"status-publish","4":"has-post-thumbnail","6":"product_cat-perfectron-en","7":"product_cat-rugged-computers","8":"product_cat-rugged-computing-systems","10":"first","11":"instock","12":"shipping-taxable","13":"product-type-simple"},"acf":[],"_links":{"self":[{"href":"https:\/\/quantum.com.pl\/en\/wp-json\/wp\/v2\/product\/4840","targetHints":{"allow":["GET"]}}],"collection":[{"href":"https:\/\/quantum.com.pl\/en\/wp-json\/wp\/v2\/product"}],"about":[{"href":"https:\/\/quantum.com.pl\/en\/wp-json\/wp\/v2\/types\/product"}],"wp:featuredmedia":[{"embeddable":true,"href":"https:\/\/quantum.com.pl\/en\/wp-json\/wp\/v2\/media\/11105"}],"wp:attachment":[{"href":"https:\/\/quantum.com.pl\/en\/wp-json\/wp\/v2\/media?parent=4840"}],"wp:term":[{"taxonomy":"product_brand","embeddable":true,"href":"https:\/\/quantum.com.pl\/en\/wp-json\/wp\/v2\/product_brand?post=4840"},{"taxonomy":"product_cat","embeddable":true,"href":"https:\/\/quantum.com.pl\/en\/wp-json\/wp\/v2\/product_cat?post=4840"},{"taxonomy":"product_tag","embeddable":true,"href":"https:\/\/quantum.com.pl\/en\/wp-json\/wp\/v2\/product_tag?post=4840"}],"curies":[{"name":"wp","href":"https:\/\/api.w.org\/{rel}","templated":true}]}}