{"id":4904,"date":"2019-10-21T19:17:11","date_gmt":"2019-10-21T17:17:11","guid":{"rendered":"https:\/\/quantum.com.pl\/product\/en235a\/"},"modified":"2020-05-08T11:43:43","modified_gmt":"2020-05-08T09:43:43","slug":"en235a","status":"publish","type":"product","link":"https:\/\/quantum.com.pl\/en\/product\/en235a\/","title":{"rendered":"EN235A"},"content":{"rendered":"<h4>1U Rackmount Fanless System with 3rd Gen. Intel\u00ae Core&#x2122; Processor, EN50155 Certified, 33.6V to 62.4V DC-in, Smart UPS, Extended Temp. -40~70\u00b0C.<\/h4>\n<p>&nbsp;<\/p>\n<p>EN 235A is 19&#8243; 1U Rack-mount Fanless rugged System, suitable for application such as railway, high-end automation etc. Powered by Intel\u00ae Ivy Bridge i7-3610QE CPU and QM77 chipset, quad cores CPU can have high performance 2.3GHz- 3.3 GHz. The fanless design ensures silent operation and eliminates the possibility of gathering dust and external debris inflow which may cause system failure over time.<\/p>\n<p>EN235A integrates wide range DC input from 33.6V to 62.4V with extended temperature operation up to +70\u00b0C without CPU throttling. Moreover, being EN50155-certified, EN235A possesses high performance under various power supply conditions, especially in rolling stock equipment and railway application.<\/p>\n<h4>Technical features:<\/h4>\n<ul>\n<li>Intel\u00ae Ivy Bridge Processor Core i7<\/li>\n<li>2 x DDR3 SO-DIMM up to 16 GB<\/li>\n<li>4 x 2.5&#8243; SATA HDD\/SSD (2 x Easy Swap 2.5&#8243; HDD cage)<\/li>\n<li>Dual GbE LAN ports (M12 connector)<\/li>\n<li>4 x USB 3.0, 1 x VGA, 1 x HDMI, 1 x DVI-I<\/li>\n<li>33.6V~62.4V DC-in<\/li>\n<li>Extended temperature -40 to 70\u00b0C<\/li>\n<li>EN50155 compliant<\/li>\n<\/ul>\n<p>&nbsp;<\/p>\n<h4>EN50155 Compliant<\/h4>\n<p>EN50155 is an international standard covering electronic equipment used on rolling stock for railway applications. The standard covers aspects of this electronic equipment, including temperature, humidity, shock, vibration, and other parameters. EN235A is compliant with the essential sections of EN50155. Meet with most critical EN50155 Tx Class, EN235A can withstand environmental from -40 to 70\u00b0C internal cubicle temp., cooling test -40\u00b0C for 2 hours, dry heat test +70\u00b0C for 6 hours. On vibration, 5 to 150 Hz 5 hours \/ axis (0.5 g) for non-operation, 5 to 150 Hz 10 mins \/ axis (0.1 g) for operation; Shock is test by Half Sine wave 50 m \/ s2 30ms on longitudinal, transverse and vertical make it a suitable solution for a variety of railway application, such as content server, passenger infotainment etc.<\/p>\n<h4>Internal Back up Battery Set and UPS<\/h4>\n<p>While facing main power sudden shut down, the mobile railway solution could in order to have strong reliability, EN235A equipped internal battery set and UPS function. Build-in 10V\/2500mA batteries that can support maximum 25W. With UPS board for This feature allows users to have enough time to shut down the system properly or back up the systems when facing unexpected interruption of power supply.<\/p>\n<h4>Removable SSD Tray<\/h4>\n<p>EN235A is designed to fulfill demands of different application. In order to have more flexibility and be more user-friendly, apart from fixed two SSD expansion, EN235A equipped with two removable SSD trays which can support another 2 storage demand. For applications which require frequent changes on storage of system, such as passenger infotainment, content server etc, EN235A is the best solution.<\/p>\n<p>&nbsp;<\/p>\n<h4>EN235A main board: Mini ITX INS8335A<\/h4>\n<p>&nbsp;<\/p>\n<p><strong>1. Turbo Boost \u2013 Full speed operation from 2.3GHz up to 3.3GHz<\/strong><\/p>\n<p>The powerful combination of Intel Ivy Bridge 22nm processor and QM77 chipset contributes to processor full speed operation. The clock speed can boost up from 2.3 GHz up to 3.3 GHz. Quad cores Processor i7-3610QE features Intel\u00ae Turbo Boost Technology 2.0, which can increase dynamically the frequency with Max TDP hitting only 45W.<\/p>\n<p><strong>2. Wide Range DC-in Design<\/strong><\/p>\n<p>Wide input range from 9 to 24 volt creates a worry-free universality that can be used in different DC systems. INS8335A is the all-inclusive solution for flexible operation. Wide range DC-in design also protects it from damages caused by sudden fluctuation. This protection design can also provide scalability and eliminates the trouble of redesign of existing power architecture. The ability to withstand tough power cranks as well as transient over-voltage situations is thus guaranteed.<\/p>\n<p>&nbsp;<\/p>\n\n<table id=\"tablepress-209\" class=\"tablepress tablepress-id-209\">\n<thead>\n<tr class=\"row-1\">\n\t<th class=\"column-1\"><strong>Model<\/strong><\/th><td class=\"column-2\"><\/td><th class=\"column-3\"><strong>OXY5322A-UT<\/strong><\/th>\n<\/tr>\n<\/thead>\n<tbody class=\"row-striping row-hover\">\n<tr class=\"row-2\">\n\t<td class=\"column-1\">Temperatura operacyjna<\/td><td class=\"column-2\"><\/td><td class=\"column-3\">-40\u00b0C ~ +85\u00b0C<br \/>\n<\/td>\n<\/tr>\n<tr class=\"row-3\">\n\t<td class=\"column-1\">System<\/td><td class=\"column-2\">Typ CPU<\/td><td class=\"column-3\">Intel\u00ae Bay Trail-I E3845 (4C x 1.91 GHz), 2M Cache (10W)<\/td>\n<\/tr>\n<tr class=\"row-4\">\n\t<td class=\"column-1\"><\/td><td class=\"column-2\">Typ pami\u0119ci<\/td><td class=\"column-3\">1 x 204-pin SO-DIMM DDR3L 1600 MHz up to 8 GB w\/o ECC support<br \/>\n<\/td>\n<\/tr>\n<tr class=\"row-5\">\n\t<td class=\"column-1\"><\/td><td class=\"column-2\">BIOS<\/td><td class=\"column-3\">AMI\u00ae SPI BIOS<br \/>\n<\/td>\n<\/tr>\n<tr class=\"row-6\">\n\t<td class=\"column-1\"><\/td><td class=\"column-2\">Zegar nadzoruj\u0105cy<\/td><td class=\"column-3\">1-255 sek. lub 1-255 min. programowalny software<br \/>\n<\/td>\n<\/tr>\n<tr class=\"row-7\">\n\t<td class=\"column-1\">Gniazdo rozszerze\u0144<\/td><td class=\"column-2\">Mini PCIe<\/td><td class=\"column-3\">1 x full size Mini PCIe, 1 x half size Mini PCIe (co-lay with mSATA)<br \/>\n<\/td>\n<\/tr>\n<tr class=\"row-8\">\n\t<td class=\"column-1\"><\/td><td class=\"column-2\">mSATA<\/td><td class=\"column-3\">1 x mSATA<br \/>\n<br \/>\n<\/td>\n<\/tr>\n<tr class=\"row-9\">\n\t<td class=\"column-1\">Wy\u015bwietlacz<\/td><td class=\"column-2\">Chipset<\/td><td class=\"column-3\">Intel\u00ae Gen7 Graphic DX11<br \/>\n<\/td>\n<\/tr>\n<tr class=\"row-10\">\n\t<td class=\"column-1\"><\/td><td class=\"column-2\">LVDS<\/td><td class=\"column-3\">Dwukana\u0142owy 24-bitowy LVDS<br \/>\n<\/td>\n<\/tr>\n<tr class=\"row-11\">\n\t<td class=\"column-1\"><\/td><td class=\"column-2\">Typ wy\u015bwietlacza<\/td><td class=\"column-3\">VGA, LVDS, HDMI<br \/>\n<\/td>\n<\/tr>\n<tr class=\"row-12\">\n\t<td class=\"column-1\"><\/td><td class=\"column-2\">VGA<\/td><td class=\"column-3\">Tak <\/td>\n<\/tr>\n<tr class=\"row-13\">\n\t<td class=\"column-1\">Audio<\/td><td class=\"column-2\">Codec<\/td><td class=\"column-3\">Realtek ALC886<br \/>\n<br \/>\n<\/td>\n<\/tr>\n<tr class=\"row-14\">\n\t<td class=\"column-1\">Ethernet<\/td><td class=\"column-2\">Chipset<\/td><td class=\"column-3\">2 x Intel\u00ae i210IT GbE LAN(support 10\/100\/1000 Mbps for 2 x RJ45 ports)<br \/>\n<\/td>\n<\/tr>\n<tr class=\"row-15\">\n\t<td class=\"column-1\"><\/td><td class=\"column-2\">WOL<\/td><td class=\"column-3\">Tak<\/td>\n<\/tr>\n<tr class=\"row-16\">\n\t<td class=\"column-1\"><\/td><td class=\"column-2\">Boot from LAN<\/td><td class=\"column-3\">Tak dla PXE<br \/>\n<\/td>\n<\/tr>\n<tr class=\"row-17\">\n\t<td class=\"column-1\"><\/td><td class=\"column-2\">Chipset<\/td><td class=\"column-3\">\t1 x Intel\u00ae i211AT &amp; 1 x Intel\u00ae i218LM GbE LAN<br \/>\n(support 10\/100\/1000 Mbps for 2 x RJ45 ports)<\/td>\n<\/tr>\n<tr class=\"row-18\">\n\t<td class=\"column-1\">Tylne I\/O<\/td><td class=\"column-2\">VGA<\/td><td class=\"column-3\">1 x 15-pin VGA connector (female<br \/>\n<\/td>\n<\/tr>\n<tr class=\"row-19\">\n\t<td class=\"column-1\"><\/td><td class=\"column-2\">Ethernet<\/td><td class=\"column-3\">2 porty RJ45 (obs\u0142uga 10\/100\/1000 Mbps dla 2 port\u00f3w RJ45)<br \/>\n<\/td>\n<\/tr>\n<tr class=\"row-20\">\n\t<td class=\"column-1\"><\/td><td class=\"column-2\">USB<\/td><td class=\"column-3\">1 x USB 3.0, 1 x USB 2.0<br \/>\n<\/td>\n<\/tr>\n<tr class=\"row-21\">\n\t<td class=\"column-1\"><\/td><td class=\"column-2\">HDMI<\/td><td class=\"column-3\">1 x 19-pin HDMI A Type connector (female)<br \/>\n<\/td>\n<\/tr>\n<tr class=\"row-22\">\n\t<td class=\"column-1\">Interfejs I\/O<\/td><td class=\"column-2\">SATA<\/td><td class=\"column-3\">1 x SATAII (3 Gb\/s)<br \/>\n<\/td>\n<\/tr>\n<tr class=\"row-23\">\n\t<td class=\"column-1\"><\/td><td class=\"column-2\">USB<\/td><td class=\"column-3\">1 x USB 2.0<br \/>\n<\/td>\n<\/tr>\n<tr class=\"row-24\">\n\t<td class=\"column-1\"><\/td><td class=\"column-2\">COM<\/td><td class=\"column-3\">4 x COM ports (1 x RS232\/422\/485, 3 x RS232)<br \/>\n<\/td>\n<\/tr>\n<tr class=\"row-25\">\n\t<td class=\"column-1\"><\/td><td class=\"column-2\">Audio<\/td><td class=\"column-3\">Mic-in, Line-in, Line-out<br \/>\n<\/td>\n<\/tr>\n<tr class=\"row-26\">\n\t<td class=\"column-1\"><\/td><td class=\"column-2\">FAN<\/td><td class=\"column-3\">1 x CPU fan<br \/>\n<\/td>\n<\/tr>\n<tr class=\"row-27\">\n\t<td class=\"column-1\"><\/td><td class=\"column-2\">LVDS<\/td><td class=\"column-3\">30-stykowe z\u0142\u0105cze<br \/>\n<\/td>\n<\/tr>\n<tr class=\"row-28\">\n\t<td class=\"column-1\"><\/td><td class=\"column-2\">PS\/2<\/td><td class=\"column-3\">1 x 8-pin header<br \/>\n<\/td>\n<\/tr>\n<tr class=\"row-29\">\n\t<td class=\"column-1\"><\/td><td class=\"column-2\">DIO<\/td><td class=\"column-3\">8-bit (4 wej\u015bcia \/ 4 wyj\u015bcia)<br \/>\n<\/td>\n<\/tr>\n<tr class=\"row-30\">\n\t<td class=\"column-1\">Lista obs\u0142ugiwanych system\u00f3w operacyjnych<br \/>\n<\/td><td class=\"column-2\">Windows<\/td><td class=\"column-3\">TBC<br \/>\n<\/td>\n<\/tr>\n<tr class=\"row-31\">\n\t<td class=\"column-1\"><\/td><td class=\"column-2\">Linux<\/td><td class=\"column-3\">TBC<br \/>\n<\/td>\n<\/tr>\n<tr class=\"row-32\">\n\t<td class=\"column-1\"><\/td><td class=\"column-2\"><strong>Mechanika i \u015brodowisko<\/strong><\/td><td class=\"column-3\"><\/td>\n<\/tr>\n<tr class=\"row-33\">\n\t<td class=\"column-1\">Form Factor<\/td><td class=\"column-2\"><\/td><td class=\"column-3\">3.5\" SBC<br \/>\n<\/td>\n<\/tr>\n<tr class=\"row-34\">\n\t<td class=\"column-1\">Rodzaj zasilania<\/td><td class=\"column-2\"><\/td><td class=\"column-3\">8 ~ 32V DC-in, 4-pinowe z\u0142\u0105cze zasilania ATX, obs\u0142uga trybu AT \/ ATX<\/td>\n<\/tr>\n<tr class=\"row-35\">\n\t<td class=\"column-1\">Wymiary<\/td><td class=\"column-2\"><\/td><td class=\"column-3\">146 x 102 mm (5.7\" x 4\")<br \/>\n<\/td>\n<\/tr>\n<tr class=\"row-36\">\n\t<td class=\"column-1\">Temperatura operacyjna<\/td><td class=\"column-2\"><\/td><td class=\"column-3\">-40 to 85\u00b0C<br \/>\n<\/td>\n<\/tr>\n<tr class=\"row-37\">\n\t<td class=\"column-1\">Temperatura przechowywania<\/td><td class=\"column-2\"><\/td><td class=\"column-3\">-40 to 85\u00b0C<br \/>\n<\/td>\n<\/tr>\n<tr class=\"row-38\">\n\t<td class=\"column-1\">Wzgl\u0119dna wilgotno\u015b\u0107<\/td><td class=\"column-2\"><\/td><td class=\"column-3\">10% do 90%, bez kondensacji<br \/>\n<\/td>\n<\/tr>\n<\/tbody>\n<\/table>\n<!-- #tablepress-209 from cache -->\n","protected":false},"excerpt":{"rendered":"<p>1U Rackmount Fanless System with 3rd Gen. Intel\u00ae Core&#x2122; Processor, EN50155 Certified, 33.6V to 62.4V DC-in, Smart UPS, Extended Temp. -40~70\u00b0C.<\/p>\n","protected":false},"featured_media":10884,"template":"","meta":{"_acf_changed":false,"inline_featured_image":false,"_monsterinsights_skip_tracking":false,"_monsterinsights_sitenote_active":false,"_monsterinsights_sitenote_note":"","_monsterinsights_sitenote_category":0},"product_brand":[],"product_cat":[510,384],"product_tag":[],"class_list":{"0":"post-4904","1":"product","2":"type-product","3":"status-publish","4":"has-post-thumbnail","6":"product_cat-perfectron-en","7":"product_cat-railway-computers-en50155","9":"first","10":"instock","11":"shipping-taxable","12":"product-type-simple"},"acf":[],"_links":{"self":[{"href":"https:\/\/quantum.com.pl\/en\/wp-json\/wp\/v2\/product\/4904","targetHints":{"allow":["GET"]}}],"collection":[{"href":"https:\/\/quantum.com.pl\/en\/wp-json\/wp\/v2\/product"}],"about":[{"href":"https:\/\/quantum.com.pl\/en\/wp-json\/wp\/v2\/types\/product"}],"wp:featuredmedia":[{"embeddable":true,"href":"https:\/\/quantum.com.pl\/en\/wp-json\/wp\/v2\/media\/10884"}],"wp:attachment":[{"href":"https:\/\/quantum.com.pl\/en\/wp-json\/wp\/v2\/media?parent=4904"}],"wp:term":[{"taxonomy":"product_brand","embeddable":true,"href":"https:\/\/quantum.com.pl\/en\/wp-json\/wp\/v2\/product_brand?post=4904"},{"taxonomy":"product_cat","embeddable":true,"href":"https:\/\/quantum.com.pl\/en\/wp-json\/wp\/v2\/product_cat?post=4904"},{"taxonomy":"product_tag","embeddable":true,"href":"https:\/\/quantum.com.pl\/en\/wp-json\/wp\/v2\/product_tag?post=4904"}],"curies":[{"name":"wp","href":"https:\/\/api.w.org\/{rel}","templated":true}]}}