{"id":4931,"date":"2019-10-21T20:01:23","date_gmt":"2019-10-21T18:01:23","guid":{"rendered":"https:\/\/quantum.com.pl\/product\/en236a\/"},"modified":"2020-05-08T11:44:20","modified_gmt":"2020-05-08T09:44:20","slug":"en236a","status":"publish","type":"product","link":"https:\/\/quantum.com.pl\/en\/product\/en236a\/","title":{"rendered":"EN236A"},"content":{"rendered":"<h4>1U Rackmount Fanless System with 3rd Gen. Intel\u00ae Core&#x2122; Processor, EN50155 Certified, 33.6V to 62.4V DC-in, Smart UPS, Extended Temp. -40~70\u00b0C.<\/h4>\n<p>&nbsp;<\/p>\n<p>EN236A is 19&#8243; 1U Rack-mount Fanless rugged System, suitable for application such as railway, high-end automation etc. Powered by Intel\u00ae Ivy Bridge i7 CPU and HM76 chipset, the BGA type CPU i7-3517UE with dual cores performance has only 17W power consumption. The fanless design ensures silent operation and eliminates the possibility of gathering dust and external debris inflow which may cause system failure over time.<\/p>\n<p>EN236A integrates wide range DC input from 33.6V to 62.4V with extended temperature operation up to +70\u00b0C without CPU throttling. Moreover, being EN50155-certified, EN236A possesses high performance under various power supply conditions, especially in rolling stock equipment and railway application.<\/p>\n<h4>Technical features:<\/h4>\n<ul>\n<li>Intel\u00ae Ivy Bridge Processor BGA Type i7<\/li>\n<li>1 x DDR3 SO-DIMM up to 8 GB<\/li>\n<li>2 x 2.5&#8243; SATA III Storage<\/li>\n<li>Dual GbE LAN ports (M12 connector)<\/li>\n<li>2x USB2.0, 1 x VGA<\/li>\n<li>33.6V~62.4V DC-in<\/li>\n<li>Extended Temperature -40 to 70\u00b0C<\/li>\n<li>EN50155 compliant<\/li>\n<\/ul>\n<h4>EN50155 Compliant<\/h4>\n<p>EN50155 is an international standard covering electronic equipment used on rolling stock for railway applications. The standard covers aspects of this electronic equipment, including temperature, humidity, shock, vibration, and other parameters.<\/p>\n<p>EN236A is compliant with the essential sections of EN50155. Meet with most critical EN50155 Tx Class, EN236A can withstand environmental from -40 to 70\u00b0C internal cubicle temp., cooling test -40\u00b0C for 2 hours, dry heat test +70\u00b0C for 6 hours. On vibration, 5 to 150 Hz 5 hours \/ axis (0.5 g) for non-operation, 5 to 150 Hz 10 mins \/ axis (0.1 g) for operation; Shock is test by Half Sine wave 50 m \/ s2 30ms on longitudinal, transverse and vertical make it a suitable solution for a variety of railway application, such as content server, passenger infotainment etc.<\/p>\n<h4>Internal Back up Battery Set and UPS<\/h4>\n<p>While facing main power sudden shut down, EN236A is proven to be strong enough to self-supply power due to internal battery set and UPS function. Build-in five 10V\/2500mA batteries that can support maximum 30~31W by testing; together with UPS board allows EN236A to support up to extra 30 minutes in full loading (5 hours in idle mode). This is the most promising feature allows users to have enough time to shut down the system properly or back up the systems when facing unexpected interruption of power supply.<\/p>\n<h4>Removable SSD Tray<\/h4>\n<p>EN236A is designed to fulfill demands of different application. In order to have more flexibility and be more user-friendly, EN236A equipped 2 removable SSD trays. For applications which require frequent changes on storage of system, such as passenger infotainment, content server etc, EN236A is the best solution.<\/p>\n<p>&nbsp;<\/p>\n<h4>EN236A main board: 3.5&#8243; SBC &#8211; OXY5336A<\/h4>\n<p>&nbsp;<\/p>\n<p><strong>1. Intel Core i7 CPU soldering onboard<\/strong><\/p>\n<p>EN236A is based on 3.5&#8243; SBC\u2014OXY5336A, powered by Intel Ivy Bridge i7-3517UE plus HM76 chipset soldered onboard. The processor supports 1.7GHz dual core but consumes only 17W which is relatively low power consumption. With CPU soldering onboard, there is less conduction of heat and high density interconnection between the motherboard and the component, which reduces the MB from the crisis of overheating. Apart from overheating, soldering onboard also provides the best level of shock and vibration protection.<\/p>\n<p>Generally speaking, it is rare to find 1U rackmount system that is driven by Intel core i7 processor since it is hard to completely dissipate the heat generated by Intel core i7 CPU. Therefore, EN236A is comparatively valuable with its high computing power but fanless solutions.<\/p>\n<p><strong>2. Wide range temperature support<\/strong><\/p>\n<p>Following STACKRACK wide temp principal, OXY5336A is designed to fulfill running full speed in harsh environment from -40 to 85\u00b0C. Not only the board is designed with truly wide temp industrial component, the BGA type CPU can also help to achieve better heat dissipation. OXY5336A is truly a rugged SBC ideal for high-end Automation, heavy-duty railway, drilling and energy applications.<\/p>\n<p>&nbsp;<\/p>\n\n<table id=\"tablepress-211\" class=\"tablepress tablepress-id-211\">\n<thead>\n<tr class=\"row-1\">\n\t<th class=\"column-1\"><strong>Model<\/strong><\/th><td class=\"column-2\"><\/td><th class=\"column-3\"><strong>OXY5321A-UT<\/strong><\/th>\n<\/tr>\n<\/thead>\n<tbody class=\"row-striping row-hover\">\n<tr class=\"row-2\">\n\t<td class=\"column-1\">Temperatura operacyjna<\/td><td class=\"column-2\"><\/td><td class=\"column-3\">-40\u00b0C ~ +85\u00b0C<br \/>\n<\/td>\n<\/tr>\n<tr class=\"row-3\">\n\t<td class=\"column-1\">System<\/td><td class=\"column-2\">Typ CPU<\/td><td class=\"column-3\">Intel\u00ae Atom\u2122 D2550 1.86 GHz<br \/>\n<\/td>\n<\/tr>\n<tr class=\"row-4\">\n\t<td class=\"column-1\"><\/td><td class=\"column-2\">Typ pami\u0119ci<\/td><td class=\"column-3\">1 x 204-pin SO-DIMM DDR3L 1600 MHz up to 4 GB w\/o ECC support<br \/>\n<\/td>\n<\/tr>\n<tr class=\"row-5\">\n\t<td class=\"column-1\"><\/td><td class=\"column-2\">Chipset<\/td><td class=\"column-3\">Intel\u00ae NM10 Express Chipset (Intel\u00ae CG82NM10 PCH)<br \/>\n<\/td>\n<\/tr>\n<tr class=\"row-6\">\n\t<td class=\"column-1\"><\/td><td class=\"column-2\">BIOS<\/td><td class=\"column-3\">AMI\u00ae BIOS<br \/>\n<\/td>\n<\/tr>\n<tr class=\"row-7\">\n\t<td class=\"column-1\"><\/td><td class=\"column-2\">Super I\/O<\/td><td class=\"column-3\">ITE IT8783F<br \/>\n<\/td>\n<\/tr>\n<tr class=\"row-8\">\n\t<td class=\"column-1\"><\/td><td class=\"column-2\">Zegar nadzoruj\u0105cy<\/td><td class=\"column-3\">1-255 sek. lub 1-255 min. programowalny, mo\u017ce generowa\u0107 reset systemu<br \/>\n<\/td>\n<\/tr>\n<tr class=\"row-9\">\n\t<td class=\"column-1\">Gniazdo rozszerze\u0144<\/td><td class=\"column-2\">Mini PCIe<\/td><td class=\"column-3\">1 x miniPCIe for Gen2<br \/>\n<\/td>\n<\/tr>\n<tr class=\"row-10\">\n\t<td class=\"column-1\">Wy\u015bwietlacz<\/td><td class=\"column-2\">Chipset<\/td><td class=\"column-3\">Integrated Intel\u00ae GMA3650 VR Graphic core SGX545<br \/>\n<\/td>\n<\/tr>\n<tr class=\"row-11\">\n\t<td class=\"column-1\"><\/td><td class=\"column-2\">LVDS<\/td><td class=\"column-3\">Obs\u0142uguje 18\/24-bitowy pojedynczy \/ podw\u00f3jny kana\u0142 LVDS (maks. Rozdzielczo\u015b\u0107 1920 x 1080 @ 60 Hz)<br \/>\n<\/td>\n<\/tr>\n<tr class=\"row-12\">\n\t<td class=\"column-1\"><\/td><td class=\"column-2\">Mo\u017cliwo\u015b\u0107 podw\u00f3jnego, niezale\u017cnego wy\u015bwietlania<\/td><td class=\"column-3\">LVDS + DVI-I<br \/>\n<\/td>\n<\/tr>\n<tr class=\"row-13\">\n\t<td class=\"column-1\"><\/td><td class=\"column-2\">DVI-I<\/td><td class=\"column-3\">Tak (maksymalna rozdzielczo\u015b\u0107 1920 x 1200 @ 60 Hz)<br \/>\n<\/td>\n<\/tr>\n<tr class=\"row-14\">\n\t<td class=\"column-1\">Audio<\/td><td class=\"column-2\">Codec<\/td><td class=\"column-3\">Realtek ALC269 High Definition Audio Codec *2W amplifier onboard<br \/>\n<br \/>\n<\/td>\n<\/tr>\n<tr class=\"row-15\">\n\t<td class=\"column-1\">Ethernet<\/td><td class=\"column-2\">Chipset<\/td><td class=\"column-3\">2 x RTL8111E GbE LAN(support 10\/100\/1000 Mbps for 2 x RJ45 ports)<br \/>\n<\/td>\n<\/tr>\n<tr class=\"row-16\">\n\t<td class=\"column-1\"><\/td><td class=\"column-2\">WOL<\/td><td class=\"column-3\">Tak<\/td>\n<\/tr>\n<tr class=\"row-17\">\n\t<td class=\"column-1\"><\/td><td class=\"column-2\">Boot from LAN<\/td><td class=\"column-3\">Tak dla PXE<br \/>\n<\/td>\n<\/tr>\n<tr class=\"row-18\">\n\t<td class=\"column-1\">Tylne I\/O<\/td><td class=\"column-2\">DVI-I<\/td><td class=\"column-3\">1 x 29-pin DVI-I connector (female)<br \/>\n<\/td>\n<\/tr>\n<tr class=\"row-19\">\n\t<td class=\"column-1\"><\/td><td class=\"column-2\">COM<\/td><td class=\"column-3\">RS232: DCD-, RXD, TXD, DTR-, GND, DSR-, RTS-, CTS-<br \/>\nRS422: TX-, RX+, TX+, RX-, GND,<br \/>\nRS485: DATA-, DATA+, GND<br \/>\n<\/td>\n<\/tr>\n<tr class=\"row-20\">\n\t<td class=\"column-1\"><\/td><td class=\"column-2\">Ethernet<\/td><td class=\"column-3\">2 porty RJ45 (obs\u0142uga 10\/100\/1000 Mbps dla 2 port\u00f3w RJ45)<br \/>\n<\/td>\n<\/tr>\n<tr class=\"row-21\">\n\t<td class=\"column-1\"><\/td><td class=\"column-2\">USB<\/td><td class=\"column-3\">1 x USB 3.0, 1 x USB 2.0<br \/>\n<\/td>\n<\/tr>\n<tr class=\"row-22\">\n\t<td class=\"column-1\"><\/td><td class=\"column-2\">Przycisk resetowania<\/td><td class=\"column-3\">1 <\/td>\n<\/tr>\n<tr class=\"row-23\">\n\t<td class=\"column-1\">Interfejs I\/O<\/td><td class=\"column-2\">SATA<\/td><td class=\"column-3\">1 x SATAII (3 Gb\/s)<br \/>\n<\/td>\n<\/tr>\n<tr class=\"row-24\">\n\t<td class=\"column-1\"><\/td><td class=\"column-2\">USB<\/td><td class=\"column-3\">6 x USB 2.0 ports by pin header<br \/>\n<\/td>\n<\/tr>\n<tr class=\"row-25\">\n\t<td class=\"column-1\"><\/td><td class=\"column-2\">COM<\/td><td class=\"column-3\">4 x COM ports COM2~COM5 ports support RS232 only with 5V\/12V selectable by 1x10-pin header<br \/>\n<\/td>\n<\/tr>\n<tr class=\"row-26\">\n\t<td class=\"column-1\"><\/td><td class=\"column-2\">Audio<\/td><td class=\"column-3\">1 x 4-pin header for Speak-out<br \/>\n<\/td>\n<\/tr>\n<tr class=\"row-27\">\n\t<td class=\"column-1\"><\/td><td class=\"column-2\">LVDS<\/td><td class=\"column-3\">30-stykowe z\u0142\u0105cze<br \/>\n<\/td>\n<\/tr>\n<tr class=\"row-28\">\n\t<td class=\"column-1\"><\/td><td class=\"column-2\">PS\/2<\/td><td class=\"column-3\">2 x 4-pin header<br \/>\n<\/td>\n<\/tr>\n<tr class=\"row-29\">\n\t<td class=\"column-1\"><\/td><td class=\"column-2\">CF card<\/td><td class=\"column-3\">1 x CF socket by SATA Gen2 interface<br \/>\n<br \/>\n<\/td>\n<\/tr>\n<tr class=\"row-30\">\n\t<td class=\"column-1\"><\/td><td class=\"column-2\">LPT<\/td><td class=\"column-3\">2 x 13-pin header<br \/>\n<\/td>\n<\/tr>\n<tr class=\"row-31\">\n\t<td class=\"column-1\"><\/td><td class=\"column-2\">DIO<\/td><td class=\"column-3\">8-bit (4 wej\u015bcia \/ 4 wyj\u015bcia)<br \/>\n<\/td>\n<\/tr>\n<tr class=\"row-32\">\n\t<td class=\"column-1\">Lista obs\u0142ugiwanych system\u00f3w operacyjnych<br \/>\n<\/td><td class=\"column-2\">Windows<\/td><td class=\"column-3\">Windows 7 x32\u3001Windows 7 x64<br \/>\n<\/td>\n<\/tr>\n<tr class=\"row-33\">\n\t<td class=\"column-1\"><\/td><td class=\"column-2\">Linux<\/td><td class=\"column-3\">Fedora 10\u3001Fedora 14\u3001Fedora 20\u3001Open SUSE 12.2\u3001Debian 7.0.0\u3001Ubuntu 14.04<br \/>\n<\/td>\n<\/tr>\n<tr class=\"row-34\">\n\t<td class=\"column-1\"><\/td><td class=\"column-2\"><strong>Mechanika i \u015brodowisko<\/strong><\/td><td class=\"column-3\"><\/td>\n<\/tr>\n<tr class=\"row-35\">\n\t<td class=\"column-1\">Form Factor<\/td><td class=\"column-2\"><\/td><td class=\"column-3\">3.5\" SBC<br \/>\n<\/td>\n<\/tr>\n<tr class=\"row-36\">\n\t<td class=\"column-1\">Rodzaj zasilania<\/td><td class=\"column-2\"><\/td><td class=\"column-3\">12V DC-in, 4-pin ATX power connector, AT\/ATX<br \/>\n<\/td>\n<\/tr>\n<tr class=\"row-37\">\n\t<td class=\"column-1\">Wymiary<\/td><td class=\"column-2\"><\/td><td class=\"column-3\">146 x 102 mm (5.7\" x 4\")<br \/>\n<\/td>\n<\/tr>\n<tr class=\"row-38\">\n\t<td class=\"column-1\">Temperatura operacyjna<\/td><td class=\"column-2\"><\/td><td class=\"column-3\">-40 to 85\u00b0C<br \/>\n<\/td>\n<\/tr>\n<tr class=\"row-39\">\n\t<td class=\"column-1\">Temperatura przechowywania<\/td><td class=\"column-2\"><\/td><td class=\"column-3\">-40 to 85\u00b0C<br \/>\n<\/td>\n<\/tr>\n<tr class=\"row-40\">\n\t<td class=\"column-1\">Wzgl\u0119dna wilgotno\u015b\u0107<\/td><td class=\"column-2\"><\/td><td class=\"column-3\">10% do 90%, bez kondensacji<br \/>\n<\/td>\n<\/tr>\n<\/tbody>\n<\/table>\n\n","protected":false},"excerpt":{"rendered":"<p>1U Rackmount Fanless System with 3rd Gen. Intel\u00ae Core&#x2122; Processor, EN50155 Certified, 33.6V to 62.4V DC-in, Smart UPS, Extended Temp. -40~70\u00b0C.<\/p>\n","protected":false},"featured_media":10886,"template":"","meta":{"_acf_changed":false,"inline_featured_image":false,"_monsterinsights_skip_tracking":false,"_monsterinsights_sitenote_active":false,"_monsterinsights_sitenote_note":"","_monsterinsights_sitenote_category":0},"product_brand":[],"product_cat":[1594,510,384],"product_tag":[],"class_list":{"0":"post-4931","1":"product","2":"type-product","3":"status-publish","4":"has-post-thumbnail","6":"product_cat-en1055-computers-and-networking-solutions","7":"product_cat-perfectron-en","8":"product_cat-railway-computers-en50155","10":"first","11":"instock","12":"shipping-taxable","13":"product-type-simple"},"acf":[],"_links":{"self":[{"href":"https:\/\/quantum.com.pl\/en\/wp-json\/wp\/v2\/product\/4931","targetHints":{"allow":["GET"]}}],"collection":[{"href":"https:\/\/quantum.com.pl\/en\/wp-json\/wp\/v2\/product"}],"about":[{"href":"https:\/\/quantum.com.pl\/en\/wp-json\/wp\/v2\/types\/product"}],"wp:featuredmedia":[{"embeddable":true,"href":"https:\/\/quantum.com.pl\/en\/wp-json\/wp\/v2\/media\/10886"}],"wp:attachment":[{"href":"https:\/\/quantum.com.pl\/en\/wp-json\/wp\/v2\/media?parent=4931"}],"wp:term":[{"taxonomy":"product_brand","embeddable":true,"href":"https:\/\/quantum.com.pl\/en\/wp-json\/wp\/v2\/product_brand?post=4931"},{"taxonomy":"product_cat","embeddable":true,"href":"https:\/\/quantum.com.pl\/en\/wp-json\/wp\/v2\/product_cat?post=4931"},{"taxonomy":"product_tag","embeddable":true,"href":"https:\/\/quantum.com.pl\/en\/wp-json\/wp\/v2\/product_tag?post=4931"}],"curies":[{"name":"wp","href":"https:\/\/api.w.org\/{rel}","templated":true}]}}