{"id":4973,"date":"2019-10-22T13:18:04","date_gmt":"2019-10-22T11:24:02","guid":{"rendered":"https:\/\/quantum.com.pl\/product\/oxy5320a\/"},"modified":"2022-03-29T13:37:17","modified_gmt":"2022-03-29T11:37:17","slug":"oxy5320a","status":"publish","type":"product","link":"https:\/\/quantum.com.pl\/en\/product\/oxy5320a\/","title":{"rendered":"OXY5320A"},"content":{"rendered":"<h4>3.5\u201d form factor, Intel\u00ae Cedarview N2600 SBC, Extended Temperature -40 to 85\u00b0C<\/h4>\n<ul>\n<li>Intel\u00ae Atom Cedarview N2600 + Intel NM10 PCH on board<\/li>\n<li>Dual independent display: DVI-I, LVDS<\/li>\n<li>Rich I\/O interface with 5 COM, 7 USB, 2 LAN, 2 SATAII, and 1 CFast Socket<\/li>\n<li>Flexible expansion with 1 x mini PCI<\/li>\n<li>Support Single Channel 18\/24-bit single\/dual LVDS<\/li>\n<li>12V DC-in, 4-pin ATX power connector, AT\/ATX mode support<\/li>\n<li>Extended operating temperature -40 to 85\u00b0C<\/li>\n<\/ul>\n<p>OXY5320A, 3.5\u201d form factor industrial motherboard, driven by Intel\u00ae 3rd generation Atom Cedarview N2600 processor and NM10 chipset on board. The feature of OXY5320A is to provide ultra low power consumption of only 3.5W and chipset of 2.1W while supporting dual-core of 1.6 GHz of CPU clock speed. This powerful dual-core operation and energy-saving low power design make OXY5320A an ideal candidate for display, automation, transportation, medical and more applications. To fulfill small form factor with versatile functions, OXY5320A supports one SATA II port and one CFast slot for storage, the maximum memory can be up to DDR3 4GB. Onboard there are up to five COM ports with 5V\/12V (one RS232\/422\/482, four RS232), seven USB 2.0 and dual LAN by RTL8111E chip which supports wake on LAN. Apart from rich I\/O for extension and system integration, PERFECTRON\u2019s OXY5320A is design to meet rugged operating environment, from most important power, clock generator to Super I\/O components, PERFECTRON only use extended operating temperature components to ensure the wide range temperature from -40 to +85\u00b0C. And by processor and chipset soldering on board, this Cedarview 3.5\u201dSBC can withstand high level of shock and vibration. With these two features, OXY5320A can work extra well in ruggedized missions and to perform superior stability and reliability.<\/p>\n<h4>Rich I\/O interface \u2013 Extensive Functionality<\/h4>\n<p>Rich I\/O design endows OXY5320A with the ability to comprehend present day automation devices, display, and other applications that require extensive I\/O features. With 5 COM ports, 7 USB, 2 LAN, 2 SATAII (one by CFast) and dual-display (DVI-I + LVDS), OXY5320A provides a wide array of choices to expand and connect to different devices.<\/p>\n<h4>Extended Temperature Operation<\/h4>\n<p>PERFECTRON aims to provide excellent performance to all types of temperature zone. From component selection to layout design, we dedicate our knowledge to make sure that our boards can stand extreme temperature. OXY5320A can operate from -40 up to 85 degree, our strict manufacture procedure guarantees supreme performance in severe environment.<\/p>\n<h4>Efficient thermal solution<\/h4>\n<p>A tailor-made heat spreader is what PERFECTRON provide for engineers to reduce mechanical design period also ensures the highest efficacy for dissipation. For OXY5320A, the customized heat sink is placed on top of the CPU and chipset, acting as the medium that exchanges the heat to the surrounding atmosphere. The highly efficient aluminum heat sink has a thermal conductivity to absorb the heat generated by the pumping CPU.<\/p>\n\n<table id=\"tablepress-217\" class=\"tablepress tablepress-id-217\">\n<thead>\n<tr class=\"row-1\">\n\t<th class=\"column-1\"><strong>Model<\/strong><\/th><td class=\"column-2\"><\/td><th class=\"column-3\"><strong>OXY5316A-UT<\/strong><\/th>\n<\/tr>\n<\/thead>\n<tbody class=\"row-striping row-hover\">\n<tr class=\"row-2\">\n\t<td class=\"column-1\">Temperatura operacyjna<\/td><td class=\"column-2\"><\/td><td class=\"column-3\">-40\u00b0C ~ +85\u00b0C<br \/>\n<\/td>\n<\/tr>\n<tr class=\"row-3\">\n\t<td class=\"column-1\">System<\/td><td class=\"column-2\">Typ CPU<\/td><td class=\"column-3\">Intel\u00ae Atom\u2122 D2550 1.86 GHz<br \/>\n<\/td>\n<\/tr>\n<tr class=\"row-4\">\n\t<td class=\"column-1\"><\/td><td class=\"column-2\">Typ pami\u0119ci<\/td><td class=\"column-3\">1 x 204-pin SO-DIMM DDR3L 1600 MHz up to 4 GB w\/o ECC support<br \/>\n<\/td>\n<\/tr>\n<tr class=\"row-5\">\n\t<td class=\"column-1\"><\/td><td class=\"column-2\">Chipset<\/td><td class=\"column-3\">Intel\u00ae NM10 Express Chipset (Intel\u00ae CG82NM10 PCH)<br \/>\n<\/td>\n<\/tr>\n<tr class=\"row-6\">\n\t<td class=\"column-1\"><\/td><td class=\"column-2\">BIOS<\/td><td class=\"column-3\">AMI\u00ae BIOS<br \/>\n<\/td>\n<\/tr>\n<tr class=\"row-7\">\n\t<td class=\"column-1\"><\/td><td class=\"column-2\">Super I\/O<\/td><td class=\"column-3\">ITE IT8783F<br \/>\n<\/td>\n<\/tr>\n<tr class=\"row-8\">\n\t<td class=\"column-1\"><\/td><td class=\"column-2\">Zegar nadzoruj\u0105cy<\/td><td class=\"column-3\">1-255 sek. lub 1-255 min. programowalny, mo\u017ce generowa\u0107 reset systemu<br \/>\n<\/td>\n<\/tr>\n<tr class=\"row-9\">\n\t<td class=\"column-1\">Gniazdo rozszerze\u0144<\/td><td class=\"column-2\">Mini PCIe<\/td><td class=\"column-3\">1 x miniPCIe for Gen2<br \/>\n<\/td>\n<\/tr>\n<tr class=\"row-10\">\n\t<td class=\"column-1\">Wy\u015bwietlacz<\/td><td class=\"column-2\">Chipset<\/td><td class=\"column-3\">Integrated Intel\u00ae GMA3650 VR Graphic core SGX545<br \/>\n<\/td>\n<\/tr>\n<tr class=\"row-11\">\n\t<td class=\"column-1\"><\/td><td class=\"column-2\">LVDS<\/td><td class=\"column-3\">Obs\u0142uguje 18\/24-bitowy pojedynczy \/ podw\u00f3jny kana\u0142 LVDS (maks. Rozdzielczo\u015b\u0107 1920 x 1080 @ 60 Hz)<br \/>\n<\/td>\n<\/tr>\n<tr class=\"row-12\">\n\t<td class=\"column-1\"><\/td><td class=\"column-2\">Mo\u017cliwo\u015b\u0107 podw\u00f3jnego, niezale\u017cnego wy\u015bwietlania<\/td><td class=\"column-3\">LVDS + DVI-I<br \/>\n<\/td>\n<\/tr>\n<tr class=\"row-13\">\n\t<td class=\"column-1\"><\/td><td class=\"column-2\">DVI-I<\/td><td class=\"column-3\">Tak (maksymalna rozdzielczo\u015b\u0107 1920 x 1200 @ 60 Hz)<br \/>\n<\/td>\n<\/tr>\n<tr class=\"row-14\">\n\t<td class=\"column-1\">Audio<\/td><td class=\"column-2\">Codec<\/td><td class=\"column-3\">Realtek ALC269 High Definition Audio Codec *2W amplifier onboard<br \/>\n<br \/>\n<\/td>\n<\/tr>\n<tr class=\"row-15\">\n\t<td class=\"column-1\">Ethernet<\/td><td class=\"column-2\">Chipset<\/td><td class=\"column-3\">2 x RTL8111E GbE LAN(support 10\/100\/1000 Mbps for 2 x RJ45 ports)<br \/>\n<\/td>\n<\/tr>\n<tr class=\"row-16\">\n\t<td class=\"column-1\"><\/td><td class=\"column-2\">WOL<\/td><td class=\"column-3\">Tak<\/td>\n<\/tr>\n<tr class=\"row-17\">\n\t<td class=\"column-1\"><\/td><td class=\"column-2\">Boot from LAN<\/td><td class=\"column-3\">Tak dla PXE<br \/>\n<\/td>\n<\/tr>\n<tr class=\"row-18\">\n\t<td class=\"column-1\">Tylne I\/O<\/td><td class=\"column-2\">DVI-I<\/td><td class=\"column-3\">1 x 29-pin DVI-I connector (female)<br \/>\n<\/td>\n<\/tr>\n<tr class=\"row-19\">\n\t<td class=\"column-1\"><\/td><td class=\"column-2\">COM<\/td><td class=\"column-3\">RS232: DCD-, RXD, TXD, DTR-, GND, DSR-, RTS-, CTS-<br \/>\nRS422: TX-, RX+, TX+, RX-, GND,<br \/>\nRS485: DATA-, DATA+, GND<br \/>\n<\/td>\n<\/tr>\n<tr class=\"row-20\">\n\t<td class=\"column-1\"><\/td><td class=\"column-2\">Ethernet<\/td><td class=\"column-3\">2 porty RJ45 (obs\u0142uga 10\/100\/1000 Mbps dla 2 port\u00f3w RJ45)<br \/>\n<\/td>\n<\/tr>\n<tr class=\"row-21\">\n\t<td class=\"column-1\"><\/td><td class=\"column-2\">USB<\/td><td class=\"column-3\">1 x USB 3.0, 1 x USB 2.0<br \/>\n<\/td>\n<\/tr>\n<tr class=\"row-22\">\n\t<td class=\"column-1\"><\/td><td class=\"column-2\">Przycisk resetowania<\/td><td class=\"column-3\">1 <\/td>\n<\/tr>\n<tr class=\"row-23\">\n\t<td class=\"column-1\">Interfejs I\/O<\/td><td class=\"column-2\">SATA<\/td><td class=\"column-3\">1 x SATAII (3 Gb\/s)<br \/>\n<\/td>\n<\/tr>\n<tr class=\"row-24\">\n\t<td class=\"column-1\"><\/td><td class=\"column-2\">USB<\/td><td class=\"column-3\">6 x USB 2.0 ports by pin header<br \/>\n<\/td>\n<\/tr>\n<tr class=\"row-25\">\n\t<td class=\"column-1\"><\/td><td class=\"column-2\">COM<\/td><td class=\"column-3\">4 x COM ports COM2~COM5 ports support RS232 only with 5V\/12V selectable by 1x10-pin header<br \/>\n<\/td>\n<\/tr>\n<tr class=\"row-26\">\n\t<td class=\"column-1\"><\/td><td class=\"column-2\">Audio<\/td><td class=\"column-3\">1 x 4-pin header for Speak-out<br \/>\n<\/td>\n<\/tr>\n<tr class=\"row-27\">\n\t<td class=\"column-1\"><\/td><td class=\"column-2\">LVDS<\/td><td class=\"column-3\">30-stykowe z\u0142\u0105cze<br \/>\n<\/td>\n<\/tr>\n<tr class=\"row-28\">\n\t<td class=\"column-1\"><\/td><td class=\"column-2\">PS\/2<\/td><td class=\"column-3\">2 x 4-pin header<br \/>\n<\/td>\n<\/tr>\n<tr class=\"row-29\">\n\t<td class=\"column-1\"><\/td><td class=\"column-2\">CF card<\/td><td class=\"column-3\">1 x CF socket by SATA Gen2 interface<br \/>\n<br \/>\n<\/td>\n<\/tr>\n<tr class=\"row-30\">\n\t<td class=\"column-1\"><\/td><td class=\"column-2\">LPT<\/td><td class=\"column-3\">2 x 13-pin header<br \/>\n<\/td>\n<\/tr>\n<tr class=\"row-31\">\n\t<td class=\"column-1\"><\/td><td class=\"column-2\">DIO<\/td><td class=\"column-3\">8-bit (4 wej\u015bcia \/ 4 wyj\u015bcia)<br \/>\n<\/td>\n<\/tr>\n<tr class=\"row-32\">\n\t<td class=\"column-1\">Lista obs\u0142ugiwanych system\u00f3w operacyjnych<br \/>\n<\/td><td class=\"column-2\">Windows<\/td><td class=\"column-3\">Windows 7 x32\u3001Windows 7 x64<br \/>\n<\/td>\n<\/tr>\n<tr class=\"row-33\">\n\t<td class=\"column-1\"><\/td><td class=\"column-2\">Linux<\/td><td class=\"column-3\">Fedora 10\u3001Fedora 14\u3001Fedora 20\u3001Open SUSE 12.2\u3001Debian 7.0.0\u3001Ubuntu 14.04<br \/>\n<\/td>\n<\/tr>\n<tr class=\"row-34\">\n\t<td class=\"column-1\"><\/td><td class=\"column-2\"><strong>Mechanika i \u015brodowisko<\/strong><\/td><td class=\"column-3\"><\/td>\n<\/tr>\n<tr class=\"row-35\">\n\t<td class=\"column-1\">Form Factor<\/td><td class=\"column-2\"><\/td><td class=\"column-3\">3.5\" SBC<br \/>\n<\/td>\n<\/tr>\n<tr class=\"row-36\">\n\t<td class=\"column-1\">Rodzaj zasilania<\/td><td class=\"column-2\"><\/td><td class=\"column-3\">12V DC-in, 4-pin ATX power connector, AT\/ATX<br \/>\n<\/td>\n<\/tr>\n<tr class=\"row-37\">\n\t<td class=\"column-1\">Wymiary<\/td><td class=\"column-2\"><\/td><td class=\"column-3\">146 x 102 mm (5.7\" x 4\")<br \/>\n<\/td>\n<\/tr>\n<tr class=\"row-38\">\n\t<td class=\"column-1\">Temperatura operacyjna<\/td><td class=\"column-2\"><\/td><td class=\"column-3\">-40 to 85\u00b0C<br \/>\n<\/td>\n<\/tr>\n<tr class=\"row-39\">\n\t<td class=\"column-1\">Temperatura przechowywania<\/td><td class=\"column-2\"><\/td><td class=\"column-3\">-40 to 85\u00b0C<br \/>\n<\/td>\n<\/tr>\n<tr class=\"row-40\">\n\t<td class=\"column-1\">Wzgl\u0119dna wilgotno\u015b\u0107<\/td><td class=\"column-2\"><\/td><td class=\"column-3\">10% do 90%, bez kondensacji<br \/>\n<\/td>\n<\/tr>\n<\/tbody>\n<\/table>\n<!-- #tablepress-217 from cache -->\n","protected":false},"excerpt":{"rendered":"<p>OXY5320A, 3.5\u201d form factor industrial motherboard, driven by Intel\u00ae 3rd generation Atom Cedarview N2600 processor and NM10 chipset on board. The feature of OXY5320A is to provide ultra low power consumption of only 3.5W and chipset of 2.1W while supporting dual-core of 1.6 GHz of CPU clock speed. This powerful dual-core operation and energy-saving low power design make OXY5320A an ideal candidate for display, automation, transportation, medical and more applications.<\/p>\n","protected":false},"featured_media":11033,"template":"","meta":{"_acf_changed":false,"inline_featured_image":false,"_monsterinsights_skip_tracking":false,"_monsterinsights_sitenote_active":false,"_monsterinsights_sitenote_note":"","_monsterinsights_sitenote_category":0},"product_brand":[],"product_cat":[566,512,510,1583],"product_tag":[],"class_list":{"0":"post-4973","1":"product","2":"type-product","3":"status-publish","4":"has-post-thumbnail","6":"product_cat-35-sbc-en","7":"product_cat-embedded-computer","8":"product_cat-perfectron-en","9":"product_cat-sbc-single-board-computers","11":"first","12":"instock","13":"shipping-taxable","14":"product-type-simple"},"acf":[],"_links":{"self":[{"href":"https:\/\/quantum.com.pl\/en\/wp-json\/wp\/v2\/product\/4973","targetHints":{"allow":["GET"]}}],"collection":[{"href":"https:\/\/quantum.com.pl\/en\/wp-json\/wp\/v2\/product"}],"about":[{"href":"https:\/\/quantum.com.pl\/en\/wp-json\/wp\/v2\/types\/product"}],"wp:featuredmedia":[{"embeddable":true,"href":"https:\/\/quantum.com.pl\/en\/wp-json\/wp\/v2\/media\/11033"}],"wp:attachment":[{"href":"https:\/\/quantum.com.pl\/en\/wp-json\/wp\/v2\/media?parent=4973"}],"wp:term":[{"taxonomy":"product_brand","embeddable":true,"href":"https:\/\/quantum.com.pl\/en\/wp-json\/wp\/v2\/product_brand?post=4973"},{"taxonomy":"product_cat","embeddable":true,"href":"https:\/\/quantum.com.pl\/en\/wp-json\/wp\/v2\/product_cat?post=4973"},{"taxonomy":"product_tag","embeddable":true,"href":"https:\/\/quantum.com.pl\/en\/wp-json\/wp\/v2\/product_tag?post=4973"}],"curies":[{"name":"wp","href":"https:\/\/api.w.org\/{rel}","templated":true}]}}