{"id":4987,"date":"2019-10-22T14:05:59","date_gmt":"2019-10-22T12:05:46","guid":{"rendered":"https:\/\/quantum.com.pl\/?post_type=product&#038;p=4987"},"modified":"2022-03-29T13:35:56","modified_gmt":"2022-03-29T11:35:56","slug":"oxy5319a","status":"publish","type":"product","link":"https:\/\/quantum.com.pl\/en\/product\/oxy5319a\/","title":{"rendered":"OXY5319A"},"content":{"rendered":"<h4>3.5\u201d form factor, Intel\u00ae Tunnel Creek E620T CPU on board, Extended Temperature. -40 to 85\u00b0C<\/h4>\n<ul>\n<li>Intel\u00ae Tunnel Creek E620T CPU+ Intel\u00ae Topcliff EG20T<\/li>\n<li>Dual independent display support by VGA and LVDS<\/li>\n<li>Rich I\/O interface with 4x COM, 2x USB, 2 LAN<\/li>\n<li>Flexible expansion with 1 x mPCIe<\/li>\n<li>1x CAN Bus support<\/li>\n<li>8 bit DIO (4 in\/84out)<\/li>\n<li>Extended operating temperature. -40 to 85\u00b0C<\/li>\n<li>12V DC-in<\/li>\n<\/ul>\n<p>OXY5319A is a 3.5\u201d form factor single board computer, designed with Intel\u00ae Tunnel Creek E620T CPU and 512MB memory soldered onboard. Processor E620T supports single core 600 MHz, presenting extremely low power consumption 3.3W with great performance. With processor and memory soldered onboard can significantly enhance the resistance of vibration and shock. Extensive I\/O interface with 4 COM ports, 2 USB ports and flexible expansion slot for one Mini PCIe can increase a variety of possibility for device connect ability. OXY5319A especially supports one CAN bus which can apply in transportation application. Extended temperature operation from -40 to +85\u00b0C ensures unbeatable reliability. OXY5319A is rugged SBC and expected to be a good solution for automation and transportation industry.<\/p>\n<h4>Processor and Memory soldered on board provide maximum resistance of shock and vibration<\/h4>\n<p>With processor and memory soldering on board can enhance the resistance of shock and vibration to allow product operates under every possible condition. With processor and memory soldering on board would lower resistance and inductance at the connection enhance effective transmission that could guarantee better and more high frequency performance for the system.<\/p>\n<h4>Rich I\/O interface \u2013 Extensive Functionality<\/h4>\n<p>OXY5319A presents extensive I\/O interface with 4 COM ports, 2 USB ports and two LAN ports that provide a variety of possibility for device connect ability. Besides, it supports flexible expansion slot for one Mini PCIe for extra module usage, one CAN bus and digital I\/O enabling easy integration for in-vehicle infotainment and industrial automation usage.<\/p>\n\n<table id=\"tablepress-219\" class=\"tablepress tablepress-id-219\">\n<thead>\n<tr class=\"row-1\">\n\t<th class=\"column-1\"><strong>Model<\/strong><\/th><td class=\"column-2\"><\/td><th class=\"column-3\"><strong>OXY5315A-UT<\/strong><\/th>\n<\/tr>\n<\/thead>\n<tbody class=\"row-striping row-hover\">\n<tr class=\"row-2\">\n\t<td class=\"column-1\">Temperatura operacyjna<\/td><td class=\"column-2\"><\/td><td class=\"column-3\">-40\u00b0C ~ +85\u00b0C<br \/>\n<\/td>\n<\/tr>\n<tr class=\"row-3\">\n\t<td class=\"column-1\">System<\/td><td class=\"column-2\">Typ CPU<\/td><td class=\"column-3\">Intel\u00ae Atom\u2122 D2550 1.66 GHz<br \/>\n<\/td>\n<\/tr>\n<tr class=\"row-4\">\n\t<td class=\"column-1\"><\/td><td class=\"column-2\">Typ pami\u0119ci<\/td><td class=\"column-3\">1 x 204-pin SO-DIMM DDR3L 1600 MHz up to 4 GB w\/o ECC support<br \/>\n<\/td>\n<\/tr>\n<tr class=\"row-5\">\n\t<td class=\"column-1\"><\/td><td class=\"column-2\">Chipset<\/td><td class=\"column-3\">Intel\u00ae 82801HBM ICH8 Mobile (ICH8M)<\/td>\n<\/tr>\n<tr class=\"row-6\">\n\t<td class=\"column-1\"><\/td><td class=\"column-2\">BIOS<\/td><td class=\"column-3\">AMI\u00ae BIOS<br \/>\n<\/td>\n<\/tr>\n<tr class=\"row-7\">\n\t<td class=\"column-1\"><\/td><td class=\"column-2\">Super I\/O<\/td><td class=\"column-3\">ITE IT8781F<br \/>\ndrugi - Fintek F81216AD<br \/>\n<\/td>\n<\/tr>\n<tr class=\"row-8\">\n\t<td class=\"column-1\"><\/td><td class=\"column-2\">Zegar nadzoruj\u0105cy<\/td><td class=\"column-3\">1-255 sek. lub 1-255 min. programowalny, mo\u017ce generowa\u0107 reset systemu<br \/>\n<\/td>\n<\/tr>\n<tr class=\"row-9\">\n\t<td class=\"column-1\">Gniazdo rozszerze\u0144<\/td><td class=\"column-2\">Mini PCIe<\/td><td class=\"column-3\">1 x miniPCIe for Gen2<br \/>\n<\/td>\n<\/tr>\n<tr class=\"row-10\">\n\t<td class=\"column-1\">Wy\u015bwietlacz<\/td><td class=\"column-2\">Chipset<\/td><td class=\"column-3\">Integrated Intel\u00ae GMA3150 Graphic core<br \/>\n<\/td>\n<\/tr>\n<tr class=\"row-11\">\n\t<td class=\"column-1\"><\/td><td class=\"column-2\">LVDS<\/td><td class=\"column-3\">Obs\u0142uguje 18-bitowy LVDS jednokana\u0142owy (maks. Rozdzielczo\u015b\u0107 1366 x 768)<br \/>\n<br \/>\n<\/td>\n<\/tr>\n<tr class=\"row-12\">\n\t<td class=\"column-1\"><\/td><td class=\"column-2\">Mo\u017cliwo\u015b\u0107 podw\u00f3jnego, niezale\u017cnego wy\u015bwietlania<\/td><td class=\"column-3\">VGA + LVDS<br \/>\n<\/td>\n<\/tr>\n<tr class=\"row-13\">\n\t<td class=\"column-1\"><\/td><td class=\"column-2\">VGA na p\u0142ycie<\/td><td class=\"column-3\">Tak (maks. Rozdzielczo\u015b\u0107 1400 x 1050 przy 60 Hz)<br \/>\n<\/td>\n<\/tr>\n<tr class=\"row-14\">\n\t<td class=\"column-1\">Audio<\/td><td class=\"column-2\">Codec<\/td><td class=\"column-3\">Na p\u0142ycie wzmacniacz Realtek ALC662 High Definition Audio Codec * 2W<br \/>\n<\/td>\n<\/tr>\n<tr class=\"row-15\">\n\t<td class=\"column-1\">Ethernet<\/td><td class=\"column-2\">Chipset<\/td><td class=\"column-3\">2 x RTL8111E GbE LAN(support 10\/100\/1000 Mbps for 2 x RJ45 ports)<br \/>\n<\/td>\n<\/tr>\n<tr class=\"row-16\">\n\t<td class=\"column-1\"><\/td><td class=\"column-2\">WOL<\/td><td class=\"column-3\">Tak<\/td>\n<\/tr>\n<tr class=\"row-17\">\n\t<td class=\"column-1\"><\/td><td class=\"column-2\">Boot from LAN<\/td><td class=\"column-3\">Tak dla PXE<br \/>\n<\/td>\n<\/tr>\n<tr class=\"row-18\">\n\t<td class=\"column-1\">Tylne I\/O<\/td><td class=\"column-2\">VGA <\/td><td class=\"column-3\">1 x 15-pin VGA connector (female)<br \/>\n<\/td>\n<\/tr>\n<tr class=\"row-19\">\n\t<td class=\"column-1\"><\/td><td class=\"column-2\">COM<\/td><td class=\"column-3\">RS232: DCD-, RXD, TXD, DTR-, GND, DSR-, RTS-, CTS-<br \/>\nRS422: TX-, RX+, TX+, RX-, GND,<br \/>\nRS485: DATA-, DATA+, GND<br \/>\n<\/td>\n<\/tr>\n<tr class=\"row-20\">\n\t<td class=\"column-1\"><\/td><td class=\"column-2\">Ethernet<\/td><td class=\"column-3\">2 x RJ45 ports (support 10\/100\/1000 Mbps for 2 x RJ45 ports)<br \/>\n<\/td>\n<\/tr>\n<tr class=\"row-21\">\n\t<td class=\"column-1\"><\/td><td class=\"column-2\">USB<\/td><td class=\"column-3\">2 x USB 2.0<br \/>\n<\/td>\n<\/tr>\n<tr class=\"row-22\">\n\t<td class=\"column-1\"><\/td><td class=\"column-2\">Reset Button<\/td><td class=\"column-3\">1 <\/td>\n<\/tr>\n<tr class=\"row-23\">\n\t<td class=\"column-1\">Interface I\/O<\/td><td class=\"column-2\">SATA<\/td><td class=\"column-3\">1 x SATAII (3 Gb\/s)<br \/>\n<\/td>\n<\/tr>\n<tr class=\"row-24\">\n\t<td class=\"column-1\"><\/td><td class=\"column-2\">USB<\/td><td class=\"column-3\">6 port\u00f3w USB 2.0 przez 2 x 5-pinowe z\u0142\u0105cze<br \/>\n<br \/>\n<\/td>\n<\/tr>\n<tr class=\"row-25\">\n\t<td class=\"column-1\"><\/td><td class=\"column-2\">COM<\/td><td class=\"column-3\">7 x COM ports<br \/>\nPorty COM2 ~ COM4 obs\u0142uguj\u0105 tylko RS232 z 5V \/ 12V wybieranymi za pomoc\u0105 1 x 10-pinowego z\u0142\u0105cza<br \/>\nPort COM5 ~ 8 obs\u0142uguje RS232 przez 1 x 10-pinowe z\u0142\u0105cze<\/td>\n<\/tr>\n<tr class=\"row-26\">\n\t<td class=\"column-1\"><\/td><td class=\"column-2\">Audio<\/td><td class=\"column-3\">2 x 3-pinowe z\u0142\u0105cze dla wej\u015bcia mikrofonowego \/ wej\u015bcia liniowego \/ wyj\u015bcia liniowego<br \/>\n2 x 2-pinowe z\u0142\u0105cze dla prawego i lewego g\u0142o\u015bnika<br \/>\n<\/td>\n<\/tr>\n<tr class=\"row-27\">\n\t<td class=\"column-1\"><\/td><td class=\"column-2\">LVDS<\/td><td class=\"column-3\">30-stykowe z\u0142\u0105cze<br \/>\n<\/td>\n<\/tr>\n<tr class=\"row-28\">\n\t<td class=\"column-1\"><\/td><td class=\"column-2\">PS\/2<\/td><td class=\"column-3\">2 x 3-stykowe z\u0142\u0105cze<\/td>\n<\/tr>\n<tr class=\"row-29\">\n\t<td class=\"column-1\"><\/td><td class=\"column-2\">CF card<\/td><td class=\"column-3\">1 x gniazdo CF wed\u0142ug interfejsu IDE<br \/>\n<\/td>\n<\/tr>\n<tr class=\"row-30\">\n\t<td class=\"column-1\"><\/td><td class=\"column-2\">Port szeregowy<\/td><td class=\"column-3\">2 x 13-stykowe z\u0142\u0105cze<br \/>\n<\/td>\n<\/tr>\n<tr class=\"row-31\">\n\t<td class=\"column-1\"><\/td><td class=\"column-2\">DIO<\/td><td class=\"column-3\">8-bit (4 in\/4 out)<br \/>\n<\/td>\n<\/tr>\n<tr class=\"row-32\">\n\t<td class=\"column-1\">OS support list<\/td><td class=\"column-2\">Windows<\/td><td class=\"column-3\">Windows 7 x32\u3001Windows 7 x64<br \/>\n<\/td>\n<\/tr>\n<tr class=\"row-33\">\n\t<td class=\"column-1\"><\/td><td class=\"column-2\">Linux<\/td><td class=\"column-3\">Open SUSE 12.2\u3001Debian 7.0.0<br \/>\n<\/td>\n<\/tr>\n<tr class=\"row-34\">\n\t<td class=\"column-1\"><\/td><td class=\"column-2\"><strong>Mechanika i \u015brodowisko<\/strong><\/td><td class=\"column-3\"><\/td>\n<\/tr>\n<tr class=\"row-35\">\n\t<td class=\"column-1\">Form Factor<\/td><td class=\"column-2\"><\/td><td class=\"column-3\">3.5\" SBC<br \/>\n<\/td>\n<\/tr>\n<tr class=\"row-36\">\n\t<td class=\"column-1\">Typ mocy<\/td><td class=\"column-2\"><\/td><td class=\"column-3\">12V DC-in, 4-pin ATX power connector, AT\/ATX<br \/>\n<\/td>\n<\/tr>\n<tr class=\"row-37\">\n\t<td class=\"column-1\">Wymiary<\/td><td class=\"column-2\"><\/td><td class=\"column-3\">146 x 102 mm (5.7\" x 4\")<br \/>\n<\/td>\n<\/tr>\n<tr class=\"row-38\">\n\t<td class=\"column-1\">Temperatura operacyjna<\/td><td class=\"column-2\"><\/td><td class=\"column-3\">-40 do 85\u00b0C<br \/>\n<\/td>\n<\/tr>\n<tr class=\"row-39\">\n\t<td class=\"column-1\">Temperatura przechowywania<\/td><td class=\"column-2\"><\/td><td class=\"column-3\">-40 do 85\u00b0C<br \/>\n<\/td>\n<\/tr>\n<tr class=\"row-40\">\n\t<td class=\"column-1\">Wzgl\u0119dna wilgotno\u015b\u0107<\/td><td class=\"column-2\"><\/td><td class=\"column-3\">10% to 90%, bez kondensacji<\/td>\n<\/tr>\n<\/tbody>\n<\/table>\n<!-- #tablepress-219 from cache -->\n","protected":false},"excerpt":{"rendered":"<p>OXY5319A is a 3.5\u201d form factor single board computer, designed with Intel\u00ae Tunnel Creek E620T CPU and 512MB memory soldered onboard. Processor E620T supports single core 600 MHz, presenting extremely low power consumption 3.3W with great performance.<\/p>\n","protected":false},"featured_media":11031,"template":"","meta":{"_acf_changed":false,"inline_featured_image":false,"_monsterinsights_skip_tracking":false,"_monsterinsights_sitenote_active":false,"_monsterinsights_sitenote_note":"","_monsterinsights_sitenote_category":0},"product_brand":[],"product_cat":[566,512,510,1583],"product_tag":[],"class_list":{"0":"post-4987","1":"product","2":"type-product","3":"status-publish","4":"has-post-thumbnail","6":"product_cat-35-sbc-en","7":"product_cat-embedded-computer","8":"product_cat-perfectron-en","9":"product_cat-sbc-single-board-computers","11":"first","12":"instock","13":"shipping-taxable","14":"product-type-simple"},"acf":[],"_links":{"self":[{"href":"https:\/\/quantum.com.pl\/en\/wp-json\/wp\/v2\/product\/4987","targetHints":{"allow":["GET"]}}],"collection":[{"href":"https:\/\/quantum.com.pl\/en\/wp-json\/wp\/v2\/product"}],"about":[{"href":"https:\/\/quantum.com.pl\/en\/wp-json\/wp\/v2\/types\/product"}],"wp:featuredmedia":[{"embeddable":true,"href":"https:\/\/quantum.com.pl\/en\/wp-json\/wp\/v2\/media\/11031"}],"wp:attachment":[{"href":"https:\/\/quantum.com.pl\/en\/wp-json\/wp\/v2\/media?parent=4987"}],"wp:term":[{"taxonomy":"product_brand","embeddable":true,"href":"https:\/\/quantum.com.pl\/en\/wp-json\/wp\/v2\/product_brand?post=4987"},{"taxonomy":"product_cat","embeddable":true,"href":"https:\/\/quantum.com.pl\/en\/wp-json\/wp\/v2\/product_cat?post=4987"},{"taxonomy":"product_tag","embeddable":true,"href":"https:\/\/quantum.com.pl\/en\/wp-json\/wp\/v2\/product_tag?post=4987"}],"curies":[{"name":"wp","href":"https:\/\/api.w.org\/{rel}","templated":true}]}}