{"id":5002,"date":"2019-10-22T14:42:45","date_gmt":"2019-10-22T12:42:14","guid":{"rendered":"https:\/\/quantum.com.pl\/?post_type=product&#038;p=5002"},"modified":"2022-03-29T13:33:51","modified_gmt":"2022-03-29T11:33:51","slug":"oxy5316a","status":"publish","type":"product","link":"https:\/\/quantum.com.pl\/en\/product\/oxy5316a\/","title":{"rendered":"OXY5316A"},"content":{"rendered":"<h4>3.5\u201d form factor, Intel\u00ae Cedarview N2800 SBC, Extended Temperature -40 to 85\u00b0C<\/h4>\n<ul>\n<li>Intel\u00ae Atom Cedarview N2800 + Intel NM10 PCH on board<\/li>\n<li>Dual independent display: DVI-I, LVDS<\/li>\n<li>Rich I\/O interface with 5 COM, 7 USB, 2 LAN, 2 SATAII, and 1 CFast Socket<\/li>\n<li>Flexible expansion with 1 x mini PCIe<\/li>\n<li>Support Single Channel 18\/24-bit single\/dual LVDS<\/li>\n<li>12V DC-in, 4-pin ATX power connector, AT\/ATX mode support<\/li>\n<li>Extended operating temperature -40 to 85\u00b0C<\/li>\n<\/ul>\n<p>OXY5316A, 3.5\u201d form factor industrial motherboard, driven by Intel\u00ae 3rd generation Atom Cedarview N2800 processor and NM10 chipset on board. The feature of OXY5316A is to provide ultra low power consumption of only 6.5W and chipset of 2.1W while supporting dual-core of 1.86 GHz of CPU clock speed. This powerful dual-core operation and energy-saving low power design make OXY5316A an ideal candidate for display, automation, transportation, medical and more applications. To fulfill small form factor with versatile functions, OXY5316A supports one SATA II port and one CFast slot for storage, the maximum memory can be up to DDR3 4GB. Onboard there are up to five COM ports with 5V\/12V (one RS232\/422\/482, four RS232), seven USB 2.0 and dual LAN by RTL8111E chip which supports wake on LAN. Apart from rich I\/O for extension and system integration, PERFECTRON\u2019s OXY5316A is design to meet rugged operating environment, from most important power, clock generator to Super I\/O components, PERFECTRON only use extended operating temperature components to ensure the wide range temperature from -40 to +85\u00b0C. And by processor and chipset soldering on board, this Cedarview 3.5\u201dSBC can withstand high level of shock and vibration. With these two features, OXY5316A can work extra well in ruggedized missions and to perform superior stability and reliability.<\/p>\n<h4>Rich I\/O interface \u2013 Extensive Functionality<\/h4>\n<p>Rich I\/O design endows OXY5316A with the ability to comprehend present day automation devices, display, and other applications that require extensive I\/O features. With 5 COM ports, 7 USB, 2 LAN, 2 SATAII (one by CFast) and dual-display (DVI-I + LVDS), OXY5316A provides a wide array of choices to expand and connect to different devices.<\/p>\n<h4>Extended Temperature Operation<\/h4>\n<p>PERFECTRON aims to provide excellent performance to all types of temperature zone. From component selection to layout design, we dedicate our knowledge to make sure that our boards can stand extreme temperature. OXY5316A can operate from -40 up to 85 degree, our strict manufacture procedure guarantees supreme performance in severe environment.<\/p>\n<h4>Efficient thermal solution<\/h4>\n<p>A tailor-made heat spreader is what PERFECTRON provide for engineers to reduce mechanical design period also ensures the highest efficacy for dissipation. For OXY5316A, the customized heat sink is placed on top of the CPU and chipset, acting as the medium that exchanges the heat to the surrounding atmosphere. The highly efficient aluminum heat sink has a thermal conductivity to absorb the heat generated by the pumping CPU.<\/p>\n\n<table id=\"tablepress-221\" class=\"tablepress tablepress-id-221\">\n<thead>\n<tr class=\"row-1\">\n\t<th class=\"column-1\"><strong>Model<\/strong><\/th><td class=\"column-2\"><\/td><th class=\"column-3\"><strong>OXY5315A-UT<\/strong><\/th>\n<\/tr>\n<\/thead>\n<tbody class=\"row-striping row-hover\">\n<tr class=\"row-2\">\n\t<td class=\"column-1\">Temperatura operacyjna <\/td><td class=\"column-2\"><\/td><td class=\"column-3\">-40\u00b0C ~ +85\u00b0C<br \/>\n<\/td>\n<\/tr>\n<tr class=\"row-3\">\n\t<td class=\"column-1\">System<\/td><td class=\"column-2\">Typ CPU<\/td><td class=\"column-3\">Intel\u00ae Atom\u2122 E660T 1.3 GHz<br \/>\n<br \/>\n<\/td>\n<\/tr>\n<tr class=\"row-4\">\n\t<td class=\"column-1\"><\/td><td class=\"column-2\">Typ pami\u0119ci<\/td><td class=\"column-3\">1 GB DDR2 667\/800 MHz memory IC onboard<\/td>\n<\/tr>\n<tr class=\"row-5\">\n\t<td class=\"column-1\"><\/td><td class=\"column-2\">Chipset<\/td><td class=\"column-3\">Intel\u00ae Topcliff EG20T<\/td>\n<\/tr>\n<tr class=\"row-6\">\n\t<td class=\"column-1\"><\/td><td class=\"column-2\">BIOS<\/td><td class=\"column-3\">AMI\u00ae BIOS<br \/>\n<\/td>\n<\/tr>\n<tr class=\"row-7\">\n\t<td class=\"column-1\"><\/td><td class=\"column-2\">Super I\/O<\/td><td class=\"column-3\">SMSC SCH3114<br \/>\n<br \/>\n<\/td>\n<\/tr>\n<tr class=\"row-8\">\n\t<td class=\"column-1\"><\/td><td class=\"column-2\">Zegar nadzoruj\u0105cy<\/td><td class=\"column-3\">1-255 sek. lub 1-255 min. programowalny, mo\u017ce generowa\u0107 reset systemu<\/td>\n<\/tr>\n<tr class=\"row-9\">\n\t<td class=\"column-1\">Gniazdo rozszerze\u0144<\/td><td class=\"column-2\">Mini PCIe<\/td><td class=\"column-3\">1 x miniPCIe for Gen2<br \/>\n<\/td>\n<\/tr>\n<tr class=\"row-10\">\n\t<td class=\"column-1\">Wy\u015bwietlacz<\/td><td class=\"column-2\">Chipset<\/td><td class=\"column-3\">Chrontel 7317B SDVO do nadajnika VGA<br \/>\n<\/td>\n<\/tr>\n<tr class=\"row-11\">\n\t<td class=\"column-1\"><\/td><td class=\"column-2\">LVDS<\/td><td class=\"column-3\">Obs\u0142uguje kana\u0142 sygna\u0142owy 18\/24-bit LVDS<\/td>\n<\/tr>\n<tr class=\"row-12\">\n\t<td class=\"column-1\"><\/td><td class=\"column-2\">Mo\u017cliwo\u015b\u0107 podw\u00f3jnego, niezale\u017cnego wy\u015bwietlania<\/td><td class=\"column-3\">VGA + LVDS<br \/>\n<\/td>\n<\/tr>\n<tr class=\"row-13\">\n\t<td class=\"column-1\">Audio<\/td><td class=\"column-2\">Codec<\/td><td class=\"column-3\">Realtek ALC886 High Definition Audio Codec *2W amplifier onboard<br \/>\n<\/td>\n<\/tr>\n<tr class=\"row-14\">\n\t<td class=\"column-1\">Ethernet<\/td><td class=\"column-2\">Chipset<\/td><td class=\"column-3\">2 x Intel\u00ae 82574IT GbE LAN (support 10\/100\/1000 Mbps for 2 x RJ45 ports)<br \/>\n<\/td>\n<\/tr>\n<tr class=\"row-15\">\n\t<td class=\"column-1\"><\/td><td class=\"column-2\">WOL<\/td><td class=\"column-3\">Tak<\/td>\n<\/tr>\n<tr class=\"row-16\">\n\t<td class=\"column-1\"><\/td><td class=\"column-2\">Boot from LAN<\/td><td class=\"column-3\">Tak dla PXE<br \/>\n<\/td>\n<\/tr>\n<tr class=\"row-17\">\n\t<td class=\"column-1\">Tylne I\/O<\/td><td class=\"column-2\">VGA <\/td><td class=\"column-3\">1 x 15-pin VGA connector (female)<br \/>\n<\/td>\n<\/tr>\n<tr class=\"row-18\">\n\t<td class=\"column-1\"><\/td><td class=\"column-2\">COM<\/td><td class=\"column-3\">RS232: DCD-, RXD, TXD, DTR-, GND, DSR-, RTS-, CTS-<br \/>\nRS422: TX-, RX+, TX+, RX-, GND,<br \/>\nRS485: DATA-, DATA+, GND<br \/>\n<\/td>\n<\/tr>\n<tr class=\"row-19\">\n\t<td class=\"column-1\"><\/td><td class=\"column-2\">Ethernet<\/td><td class=\"column-3\">2 x RJ45 ports (support 10\/100\/1000 Mbps for 2 x RJ45 ports)<br \/>\n<\/td>\n<\/tr>\n<tr class=\"row-20\">\n\t<td class=\"column-1\"><\/td><td class=\"column-2\">USB<\/td><td class=\"column-3\">2 x USB 2.0<br \/>\n<\/td>\n<\/tr>\n<tr class=\"row-21\">\n\t<td class=\"column-1\">Interface I\/O<\/td><td class=\"column-2\">SATA<\/td><td class=\"column-3\">1 x SATAII (3 Gb\/s)<br \/>\n1 x 3-pinowe z\u0142\u0105cze zasilania<br \/>\n<br \/>\n<\/td>\n<\/tr>\n<tr class=\"row-22\">\n\t<td class=\"column-1\"><\/td><td class=\"column-2\">COM<\/td><td class=\"column-3\">3 x porty COM<br \/>\nPorty COM2 ~ COM4 obs\u0142uguj\u0105 RS232 przez 1 x 10-pinowe z\u0142\u0105cze<br \/>\n<\/td>\n<\/tr>\n<tr class=\"row-23\">\n\t<td class=\"column-1\"><\/td><td class=\"column-2\">Audio<\/td><td class=\"column-3\">1 x 6-pinowe z\u0142\u0105cze dla wej\u015bcia mikrofonowego \/ wej\u015bcia liniowego \/ wyj\u015bcia liniowego<br \/>\n<\/td>\n<\/tr>\n<tr class=\"row-24\">\n\t<td class=\"column-1\"><\/td><td class=\"column-2\">LVDS<\/td><td class=\"column-3\">20-pin connector<br \/>\n<br \/>\n<\/td>\n<\/tr>\n<tr class=\"row-25\">\n\t<td class=\"column-1\"><\/td><td class=\"column-2\">CF card<\/td><td class=\"column-3\">1 x CF socket by IDE interface<br \/>\n<\/td>\n<\/tr>\n<tr class=\"row-26\">\n\t<td class=\"column-1\"><\/td><td class=\"column-2\">Magistrala SM <\/td><td class=\"column-3\">1 x 2-pinowe z\u0142\u0105cze<br \/>\n<\/td>\n<\/tr>\n<tr class=\"row-27\">\n\t<td class=\"column-1\"><\/td><td class=\"column-2\">Magistrala CAN <\/td><td class=\"column-3\">1 x 10-pinowe z\u0142\u0105cze<br \/>\n<\/td>\n<\/tr>\n<tr class=\"row-28\">\n\t<td class=\"column-1\"><\/td><td class=\"column-2\">DIO<\/td><td class=\"column-3\">8-bit (4 in\/4 out)<br \/>\n<\/td>\n<\/tr>\n<tr class=\"row-29\">\n\t<td class=\"column-1\">OS support list<\/td><td class=\"column-2\">Windows<\/td><td class=\"column-3\">Windows XP x32\u3001Windows XP x64<br \/>\n<\/td>\n<\/tr>\n<tr class=\"row-30\">\n\t<td class=\"column-1\"><\/td><td class=\"column-2\">Linux<\/td><td class=\"column-3\">Fedora 14<br \/>\n<\/td>\n<\/tr>\n<tr class=\"row-31\">\n\t<td class=\"column-1\"><\/td><td class=\"column-2\"><strong>Mechanika i \u015brodowisko<\/strong><\/td><td class=\"column-3\"><\/td>\n<\/tr>\n<tr class=\"row-32\">\n\t<td class=\"column-1\">Form Factor<\/td><td class=\"column-2\"><\/td><td class=\"column-3\">3.5\" SBC<br \/>\n<\/td>\n<\/tr>\n<tr class=\"row-33\">\n\t<td class=\"column-1\">Typ mocy<\/td><td class=\"column-2\"><\/td><td class=\"column-3\">12V DC-in, 4-pin ATX power connector, AT\/ATX<br \/>\n<\/td>\n<\/tr>\n<tr class=\"row-34\">\n\t<td class=\"column-1\">Wymiary<\/td><td class=\"column-2\"><\/td><td class=\"column-3\">146 x 102 mm (5.7\" x 4\")<br \/>\n<\/td>\n<\/tr>\n<tr class=\"row-35\">\n\t<td class=\"column-1\">Temperatura operacyjna<\/td><td class=\"column-2\"><\/td><td class=\"column-3\">-40 do 85\u00b0C<br \/>\n<\/td>\n<\/tr>\n<tr class=\"row-36\">\n\t<td class=\"column-1\">Temperatura przechowywania<\/td><td class=\"column-2\"><\/td><td class=\"column-3\">-40 do 85\u00b0C<br \/>\n<\/td>\n<\/tr>\n<tr class=\"row-37\">\n\t<td class=\"column-1\">Wzgl\u0119dna wilgotno\u015b\u0107<\/td><td class=\"column-2\"><\/td><td class=\"column-3\">10% to 90%, bez kondensacji<\/td>\n<\/tr>\n<\/tbody>\n<\/table>\n<!-- #tablepress-221 from cache -->\n","protected":false},"excerpt":{"rendered":"<p>OXY5316A, 3.5\u201d form factor industrial motherboard, driven by Intel\u00ae 3rd generation Atom Cedarview N2800 processor and NM10 chipset on board. The feature of OXY5316A is to provide ultra low power consumption of only 6.5W and chipset of 2.1W while supporting dual-core of 1.86 GHz of CPU clock speed. This powerful dual-core operation and energy-saving low power design make OXY5316A an ideal candidate for display, automation, transportation, medical and more applications.<\/p>\n","protected":false},"featured_media":11029,"template":"","meta":{"_acf_changed":false,"inline_featured_image":false,"_monsterinsights_skip_tracking":false,"_monsterinsights_sitenote_active":false,"_monsterinsights_sitenote_note":"","_monsterinsights_sitenote_category":0},"product_brand":[],"product_cat":[566,512,510,1583],"product_tag":[],"class_list":{"0":"post-5002","1":"product","2":"type-product","3":"status-publish","4":"has-post-thumbnail","6":"product_cat-35-sbc-en","7":"product_cat-embedded-computer","8":"product_cat-perfectron-en","9":"product_cat-sbc-single-board-computers","11":"first","12":"instock","13":"shipping-taxable","14":"product-type-simple"},"acf":[],"_links":{"self":[{"href":"https:\/\/quantum.com.pl\/en\/wp-json\/wp\/v2\/product\/5002","targetHints":{"allow":["GET"]}}],"collection":[{"href":"https:\/\/quantum.com.pl\/en\/wp-json\/wp\/v2\/product"}],"about":[{"href":"https:\/\/quantum.com.pl\/en\/wp-json\/wp\/v2\/types\/product"}],"wp:featuredmedia":[{"embeddable":true,"href":"https:\/\/quantum.com.pl\/en\/wp-json\/wp\/v2\/media\/11029"}],"wp:attachment":[{"href":"https:\/\/quantum.com.pl\/en\/wp-json\/wp\/v2\/media?parent=5002"}],"wp:term":[{"taxonomy":"product_brand","embeddable":true,"href":"https:\/\/quantum.com.pl\/en\/wp-json\/wp\/v2\/product_brand?post=5002"},{"taxonomy":"product_cat","embeddable":true,"href":"https:\/\/quantum.com.pl\/en\/wp-json\/wp\/v2\/product_cat?post=5002"},{"taxonomy":"product_tag","embeddable":true,"href":"https:\/\/quantum.com.pl\/en\/wp-json\/wp\/v2\/product_tag?post=5002"}],"curies":[{"name":"wp","href":"https:\/\/api.w.org\/{rel}","templated":true}]}}