{"id":5016,"date":"2019-10-22T15:24:55","date_gmt":"2019-10-22T13:24:45","guid":{"rendered":"https:\/\/quantum.com.pl\/?post_type=product&#038;p=5016"},"modified":"2022-03-29T13:32:34","modified_gmt":"2022-03-29T11:32:34","slug":"oxy5315a","status":"publish","type":"product","link":"https:\/\/quantum.com.pl\/en\/product\/oxy5315a\/","title":{"rendered":"OXY5315A"},"content":{"rendered":"<h4>3.5\u201d form factor, Intel\u00ae Pineview N455 SBC, Extended Temperature. -40 to 85\u00b0C<\/h4>\n<ul>\n<li>Intel\u00ae Atom Pineview N455 onboard + Intel ICH8M PCH<\/li>\n<li>Dual independent display: VGA, LVDS<\/li>\n<li>Rich I\/O interface with 8 COM, 8 USB, 2 LAN, 2 SATAII, and 1 x Compact Flash Typell Socket<\/li>\n<li>Flexible expansion with 1 x miniPCIe<\/li>\n<li>Support Single\/dual Channel 18-bit LVDS<\/li>\n<li>12V DC-in, 4-pin ATX power connector, AT\/ATX mode support<\/li>\n<li>Extended operating temperature. -40 to 85\u00b0C<\/li>\n<\/ul>\n<p>OXY5315A is a 3.5\u201d industrial motherboard, driven by Intel\u00ae Atom Pineview N455 CPU onboard and ICH8M chipset. Extreme low power consumption of Processor Atom Pineview N455 plus Intel ICH8M chipset is only 6.5W and 2.4W respectively. The overall power consumption is as low as 8.9W! It supports AC\/DC power convert function, which provides a more flexible power selection. VGA &amp; CPU onboard design creates a higher ability to withstand vibration and shock. Extended temperature operation from -40 to +85\u00b0C ensures unbeatable reliability. Fast processor equips with rich legacy I\/O features such as: 8 COM ports; 8 Bit DIO; 8 x USB; optional single\/dual channel 18-bit\/24-bit LVDS. With such extensive functions and powerful computing ability, OXY5315A can fulfill diverse needs of modern day display &amp; monitor control applications.<\/p>\n<h4>Rich I\/O interface \u2013 Extensive Functionality<\/h4>\n<p>Rich I\/O design endows OXY5315A with the ability to comprehend present day automation, display, and other applications that require extensive I\/O features. With 8 COM ports, 8 USB, 2 LAN, 2 SATAII and dual-display (VGA+LVDS), OXY5315A provides a wide array of choices to expand and connect to different devices.<\/p>\n<h4>Extended Temperature Operation<\/h4>\n<p>PERFECTRON aims to provide excellent performance to all types of temperature zone. From component selection to layout design, we dedicate our knowledge to make sure that our boards can stand extreme temperature. OXY5315A can operate from -40 up to 85 degree, our strict manufacture procedure guarantees supreme performance in severe environment.<\/p>\n<h4>Efficient thermal solution<\/h4>\n<p>Thermal pad and heat sink are used to make up an effective thermal solution. For OXY5315A, the thermal pad is placed on top of the CPU, acting as a supportive medium to dissipate the heat to the surrounding atmosphere. The thermal pad is of the perfect thickness (3mm) to deliver the best performance. An aluminum heat sink is fixed on top of the thermal pad to quick the whole dissipation process.<\/p>\n\n<table id=\"tablepress-223\" class=\"tablepress tablepress-id-223\">\n<thead>\n<tr class=\"row-1\">\n\t<th class=\"column-1\"><strong>Model<\/strong><\/th><td class=\"column-2\"><\/td><th class=\"column-3\"><strong>OXY5313A-UT<\/strong><\/th>\n<\/tr>\n<\/thead>\n<tbody class=\"row-striping row-hover\">\n<tr class=\"row-2\">\n\t<td class=\"column-1\">Temperatura operacyjna<\/td><td class=\"column-2\"><\/td><td class=\"column-3\">-40\u00b0C ~ +85\u00b0C<br \/>\n<\/td>\n<\/tr>\n<tr class=\"row-3\">\n\t<td class=\"column-1\">System<\/td><td class=\"column-2\">CPU<\/td><td class=\"column-3\">Intel\u00ae Atom\u2122 D525 1.80 GHz <br \/>\n<br \/>\n<br \/>\n<\/td>\n<\/tr>\n<tr class=\"row-4\">\n\t<td class=\"column-1\"><\/td><td class=\"column-2\">Typ pami\u0119ci<\/td><td class=\"column-3\">1 x 204-pin SO-DIMM DDR3 800 MHz up to 4 GB<br \/>\n<\/td>\n<\/tr>\n<tr class=\"row-5\">\n\t<td class=\"column-1\"><\/td><td class=\"column-2\">Chipset<\/td><td class=\"column-3\">Intel\u00ae 82801HBM ICH8 Mobile (ICH8M)<br \/>\n<\/td>\n<\/tr>\n<tr class=\"row-6\">\n\t<td class=\"column-1\"><\/td><td class=\"column-2\">BIOS<\/td><td class=\"column-3\">AMI\u00ae BIOS<br \/>\n<\/td>\n<\/tr>\n<tr class=\"row-7\">\n\t<td class=\"column-1\"><\/td><td class=\"column-2\">Super I\/O<\/td><td class=\"column-3\">ITE IT8781F<br \/>\n<br \/>\n<\/td>\n<\/tr>\n<tr class=\"row-8\">\n\t<td class=\"column-1\"><\/td><td class=\"column-2\">Zegar nadzoruj\u0105cy<\/td><td class=\"column-3\">1-255 sek. lub 1-255 min. programowalny, mo\u017ce generowa\u0107 reset systemu<br \/>\n<\/td>\n<\/tr>\n<tr class=\"row-9\">\n\t<td class=\"column-1\">Gniazdo rozszerze\u0144<\/td><td class=\"column-2\">Mini PCIe<\/td><td class=\"column-3\">1 x miniPCIe for Gen2<br \/>\n<\/td>\n<\/tr>\n<tr class=\"row-10\">\n\t<td class=\"column-1\">Wy\u015bwietlacz<\/td><td class=\"column-2\">Chipset<\/td><td class=\"column-3\">Zintegrowany rdze\u0144 graficzny Intel\u00ae GMA3150<br \/>\n<\/td>\n<\/tr>\n<tr class=\"row-11\">\n\t<td class=\"column-1\"><\/td><td class=\"column-2\">LVDS<\/td><td class=\"column-3\">Obs\u0142uguje 18-bitowy LVDS jednokana\u0142owy (maks. Rozdzielczo\u015b\u0107 1366 x 768)<br \/>\n<\/td>\n<\/tr>\n<tr class=\"row-12\">\n\t<td class=\"column-1\"><\/td><td class=\"column-2\">Mo\u017cliwo\u015b\u0107 podw\u00f3jnego niezale\u017cnego wy\u015bwietlania<\/td><td class=\"column-3\">VGA + LVDS<br \/>\n<\/td>\n<\/tr>\n<tr class=\"row-13\">\n\t<td class=\"column-1\">Audio<\/td><td class=\"column-2\">Codec<\/td><td class=\"column-3\">Realtek ALC662 High Definition Audio Codec *2W amplifier onboard<br \/>\n<\/td>\n<\/tr>\n<tr class=\"row-14\">\n\t<td class=\"column-1\">Ethernet<\/td><td class=\"column-2\">Chipset<\/td><td class=\"column-3\">2 x RTL8111DL GbE LAN (support 10\/100\/1000 Mbps for 2 x RJ45 ports)<br \/>\n<\/td>\n<\/tr>\n<tr class=\"row-15\">\n\t<td class=\"column-1\"><\/td><td class=\"column-2\">WOL<\/td><td class=\"column-3\">Tak <\/td>\n<\/tr>\n<tr class=\"row-16\">\n\t<td class=\"column-1\"><\/td><td class=\"column-2\">Boot from LAN<\/td><td class=\"column-3\">Tak dla PXE<br \/>\n<\/td>\n<\/tr>\n<tr class=\"row-17\">\n\t<td class=\"column-1\">Tylne I\/O<\/td><td class=\"column-2\">VGA <\/td><td class=\"column-3\">1 x 15-pin VGA connector (female)<br \/>\n<\/td>\n<\/tr>\n<tr class=\"row-18\">\n\t<td class=\"column-1\"><\/td><td class=\"column-2\">COM<\/td><td class=\"column-3\">RS232: DCD-, RXD, TXD, DTR-, GND, DSR-, RTS-, CTS-<br \/>\nRS422: TX-, RX+, TX+, RX-, GND,<br \/>\nRS485: DATA-, DATA+, GND<br \/>\n<\/td>\n<\/tr>\n<tr class=\"row-19\">\n\t<td class=\"column-1\"><\/td><td class=\"column-2\">Ethernet<\/td><td class=\"column-3\">2 x RJ45 ports<br \/>\n<\/td>\n<\/tr>\n<tr class=\"row-20\">\n\t<td class=\"column-1\"><\/td><td class=\"column-2\">Przycisk resetowania<\/td><td class=\"column-3\">1<\/td>\n<\/tr>\n<tr class=\"row-21\">\n\t<td class=\"column-1\"><\/td><td class=\"column-2\">USB<\/td><td class=\"column-3\">2 x USB 2.0<br \/>\n<\/td>\n<\/tr>\n<tr class=\"row-22\">\n\t<td class=\"column-1\">Interface I\/O<\/td><td class=\"column-2\">SATA<\/td><td class=\"column-3\">1 x SATAII (3 Gb\/s)<br \/>\n<\/td>\n<\/tr>\n<tr class=\"row-23\">\n\t<td class=\"column-1\"><\/td><td class=\"column-2\">COM<\/td><td class=\"column-3\">7 x COM ports<br \/>\nCOM2~COM4 ports support RS232 only with 5V\/12V selectable by 1 x 10-pin header<br \/>\nCOM5~8 port support RS232 by 1 x 10-pin header<\/td>\n<\/tr>\n<tr class=\"row-24\">\n\t<td class=\"column-1\"><\/td><td class=\"column-2\">Audio<\/td><td class=\"column-3\">2 x 3-pin header for Mic-in\/Line-in\/Line-out<br \/>\n2 x 2-pin header for right and left Speaker-out<\/td>\n<\/tr>\n<tr class=\"row-25\">\n\t<td class=\"column-1\"><\/td><td class=\"column-2\">LVDS<\/td><td class=\"column-3\">20-pin connector<br \/>\n<br \/>\n<\/td>\n<\/tr>\n<tr class=\"row-26\">\n\t<td class=\"column-1\"><\/td><td class=\"column-2\">CF card<\/td><td class=\"column-3\">1 x CF socket by IDE interface<br \/>\n<\/td>\n<\/tr>\n<tr class=\"row-27\">\n\t<td class=\"column-1\"><\/td><td class=\"column-2\">PS\/2<\/td><td class=\"column-3\">2 x 3-pin header<br \/>\n<br \/>\n<br \/>\n<\/td>\n<\/tr>\n<tr class=\"row-28\">\n\t<td class=\"column-1\"><\/td><td class=\"column-2\">Port szeregowy<\/td><td class=\"column-3\">2 x 13-pin header<br \/>\n<br \/>\n<\/td>\n<\/tr>\n<tr class=\"row-29\">\n\t<td class=\"column-1\"><\/td><td class=\"column-2\">DIO<\/td><td class=\"column-3\">8-bit (4 in\/4 out)<br \/>\n<\/td>\n<\/tr>\n<tr class=\"row-30\">\n\t<td class=\"column-1\">OS support list<\/td><td class=\"column-2\">Windows<\/td><td class=\"column-3\">Windows 7 x32\u3001Windows 7 x64<br \/>\n<\/td>\n<\/tr>\n<tr class=\"row-31\">\n\t<td class=\"column-1\"><\/td><td class=\"column-2\">Linux<\/td><td class=\"column-3\">Open SUSE 12.2\u3001Debian 7.0.0<br \/>\n<\/td>\n<\/tr>\n<tr class=\"row-32\">\n\t<td class=\"column-1\"><\/td><td class=\"column-2\"><strong>Mechanika i \u015brodowisko<\/strong><\/td><td class=\"column-3\"><\/td>\n<\/tr>\n<tr class=\"row-33\">\n\t<td class=\"column-1\">Form Factor<\/td><td class=\"column-2\"><\/td><td class=\"column-3\">3.5\" SBC<br \/>\n<\/td>\n<\/tr>\n<tr class=\"row-34\">\n\t<td class=\"column-1\">Typ mocy<\/td><td class=\"column-2\"><\/td><td class=\"column-3\">12V DC-in, 4-pin ATX power connector, AT\/ATX<br \/>\n<\/td>\n<\/tr>\n<tr class=\"row-35\">\n\t<td class=\"column-1\">Wymiary<\/td><td class=\"column-2\"><\/td><td class=\"column-3\">146 x 102 mm (5.7\" x 4\")<br \/>\n<\/td>\n<\/tr>\n<tr class=\"row-36\">\n\t<td class=\"column-1\">Temperatura operacyjna<\/td><td class=\"column-2\"><\/td><td class=\"column-3\">-40 do 85\u00b0C<br \/>\n<\/td>\n<\/tr>\n<tr class=\"row-37\">\n\t<td class=\"column-1\">Temperatura przechowywania<\/td><td class=\"column-2\"><\/td><td class=\"column-3\">-40 do 85\u00b0C<br \/>\n<\/td>\n<\/tr>\n<tr class=\"row-38\">\n\t<td class=\"column-1\">Wzgl\u0119dna wilgotno\u015b\u0107<\/td><td class=\"column-2\"><\/td><td class=\"column-3\">10% do 90%, bez kondensacji<\/td>\n<\/tr>\n<\/tbody>\n<\/table>\n<!-- #tablepress-223 from cache -->\n","protected":false},"excerpt":{"rendered":"<p>OXY5315A is a 3.5\u201d industrial motherboard, driven by Intel\u00ae Atom Pineview N455 CPU onboard and ICH8M chipset. Extreme low power consumption of Processor Atom Pineview N455 plus Intel ICH8M chipset is only 6.5W and 2.4W respectively. The overall power consumption is as low as 8.9W!<\/p>\n","protected":false},"featured_media":11027,"template":"","meta":{"_acf_changed":false,"inline_featured_image":false,"_monsterinsights_skip_tracking":false,"_monsterinsights_sitenote_active":false,"_monsterinsights_sitenote_note":"","_monsterinsights_sitenote_category":0},"product_brand":[],"product_cat":[566,512,510,1583],"product_tag":[],"class_list":{"0":"post-5016","1":"product","2":"type-product","3":"status-publish","4":"has-post-thumbnail","6":"product_cat-35-sbc-en","7":"product_cat-embedded-computer","8":"product_cat-perfectron-en","9":"product_cat-sbc-single-board-computers","11":"first","12":"instock","13":"shipping-taxable","14":"product-type-simple"},"acf":[],"_links":{"self":[{"href":"https:\/\/quantum.com.pl\/en\/wp-json\/wp\/v2\/product\/5016","targetHints":{"allow":["GET"]}}],"collection":[{"href":"https:\/\/quantum.com.pl\/en\/wp-json\/wp\/v2\/product"}],"about":[{"href":"https:\/\/quantum.com.pl\/en\/wp-json\/wp\/v2\/types\/product"}],"wp:featuredmedia":[{"embeddable":true,"href":"https:\/\/quantum.com.pl\/en\/wp-json\/wp\/v2\/media\/11027"}],"wp:attachment":[{"href":"https:\/\/quantum.com.pl\/en\/wp-json\/wp\/v2\/media?parent=5016"}],"wp:term":[{"taxonomy":"product_brand","embeddable":true,"href":"https:\/\/quantum.com.pl\/en\/wp-json\/wp\/v2\/product_brand?post=5016"},{"taxonomy":"product_cat","embeddable":true,"href":"https:\/\/quantum.com.pl\/en\/wp-json\/wp\/v2\/product_cat?post=5016"},{"taxonomy":"product_tag","embeddable":true,"href":"https:\/\/quantum.com.pl\/en\/wp-json\/wp\/v2\/product_tag?post=5016"}],"curies":[{"name":"wp","href":"https:\/\/api.w.org\/{rel}","templated":true}]}}