{"id":5122,"date":"2019-10-24T10:54:15","date_gmt":"2019-10-24T08:54:15","guid":{"rendered":"https:\/\/quantum.com.pl\/?post_type=product&#038;p=5122"},"modified":"2020-08-25T23:00:22","modified_gmt":"2020-08-25T21:00:22","slug":"ins8349a","status":"publish","type":"product","link":"https:\/\/quantum.com.pl\/en\/product\/ins8349a\/","title":{"rendered":"INS8349A"},"content":{"rendered":"<h4>Intel\u00ae 6th Gen. Skylake-S Processor Mini ITX Motherboard with Q170\/H110 Express Chipset<\/h4>\n<div class=\"pro_Introduction_main\">\n<div class=\"pro_Introduction\">\n<p>INS8349A a powerful industrial Mini-ITX motherboard supporting 6th Generation Intel\u00ae Core i7\/i5\/i3 LGA1151 Processors with built in Intel\u00ae HD Graphics. Onboard video connections include HDMI, DP++ and 24-bit dual channel LVDS, enabling customers to select between them for triple independent display. The board features 2 x SO-DIMM DDR4 2133MHz sockets, expandable to 16GB. Additionally the INS8349A supports a variety of I\/O including 2 x GbE Intel Gigabit Ethernet,4 x SATAIII, 4 x USB3.0, 4 x USB2.0, 1 x Mini-PCIe socket, 1 x M.2 for expansion slot with WIFI\/3G module option. For furthering graphical performance an 1 x PCIe x16 slot will allow the installation of discrete VGA card. INS8349A delivers flexible expansion slots allowing customers to install one PCI-Express X16 card and Mini-PCIe cards. It is built with a SIM card holder capable of installing a SIM card with a Full-size Mini-PCIe 3G module for wireless connection.<\/p>\n<h4>Feature<\/h4>\n<ul>\n<li>Support Intel\u00ae Skylake-S LGA 1151 for i7\/i5\/i3, 65W\/35W processor<\/li>\n<li>Intel Q170\/H110 Express Chipset<\/li>\n<li>2 x SO-DIMM up to DDR4 -2400 32GB<\/li>\n<li>1 x HDMI 1.4b, 2 x DP++ and 1 x Dual Channel 24-bit LVDS<\/li>\n<li>Expansion :1 x PCIex16, 1x MiniPCIe with SIM Card Holder, 1 x M.2<\/li>\n<li>6 x COM, 8 x USB, LPC, SMBus<\/li>\n<li>Dual LAN Ports (1 x Intel I211-AT &amp; 1 x I219-LM GbE)<\/li>\n<li>4 x SATAIII<\/li>\n<li>DC-IN 12V<\/li>\n<\/ul>\n\n<table id=\"tablepress-231\" class=\"tablepress tablepress-id-231\">\n<thead>\n<tr class=\"row-1\">\n\t<th class=\"column-1\"><strong>Model<\/strong><\/th><td class=\"column-2\"><\/td><th class=\"column-3\"><strong>AB20<\/strong><\/th>\n<\/tr>\n<\/thead>\n<tbody class=\"row-striping row-hover\">\n<tr class=\"row-2\">\n\t<td class=\"column-1\">Mechanika i \u015brodowisko<\/td><td class=\"column-2\">Temperatura operacyjna<\/td><td class=\"column-3\">-40\u00b0C ~ +85\u00b0C<br \/>\n<\/td>\n<\/tr>\n<tr class=\"row-3\">\n\t<td class=\"column-1\">System<\/td><td class=\"column-2\">Typ CPU<\/td><td class=\"column-3\">Procesor Intel\u00ae LGA1151 Core i7 \/ i5 \/ i3<br \/>\nCore \u2122 i7-6700 3,4 GHz (pami\u0119\u0107 podr\u0119czna 8 MB, 65 W)<br \/>\nCore \u2122 i5-6500 3,2 GHz (pami\u0119\u0107 podr\u0119czna 6 MB, 65 W)<br \/>\nCore \u2122 i7-6700TE 2,4 GHz (pami\u0119\u0107 podr\u0119czna 8 MB, 35 W)<br \/>\nCore \u2122 i5-6500TE 2,3 GHz (pami\u0119\u0107 podr\u0119czna 6 MB, 35 W)<\/td>\n<\/tr>\n<tr class=\"row-4\">\n\t<td class=\"column-1\"><\/td><td class=\"column-2\">Chipset<\/td><td class=\"column-3\">Intel\u00ae Q170<\/td>\n<\/tr>\n<tr class=\"row-5\">\n\t<td class=\"column-1\"><\/td><td class=\"column-2\">Typ pami\u0119ci<\/td><td class=\"column-3\">4 x Dwukana\u0142owy modu\u0142 DDR4 XR-DIMM do 64 GB<\/td>\n<\/tr>\n<tr class=\"row-6\">\n\t<td class=\"column-1\"><\/td><td class=\"column-2\">Zegar nadzoruj\u0105cy<\/td><td class=\"column-3\">1-255 sek. lub 1-255 min. programowalny software<br \/>\n<\/td>\n<\/tr>\n<tr class=\"row-7\">\n\t<td class=\"column-1\">Gniazdo rozszerze\u0144<\/td><td class=\"column-2\">Golden Finger<\/td><td class=\"column-3\">1 x PCIe x 16 Golden Finger<\/td>\n<\/tr>\n<tr class=\"row-8\">\n\t<td class=\"column-1\"><\/td><td class=\"column-2\">Mini-PCIe<\/td><td class=\"column-3\">4 x mPCIe (2 z obs\u0142ug\u0105 mSATA)<\/td>\n<\/tr>\n<tr class=\"row-9\">\n\t<td class=\"column-1\"><\/td><td class=\"column-2\">Gniazdo MXM<\/td><td class=\"column-3\">Obs\u0142uga 1 gniazda MXM MXM3.0 \/ 3.1<\/td>\n<\/tr>\n<tr class=\"row-10\">\n\t<td class=\"column-1\">Wy\u015bwietlacz<\/td><td class=\"column-2\">Chipset<\/td><td class=\"column-3\">Seria Intel\u00ae HD Graphics 500<\/td>\n<\/tr>\n<tr class=\"row-11\">\n\t<td class=\"column-1\"><\/td><td class=\"column-2\">Typ wy\u015bwietlacza<\/td><td class=\"column-3\">DisplayPort, HDMI, VGA<\/td>\n<\/tr>\n<tr class=\"row-12\">\n\t<td class=\"column-1\">Audio<\/td><td class=\"column-2\">Codec<\/td><td class=\"column-3\">Realtek ALC888 High Definition Audio Codec<\/td>\n<\/tr>\n<tr class=\"row-13\">\n\t<td class=\"column-1\">Ethernet<\/td><td class=\"column-2\">Chipset<\/td><td class=\"column-3\">Intel\u00ae I210-IT &amp; I219-LM GbE LAN<\/td>\n<\/tr>\n<tr class=\"row-14\">\n\t<td class=\"column-1\">Tylny I\/O<\/td><td class=\"column-2\">DisplayPort<\/td><td class=\"column-3\">7 (1 z CPU, 6 z MXM)<\/td>\n<\/tr>\n<tr class=\"row-15\">\n\t<td class=\"column-1\"><\/td><td class=\"column-2\">HDMI<\/td><td class=\"column-3\">1<\/td>\n<\/tr>\n<tr class=\"row-16\">\n\t<td class=\"column-1\"><\/td><td class=\"column-2\">Ethernet<\/td><td class=\"column-3\">4 x RJ45<br \/>\n<\/td>\n<\/tr>\n<tr class=\"row-17\">\n\t<td class=\"column-1\"><\/td><td class=\"column-2\">USB<\/td><td class=\"column-3\">4 x USB3.0<br \/>\n<\/td>\n<\/tr>\n<tr class=\"row-18\">\n\t<td class=\"column-1\">Wewn\u0119trzny I\/O<\/td><td class=\"column-2\">SATA<\/td><td class=\"column-3\">6 x SATAIII (6 Gb \/ s, miejsce na dysku)<\/td>\n<\/tr>\n<tr class=\"row-19\">\n\t<td class=\"column-1\"><\/td><td class=\"column-2\">COM<\/td><td class=\"column-3\">6 (2 x RS232\/422\/485, 4 x RS232)<br \/>\n<\/td>\n<\/tr>\n<tr class=\"row-20\">\n\t<td class=\"column-1\"><\/td><td class=\"column-2\">USB<\/td><td class=\"column-3\">2 x USB3.0, 4 x USB2.0<br \/>\n<\/td>\n<\/tr>\n<tr class=\"row-21\">\n\t<td class=\"column-1\"><\/td><td class=\"column-2\">VGA<\/td><td class=\"column-3\">Z\u0142\u0105cza wentylatora procesora \/ systemu<\/td>\n<\/tr>\n<tr class=\"row-22\">\n\t<td class=\"column-1\"><\/td><td class=\"column-2\">Audio<\/td><td class=\"column-3\">Line-in, Line-out, Mic<\/td>\n<\/tr>\n<tr class=\"row-23\">\n\t<td class=\"column-1\"><\/td><td class=\"column-2\">DIO<\/td><td class=\"column-3\">16-bit (8 in\/8 out)<\/td>\n<\/tr>\n<tr class=\"row-24\">\n\t<td class=\"column-1\"><\/td><td class=\"column-2\">Wentylatory<\/td><td class=\"column-3\">1 x CPU Fan, 1 x System Fan, 1 x MXM Fan<\/td>\n<\/tr>\n<tr class=\"row-25\">\n\t<td class=\"column-1\">Wymagania dotycz\u0105ce zasilania<\/td><td class=\"column-2\">Napi\u0119cie wej\u015bciowe<\/td><td class=\"column-3\">12V DC (2 x 4-pinowe listwy zaciskowe)<\/td>\n<\/tr>\n<tr class=\"row-26\">\n\t<td class=\"column-1\">Lista obs\u0142ugiwanych system\u00f3w operacyjnych<\/td><td class=\"column-2\">Windows<\/td><td class=\"column-3\">Windows 7 x32\/x64\u3001Windows 8 x32\/x64\u3001Windows 8.1 x32\/x64\u3001Windows 10 x32\/x64<\/td>\n<\/tr>\n<tr class=\"row-27\">\n\t<td class=\"column-1\"><\/td><td class=\"column-2\">Linux<\/td><td class=\"column-3\">Fedora 20\u3001Ubuntu 13.04\u3001Ubuntu 13.10\u3001Ubuntu 14.04<\/td>\n<\/tr>\n<tr class=\"row-28\">\n\t<td class=\"column-1\"><\/td><td class=\"column-2\"><strong>Mechanika i \u015brodowisko<\/strong><\/td><td class=\"column-3\"><\/td>\n<\/tr>\n<tr class=\"row-29\">\n\t<td class=\"column-1\">Form Factor<\/td><td class=\"column-2\"><\/td><td class=\"column-3\">ATX<\/td>\n<\/tr>\n<tr class=\"row-30\">\n\t<td class=\"column-1\">Typ zasilania<\/td><td class=\"column-2\"><\/td><td class=\"column-3\">12 V DC, tryb AT\/ATX<br \/>\n<\/td>\n<\/tr>\n<tr class=\"row-31\">\n\t<td class=\"column-1\">Wymiary<\/td><td class=\"column-2\"><\/td><td class=\"column-3\">305 x 244 mm (12\" x 9.6\")<\/td>\n<\/tr>\n<tr class=\"row-32\">\n\t<td class=\"column-1\">Temperatura operacyjna<\/td><td class=\"column-2\"><\/td><td class=\"column-3\">-40\u00b0C do 85\u00b0C<br \/>\n<\/td>\n<\/tr>\n<tr class=\"row-33\">\n\t<td class=\"column-1\">Temperatura przechowywania<\/td><td class=\"column-2\"><\/td><td class=\"column-3\">-40\u00b0C do 85\u00b0C<\/td>\n<\/tr>\n<tr class=\"row-34\">\n\t<td class=\"column-1\">Wzgl\u0119dna wilgotno\u015b\u0107<\/td><td class=\"column-2\"><\/td><td class=\"column-3\">10% do 90%, bez kondensacji<\/td>\n<\/tr>\n<tr class=\"row-35\">\n\t<td class=\"column-1\"><\/td><td class=\"column-2\"><strong>TEST STANDARD<\/strong><br \/>\n<\/td><td class=\"column-3\"><\/td>\n<\/tr>\n<tr class=\"row-36\">\n\t<td class=\"column-1\">MIL-STD-810G Test<\/td><td class=\"column-2\">Metoda 507,5, procedura II (temperatura i wilgotno\u015b\u0107)<br \/>\nMetoda 501,5, procedura I (przechowywanie \/ wysoka temperatura)<br \/>\nMetoda 501,5, procedura II (praca \/ wysoka temperatura)<br \/>\nMetoda 502,5, procedura I (przechowywanie \/ niska temperatura)<br \/>\nMetoda 502,5, procedura II (praca \/ niska temperatura)<br \/>\nMetoda 503,5 Procedura szoku termicznego I-C \/ Przechowywanie<br \/>\n(Szoki wielocyklowe od sta\u0142ej ekstremalnej temperatury, od 85 \u2103 do -40 \u2103, trzy cykle) (Szok temperaturowy)<\/td><td class=\"column-3\"><\/td>\n<\/tr>\n<\/tbody>\n<\/table>\n<!-- #tablepress-231 from cache -->\n<\/div>\n<\/div>\n","protected":false},"excerpt":{"rendered":"<p>INS8349A a powerful industrial Mini-ITX motherboard supporting 6th Generation Intel\u00ae Core i7\/i5\/i3 LGA1151 Processors with built in Intel\u00ae HD Graphics. Onboard video connections include HDMI, DP++ and 24-bit dual channel LVDS, enabling customers to select between them for triple independent display. <\/p>\n","protected":false},"featured_media":11019,"template":"","meta":{"_acf_changed":false,"inline_featured_image":false,"_monsterinsights_skip_tracking":false,"_monsterinsights_sitenote_active":false,"_monsterinsights_sitenote_note":"","_monsterinsights_sitenote_category":0},"product_brand":[],"product_cat":[512,634,510,1583],"product_tag":[],"class_list":{"0":"post-5122","1":"product","2":"type-product","3":"status-publish","4":"has-post-thumbnail","6":"product_cat-embedded-computer","7":"product_cat-mini-itx-imb-en","8":"product_cat-perfectron-en","9":"product_cat-sbc-single-board-computers","11":"first","12":"instock","13":"shipping-taxable","14":"product-type-simple"},"acf":[],"_links":{"self":[{"href":"https:\/\/quantum.com.pl\/en\/wp-json\/wp\/v2\/product\/5122","targetHints":{"allow":["GET"]}}],"collection":[{"href":"https:\/\/quantum.com.pl\/en\/wp-json\/wp\/v2\/product"}],"about":[{"href":"https:\/\/quantum.com.pl\/en\/wp-json\/wp\/v2\/types\/product"}],"wp:featuredmedia":[{"embeddable":true,"href":"https:\/\/quantum.com.pl\/en\/wp-json\/wp\/v2\/media\/11019"}],"wp:attachment":[{"href":"https:\/\/quantum.com.pl\/en\/wp-json\/wp\/v2\/media?parent=5122"}],"wp:term":[{"taxonomy":"product_brand","embeddable":true,"href":"https:\/\/quantum.com.pl\/en\/wp-json\/wp\/v2\/product_brand?post=5122"},{"taxonomy":"product_cat","embeddable":true,"href":"https:\/\/quantum.com.pl\/en\/wp-json\/wp\/v2\/product_cat?post=5122"},{"taxonomy":"product_tag","embeddable":true,"href":"https:\/\/quantum.com.pl\/en\/wp-json\/wp\/v2\/product_tag?post=5122"}],"curies":[{"name":"wp","href":"https:\/\/api.w.org\/{rel}","templated":true}]}}