{"id":6465,"date":"2019-12-09T13:04:45","date_gmt":"2019-12-09T12:04:45","guid":{"rendered":"https:\/\/quantum.com.pl\/product\/wade-8017-kbl\/"},"modified":"2019-12-09T13:04:45","modified_gmt":"2019-12-09T12:04:45","slug":"wade-8017-kbl","status":"publish","type":"product","link":"https:\/\/quantum.com.pl\/en\/product\/wade-8017-kbl\/","title":{"rendered":"WADE-8017-KBL"},"content":{"rendered":"<h4>7th Gen Intel Core based Mini-ITX Embedded Board<\/h4>\n<p>&nbsp;<\/p>\n<p>WADE-8017-KBL is based on 7th generation Intel\u00ae Core&#x2122; desktop processors (formerly Kaby Lake) and Intel\u00ae C236, Q170 or H110 chipset. The Portwell WADE-8017-KBL Mini-ITX board supports DDR4 SDRAM, PCIe x16 (Gen3), and SATA III, and is an ideal building block for high performance and reliable system solutions.<\/p>\n<p>Furthermore, the 7th generation Intel\u00ae Core&#x2122; product family and Intel\u00ae Xeon\u00ae E3-1275 v6 processors (formerly Kaby Lake) are manufactured on Intel&#8217;s optimized 14nm technology. When paired with an Intel\u00ae 100 series chipset or an Intel\u00ae C236 chipset, these processors offer even greater CPU and graphics performance as compared to the previous generation. Specifically, the S-series of processors enables more manufacturing flexibility to match performance, features, and price to IoT applications. These processors offer thermal design power (TDP) options of 65W and 35W to fit specific design configurations with performance and low-power requirements. The processors are ideally suited for transactional retail terminals, industrial rack PCs, and general embedded use conditions. (Source: Intel\u00ae)<\/p>\n<h4>Features:<\/h4>\n<ul>\n<li>7th generation Intel<sup>\u00ae<\/sup>\u00a0Core&#x2122; processor family (formerly Kaby Lake). For 6th generation Intel<sup>\u00ae<\/sup>\u00a0Core&#x2122; processor family (formerly Skylake) please check\u00a0WADE-8017<\/li>\n<li>Intel<sup>\u00ae<\/sup>\u00a0C236\/Q170\/H110 chipset<\/li>\n<li>Supports up to 32GB DDR4 ECC\/Non-ECC DIMM on two sockets<\/li>\n<li>Rear I\/O, USB2.0\/3.0, dual Gigabit Ethernet, COM ports and SATA III ports<\/li>\n<li>One PCIe x16 (Gen3), one M.2 type E socket, one Mini PCIe<\/li>\n<li>Dual Gigabit Ethernet<\/li>\n<li>Triple Display: VGA\/HDMI\/DisplayPort<\/li>\n<\/ul>\n<h4>Specification:<\/h4>\n\n<table id=\"tablepress-268\" class=\"tablepress tablepress-id-268\">\n<thead>\n<tr class=\"row-1\">\n\t<th class=\"column-1\"><strong>Specyfikacje<\/strong><\/th><td class=\"column-2\"><\/td>\n<\/tr>\n<\/thead>\n<tbody class=\"row-striping row-hover\">\n<tr class=\"row-2\">\n\t<td class=\"column-1\">CPU<\/td><td class=\"column-2\">Intel Atom\u00ae x5-E3930 Processor (2 x 1.30 GHz, 2 MB L2, 6.5 W)<br \/>\nIntel Atom\u00ae x5-E3940 Processor (4 x 1.60 GHz, 2 MB L2, 9.5 W)<br \/>\nIntel Atom\u00ae x7-E3950 Processor (4 x 1.60 GHz, 2 MB L2, 12 W)<br \/>\nIntel\u00ae Celeron\u00ae Processor N3350 (2 x 1.10 GHz, 2 MB L2, 6 W)<br \/>\nIntel\u00ae Pentium\u00ae Processor N4200 (4 x 1.10 GHz, 2 MB L2, 6 W)<\/td>\n<\/tr>\n<tr class=\"row-3\">\n\t<td class=\"column-1\">Format <\/td><td class=\"column-2\">SMARC<\/td>\n<\/tr>\n<tr class=\"row-4\">\n\t<td class=\"column-1\">Typ<\/td><td class=\"column-2\">SMARC 2.0<br \/>\n<\/td>\n<\/tr>\n<tr class=\"row-5\">\n\t<td class=\"column-1\">Chipset<\/td><td class=\"column-2\">SoC (System-On-Chip)<br \/>\n<\/td>\n<\/tr>\n<tr class=\"row-6\">\n\t<td class=\"column-1\">DRAM<\/td><td class=\"column-2\">Do 4 GB LPDDR4 - 2133\/2400<br \/>\n<\/td>\n<\/tr>\n<tr class=\"row-7\">\n\t<td class=\"column-1\">Interfejs wy\u015bwietlacza<br \/>\n<\/td><td class=\"column-2\">LVDS, HDMI, DP++<br \/>\n<\/td>\n<\/tr>\n<tr class=\"row-8\">\n\t<td class=\"column-1\">Przechowywanie<\/td><td class=\"column-2\">eMMC 5.0 flash do 64 GB na p\u0142ycie<br \/>\n<\/td>\n<\/tr>\n<tr class=\"row-9\">\n\t<td class=\"column-1\">Sie\u0107<\/td><td class=\"column-2\">1x 10\/100\/1000 GbE (Intel\u00ae i210)<br \/>\n<\/td>\n<\/tr>\n<tr class=\"row-10\">\n\t<td class=\"column-1\">Interfejs magistrali<br \/>\n<\/td><td class=\"column-2\">1x SDIO 1x SPI 4x I\u00b2C, 1x I\u00b2S, 1x HDA, 1x SMBus (share w\/I\u00b2C), 2x UART, 2x HSUART, 1x WDT, 12x GPIO<br \/>\n<\/td>\n<\/tr>\n<tr class=\"row-11\">\n\t<td class=\"column-1\">Interfejs szeregowy<\/td><td class=\"column-2\">2x SATA 3.0 (6 Gbit\/s), 4x PCIe x1 Gen 2<br \/>\n<\/td>\n<\/tr>\n<tr class=\"row-12\">\n\t<td class=\"column-1\">USB<\/td><td class=\"column-2\">6x USB2.0 (w\/1x OTG), up to 2x USB 3.0 (w\/1x OTG)<br \/>\n<\/td>\n<\/tr>\n<tr class=\"row-13\">\n\t<td class=\"column-1\">R\u00f3\u017cne<br \/>\n<\/td><td class=\"column-2\">Zgodny z ACPI 5.0 l Inteligentne zarz\u0105dzanie bateri\u0105 na no\u015bniku<br \/>\n<\/td>\n<\/tr>\n<tr class=\"row-14\">\n\t<td class=\"column-1\">Wsparcie systemu operacyjnego<br \/>\n<\/td><td class=\"column-2\">Windows 10 IOT Enterprise, Windows 10 IOT Core<br \/>\n<\/td>\n<\/tr>\n<tr class=\"row-15\">\n\t<td class=\"column-1\">Wymaganie mocy<br \/>\n<\/td><td class=\"column-2\">5V DC \u00b15%<br \/>\n<\/td>\n<\/tr>\n<tr class=\"row-16\">\n\t<td class=\"column-1\">Temperatura operacyjna<\/td><td class=\"column-2\">0\u00b0C do +60\u00b0C<br \/>\n<\/td>\n<\/tr>\n<tr class=\"row-17\">\n\t<td class=\"column-1\">Rozszerzony zakres temperatury<\/td><td class=\"column-2\">Od -40\u00b0C do +85\u00b0C<br \/>\n<\/td>\n<\/tr>\n<tr class=\"row-18\">\n\t<td class=\"column-1\">Wymiary<\/td><td class=\"column-2\">82x50 mm<br \/>\n<\/td>\n<\/tr>\n<\/tbody>\n<\/table>\n<!-- #tablepress-268 from cache -->\n","protected":false},"excerpt":{"rendered":"<p>7th generation Intel\u00ae Core&#x2122; processor family (formerly Kaby Lake) based Mini-ITX board with DDR4 SDRAM, triple displays, two GbE LAN ports, six COM Ports<\/p>\n","protected":false},"featured_media":11461,"template":"","meta":{"_acf_changed":false,"inline_featured_image":false,"_monsterinsights_skip_tracking":false,"_monsterinsights_sitenote_active":false,"_monsterinsights_sitenote_note":"","_monsterinsights_sitenote_category":0},"product_brand":[],"product_cat":[980,983,975],"product_tag":[],"class_list":{"0":"post-6465","1":"product","2":"type-product","3":"status-publish","4":"has-post-thumbnail","6":"product_cat-embedded-board-en","7":"product_cat-mini-itx-board-en","8":"product_cat-portwell-en","10":"first","11":"instock","12":"shipping-taxable","13":"product-type-simple"},"acf":[],"_links":{"self":[{"href":"https:\/\/quantum.com.pl\/en\/wp-json\/wp\/v2\/product\/6465","targetHints":{"allow":["GET"]}}],"collection":[{"href":"https:\/\/quantum.com.pl\/en\/wp-json\/wp\/v2\/product"}],"about":[{"href":"https:\/\/quantum.com.pl\/en\/wp-json\/wp\/v2\/types\/product"}],"wp:featuredmedia":[{"embeddable":true,"href":"https:\/\/quantum.com.pl\/en\/wp-json\/wp\/v2\/media\/11461"}],"wp:attachment":[{"href":"https:\/\/quantum.com.pl\/en\/wp-json\/wp\/v2\/media?parent=6465"}],"wp:term":[{"taxonomy":"product_brand","embeddable":true,"href":"https:\/\/quantum.com.pl\/en\/wp-json\/wp\/v2\/product_brand?post=6465"},{"taxonomy":"product_cat","embeddable":true,"href":"https:\/\/quantum.com.pl\/en\/wp-json\/wp\/v2\/product_cat?post=6465"},{"taxonomy":"product_tag","embeddable":true,"href":"https:\/\/quantum.com.pl\/en\/wp-json\/wp\/v2\/product_tag?post=6465"}],"curies":[{"name":"wp","href":"https:\/\/api.w.org\/{rel}","templated":true}]}}