{"id":6613,"date":"2019-12-09T16:40:06","date_gmt":"2019-12-09T15:40:06","guid":{"rendered":"https:\/\/quantum.com.pl\/product\/wade-8078\/"},"modified":"2019-12-09T16:40:06","modified_gmt":"2019-12-09T15:40:06","slug":"wade-8078","status":"publish","type":"product","link":"https:\/\/quantum.com.pl\/en\/product\/wade-8078\/","title":{"rendered":"WADE-8078"},"content":{"rendered":"<h4>Intel Atom E3800 Bay Trail Mini-ITX Board<\/h4>\n<p>&nbsp;<\/p>\n<p>Intel\u00ae ATOM&#x2122; bay trail E3800 family processor based Mini-ITX industrial motherboard with Dual Display (VGA\/HDMI), Mini-PCI and PCI-Express x4 slot<\/p>\n<h4>Features:<\/h4>\n<ul>\n<li>Intel<sup>\u00ae<\/sup>\u00a0ATOM&#x2122; Bay Trail E3800 family Processor<\/li>\n<li>One 204-pin ECC SO-DIMM support single channel DDR3L SDRAM up to 4GB<\/li>\n<li>Dual Display by VGA \/ HDMI<\/li>\n<li>One PCI-Express x4 and one Mini-PCIe socket<\/li>\n<\/ul>\n<h4>Specification:<\/h4>\n\n<table id=\"tablepress-280\" class=\"tablepress tablepress-id-280\">\n<thead>\n<tr class=\"row-1\">\n\t<th class=\"column-1\"><strong>Specyfikacje<\/strong><\/th><td class=\"column-2\"><\/td>\n<\/tr>\n<\/thead>\n<tbody class=\"row-striping row-hover\">\n<tr class=\"row-2\">\n\t<td class=\"column-1\">Technologia<\/td><td class=\"column-2\">x86<br \/>\n<\/td>\n<\/tr>\n<tr class=\"row-3\">\n\t<td class=\"column-1\">Format<\/td><td class=\"column-2\">Mini-ITX<br \/>\n<\/td>\n<\/tr>\n<tr class=\"row-4\">\n\t<td class=\"column-1\">Typ<\/td><td class=\"column-2\">Carrier Type 6<br \/>\n<\/td>\n<\/tr>\n<tr class=\"row-5\">\n\t<td class=\"column-1\">Interfejs wy\u015bwietlacza<br \/>\n<\/td><td class=\"column-2\">G\u0142owica DP, g\u0142owica HDMI, g\u0142owica VGA, LVDS<br \/>\n<\/td>\n<\/tr>\n<tr class=\"row-6\">\n\t<td class=\"column-1\">Magazynowanie<\/td><td class=\"column-2\">1x Type II CF socket, 1x SATA II (3 Gbit\/s), 1x SATA III (6 Gbit\/s)<br \/>\n<\/td>\n<\/tr>\n<tr class=\"row-7\">\n\t<td class=\"column-1\">Sie\u0107<\/td><td class=\"column-2\">2x Gigabit LAN RJ45 jack<br \/>\n<\/td>\n<\/tr>\n<tr class=\"row-8\">\n\t<td class=\"column-1\">Interfejs magistrali<\/td><td class=\"column-2\">1x PCIe x16 slot, , LPC Header, I2C Header<br \/>\n<\/td>\n<\/tr>\n<tr class=\"row-9\">\n\t<td class=\"column-1\">Interfejs szeregowy<\/td><td class=\"column-2\">2x RS-232 pin-header<br \/>\n<\/td>\n<\/tr>\n<tr class=\"row-10\">\n\t<td class=\"column-1\">USB<\/td><td class=\"column-2\">4x USB 3.0<br \/>\n<\/td>\n<\/tr>\n<tr class=\"row-11\">\n\t<td class=\"column-1\">Audio<\/td><td class=\"column-2\">1x LINE-IN\/LINE-OUT jack on rear, Realtek ALC892<br \/>\n<\/td>\n<\/tr>\n<tr class=\"row-12\">\n\t<td class=\"column-1\">R\u00f3\u017cne<\/td><td class=\"column-2\">G\u0142owica GPIO, bateria na p\u0142ycie<br \/>\n<\/td>\n<\/tr>\n<tr class=\"row-13\">\n\t<td class=\"column-1\">Oprogramowanie uk\u0142adowe<br \/>\n<\/td><td class=\"column-2\">BIOS w module COM Express<br \/>\n<\/td>\n<\/tr>\n<tr class=\"row-14\">\n\t<td class=\"column-1\">Wymaganie mocy<br \/>\n<\/td><td class=\"column-2\">8-PIN ATX connector<br \/>\n<\/td>\n<\/tr>\n<tr class=\"row-15\">\n\t<td class=\"column-1\">Moc z W<\/td><td class=\"column-2\">zale\u017cy od u\u017cytej p\u0142yty COM Express<br \/>\n<\/td>\n<\/tr>\n<tr class=\"row-16\">\n\t<td class=\"column-1\">Temperatura operacyjna<\/td><td class=\"column-2\">0\u00b0C do +85\u00b0C<br \/>\n<\/td>\n<\/tr>\n<tr class=\"row-17\">\n\t<td class=\"column-1\">Wymiary<\/td><td class=\"column-2\">170x170 mm<br \/>\n<\/td>\n<\/tr>\n<\/tbody>\n<\/table>\n<!-- #tablepress-280 from cache -->\n","protected":false},"excerpt":{"rendered":"<p>Intel\u00ae ATOM&#x2122; bay trail E3800 family processor based Mini-ITX industrial motherboard with Dual Display (VGA\/HDMI), Mini-PCI and PCI-Express x4 slot<\/p>\n","protected":false},"featured_media":11469,"template":"","meta":{"_acf_changed":false,"inline_featured_image":false,"_monsterinsights_skip_tracking":false,"_monsterinsights_sitenote_active":false,"_monsterinsights_sitenote_note":"","_monsterinsights_sitenote_category":0},"product_brand":[],"product_cat":[980,1003,984,975],"product_tag":[],"class_list":{"0":"post-6613","1":"product","2":"type-product","3":"status-publish","4":"has-post-thumbnail","6":"product_cat-embedded-board-en","7":"product_cat-intel-atom-processor-en","8":"product_cat-mini-itx-board-low-power-en","9":"product_cat-portwell-en","11":"first","12":"instock","13":"shipping-taxable","14":"product-type-simple"},"acf":[],"_links":{"self":[{"href":"https:\/\/quantum.com.pl\/en\/wp-json\/wp\/v2\/product\/6613","targetHints":{"allow":["GET"]}}],"collection":[{"href":"https:\/\/quantum.com.pl\/en\/wp-json\/wp\/v2\/product"}],"about":[{"href":"https:\/\/quantum.com.pl\/en\/wp-json\/wp\/v2\/types\/product"}],"wp:featuredmedia":[{"embeddable":true,"href":"https:\/\/quantum.com.pl\/en\/wp-json\/wp\/v2\/media\/11469"}],"wp:attachment":[{"href":"https:\/\/quantum.com.pl\/en\/wp-json\/wp\/v2\/media?parent=6613"}],"wp:term":[{"taxonomy":"product_brand","embeddable":true,"href":"https:\/\/quantum.com.pl\/en\/wp-json\/wp\/v2\/product_brand?post=6613"},{"taxonomy":"product_cat","embeddable":true,"href":"https:\/\/quantum.com.pl\/en\/wp-json\/wp\/v2\/product_cat?post=6613"},{"taxonomy":"product_tag","embeddable":true,"href":"https:\/\/quantum.com.pl\/en\/wp-json\/wp\/v2\/product_tag?post=6613"}],"curies":[{"name":"wp","href":"https:\/\/api.w.org\/{rel}","templated":true}]}}