{"id":6743,"date":"2019-12-10T17:30:05","date_gmt":"2019-12-10T16:30:05","guid":{"rendered":"https:\/\/quantum.com.pl\/product\/nano-6062\/"},"modified":"2019-12-10T17:30:05","modified_gmt":"2019-12-10T16:30:05","slug":"nano-6062","status":"publish","type":"product","link":"https:\/\/quantum.com.pl\/en\/product\/nano-6062\/","title":{"rendered":"NANO-6062"},"content":{"rendered":"<h4>Intel Atom E3900 Nano-ITX board supporting industrial temp<\/h4>\n<p>&nbsp;<\/p>\n<p>Built with the Intel\u00ae Atom&#x2122; processor E3900 series, not only does the Portwell NANO-6062 Nano-ITX embedded board operate with thermal design power (TDP) under 12W for fan-less applications, but it also supports a wide industrial temperature range from -40\u00b0C~85\u00b0C and a wide voltage of power input from 12V to 24V for rugged applications.<\/p>\n<p>Support for four USB 3.0 ports ensures fast data transmission with low-power consumption. One 5 Gb\/s PCI Express 2.0 lane can be used as 1x full-size Mini PCIe. Two SATA 3.0 interfaces with up to 6 Gb\/s (one of them available as mSATA and the other for SATA) allow quick and flexible system expansions. Intel I210-IT Gigabit Ethernet controllers provide dual Gigabit Ethernet LAN access via the two RJ45 ports.<\/p>\n<p>The NANO-6062 is ideal for customers to design their own unique systems with flexibility for medical, networking, panel PC, kiosk and digital signage applications.<\/p>\n<h4>Features:<\/h4>\n<ul>\n<li>Intel<sup>\u00ae<\/sup>\u00a0Atom&#x2122; processor E3900 series<\/li>\n<li>Support DDR3L 1866\/1600 SODIMM up to 8GB<\/li>\n<li>Support triple display by VGA, DisplayPort and LVDS<\/li>\n<li>Support one M.2 socket, SATA III port, Mini PCIe and mSATA socket<\/li>\n<li>Support DC 12V-24V input<\/li>\n<li>Support a wide -40\u00b0C to 85\u00b0C industrial temperature range<\/li>\n<\/ul>\n<h4>Specification:<\/h4>\n\n<table id=\"tablepress-293\" class=\"tablepress tablepress-id-293\">\n<thead>\n<tr class=\"row-1\">\n\t<th class=\"column-1\"><strong>Specyfikacje<\/strong><\/th><td class=\"column-2\"><\/td>\n<\/tr>\n<\/thead>\n<tbody class=\"row-striping row-hover\">\n<tr class=\"row-2\">\n\t<td class=\"column-1\">CPU<\/td><td class=\"column-2\">\tIntel\u00ae Broadwell-5650U, 2.2GHz 4MB Cache 2 Core (15W)<br \/>\nIntel\u00ae Broadwell-5350U, 1.8GHz 3MB Cache 2 Core (15W)<br \/>\nIntel\u00ae Broadwell-5010U, 2.1GHz 3MB Cache 2 Core (15W)<\/td>\n<\/tr>\n<tr class=\"row-3\">\n\t<td class=\"column-1\">Format<\/td><td class=\"column-2\">Kompaktowy rozmiar<br \/>\n<\/td>\n<\/tr>\n<tr class=\"row-4\">\n\t<td class=\"column-1\">Typ<\/td><td class=\"column-2\">Typ 6<\/td>\n<\/tr>\n<tr class=\"row-5\">\n\t<td class=\"column-1\">Chipset<\/td><td class=\"column-2\">n\/a<br \/>\n<\/td>\n<\/tr>\n<tr class=\"row-6\">\n\t<td class=\"column-1\">DRAM<\/td><td class=\"column-2\">SDRAM DDR3L-1600\/1333 na gniazdach SODIMM, do 8 GB, brak pami\u0119ci DDR3L, do 4 GB (opcjonalnie)<br \/>\n<\/td>\n<\/tr>\n<tr class=\"row-7\">\n\t<td class=\"column-1\">Kontroler graficzny<br \/>\n<\/td><td class=\"column-2\">Grafika Intel\u00ae HD, obs\u0142uga OpenGL * 4.2, DirectX * 11.1 i OpenCL 2.0<br \/>\n<\/td>\n<\/tr>\n<tr class=\"row-8\">\n\t<td class=\"column-1\">Interfejs wy\u015bwietlacza<br \/>\n<\/td><td class=\"column-2\">Obs\u0142uguje interfejsy Display Port, VGA i LVDS z 3 niezale\u017cnymi wy\u015bwietlaczami, o wysokiej rozdzielczo\u015bci 4K \u201d(38x21) (DP \/ eDP * @ 60Hz)<br \/>\n<\/td>\n<\/tr>\n<tr class=\"row-9\">\n\t<td class=\"column-1\">Magazynowanie pami\u0119ci<\/td><td class=\"column-2\">4x porty SATA do 6,0 Gb \/ s, Intel\u00ae Rapid Storage Technique dla pami\u0119ci PCIe<br \/>\n<\/td>\n<\/tr>\n<tr class=\"row-10\">\n\t<td class=\"column-1\">Sie\u0107<\/td><td class=\"column-2\">Intel\u00ae I218M Gigabit LAN x 1<br \/>\n<\/td>\n<\/tr>\n<tr class=\"row-11\">\n\t<td class=\"column-1\">Interfejs magistrali<\/td><td class=\"column-2\">1x PCI Express x4 do Gen2 (5,0 GT \/ s),<br \/>\n<\/td>\n<\/tr>\n<tr class=\"row-12\">\n\t<td class=\"column-1\">Interfejs szeregowy<\/td><td class=\"column-2\">2 porty szeregowe (TX \/ RX)<br \/>\n<\/td>\n<\/tr>\n<tr class=\"row-13\">\n\t<td class=\"column-1\">USB<\/td><td class=\"column-2\">2x porty USB 3.0 (5 Gb \/ s), 8x porty USB 2.0 (480 Mb \/ s)<br \/>\n<\/td>\n<\/tr>\n<tr class=\"row-14\">\n\t<td class=\"column-1\">Audio<\/td><td class=\"column-2\">Intel\u00ae High Definition Audio<br \/>\n<\/td>\n<\/tr>\n<tr class=\"row-15\">\n\t<td class=\"column-1\">R\u00f3\u017cne<\/td><td class=\"column-2\">ITE8528 CPU, napi\u0119cie i temperatura, Watchdog Timer<br \/>\n<\/td>\n<\/tr>\n<tr class=\"row-16\">\n\t<td class=\"column-1\">Oprogramowanie uk\u0142adowe<br \/>\n<\/td><td class=\"column-2\">AMI Aptio BIOS, obs\u0142uga UEFI 4.0, ACPI 3.0, modu\u0142 wsparcia zgodno\u015bci SMBIOS 2.7<br \/>\n<\/td>\n<\/tr>\n<tr class=\"row-17\">\n\t<td class=\"column-1\">Wymaganie mocy<br \/>\n<\/td><td class=\"column-2\">Typowo: 12V, 5VSB, VBAT, obs\u0142uga trybu AT i ATX<br \/>\n<\/td>\n<\/tr>\n<tr class=\"row-18\">\n\t<td class=\"column-1\">Moc z W<\/td><td class=\"column-2\">15W<br \/>\n<\/td>\n<\/tr>\n<tr class=\"row-19\">\n\t<td class=\"column-1\">Wymiary<\/td><td class=\"column-2\">95 mm (L) x 95 mm (W), 3,7 \"(L) x 3,7\" (W), PCB: 14 warstw<br \/>\n<\/td>\n<\/tr>\n<\/tbody>\n<\/table>\n<!-- #tablepress-293 from cache -->\n","protected":false},"excerpt":{"rendered":"<p>Intel\u00ae Atom&#x2122; processor E3900 product family based Nano-ITX embedded system board with triple displays, Gigabit Ethernet, USB 3.0, M.2, SATA III, Mini PCIe and mSATA<\/p>\n","protected":false},"featured_media":11423,"template":"","meta":{"_acf_changed":false,"inline_featured_image":false,"_monsterinsights_skip_tracking":false,"_monsterinsights_sitenote_active":false,"_monsterinsights_sitenote_note":"","_monsterinsights_sitenote_category":0},"product_brand":[],"product_cat":[980,987,975],"product_tag":[],"class_list":{"0":"post-6743","1":"product","2":"type-product","3":"status-publish","4":"has-post-thumbnail","6":"product_cat-embedded-board-en","7":"product_cat-nano-itx-board-en","8":"product_cat-portwell-en","10":"first","11":"instock","12":"shipping-taxable","13":"product-type-simple"},"acf":[],"_links":{"self":[{"href":"https:\/\/quantum.com.pl\/en\/wp-json\/wp\/v2\/product\/6743","targetHints":{"allow":["GET"]}}],"collection":[{"href":"https:\/\/quantum.com.pl\/en\/wp-json\/wp\/v2\/product"}],"about":[{"href":"https:\/\/quantum.com.pl\/en\/wp-json\/wp\/v2\/types\/product"}],"wp:featuredmedia":[{"embeddable":true,"href":"https:\/\/quantum.com.pl\/en\/wp-json\/wp\/v2\/media\/11423"}],"wp:attachment":[{"href":"https:\/\/quantum.com.pl\/en\/wp-json\/wp\/v2\/media?parent=6743"}],"wp:term":[{"taxonomy":"product_brand","embeddable":true,"href":"https:\/\/quantum.com.pl\/en\/wp-json\/wp\/v2\/product_brand?post=6743"},{"taxonomy":"product_cat","embeddable":true,"href":"https:\/\/quantum.com.pl\/en\/wp-json\/wp\/v2\/product_cat?post=6743"},{"taxonomy":"product_tag","embeddable":true,"href":"https:\/\/quantum.com.pl\/en\/wp-json\/wp\/v2\/product_tag?post=6743"}],"curies":[{"name":"wp","href":"https:\/\/api.w.org\/{rel}","templated":true}]}}