{"id":6754,"date":"2019-12-10T17:54:29","date_gmt":"2019-12-10T16:54:29","guid":{"rendered":"https:\/\/quantum.com.pl\/product\/nano-6061\/"},"modified":"2019-12-10T17:54:29","modified_gmt":"2019-12-10T16:54:29","slug":"nano-6061","status":"publish","type":"product","link":"https:\/\/quantum.com.pl\/en\/product\/nano-6061\/","title":{"rendered":"NANO-6061"},"content":{"rendered":"<h4>Intel Celeron N3000 Ultra low power Nano-ITX board<\/h4>\n<p>&nbsp;<\/p>\n<p>NANO-6061 build with Intel\u00ae Celeron\u00ae and Pentium\u00ae Processor N3000 Series that not only is it suitable for under 10W fan-less application but also powerful graphic display demand. With its superior up to Quad core processing power and high capability. The new architecture integrates more powerful 3D graphics engine and memory controller making it suitable for critical environments.<\/p>\n<h4>Features:<\/h4>\n<ul>\n<li>Intel<sup>\u00ae<\/sup>\u00a0Pentium\/Celeron Dual\/Quad Core N3000 series ultra low power processor based platform<\/li>\n<li>One 204-pin SODIMM support DDR3L up to 8GB<\/li>\n<li>Multiple display by VGA, DP, dual channel 24 bit LVDS<\/li>\n<li>Support one M.2 socket and one SATA port<\/li>\n<li>Support one SD socket<\/li>\n<li>Support DC 12V input<\/li>\n<\/ul>\n<h4>Specification:<\/h4>\n\n<table id=\"tablepress-295\" class=\"tablepress tablepress-id-295\">\n<thead>\n<tr class=\"row-1\">\n\t<th class=\"column-1\"><strong>Specyfikacje<\/strong><\/th><td class=\"column-2\"><\/td>\n<\/tr>\n<\/thead>\n<tbody class=\"row-striping row-hover\">\n<tr class=\"row-2\">\n\t<td class=\"column-1\">CPU<\/td><td class=\"column-2\">Intel\u00ae Xeon\u00ae Processor D-1577 (16 x 1.30 GHz \/ 2.10 GHz, 24 MB, 45 W)<br \/>\nIntel\u00ae Xeon\u00ae Processor D-1559 (12 x 1.50 GHz \/ 2.10 GHz, 18 MB, 45 W)<br \/>\nIntel\u00ae Xeon\u00ae Processor D-1548 (8 x 2.00 GHz \/ 2.60 GHz, 12 MB, 45 W)<br \/>\nIntel\u00ae Xeon\u00ae Processor D-1537 (8 x 1.70 GHz \/ 2.30 GHz, 12 MB, 35 W)<br \/>\nIntel\u00ae Xeon\u00ae Processor D-1527 (4 x 2.20 GHz \/ 2.70 GHz, 6 MB, 35 W)<br \/>\nIntel\u00ae Pentium\u00ae Processor D1519 (4 x 1.50 GHz \/ 2.10 GHz, 6 MB, 25 W)<br \/>\nIntel\u00ae Pentium\u00ae Processor D1517 (4 x 1.60 GHz \/ 2.20 GHz, 6 MB, 25 W)<br \/>\nIntel\u00ae Pentium\u00ae Processor D1508 (2 x 2.20 GHz \/ 2.60 GHz, 3 MB, 25 W)<br \/>\nIntel\u00ae Pentium\u00ae Processor D1507 (2 x 1.20 GHz, 3 MB, 20 W)<\/td>\n<\/tr>\n<tr class=\"row-3\">\n\t<td class=\"column-1\">USB<\/td><td class=\"column-2\">7x USB 2.0, 4x USB 3.0<br \/>\n<\/td>\n<\/tr>\n<tr class=\"row-4\">\n\t<td class=\"column-1\">Audio<\/td><td class=\"column-2\">N\/A<\/td>\n<\/tr>\n<tr class=\"row-5\">\n\t<td class=\"column-1\">R\u00f3\u017cne<\/td><td class=\"column-2\">GPIO 8bit, Watchdog Timer, procesor monitoruj\u0105cy sprz\u0119t, napi\u0119cie, wentylator i temperatur\u0119<br \/>\n<\/td>\n<\/tr>\n<tr class=\"row-6\">\n\t<td class=\"column-1\">Oprogramowanie uk\u0142adowe<\/td><td class=\"column-2\">AMI Aptio BIOS<br \/>\n<\/td>\n<\/tr>\n<tr class=\"row-7\">\n\t<td class=\"column-1\">Wymaganie mocy<\/td><td class=\"column-2\">+ 12VDC (nominalny), + 5VDC ~ + 13VDC (szeroki zakres), obs\u0142uga trybu AT<br \/>\n<\/td>\n<\/tr>\n<tr class=\"row-8\">\n\t<td class=\"column-1\">Moc z W<\/td><td class=\"column-2\">zale\u017cy od u\u017cywanego procesora<br \/>\n<\/td>\n<\/tr>\n<tr class=\"row-9\">\n\t<td class=\"column-1\">Temperatura operacyjna<\/td><td class=\"column-2\">-20\u00b0C do 85\u00b0C (zale\u017cnie od procesora)<br \/>\n<\/td>\n<\/tr>\n<tr class=\"row-10\">\n\t<td class=\"column-1\">Rozszerzony zakres temperatury<\/td><td class=\"column-2\">opcjonalnie<\/td>\n<\/tr>\n<tr class=\"row-11\">\n\t<td class=\"column-1\">Interfejs szeregowy<\/td><td class=\"column-2\">1x RX\/TX<br \/>\n<\/td>\n<\/tr>\n<tr class=\"row-12\">\n\t<td class=\"column-1\">Interfejs magistrali<\/td><td class=\"column-2\">8x PCIe Gen2 (konfiguracja x1, x2, x4), 1x PCIe x16 Gen3 (konfiguracja x4, x8, x16)<br \/>\n<\/td>\n<\/tr>\n<tr class=\"row-13\">\n\t<td class=\"column-1\">Sie\u0107<\/td><td class=\"column-2\">1x Gigabit Ethernet Intel\u00ae I219LM<br \/>\n<\/td>\n<\/tr>\n<tr class=\"row-14\">\n\t<td class=\"column-1\">Format<\/td><td class=\"column-2\">podstawowy<\/td>\n<\/tr>\n<tr class=\"row-15\">\n\t<td class=\"column-1\">Typ<\/td><td class=\"column-2\">Typ 6<\/td>\n<\/tr>\n<tr class=\"row-16\">\n\t<td class=\"column-1\">Chipset<\/td><td class=\"column-2\">SoC (System-On-Chip)<br \/>\n<\/td>\n<\/tr>\n<tr class=\"row-17\">\n\t<td class=\"column-1\">DRAM<\/td><td class=\"column-2\">Do 48 GB pami\u0119ci DDR4-2133 ECC SDRAM na trzech gniazdach SO-DIMM<br \/>\n<\/td>\n<\/tr>\n<tr class=\"row-18\">\n\t<td class=\"column-1\">Kontroler graficzny<\/td><td class=\"column-2\">Silicon Motion 2D Graphic Accelerator SM750<br \/>\n<\/td>\n<\/tr>\n<tr class=\"row-19\">\n\t<td class=\"column-1\">Interfejs wy\u015bwietlacza<\/td><td class=\"column-2\">HDMI (1920x1440), VGA (1920x1440)<br \/>\n<\/td>\n<\/tr>\n<tr class=\"row-20\">\n\t<td class=\"column-1\">Magazynowanie pami\u0119ci<\/td><td class=\"column-2\">4x SATA III (6Gbit\/s)<br \/>\n<br \/>\n<\/td>\n<\/tr>\n<tr class=\"row-21\">\n\t<td class=\"column-1\">Wymiary<\/td><td class=\"column-2\">125x95 mm<br \/>\n<br \/>\n<br \/>\n<\/td>\n<\/tr>\n<\/tbody>\n<\/table>\n<!-- #tablepress-295 from cache -->\n","protected":false},"excerpt":{"rendered":"<p>NANO-6061 adopts Intel\u00ae latest Pentium\/ Celeron Dual\/ Quad Core N3000 series SoC based NANO-ITX board with triple display, Gigabit Ethernet, Audio, USB 3.0, SATA, M.2 and SD socket<\/p>\n","protected":false},"featured_media":11421,"template":"","meta":{"_acf_changed":false,"inline_featured_image":false,"_monsterinsights_skip_tracking":false,"_monsterinsights_sitenote_active":false,"_monsterinsights_sitenote_note":"","_monsterinsights_sitenote_category":0},"product_brand":[],"product_cat":[980,987,975],"product_tag":[],"class_list":{"0":"post-6754","1":"product","2":"type-product","3":"status-publish","4":"has-post-thumbnail","6":"product_cat-embedded-board-en","7":"product_cat-nano-itx-board-en","8":"product_cat-portwell-en","10":"first","11":"instock","12":"shipping-taxable","13":"product-type-simple"},"acf":[],"_links":{"self":[{"href":"https:\/\/quantum.com.pl\/en\/wp-json\/wp\/v2\/product\/6754","targetHints":{"allow":["GET"]}}],"collection":[{"href":"https:\/\/quantum.com.pl\/en\/wp-json\/wp\/v2\/product"}],"about":[{"href":"https:\/\/quantum.com.pl\/en\/wp-json\/wp\/v2\/types\/product"}],"wp:featuredmedia":[{"embeddable":true,"href":"https:\/\/quantum.com.pl\/en\/wp-json\/wp\/v2\/media\/11421"}],"wp:attachment":[{"href":"https:\/\/quantum.com.pl\/en\/wp-json\/wp\/v2\/media?parent=6754"}],"wp:term":[{"taxonomy":"product_brand","embeddable":true,"href":"https:\/\/quantum.com.pl\/en\/wp-json\/wp\/v2\/product_brand?post=6754"},{"taxonomy":"product_cat","embeddable":true,"href":"https:\/\/quantum.com.pl\/en\/wp-json\/wp\/v2\/product_cat?post=6754"},{"taxonomy":"product_tag","embeddable":true,"href":"https:\/\/quantum.com.pl\/en\/wp-json\/wp\/v2\/product_tag?post=6754"}],"curies":[{"name":"wp","href":"https:\/\/api.w.org\/{rel}","templated":true}]}}