{"id":6965,"date":"2019-12-12T19:45:13","date_gmt":"2019-12-12T18:45:13","guid":{"rendered":"https:\/\/quantum.com.pl\/product\/wux-7100u\/"},"modified":"2019-12-12T19:45:13","modified_gmt":"2019-12-12T18:45:13","slug":"wux-7100u","status":"publish","type":"product","link":"https:\/\/quantum.com.pl\/en\/product\/wux-7100u\/","title":{"rendered":"WUX-7100U"},"content":{"rendered":"<h4>Intel 7th Kaby Lake-U Core-i processor based 4&#215;4-inch mini PC board<\/h4>\n<p>&nbsp;<\/p>\n<p>The WUX-7100 of 4&#215;4-inch mini PC board (Intel\u00ae NUC board form factor) is designed with Intel\u00ae Kaby Lake Core-i processor i5-7300U\/i3-7100U and features DDR4 up to 32GB, Gigabit Ethernet, M.2 expansion interface, and support for wide input voltage range from 12V to 19V.<\/p>\n<p>The WUX-7X00 4&#215;4-inch mini PC board series can be an ideal building block for designing ultra-compact embedded computing systems with configurability for an extensive array of applications like: medical, industrial automation, IoT application, digital signage, retail, etc.<\/p>\n<h4>Features:<\/h4>\n<ul>\n<li>Intel<sup>\u00ae<\/sup>\u00a0Kaby Lake-U Core-i3 processor. For Core-i5 processor, please check\u00a0WUX-7300U<\/li>\n<li>Supports DDR4 2133 non-ECC SDRAM on two SODIMM slots, up to 32GB<\/li>\n<li>Supports two M.2 (E &amp; M Key) slots, one for SSD, one for Wireless<\/li>\n<li>1x M.2 (E+A key), 1x SATA III, 1x microSD 3.0<\/li>\n<li>Support Gigabit Ethernet<\/li>\n<li>Support 3x USB 3.0 (rear I.O) and 1x USB 3.0 type-C (rear I\/O)<\/li>\n<li>Support wide input voltage range from 12V to 19V<\/li>\n<\/ul>\n<h4>Specification:<\/h4>\n\n<table id=\"tablepress-327\" class=\"tablepress tablepress-id-327\">\n<thead>\n<tr class=\"row-1\">\n\t<th class=\"column-1\"><strong>Specyfikacje<\/strong><\/th><td class=\"column-2\"><\/td>\n<\/tr>\n<\/thead>\n<tbody class=\"row-striping row-hover\">\n<tr class=\"row-2\">\n\t<td class=\"column-1\">Format<\/td><td class=\"column-2\">Micro-ATX form factor<br \/>\n<\/td>\n<\/tr>\n<tr class=\"row-3\">\n\t<td class=\"column-1\">Typ <\/td><td class=\"column-2\">Typ 6<\/td>\n<\/tr>\n<tr class=\"row-4\">\n\t<td class=\"column-1\">Interfejs wy\u015bwietlacza<\/td><td class=\"column-2\">Obs\u0142uga wy\u015bwietlania Play port, interfejsy HDMI, DVI-I i LVDS<br \/>\n<\/td>\n<\/tr>\n<tr class=\"row-5\">\n\t<td class=\"column-1\">Magazynowanie pami\u0119ci<\/td><td class=\"column-2\">Jedno gniazdo kart SATA, jedno CF<br \/>\n<\/td>\n<\/tr>\n<tr class=\"row-6\">\n\t<td class=\"column-1\">Sie\u0107<\/td><td class=\"column-2\">Pojedyncze z\u0142\u0105cze Ethernet 10BASE-T \/ 100BASE-TX \/ 1000BASE, Pojedyncze z\u0142\u0105cze RJ-45 z dwoma wska\u017anikami LED na tylnym panelu I\/O<br \/>\n<\/td>\n<\/tr>\n<tr class=\"row-7\">\n\t<td class=\"column-1\">Interfejs magistrali<\/td><td class=\"column-2\">Jedno gniazdo rozszerze\u0144 PCI Express x1 i jedno gniazdo PCI Express x4<br \/>\n<\/td>\n<\/tr>\n<tr class=\"row-8\">\n\t<td class=\"column-1\">Interfejs szeregowy<\/td><td class=\"column-2\">2x Rx_Tx HDR<br \/>\n<\/td>\n<\/tr>\n<tr class=\"row-9\">\n\t<td class=\"column-1\">USB<\/td><td class=\"column-2\">USB 2.0 x 4, USB 3.0 x 2<br \/>\n<\/td>\n<\/tr>\n<tr class=\"row-10\">\n\t<td class=\"column-1\">Audio<\/td><td class=\"column-2\">High Definition Audio<br \/>\n<\/td>\n<\/tr>\n<tr class=\"row-11\">\n\t<td class=\"column-1\">Oprogramowanie uk\u0142adowe<\/td><td class=\"column-2\">AMI Aptio BIOS (lub BIOS w module COM Express)<br \/>\n<\/td>\n<\/tr>\n<tr class=\"row-12\">\n\t<td class=\"column-1\">Wymagania mocy<\/td><td class=\"column-2\">20-stykowe z\u0142\u0105cze zasilania ATX<br \/>\n<\/td>\n<\/tr>\n<tr class=\"row-13\">\n\t<td class=\"column-1\">Wymiary<\/td><td class=\"column-2\">243.8(L) x 243.8(W) mm; 9.6\"(L) x 9.6\" (W)<br \/>\n<\/td>\n<\/tr>\n<\/tbody>\n<\/table>\n<!-- #tablepress-327 from cache -->\n","protected":false},"excerpt":{"rendered":"<p>Intel\u00ae 7th Kaby Lake-U Core-i3 processor based 4&#215;4-inch mini PC board (Intel\u00ae NUC board form factor) with DDR4 SDRAM, Gigabit Ethernet, M.2 (E &#038; M key), USB3.0, 12~19V DC input<\/p>\n","protected":false},"featured_media":11485,"template":"","meta":{"_acf_changed":false,"inline_featured_image":false,"_monsterinsights_skip_tracking":false,"_monsterinsights_sitenote_active":false,"_monsterinsights_sitenote_note":"","_monsterinsights_sitenote_category":0},"product_brand":[],"product_cat":[980,988,975],"product_tag":[],"class_list":{"0":"post-6965","1":"product","2":"type-product","3":"status-publish","4":"has-post-thumbnail","6":"product_cat-embedded-board-en","7":"product_cat-nuc-board-en","8":"product_cat-portwell-en","10":"first","11":"instock","12":"shipping-taxable","13":"product-type-simple"},"acf":[],"_links":{"self":[{"href":"https:\/\/quantum.com.pl\/en\/wp-json\/wp\/v2\/product\/6965","targetHints":{"allow":["GET"]}}],"collection":[{"href":"https:\/\/quantum.com.pl\/en\/wp-json\/wp\/v2\/product"}],"about":[{"href":"https:\/\/quantum.com.pl\/en\/wp-json\/wp\/v2\/types\/product"}],"wp:featuredmedia":[{"embeddable":true,"href":"https:\/\/quantum.com.pl\/en\/wp-json\/wp\/v2\/media\/11485"}],"wp:attachment":[{"href":"https:\/\/quantum.com.pl\/en\/wp-json\/wp\/v2\/media?parent=6965"}],"wp:term":[{"taxonomy":"product_brand","embeddable":true,"href":"https:\/\/quantum.com.pl\/en\/wp-json\/wp\/v2\/product_brand?post=6965"},{"taxonomy":"product_cat","embeddable":true,"href":"https:\/\/quantum.com.pl\/en\/wp-json\/wp\/v2\/product_cat?post=6965"},{"taxonomy":"product_tag","embeddable":true,"href":"https:\/\/quantum.com.pl\/en\/wp-json\/wp\/v2\/product_tag?post=6965"}],"curies":[{"name":"wp","href":"https:\/\/api.w.org\/{rel}","templated":true}]}}