{"id":13931,"date":"2021-02-15T20:52:04","date_gmt":"2021-02-15T19:52:04","guid":{"rendered":"https:\/\/quantum.com.pl\/?page_id=13931"},"modified":"2021-02-24T11:20:21","modified_gmt":"2021-02-24T10:20:21","slug":"gazele-biznesu","status":"publish","type":"page","link":"https:\/\/quantum.com.pl\/pl\/gazele-biznesu\/","title":{"rendered":"Nagrody i wyr\u00f3\u017cnienia &#8211; Gazele Biznesu"},"content":{"rendered":"<p><img loading=\"lazy\" decoding=\"async\" class=\"aligncenter wp-image-13711\" src=\"https:\/\/quantum.com.pl\/wp-content\/uploads\/2021\/01\/GAZELE-2020_LOGO-1024x347.jpg\" alt=\"\" width=\"500\" height=\"169\" srcset=\"https:\/\/quantum.com.pl\/wp-content\/uploads\/2021\/01\/GAZELE-2020_LOGO-1024x347.jpg 1024w, https:\/\/quantum.com.pl\/wp-content\/uploads\/2021\/01\/GAZELE-2020_LOGO-300x102.jpg 300w, https:\/\/quantum.com.pl\/wp-content\/uploads\/2021\/01\/GAZELE-2020_LOGO-768x260.jpg 768w, https:\/\/quantum.com.pl\/wp-content\/uploads\/2021\/01\/GAZELE-2020_LOGO-1536x521.jpg 1536w, https:\/\/quantum.com.pl\/wp-content\/uploads\/2021\/01\/GAZELE-2020_LOGO-860x291.jpg 860w, https:\/\/quantum.com.pl\/wp-content\/uploads\/2021\/01\/GAZELE-2020_LOGO-600x203.jpg 600w, https:\/\/quantum.com.pl\/wp-content\/uploads\/2021\/01\/GAZELE-2020_LOGO.jpg 1546w\" sizes=\"auto, (max-width: 500px) 100vw, 500px\" \/><\/p>\n<p>&nbsp;<\/p>\n<p>&nbsp;<\/p>\n<h3 style=\"text-align: center;\"><strong>Dziennik &#8222;Puls Biznesu&#8221; potwierdza przynale\u017cno\u015b\u0107 firmy<\/strong><\/h3>\n<p>&nbsp;<\/p>\n<h1 style=\"text-align: center;\"><strong><span style=\"color: #295b90;\">QUANTUM &#8211; KORPORACJA TRANSFERU TECHNOLOGII Sp. z o.o.<\/span><\/strong><\/h1>\n<p>&nbsp;<\/p>\n<h3 style=\"text-align: center;\"><strong>do elitarnego klubu Gazel Biznesu<\/strong><\/h3>\n<h3 style=\"text-align: center;\"><strong>grona najdynamiczniej rozwijaj\u0105cych si\u0119 firm<\/strong><\/h3>\n<p>&nbsp;<\/p>\n<p style=\"text-align: center;\"><strong>Organizator:<\/strong><\/p>\n<p style=\"text-align: center;\"><img loading=\"lazy\" decoding=\"async\" class=\"aligncenter wp-image-13940\" src=\"https:\/\/quantum.com.pl\/wp-content\/uploads\/2021\/02\/puls-biznesu-300x240.png\" alt=\"\" width=\"150\" height=\"120\" srcset=\"https:\/\/quantum.com.pl\/wp-content\/uploads\/2021\/02\/puls-biznesu-300x240.png 300w, https:\/\/quantum.com.pl\/wp-content\/uploads\/2021\/02\/puls-biznesu.png 500w\" sizes=\"auto, (max-width: 150px) 100vw, 150px\" \/><\/p>\n<p>&nbsp;<\/p>\n<p style=\"text-align: center;\"><strong>Autor rankingu:<\/strong><\/p>\n<p style=\"text-align: center;\"><img loading=\"lazy\" decoding=\"async\" class=\"aligncenter wp-image-13945\" src=\"https:\/\/quantum.com.pl\/wp-content\/uploads\/2021\/02\/Coface-logo-with-signature-RGB-white-300x147.jpg\" alt=\"\" width=\"250\" height=\"122\" srcset=\"https:\/\/quantum.com.pl\/wp-content\/uploads\/2021\/02\/Coface-logo-with-signature-RGB-white-300x147.jpg 300w, https:\/\/quantum.com.pl\/wp-content\/uploads\/2021\/02\/Coface-logo-with-signature-RGB-white-768x376.jpg 768w, https:\/\/quantum.com.pl\/wp-content\/uploads\/2021\/02\/Coface-logo-with-signature-RGB-white-860x421.jpg 860w, https:\/\/quantum.com.pl\/wp-content\/uploads\/2021\/02\/Coface-logo-with-signature-RGB-white-600x293.jpg 600w, https:\/\/quantum.com.pl\/wp-content\/uploads\/2021\/02\/Coface-logo-with-signature-RGB-white.jpg 1000w\" sizes=\"auto, (max-width: 250px) 100vw, 250px\" \/><\/p>\n<p>&nbsp;<\/p>\n","protected":false},"excerpt":{"rendered":"<p>&nbsp; &nbsp; Dziennik &#8222;Puls Biznesu&#8221; potwierdza przynale\u017cno\u015b\u0107 firmy &nbsp; QUANTUM &#8211; KORPORACJA TRANSFERU TECHNOLOGII Sp. z o.o. &nbsp; do elitarnego klubu Gazel Biznesu grona najdynamiczniej rozwijaj\u0105cych si\u0119 firm &nbsp; Organizator: &nbsp; Autor rankingu: &nbsp;<\/p>\n","protected":false},"author":1,"featured_media":0,"parent":0,"menu_order":0,"comment_status":"closed","ping_status":"closed","template":"","meta":{"_acf_changed":false,"inline_featured_image":false,"_monsterinsights_skip_tracking":false,"_monsterinsights_sitenote_active":false,"_monsterinsights_sitenote_note":"","_monsterinsights_sitenote_category":0,"footnotes":""},"class_list":["post-13931","page","type-page","status-publish","hentry"],"acf":[],"_links":{"self":[{"href":"https:\/\/quantum.com.pl\/pl\/wp-json\/wp\/v2\/pages\/13931","targetHints":{"allow":["GET"]}}],"collection":[{"href":"https:\/\/quantum.com.pl\/pl\/wp-json\/wp\/v2\/pages"}],"about":[{"href":"https:\/\/quantum.com.pl\/pl\/wp-json\/wp\/v2\/types\/page"}],"author":[{"embeddable":true,"href":"https:\/\/quantum.com.pl\/pl\/wp-json\/wp\/v2\/users\/1"}],"replies":[{"embeddable":true,"href":"https:\/\/quantum.com.pl\/pl\/wp-json\/wp\/v2\/comments?post=13931"}],"version-history":[{"count":14,"href":"https:\/\/quantum.com.pl\/pl\/wp-json\/wp\/v2\/pages\/13931\/revisions"}],"predecessor-version":[{"id":14195,"href":"https:\/\/quantum.com.pl\/pl\/wp-json\/wp\/v2\/pages\/13931\/revisions\/14195"}],"wp:attachment":[{"href":"https:\/\/quantum.com.pl\/pl\/wp-json\/wp\/v2\/media?parent=13931"}],"curies":[{"name":"wp","href":"https:\/\/api.w.org\/{rel}","templated":true}]}}