{"id":13952,"date":"2021-02-15T21:38:04","date_gmt":"2021-02-15T20:38:04","guid":{"rendered":"https:\/\/quantum.com.pl\/?page_id=13952"},"modified":"2021-02-24T11:22:25","modified_gmt":"2021-02-24T10:22:25","slug":"diamenty-forbesa-2020","status":"publish","type":"page","link":"https:\/\/quantum.com.pl\/pl\/diamenty-forbesa-2020\/","title":{"rendered":"Nagrody i wyr\u00f3\u017cnienia &#8211; Diamenty Forbesa 2020"},"content":{"rendered":"<p style=\"text-align: center;\">Jest nam niezmiernie mi\u0142o poinformowa\u0107, i\u017c firma\u00a0<strong>QUANTUM Korporacja Transferu Technologii Sp. z o.o.<\/strong><br \/>\nznalaz\u0142a si\u0119 w presti\u017cowym zestawieniu\u00a0<strong>DIAMENTY FORBESA 2020.<\/strong><\/p>\n<p>&nbsp;<\/p>\n<p><img loading=\"lazy\" decoding=\"async\" class=\"aligncenter wp-image-13953\" src=\"https:\/\/quantum.com.pl\/wp-content\/uploads\/2021\/02\/Diament_Forbes_2020_black.png\" alt=\"\" width=\"500\" height=\"392\" srcset=\"https:\/\/quantum.com.pl\/wp-content\/uploads\/2021\/02\/Diament_Forbes_2020_black.png 735w, https:\/\/quantum.com.pl\/wp-content\/uploads\/2021\/02\/Diament_Forbes_2020_black-300x235.png 300w, https:\/\/quantum.com.pl\/wp-content\/uploads\/2021\/02\/Diament_Forbes_2020_black-600x470.png 600w\" sizes=\"auto, (max-width: 500px) 100vw, 500px\" \/><\/p>\n<p>&nbsp;<\/p>\n<p><strong>DIAMENTY FORBESA 2020<\/strong><\/p>\n<p>Diamenty Forbesa, to zestawienie najdynamiczniej rozwijaj\u0105cych si\u0119 firm w Polsce, opracowane przez Bisnode Polska wraz redakcj\u0105 miesi\u0119cznika \u201eForbes\u201d.<\/p>\n<p>W zestawieniu zosta\u0142y uj\u0119te firmy, kt\u00f3re w trzech ostatnich latach najszybciej zwi\u0119ksza\u0142y sw\u0105 warto\u015b\u0107. Diamentami Forbesa zosta\u0142y przedsi\u0119biorstwa o wsp\u00f3\u0142czynniku ryzyka wsp\u00f3\u0142pracy wy\u017cszym ni\u017c 4, wed\u0142ug ratingu Bisnode. Podzielone s\u0105 one na trzy kategorie wed\u0142ug przychod\u00f3w ze sprzeda\u017cy w ostatnim roku obrachunkowym: firmy ma\u0142e (przychody 5\u201350 milion\u00f3w z\u0142otych), firmy \u015brednie (przychody od 50 do 250 milion\u00f3w z\u0142otych) oraz firmy du\u017ce (przychody powy\u017cej 250 mln z\u0142).<\/p>\n<p>Wywiadownia Bisnode Polska zebra\u0142a Dane firm, kt\u00f3re z\u0142o\u017cy\u0142y w terminie raporty do Krajowego Rejestru S\u0105dowego za okres 2018\u20132014. Na tej podstawie powsta\u0142a lista blisko 7 tysi\u0119cy przedsi\u0119biorstw, kt\u00f3rym Bisnode Polska przyzna\u0142a pozytywny rating wiarygodno\u015bci i ryzyka wsp\u00f3\u0142pracy, kt\u00f3re maj\u0105 wysok\u0105 p\u0142ynno\u015b\u0107 bie\u017c\u0105c\u0105 i nie zalegaj\u0105 z p\u0142atno\u015bciami. Przedsi\u0119biorstwa spe\u0142niaj\u0105ce te warunki musia\u0142y te\u017c wykaza\u0107 si\u0119 dodatnim wynikiem finansowym oraz warto\u015bci\u0105 kapita\u0142\u00f3w w\u0142asnych.<\/p>\n<p>Z zestawiania wyeliminowane zosta\u0142y instytucje finansowe, takie jak banki, ze wzgl\u0119du na znaczne r\u00f3\u017cnice dotycz\u0105ce kategorii bilansowych, wyst\u0119puj\u0105ce mi\u0119dzy nimi a firmami produkcyjnymi oraz handlowymi. Na li\u015bcie Diament\u00f3w Forbesa znalaz\u0142y si\u0119 wi\u0119c przedsi\u0119biorstwa, kt\u00f3re osi\u0105gn\u0119\u0142y najwi\u0119kszy przeci\u0119tny (minimum 15 procent) roczny wzrost warto\u015bci.<\/p>\n<p>Serdecznie zapraszamy do zapoznania z publikacj\u0105 <a href=\"http:\/\/dps.asp24.pl\/flip\/frb_diamenty_2020\/\"><strong>ALBUMU DIAMENTY FORBESA 2020<\/strong><\/a>.<\/p>\n","protected":false},"excerpt":{"rendered":"<p>Jest nam niezmiernie mi\u0142o poinformowa\u0107, i\u017c firma\u00a0QUANTUM Korporacja Transferu Technologii Sp. z o.o. znalaz\u0142a si\u0119 w presti\u017cowym zestawieniu\u00a0DIAMENTY FORBESA 2020. &nbsp; &nbsp; DIAMENTY FORBESA 2020 Diamenty Forbesa, to zestawienie najdynamiczniej rozwijaj\u0105cych si\u0119 firm w Polsce, opracowane przez Bisnode Polska wraz redakcj\u0105 miesi\u0119cznika \u201eForbes\u201d. W zestawieniu zosta\u0142y uj\u0119te firmy, kt\u00f3re w trzech ostatnich latach najszybciej zwi\u0119ksza\u0142y [&hellip;]<\/p>\n","protected":false},"author":1,"featured_media":0,"parent":0,"menu_order":0,"comment_status":"closed","ping_status":"closed","template":"","meta":{"_acf_changed":false,"inline_featured_image":false,"_monsterinsights_skip_tracking":false,"_monsterinsights_sitenote_active":false,"_monsterinsights_sitenote_note":"","_monsterinsights_sitenote_category":0,"footnotes":""},"class_list":["post-13952","page","type-page","status-publish","hentry"],"acf":[],"_links":{"self":[{"href":"https:\/\/quantum.com.pl\/pl\/wp-json\/wp\/v2\/pages\/13952","targetHints":{"allow":["GET"]}}],"collection":[{"href":"https:\/\/quantum.com.pl\/pl\/wp-json\/wp\/v2\/pages"}],"about":[{"href":"https:\/\/quantum.com.pl\/pl\/wp-json\/wp\/v2\/types\/page"}],"author":[{"embeddable":true,"href":"https:\/\/quantum.com.pl\/pl\/wp-json\/wp\/v2\/users\/1"}],"replies":[{"embeddable":true,"href":"https:\/\/quantum.com.pl\/pl\/wp-json\/wp\/v2\/comments?post=13952"}],"version-history":[{"count":8,"href":"https:\/\/quantum.com.pl\/pl\/wp-json\/wp\/v2\/pages\/13952\/revisions"}],"predecessor-version":[{"id":14197,"href":"https:\/\/quantum.com.pl\/pl\/wp-json\/wp\/v2\/pages\/13952\/revisions\/14197"}],"wp:attachment":[{"href":"https:\/\/quantum.com.pl\/pl\/wp-json\/wp\/v2\/media?parent=13952"}],"curies":[{"name":"wp","href":"https:\/\/api.w.org\/{rel}","templated":true}]}}