{"id":15756,"date":"2024-01-25T22:48:06","date_gmt":"2024-01-25T21:48:06","guid":{"rendered":"https:\/\/quantum.com.pl\/?page_id=15756"},"modified":"2024-01-29T14:53:14","modified_gmt":"2024-01-29T13:53:14","slug":"diamenty-forbesa-2024","status":"publish","type":"page","link":"https:\/\/quantum.com.pl\/pl\/diamenty-forbesa-2024\/","title":{"rendered":"Nagrody i wyr\u00f3\u017cnienia \u2013 Diamenty Forbesa 2024"},"content":{"rendered":"<p style=\"text-align: center;\">Jest nam niezmiernie mi\u0142o poinformowa\u0107, i\u017c firma\u00a0<strong>QUANTUM Korporacja Transferu Technologii Sp. z o.o.<\/strong><br \/>\nznalaz\u0142a si\u0119 w presti\u017cowym zestawieniu\u00a0<strong>DIAMENTY FORBESA 2024.<\/strong><\/p>\n<p><img loading=\"lazy\" decoding=\"async\" class=\"wp-image-15762 aligncenter\" src=\"https:\/\/quantum.com.pl\/wp-content\/uploads\/2024\/01\/Diamenty_Forbes_2024_black-300x300.png\" alt=\"\" width=\"500\" height=\"500\" srcset=\"https:\/\/quantum.com.pl\/wp-content\/uploads\/2024\/01\/Diamenty_Forbes_2024_black-300x300.png 300w, https:\/\/quantum.com.pl\/wp-content\/uploads\/2024\/01\/Diamenty_Forbes_2024_black-1024x1024.png 1024w, https:\/\/quantum.com.pl\/wp-content\/uploads\/2024\/01\/Diamenty_Forbes_2024_black-150x150.png 150w, https:\/\/quantum.com.pl\/wp-content\/uploads\/2024\/01\/Diamenty_Forbes_2024_black-768x768.png 768w, https:\/\/quantum.com.pl\/wp-content\/uploads\/2024\/01\/Diamenty_Forbes_2024_black-860x860.png 860w, https:\/\/quantum.com.pl\/wp-content\/uploads\/2024\/01\/Diamenty_Forbes_2024_black-55x55.png 55w, https:\/\/quantum.com.pl\/wp-content\/uploads\/2024\/01\/Diamenty_Forbes_2024_black-80x80.png 80w, https:\/\/quantum.com.pl\/wp-content\/uploads\/2024\/01\/Diamenty_Forbes_2024_black-600x600.png 600w, https:\/\/quantum.com.pl\/wp-content\/uploads\/2024\/01\/Diamenty_Forbes_2024_black-100x100.png 100w, https:\/\/quantum.com.pl\/wp-content\/uploads\/2024\/01\/Diamenty_Forbes_2024_black.png 1500w\" sizes=\"auto, (max-width: 500px) 100vw, 500px\" \/><\/p>\n<p><strong>DIAMENTY FORBESA 2024<\/strong><\/p>\n<p>Diamenty Forbesa, to dorocznym ranking przedsi\u0119biorstw, kt\u00f3re w ostatnich trzech latach najskuteczniej zwi\u0119kszy\u0142y swoj\u0105 warto\u015b\u0107. Potwierdzenie si\u0142y, zdolno\u015bci budowania warto\u015bci<br \/>\ni jako\u015bci marki oraz biznesu szczeg\u00f3lnie zyskuje na znaczeniu w obecnych, skomplikowanych czasach, stanowi\u0105c jednocze\u015bnie nieocenione \u017ar\u00f3d\u0142o inspiracji.<\/p>\n<p>Wyniki rankingu Diamenty Forbesa 2024 opracowano w redakcji Forbes<br \/>\nprzy wykorzystaniu szwajcarskiej metody wyceny warto\u015bci przedsi\u0119biorstw. W\u015br\u00f3d kluczowych kryteri\u00f3w znalaz\u0142y si\u0119 m.in. wyniki finansowe za lata 2018 \u2013 2022, warto\u015b\u0107 maj\u0105tku, historia p\u0142atnicza, wiarygodno\u015b\u0107 p\u0142atnicza oraz brak negatywnych zdarze\u0144 prawnych.<\/p>\n<p>Firmy z grona \u201eDiament\u00f3w Forbesa\u201d podzielono na 16 wojew\u00f3dztw, a w ramach ka\u017cdego z nich na kolejne trzy kategorie &#8211; wed\u0142ug poziomu przychod\u00f3w: 5-50 mln z\u0142otych, 50-250 mln z\u0142otych, powy\u017cej 250 mln z\u0142otych.<\/p>\n<p>Serdecznie zapraszamy do zapoznania z publikacj\u0105 <strong>ALBUMU DIAMENTY FORBESA 2024<\/strong>.<\/p>\n","protected":false},"excerpt":{"rendered":"<p>Jest nam niezmiernie mi\u0142o poinformowa\u0107, i\u017c firma\u00a0QUANTUM Korporacja Transferu Technologii Sp. z o.o. znalaz\u0142a si\u0119 w presti\u017cowym zestawieniu\u00a0DIAMENTY FORBESA 2024. DIAMENTY FORBESA 2024 Diamenty Forbesa, to dorocznym ranking przedsi\u0119biorstw, kt\u00f3re w ostatnich trzech latach najskuteczniej zwi\u0119kszy\u0142y swoj\u0105 warto\u015b\u0107. Potwierdzenie si\u0142y, zdolno\u015bci budowania warto\u015bci i jako\u015bci marki oraz biznesu szczeg\u00f3lnie zyskuje na znaczeniu w obecnych, skomplikowanych [&hellip;]<\/p>\n","protected":false},"author":1,"featured_media":0,"parent":0,"menu_order":0,"comment_status":"closed","ping_status":"closed","template":"","meta":{"_acf_changed":false,"inline_featured_image":false,"_monsterinsights_skip_tracking":false,"_monsterinsights_sitenote_active":false,"_monsterinsights_sitenote_note":"","_monsterinsights_sitenote_category":0,"footnotes":""},"class_list":["post-15756","page","type-page","status-publish","hentry"],"acf":[],"_links":{"self":[{"href":"https:\/\/quantum.com.pl\/pl\/wp-json\/wp\/v2\/pages\/15756","targetHints":{"allow":["GET"]}}],"collection":[{"href":"https:\/\/quantum.com.pl\/pl\/wp-json\/wp\/v2\/pages"}],"about":[{"href":"https:\/\/quantum.com.pl\/pl\/wp-json\/wp\/v2\/types\/page"}],"author":[{"embeddable":true,"href":"https:\/\/quantum.com.pl\/pl\/wp-json\/wp\/v2\/users\/1"}],"replies":[{"embeddable":true,"href":"https:\/\/quantum.com.pl\/pl\/wp-json\/wp\/v2\/comments?post=15756"}],"version-history":[{"count":8,"href":"https:\/\/quantum.com.pl\/pl\/wp-json\/wp\/v2\/pages\/15756\/revisions"}],"predecessor-version":[{"id":15771,"href":"https:\/\/quantum.com.pl\/pl\/wp-json\/wp\/v2\/pages\/15756\/revisions\/15771"}],"wp:attachment":[{"href":"https:\/\/quantum.com.pl\/pl\/wp-json\/wp\/v2\/media?parent=15756"}],"curies":[{"name":"wp","href":"https:\/\/api.w.org\/{rel}","templated":true}]}}