{"id":1635,"date":"2014-08-04T11:35:21","date_gmt":"2014-08-04T11:35:21","guid":{"rendered":"http:\/\/trizzy.purethe.me\/?page_id=1635"},"modified":"2018-05-16T22:37:23","modified_gmt":"2018-05-16T20:37:23","slug":"produkty","status":"publish","type":"page","link":"https:\/\/quantum.com.pl\/pl\/produkty\/","title":{"rendered":"Produkty"},"content":{"rendered":"<div class=\"woocommerce columns-4\"><div class=\"products\"><div class=\"shop columns masonry-shop-item six products-categories post-1635 page type-page status-publish hentry\">\n\n\t<a aria-label=\"Przejd\u017a do kategorii produktu Bez Kategorii\" href=\"https:\/\/quantum.com.pl\/pl\/product-category\/uncategorized\/\">\n\t<a href=\"https:\/\/quantum.com.pl\/pl\/product-category\/uncategorized\/\" class=\"img-caption\">\n\t\t<figure>\n\t\t\t<img loading=\"lazy\" decoding=\"async\" src=\"https:\/\/quantum.com.pl\/wp-content\/uploads\/woocommerce-placeholder.png\" alt=\"Bez Kategorii\" width=\"300\" height=\"300\" \/>\t\t\t<figcaption>\n\t\t\t\t<h3>\n\t\t\t\t\tBez Kategorii\t\t\t\t<\/h3>\n\t\t\t\t<span>Przegl\u0105daj produkty<\/span>\n\t\t\t\t\t\t<\/figcaption>\n\t\t<\/figure>\n\t<\/a>\n\n\t<\/a>\n<\/div>\n<div class=\"shop columns masonry-shop-item six products-categories post-1635 page type-page status-publish hentry\">\n\n\t<a aria-label=\"Przejd\u017a do kategorii produktu KATEGORIE\" href=\"https:\/\/quantum.com.pl\/pl\/product-category\/kategorie\/\">\n\t<a href=\"https:\/\/quantum.com.pl\/pl\/product-category\/kategorie\/\" class=\"img-caption\">\n\t\t<figure>\n\t\t\t<img loading=\"lazy\" decoding=\"async\" src=\"https:\/\/quantum.com.pl\/wp-content\/uploads\/woocommerce-placeholder.png\" alt=\"KATEGORIE\" width=\"300\" height=\"300\" \/>\t\t\t<figcaption>\n\t\t\t\t<h3>\n\t\t\t\t\tKATEGORIE\t\t\t\t<\/h3>\n\t\t\t\t<span>Przegl\u0105daj produkty<\/span>\n\t\t\t\t\t\t<\/figcaption>\n\t\t<\/figure>\n\t<\/a>\n\n\t<\/a>\n<\/div>\n<div class=\"shop columns masonry-shop-item six products-categories post-1635 page type-page status-publish hentry\">\n\n\t<a aria-label=\"Przejd\u017a do kategorii produktu PC\/104\" href=\"https:\/\/quantum.com.pl\/pl\/product-category\/pc-104-2\/\">\n\t<a href=\"https:\/\/quantum.com.pl\/pl\/product-category\/pc-104-2\/\" class=\"img-caption\">\n\t\t<figure>\n\t\t\t<img loading=\"lazy\" decoding=\"async\" src=\"https:\/\/quantum.com.pl\/wp-content\/uploads\/woocommerce-placeholder.png\" alt=\"PC\/104\" width=\"300\" height=\"300\" \/>\t\t\t<figcaption>\n\t\t\t\t<h3>\n\t\t\t\t\tPC\/104\t\t\t\t<\/h3>\n\t\t\t\t<span>Przegl\u0105daj produkty<\/span>\n\t\t\t\t\t\t<\/figcaption>\n\t\t<\/figure>\n\t<\/a>\n\n\t<\/a>\n<\/div>\n<div class=\"shop columns masonry-shop-item six products-categories post-1635 page type-page status-publish hentry\">\n\n\t<a aria-label=\"Przejd\u017a do kategorii produktu PRODUCENCI\" href=\"https:\/\/quantum.com.pl\/pl\/product-category\/producenci\/\">\n\t<a href=\"https:\/\/quantum.com.pl\/pl\/product-category\/producenci\/\" class=\"img-caption\">\n\t\t<figure>\n\t\t\t<img loading=\"lazy\" decoding=\"async\" src=\"https:\/\/quantum.com.pl\/wp-content\/uploads\/woocommerce-placeholder.png\" alt=\"PRODUCENCI\" width=\"300\" height=\"300\" \/>\t\t\t<figcaption>\n\t\t\t\t<h3>\n\t\t\t\t\tPRODUCENCI\t\t\t\t<\/h3>\n\t\t\t\t<span>Przegl\u0105daj produkty<\/span>\n\t\t\t\t\t\t<\/figcaption>\n\t\t<\/figure>\n\t<\/a>\n\n\t<\/a>\n<\/div>\n<div class=\"shop columns masonry-shop-item six products-categories post-1635 page type-page status-publish hentry\">\n\n\t<a aria-label=\"Przejd\u017a do kategorii produktu ZASTOSOWANIA\" href=\"https:\/\/quantum.com.pl\/pl\/product-category\/zastosowania\/\">\n\t<a href=\"https:\/\/quantum.com.pl\/pl\/product-category\/zastosowania\/\" class=\"img-caption\">\n\t\t<figure>\n\t\t\t<img loading=\"lazy\" decoding=\"async\" src=\"https:\/\/quantum.com.pl\/wp-content\/uploads\/woocommerce-placeholder.png\" alt=\"ZASTOSOWANIA\" width=\"300\" height=\"300\" \/>\t\t\t<figcaption>\n\t\t\t\t<h3>\n\t\t\t\t\tZASTOSOWANIA\t\t\t\t<\/h3>\n\t\t\t\t<span>Przegl\u0105daj produkty<\/span>\n\t\t\t\t\t\t<\/figcaption>\n\t\t<\/figure>\n\t<\/a>\n\n\t<\/a>\n<\/div>\n<\/div><\/div>\n","protected":false},"excerpt":{"rendered":"Bez Kategorii Przegl\u0105daj produkty KATEGORIE Przegl\u0105daj produkty PC\/104 Przegl\u0105daj produkty PRODUCENCI Przegl\u0105daj produkty ZASTOSOWANIA Przegl\u0105daj produkty","protected":false},"author":1,"featured_media":0,"parent":0,"menu_order":0,"comment_status":"open","ping_status":"open","template":"","meta":{"_acf_changed":false,"inline_featured_image":false,"_monsterinsights_skip_tracking":false,"_monsterinsights_sitenote_active":false,"_monsterinsights_sitenote_note":"","_monsterinsights_sitenote_category":0,"footnotes":""},"class_list":["post-1635","page","type-page","status-publish","hentry"],"acf":[],"_links":{"self":[{"href":"https:\/\/quantum.com.pl\/pl\/wp-json\/wp\/v2\/pages\/1635","targetHints":{"allow":["GET"]}}],"collection":[{"href":"https:\/\/quantum.com.pl\/pl\/wp-json\/wp\/v2\/pages"}],"about":[{"href":"https:\/\/quantum.com.pl\/pl\/wp-json\/wp\/v2\/types\/page"}],"author":[{"embeddable":true,"href":"https:\/\/quantum.com.pl\/pl\/wp-json\/wp\/v2\/users\/1"}],"replies":[{"embeddable":true,"href":"https:\/\/quantum.com.pl\/pl\/wp-json\/wp\/v2\/comments?post=1635"}],"version-history":[{"count":1,"href":"https:\/\/quantum.com.pl\/pl\/wp-json\/wp\/v2\/pages\/1635\/revisions"}],"predecessor-version":[{"id":2675,"href":"https:\/\/quantum.com.pl\/pl\/wp-json\/wp\/v2\/pages\/1635\/revisions\/2675"}],"wp:attachment":[{"href":"https:\/\/quantum.com.pl\/pl\/wp-json\/wp\/v2\/media?parent=1635"}],"curies":[{"name":"wp","href":"https:\/\/api.w.org\/{rel}","templated":true}]}}