{"id":1642,"date":"2014-08-04T14:24:04","date_gmt":"2014-08-04T14:24:04","guid":{"rendered":"http:\/\/trizzy.purethe.me\/?page_id=1642"},"modified":"2021-01-24T22:14:40","modified_gmt":"2021-01-24T21:14:40","slug":"kontakt","status":"publish","type":"page","link":"https:\/\/quantum.com.pl\/pl\/kontakt\/","title":{"rendered":"Kontakt"},"content":{"rendered":"<section class=\"wpb-content-wrapper\"><p>[vc_row css=&#8221;.vc_custom_1611522878706{padding-top: 80px !important;}&#8221;][vc_column width=&#8221;1\/4&#8243;]<h3 class=\"headline\" style=\"margin-top:0px;\">Dane Kontaktowe<\/h3>\n            <span class=\"line\" style=\"margin-bottom:35px;\"><\/span><div class=\"clearfix\"><\/div>[vc_column_text]Tel: +48 71 362 63 56<br \/>\nFax: +48 71 362 63 57<br \/>\nE-mail: <a href=\"mailto:info@quantum.com.pl\">info@quantum.com.pl<\/a>[\/vc_column_text]<h3 class=\"headline\" style=\"margin-top:0px;\">Dane Adresowe<\/h3>\n            <span class=\"line\" style=\"margin-bottom:35px;\"><\/span><div class=\"clearfix\"><\/div>[vc_column_text]<strong>QUANTUM Sp. z o.o.<\/strong><br \/>\nKorporacja Transferu Technologii<br \/>\nul. Jeleniog\u00f3rska 6<br \/>\n54-056 Wroc\u0142aw<br \/>\nPolska[\/vc_column_text][\/vc_column][vc_column width=&#8221;3\/4&#8243;]<h3 class=\"headline\" style=\"margin-top:0px;\">Skontaktuj si\u0119 z nami<\/h3>\n            <span class=\"line\" style=\"margin-bottom:25px;\"><\/span><div class=\"clearfix\"><\/div>[vc_column_text]\n<div class=\"wpcf7 no-js\" id=\"wpcf7-f2917-o1\" lang=\"en-US\" dir=\"ltr\" data-wpcf7-id=\"2917\">\n<div class=\"screen-reader-response\"><p role=\"status\" aria-live=\"polite\" aria-atomic=\"true\"><\/p> <ul><\/ul><\/div>\n<form action=\"\/pl\/wp-json\/wp\/v2\/pages\/1642#wpcf7-f2917-o1\" method=\"post\" class=\"wpcf7-form init\" aria-label=\"Contact form\" novalidate=\"novalidate\" data-status=\"init\">\n<fieldset class=\"hidden-fields-container\"><input type=\"hidden\" name=\"_wpcf7\" value=\"2917\" \/><input type=\"hidden\" name=\"_wpcf7_version\" value=\"6.1.2\" \/><input type=\"hidden\" name=\"_wpcf7_locale\" value=\"en_US\" \/><input type=\"hidden\" name=\"_wpcf7_unit_tag\" value=\"wpcf7-f2917-o1\" \/><input type=\"hidden\" name=\"_wpcf7_container_post\" value=\"0\" \/><input type=\"hidden\" name=\"_wpcf7_posted_data_hash\" value=\"\" \/><input type=\"hidden\" name=\"_wpcf7_recaptcha_response\" value=\"\" \/>\n<\/fieldset>\n<fieldset>\n\t<div>\n\t\t<p><label>Imi\u0119:<\/label><span class=\"wpcf7-form-control-wrap\" data-name=\"your-name\"><input size=\"40\" maxlength=\"400\" class=\"wpcf7-form-control wpcf7-text wpcf7-validates-as-required\" aria-required=\"true\" aria-invalid=\"false\" value=\"\" type=\"text\" name=\"your-name\" \/><\/span>\n\t\t<\/p>\n\t<\/div>\n\t<div>\n\t\t<p><label >Email: <span>*<\/span><\/label><span class=\"wpcf7-form-control-wrap\" data-name=\"your-email\"><input size=\"40\" maxlength=\"400\" class=\"wpcf7-form-control wpcf7-email wpcf7-validates-as-required wpcf7-text wpcf7-validates-as-email\" aria-required=\"true\" aria-invalid=\"false\" value=\"\" type=\"email\" name=\"your-email\" \/><\/span>\n\t\t<\/p>\n\t<\/div>\n\t<div>\n\t\t<p><label>Wiadomo\u015b\u0107: <span>*<\/span><\/label><span class=\"wpcf7-form-control-wrap\" data-name=\"your-message\"><textarea cols=\"40\" rows=\"10\" maxlength=\"2000\" class=\"wpcf7-form-control wpcf7-textarea\" aria-invalid=\"false\" name=\"your-message\"><\/textarea><\/span>\n\t\t<\/p>\n\t<\/div>\n\t<div class=\"consent-checkbox\">\n\t\t<p><span class=\"wpcf7-form-control-wrap\" data-name=\"acceptance-age\"><span class=\"wpcf7-form-control wpcf7-acceptance\"><span class=\"wpcf7-list-item\"><label><input type=\"checkbox\" name=\"acceptance-age\" value=\"1\" aria-invalid=\"false\" \/><span class=\"wpcf7-list-item-label\">Potwierdzam, \u017ce mam uko\u0144czone 18 lat.<\/span><\/label><\/span><\/span><\/span>\n\t\t<\/p>\n\t<\/div>\n\t<div class=\"consent-checkbox\">\n\t\t<p><span class=\"wpcf7-form-control-wrap\" data-name=\"acceptance-information\"><span class=\"wpcf7-form-control wpcf7-acceptance optional\"><span class=\"wpcf7-list-item\"><label><input type=\"checkbox\" name=\"acceptance-information\" value=\"1\" aria-invalid=\"false\" \/><span class=\"wpcf7-list-item-label\">Chc\u0119 otrzymywa\u0107 informacje o produktach i us\u0142ugach Quantum KTT.<\/span><\/label><\/span><\/span><\/span>\n\t\t<\/p>\n\t<\/div>\n\t<div class=\"consent-checkbox\">\n\t\t<p><span class=\"wpcf7-form-control-wrap\" data-name=\"acceptance-privacy\"><span class=\"wpcf7-form-control wpcf7-acceptance\"><span class=\"wpcf7-list-item\"><label><input type=\"checkbox\" name=\"acceptance-privacy\" value=\"1\" aria-invalid=\"false\" \/><span class=\"wpcf7-list-item-label\">Udzielam zgody Quantum KTT Sp. z o. o. do przechowywania i przetwarzania moich danych osobowych w celu odpowiedzi na to \u017c\u0105danie kontaktu zgodnie z prawem UE i Quantum KTT <a href=\"https:\/\/quantum.com.pl\/polityka-prywatnosci\/\">Privacy Policy<\/a>.<\/span><\/label><\/span><\/span><\/span>\n\t\t<\/p>\n\t<\/div>\n<\/fieldset>\n<p><input class=\"wpcf7-form-control wpcf7-submit has-spinner\" type=\"submit\" value=\"Send\" \/>\n<\/p><div class=\"wpcf7-response-output\" aria-hidden=\"true\"><\/div>\n<\/form>\n<\/div>\n[\/vc_column_text][\/vc_column][\/vc_row][vc_row css=&#8221;.vc_custom_1526328745977{margin-top: 50px !important;}&#8221;][vc_column][vc_gmaps link=&#8221;#E-8_JTNDaWZyYW1lJTIwc3JjJTNEJTIyaHR0cHMlM0ElMkYlMkZ3d3cuZ29vZ2xlLmNvbSUyRm1hcHMlMkZlbWJlZCUzRnBiJTNEJTIxMW0xOCUyMTFtMTIlMjExbTMlMjExZDYyNS43NDMxNjg3Mzk0NzElMjEyZDE2Ljg3NTI4MzcyOTI3Njk2JTIxM2Q1MS4xNDU4NTQ5OTg3MjM2JTIxMm0zJTIxMWYwJTIxMmYwJTIxM2YwJTIxM20yJTIxMWkxMDI0JTIxMmk3NjglMjE0ZjEzLjElMjEzbTMlMjExbTIlMjExczB4NDcwZjk1NTAwMDY0NWFiNSUyNTNBMHg2NGNiYmU2YmExOWQ0OGE3JTIxMnpTbVZzWlc1cGIyZkRzM0p6YTJFZ05pd2dWM0p2WThXQ1lYYyUyMTVlMCUyMTNtMiUyMTFzZW4lMjEyc3BsJTIxNHYxNTI2MzI3Nzc0MTAwJTIyJTIwd2lkdGglM0QlMjI2MDAlMjIlMjBoZWlnaHQlM0QlMjI0NTAlMjIlMjBmcmFtZWJvcmRlciUzRCUyMjAlMjIlMjBzdHlsZSUzRCUyMmJvcmRlciUzQTAlMjIlMjBhbGxvd2Z1bGxzY3JlZW4lM0UlM0MlMkZpZnJhbWUlM0U=&#8221;][\/vc_column][\/vc_row]<\/p>\n<\/section>","protected":false},"excerpt":{"rendered":"<p>[vc_row css=&#8221;.vc_custom_1611522878706{padding-top: 80px !important;}&#8221;][vc_column width=&#8221;1\/4&#8243;][vc_column_text]Tel: +48 71 362 63 56 Fax: +48 71 362 63 57 E-mail: info@quantum.com.pl[\/vc_column_text][vc_column_text]QUANTUM Sp. z o.o. Korporacja Transferu Technologii ul. Jeleniog\u00f3rska 6 54-056 Wroc\u0142aw Polska[\/vc_column_text][\/vc_column][vc_column width=&#8221;3\/4&#8243;][vc_column_text][\/vc_column_text][\/vc_column][\/vc_row][vc_row css=&#8221;.vc_custom_1526328745977{margin-top: 50px !important;}&#8221;][vc_column][vc_gmaps link=&#8221;#E-8_JTNDaWZyYW1lJTIwc3JjJTNEJTIyaHR0cHMlM0ElMkYlMkZ3d3cuZ29vZ2xlLmNvbSUyRm1hcHMlMkZlbWJlZCUzRnBiJTNEJTIxMW0xOCUyMTFtMTIlMjExbTMlMjExZDYyNS43NDMxNjg3Mzk0NzElMjEyZDE2Ljg3NTI4MzcyOTI3Njk2JTIxM2Q1MS4xNDU4NTQ5OTg3MjM2JTIxMm0zJTIxMWYwJTIxMmYwJTIxM2YwJTIxM20yJTIxMWkxMDI0JTIxMmk3NjglMjE0ZjEzLjElMjEzbTMlMjExbTIlMjExczB4NDcwZjk1NTAwMDY0NWFiNSUyNTNBMHg2NGNiYmU2YmExOWQ0OGE3JTIxMnpTbVZzWlc1cGIyZkRzM0p6YTJFZ05pd2dWM0p2WThXQ1lYYyUyMTVlMCUyMTNtMiUyMTFzZW4lMjEyc3BsJTIxNHYxNTI2MzI3Nzc0MTAwJTIyJTIwd2lkdGglM0QlMjI2MDAlMjIlMjBoZWlnaHQlM0QlMjI0NTAlMjIlMjBmcmFtZWJvcmRlciUzRCUyMjAlMjIlMjBzdHlsZSUzRCUyMmJvcmRlciUzQTAlMjIlMjBhbGxvd2Z1bGxzY3JlZW4lM0UlM0MlMkZpZnJhbWUlM0U=&#8221;][\/vc_column][\/vc_row]<\/p>\n","protected":false},"author":1,"featured_media":0,"parent":0,"menu_order":0,"comment_status":"open","ping_status":"open","template":"template-contact.php","meta":{"_acf_changed":false,"inline_featured_image":false,"_monsterinsights_skip_tracking":false,"_monsterinsights_sitenote_active":false,"_monsterinsights_sitenote_note":"","_monsterinsights_sitenote_category":0,"footnotes":""},"class_list":["post-1642","page","type-page","status-publish","hentry"],"acf":[],"_links":{"self":[{"href":"https:\/\/quantum.com.pl\/pl\/wp-json\/wp\/v2\/pages\/1642","targetHints":{"allow":["GET"]}}],"collection":[{"href":"https:\/\/quantum.com.pl\/pl\/wp-json\/wp\/v2\/pages"}],"about":[{"href":"https:\/\/quantum.com.pl\/pl\/wp-json\/wp\/v2\/types\/page"}],"author":[{"embeddable":true,"href":"https:\/\/quantum.com.pl\/pl\/wp-json\/wp\/v2\/users\/1"}],"replies":[{"embeddable":true,"href":"https:\/\/quantum.com.pl\/pl\/wp-json\/wp\/v2\/comments?post=1642"}],"version-history":[{"count":26,"href":"https:\/\/quantum.com.pl\/pl\/wp-json\/wp\/v2\/pages\/1642\/revisions"}],"predecessor-version":[{"id":13793,"href":"https:\/\/quantum.com.pl\/pl\/wp-json\/wp\/v2\/pages\/1642\/revisions\/13793"}],"wp:attachment":[{"href":"https:\/\/quantum.com.pl\/pl\/wp-json\/wp\/v2\/media?parent=1642"}],"curies":[{"name":"wp","href":"https:\/\/api.w.org\/{rel}","templated":true}]}}