{"id":1646,"date":"2014-08-04T14:49:48","date_gmt":"2014-08-04T14:49:48","guid":{"rendered":"http:\/\/trizzy.purethe.me\/?page_id=1646"},"modified":"2025-10-14T12:04:57","modified_gmt":"2025-10-14T10:04:57","slug":"o-nas","status":"publish","type":"page","link":"https:\/\/quantum.com.pl\/pl\/o-nas\/","title":{"rendered":"O Nas"},"content":{"rendered":"<section class=\"wpb-content-wrapper\"><p>[vc_row][vc_column css=&#8221;.vc_custom_1407447979372{margin-bottom: 0px !important;border-bottom-width: 0px !important;padding-bottom: 0px !important;}&#8221;][vc_row_inner][vc_column_inner][vc_column_text]<strong>FIRMA QUANTUM<\/strong> obecna jest na rynku od ponad 30 lat, jednak korzenie naszej dzia\u0142alno\u015bci w obszarze elektroniki oraz komputer\u00f3w i oprogramowania si\u0119gaj\u0105 prze\u0142omu lat 70-tych i 80-tych. Pocz\u0105tkowo znani byli\u015bmy jako producent specjalistycznych urz\u0105dze\u0144 elektronicznych wykonywanych na indywidualne zam\u00f3wienia Klient\u00f3w. W odpowiedzi na rosn\u0105ce zapotrzebowanie rynku oraz jego dynamiczny rozw\u00f3j, postanowili\u015bmy poszerzy\u0107 nasz asortyment o technologie mikrokomputerowe oraz oprogramowania do zastosowa\u0144 przemys\u0142owych, skupiaj\u0105c uwag\u0119 na zastosowaniach w szczeg\u00f3lnie wymagaj\u0105cych warunkach. Nasze wieloletnie do\u015bwiadczenie oraz obserwacje rozwoju rynku szeroko rozumianej automatyki przemys\u0142owej, maj\u0105 bezpo\u015brednie odbicie w proponowanej ofercie sprz\u0119tu.\u00a0 Projektantom elektroniki oferujemy szeroki asortyment zaawansowanych narz\u0119dzi uruchomieniowych, testowych oraz rozwojowych, natomiast Klientom OEM, sprz\u0119t komputerowy do zastosowa\u0144 przemys\u0142owych w aplikacjach wymagaj\u0105cych wydajno\u015bci oraz niezawodno\u015bci.[\/vc_column_text][\/vc_column_inner][\/vc_row_inner][\/vc_column][\/vc_row][vc_row css=&#8221;.vc_custom_1535297110693{margin-top: 50px !important;}&#8221;][vc_column width=&#8221;1\/4&#8243;]<div class=\"counter-box colored\">\n            <i class=\"fa fa-thumbs-o-up\"><\/i>\n            <span class=\"counter\">2,147<\/span>\n            <p>Zadowolonych Klient\u00f3w<\/p>\n        <\/div>[\/vc_column][vc_column width=&#8221;1\/4&#8243;]<div class=\"counter-box  \">\n            <i class=\"fa fa-group\"><\/i>\n            <span class=\"counter\">3,275<\/span>\n            <p>Zarejestrowanych u\u017cytkownik\u00f3w<\/p>\n        <\/div>[\/vc_column][vc_column width=&#8221;1\/4&#8243;]<div class=\"counter-box  \">\n            <i class=\"fa fa-thumbs-o-up\"><\/i>\n            <span class=\"counter\">600<\/span>\n            <p>Dost\u0119pnych Produkt\u00f3w<\/p>\n        <\/div>[\/vc_column][vc_column width=&#8221;1\/4&#8243;]<div class=\"counter-box  \">\n            <i class=\"fa fa-tree\"><\/i>\n            <span class=\"counter\">1,563<\/span>\n            <p>Ocalonych Drzew<\/p>\n        <\/div>[\/vc_column][\/vc_row][vc_row][vc_column]<\/div> <!-- eof wpb_wrapper -->\n            <\/div> <!-- eof column_container -->\n        <\/div> <!-- eof vc_row-fluid -->\n    <\/div> <!-- eof columns -->\n<\/div> <!-- eof container -->\n    <div class=\"parallax-banner fullwidth-element \"  data-background=\"#000000\" data-opacity=\"0.45\" data-height=\"200\">\n        <img decoding=\"async\" src=\"https:\/\/quantum.com.pl\/wp-content\/uploads\/2021\/01\/IMG_4898.jpeg\" alt=\"IMG_4898\" \/>\n        <div class=\"parallax-overlay\"><\/div>\n        <div class=\"parallax-title\">QUANTUM KTT<span>TW\u00d3J PARTNER W WYMAGAJ\u0104CYCH PROJEKTACH<\/span><\/div> <\/div>\n<div class=\"container\">\n    <div class=\"sixteen columns\">\n         <div class=\"wpb_row vc_row-fluid\">\n            <div class=\"vc_col-sm-12 wpb_column column_container\">\n                <div class=\"wpb_wrapper\"><h3 class=\"headline\" style=\"margin-top:40px;\">Misja<\/h3>\n            <span class=\"line\" style=\"margin-bottom:30px;\"><\/span>[vc_row_inner][vc_column_inner][vc_column_text]Nasz\u0105 dzia\u0142alno\u015b\u0107 kierujemy przede wszystkim na wszelkie otwarte standardy. Dbaj\u0105c o zadowolenie naszych Klient\u00f3w, wsp\u00f3\u0142pracujemy z najlepszymi producentami, regularnie uczestniczymy w szkoleniach oraz wydarzeniach bran\u017cowych.\u00a0 \u0141\u0105cz\u0105c nasz\u0105 prac\u0119 oraz satysfakcj\u0119 Klient\u00f3w, dok\u0142adamy stara\u0144 o p\u0142ynne dostarczenie wysokiej jako\u015bci sprz\u0119tu spe\u0142niaj\u0105cego wszystkie wymagania specyfikacyjne projekt\u00f3w. Odpowiadaj\u0105c na rosn\u0105ce potrzeby oraz wymagania Klient\u00f3w, systematycznie poszerzamy nasz asortyment.[\/vc_column_text][\/vc_column_inner][\/vc_row_inner]<h3 class=\"headline\" style=\"margin-top:0px;\">Zesp\u00f3\u0142<\/h3>\n            <span class=\"line\" style=\"margin-bottom:35px;\"><\/span><div class=\"clearfix\"><\/div>[vc_column_text]Jeste\u015bmy profesjonalnym i wykwalifikowanym zespo\u0142em. Ka\u017cdego dnia podejmujemy wyzwania oraz znajdujemy rozwi\u0105zania wielu wymagaj\u0105cych zagadnie\u0144 z kt\u00f3rymi zwracaj\u0105 si\u0119 do nas nasi Klienci. Panuj\u0105ca w\u015br\u00f3d za\u0142ogi naszej firmy atmosfera pracy zespo\u0142owej, mobilizuje nas do systematycznego podnoszenia w\u0142asnej wiedzy oraz umiej\u0119tno\u015bci. Dzia\u0142amy wsp\u00f3lnie, dzi\u0119ki czemu jeste\u015bmy doskona\u0142ym i rzetelnym doradc\u0105 naszego Klienta.[\/vc_column_text]<h3 class=\"headline\" style=\"margin-top:0px;\">Produkty<\/h3>\n            <span class=\"line\" style=\"margin-bottom:35px;\"><\/span><div class=\"clearfix\"><\/div>[vc_column_text]Jeste\u015bmy wy\u0142\u0105cznym dystrybutorem wielu zagranicznych partner\u00f3w z kt\u00f3rymi wsp\u00f3\u0142pracujemy od lat. Pozwala nam to na oferowanie szerokiej gamy narz\u0119dzi in\u017cynierskich przemys\u0142owego sprz\u0119tu komputerowego oraz oprogramowania systemowego i narz\u0119dziowego do zastosowa\u0144 w niezwykle wymagaj\u0105cych aplikacjach typu \u201emission critical\u201d. Naszym Klientom z sektora przemys\u0142owego, wojskowego oraz kolejowego, oferujemy mi\u0119dzy innymi:<\/p>\n<ul style=\"padding-left: 30px;\">\n<li>mikroprocesorowe narz\u0119dzia uruchomieniowe firmy Lauterbach,<\/li>\n<li>\u015brodowisko narz\u0119dziowe i modu\u0142y Systemu Operacyjnego QNX,<\/li>\n<li>oprogramowanie narz\u0119dziowe dla \u015brodowiska S\/O QNX,<\/li>\n<li>komercyjne kolekcje \u015brodowiska LINUX,<\/li>\n<li>szeroki asortyment wy\u015bwietlaczy i monitor\u00f3w specjalistycznych,<\/li>\n<li>specjalizowany sprz\u0119t sieciowy,<\/li>\n<li>komputery przemys\u0142owe w r\u00f3\u017cnych standardach<\/li>\n<li>komponenty system\u00f3w bezBIOS\u2019owych typu \u201eembedded\u201d,<\/li>\n<li>inne urz\u0105dzenia automatyki.<\/li>\n<\/ul>\n<p>[\/vc_column_text]<h3 class=\"headline\" style=\"margin-top:0px;\">Rynek i Partnerzy<\/h3>\n            <span class=\"line\" style=\"margin-bottom:35px;\"><\/span><div class=\"clearfix\"><\/div>[vc_column_text]Przez lata dzia\u0142alno\u015bci wypracowali\u015bmy ugruntowan\u0105 pozycj\u0119 na rynku krajowym i zagranicznym, co owocuje sta\u0142\u0105 wsp\u00f3\u0142prac\u0105 z kilkudziesi\u0119cioma zagranicznymi i polskimi firmami komercyjnymi, jak r\u00f3wnie\u017c z polskimi plac\u00f3wkami uniwersyteckimi i naukowo-badawczymi. Bazuj\u0105c na sta\u0142ej wsp\u00f3\u0142pracy z naszymi Partnerami o wieloletnim do\u015bwiadczeniu rynkowym, realizujemy wsp\u00f3lnie projekty z obszaru automatyki przemys\u0142owej czy techniki wojskowej.<\/p>\n<p>Na bazie dostarczanych przez nas komponent\u00f3w sprz\u0119towych oraz oprogramowania, nasi Partnerzy i Klienci s\u0105 w stanie zrealizowa\u0107 szereg projekt\u00f3w, m .in. w zakresie:<\/p>\n<ul style=\"padding-left: 30px;\">\n<li>projektowania i produkcji sprz\u0119tu telekomunikacyjnego, w tym dla telefonii kom\u00f3rkowej,<\/li>\n<li>projektowania i produkcji zaawansowanych sterownik\u00f3w i urz\u0105dze\u0144 dla sektora Automotive,<\/li>\n<li>tworzenia system\u00f3w SCADA do kontroli i sterowania procesami produkcyjnymi,<\/li>\n<li>automatyzacji w przemy\u015ble spo\u017cywczym, maszynowym, hutniczym, chemicznym, energetycznym, ciep\u0142owniczym oraz kopalniach i sieciach dystrybucji gazu ziemnego,<\/li>\n<li>tworzenia system\u00f3w informatycznych wspomagaj\u0105cych procesy zarz\u0105dzania,<\/li>\n<li>produkcji sprz\u0119tu dedykowanego do zastosowa\u0144 wojskowych oraz kolejowych,<\/li>\n<li>produkcji komputer\u00f3w IPC oraz innych urz\u0105dze\u0144 automatyki przemys\u0142owej,<\/li>\n<li>produkcji wyrob\u00f3w do u\u017cytku na specjalistycznym rynku przemys\u0142owym, jak r\u00f3wnie\u017c szerokim rynku konsumenckim.<\/li>\n<\/ul>\n<p>[\/vc_column_text]<h3 class=\"headline\" style=\"margin-top:0px;\">Wsparcie techniczne i szkolenia<\/h3>\n            <span class=\"line\" style=\"margin-bottom:35px;\"><\/span><div class=\"clearfix\"><\/div>[vc_column_text]Naszym Klientom gwarantujemy bezpo\u015bredni kontakt z firmowym serwisem gwarancyjnym oraz pogwarancyjnym, a tak\u017ce sta\u0142y dost\u0119p do wsparcia technicznego. Uzupe\u0142nieniem naszej bogatej oferty towarowej jest program szkole\u0144 dostosowany do Pa\u0144stwa indywidualnych potrzeb.<\/p>\n<p>Zach\u0119camy Pa\u0144stwa do sta\u0142ej, partnerskiej wsp\u00f3\u0142pracy, zapewniaj\u0105c profesjonaln\u0105 obs\u0142ug\u0119, wysoki poziom \u015bwiadczonych us\u0142ug oraz satysfakcj\u0119 z dostarczanych przez nas produkt\u00f3w.[\/vc_column_text]<h3 class=\"headline\" style=\"margin-top:0px;\">Dane Teleadresowe<\/h3>\n            <span class=\"line\" style=\"margin-bottom:35px;\"><\/span><div class=\"clearfix\"><\/div>[vc_column_text]QUANTUM K.T.T. Sp. z o.o.<br \/>\nKorporacja Transferu Technologii<br \/>\nul. Jeleniog\u00f3rska 6<br \/>\n54-056 Wroc\u0142aw<br \/>\nPolska<\/p>\n<p><b><\/b>Tel: +48 71 362 63 56<br \/>\nFax: +48 71 362 63 57<br \/>\nE-mail: <a href=\"mailto:info@quantum.com.pl\">info@quantum.com.pl<\/a>[\/vc_column_text][\/vc_column][\/vc_row]<\/p>\n<\/section>","protected":false},"excerpt":{"rendered":"<p>[vc_row][vc_column css=&#8221;.vc_custom_1407447979372{margin-bottom: 0px !important;border-bottom-width: 0px !important;padding-bottom: 0px !important;}&#8221;][vc_row_inner][vc_column_inner][vc_column_text]FIRMA QUANTUM obecna jest na rynku od ponad 30 lat, jednak korzenie naszej dzia\u0142alno\u015bci w obszarze elektroniki oraz komputer\u00f3w i oprogramowania si\u0119gaj\u0105 prze\u0142omu lat 70-tych i 80-tych. Pocz\u0105tkowo znani byli\u015bmy jako producent specjalistycznych urz\u0105dze\u0144 elektronicznych wykonywanych na indywidualne zam\u00f3wienia Klient\u00f3w. W odpowiedzi na rosn\u0105ce zapotrzebowanie rynku oraz jego [&hellip;]<\/p>\n","protected":false},"author":1,"featured_media":0,"parent":0,"menu_order":0,"comment_status":"open","ping_status":"open","template":"","meta":{"_acf_changed":false,"inline_featured_image":false,"_monsterinsights_skip_tracking":false,"_monsterinsights_sitenote_active":false,"_monsterinsights_sitenote_note":"","_monsterinsights_sitenote_category":0,"footnotes":""},"class_list":["post-1646","page","type-page","status-publish","hentry"],"acf":[],"_links":{"self":[{"href":"https:\/\/quantum.com.pl\/pl\/wp-json\/wp\/v2\/pages\/1646","targetHints":{"allow":["GET"]}}],"collection":[{"href":"https:\/\/quantum.com.pl\/pl\/wp-json\/wp\/v2\/pages"}],"about":[{"href":"https:\/\/quantum.com.pl\/pl\/wp-json\/wp\/v2\/types\/page"}],"author":[{"embeddable":true,"href":"https:\/\/quantum.com.pl\/pl\/wp-json\/wp\/v2\/users\/1"}],"replies":[{"embeddable":true,"href":"https:\/\/quantum.com.pl\/pl\/wp-json\/wp\/v2\/comments?post=1646"}],"version-history":[{"count":32,"href":"https:\/\/quantum.com.pl\/pl\/wp-json\/wp\/v2\/pages\/1646\/revisions"}],"predecessor-version":[{"id":17277,"href":"https:\/\/quantum.com.pl\/pl\/wp-json\/wp\/v2\/pages\/1646\/revisions\/17277"}],"wp:attachment":[{"href":"https:\/\/quantum.com.pl\/pl\/wp-json\/wp\/v2\/media?parent=1646"}],"curies":[{"name":"wp","href":"https:\/\/api.w.org\/{rel}","templated":true}]}}