{"id":2854,"date":"2018-08-26T17:26:07","date_gmt":"2018-08-26T15:26:07","guid":{"rendered":"http:\/\/quantum.bartlomiejmusial.com\/?page_id=2854"},"modified":"2018-08-26T20:20:55","modified_gmt":"2018-08-26T18:20:55","slug":"formularz-rma","status":"publish","type":"page","link":"https:\/\/quantum.com.pl\/pl\/formularz-rma\/","title":{"rendered":"Formularz RMA"},"content":{"rendered":"<section class=\"wpb-content-wrapper\"><p>[vc_row][vc_column]<h3 class=\"headline\" style=\"margin-top:0px;\">Formularz RMA<\/h3>\n            <span class=\"line\" style=\"margin-bottom:25px;\"><\/span><div class=\"clearfix\"><\/div>[\/vc_column][\/vc_row][vc_row][vc_column][vc_column_text]Prosz\u0119 dok\u0142adnie wype\u0142ni\u0107 formularz:[\/vc_column_text][\/vc_column][\/vc_row][vc_row][vc_column width=&#8221;1\/2&#8243;][vc_column_text]\n<div class=\"wpcf7 no-js\" id=\"wpcf7-f2871-o1\" lang=\"pl-PL\" dir=\"ltr\" data-wpcf7-id=\"2871\">\n<div class=\"screen-reader-response\"><p role=\"status\" aria-live=\"polite\" aria-atomic=\"true\"><\/p> <ul><\/ul><\/div>\n<form action=\"\/pl\/wp-json\/wp\/v2\/pages\/2854#wpcf7-f2871-o1\" method=\"post\" class=\"wpcf7-form init\" aria-label=\"Formularz kontaktowy\" novalidate=\"novalidate\" data-status=\"init\">\n<fieldset class=\"hidden-fields-container\"><input type=\"hidden\" name=\"_wpcf7\" value=\"2871\" \/><input type=\"hidden\" name=\"_wpcf7_version\" value=\"6.1.2\" \/><input type=\"hidden\" name=\"_wpcf7_locale\" value=\"pl_PL\" \/><input type=\"hidden\" name=\"_wpcf7_unit_tag\" value=\"wpcf7-f2871-o1\" \/><input type=\"hidden\" name=\"_wpcf7_container_post\" value=\"0\" \/><input type=\"hidden\" name=\"_wpcf7_posted_data_hash\" value=\"\" \/><input type=\"hidden\" name=\"_wpcf7_recaptcha_response\" value=\"\" \/>\n<\/fieldset>\n<fieldset>\n\t<div>\n\t\t<p><label><strong>Nazwa firmy<\/strong><span>*<\/span><br \/>\n<span class=\"additonal-label-info\">Prosz\u0119 wprowadzi\u0107 nazw\u0119 firmy.<\/span><br \/>\n<span class=\"wpcf7-form-control-wrap\" data-name=\"your-company\"><input size=\"40\" maxlength=\"400\" class=\"wpcf7-form-control wpcf7-text wpcf7-validates-as-required\" aria-required=\"true\" aria-invalid=\"false\" value=\"\" type=\"text\" name=\"your-company\" \/><\/span><\/label>\n\t\t<\/p>\n\t<\/div>\n\t<div>\n\t\t<p><label><strong>NIP<\/strong><span>*<\/span><br \/>\n<span class=\"additonal-label-info\">Prosz\u0119 wpisa\u0107 NIP<\/span><br \/>\n<span class=\"wpcf7-form-control-wrap\" data-name=\"your-taxid\"><input class=\"wpcf7-form-control wpcf7-number wpcf7-validates-as-required wpcf7-validates-as-number\" aria-required=\"true\" aria-invalid=\"false\" value=\"\" type=\"number\" name=\"your-taxid\" \/><\/span><\/label>\n\t\t<\/p>\n\t<\/div>\n\t<div>\n\t\t<p><label><strong>Ulica<\/strong><span>*<\/span><br \/>\n<span class=\"wpcf7-form-control-wrap\" data-name=\"your-street\"><input size=\"40\" maxlength=\"400\" class=\"wpcf7-form-control wpcf7-text wpcf7-validates-as-required\" aria-required=\"true\" aria-invalid=\"false\" value=\"\" type=\"text\" name=\"your-street\" \/><\/span><\/label>\n\t\t<\/p>\n\t<\/div>\n\t<div>\n\t\t<p><label><strong>Kod pocztowy<\/strong><span>*<\/span><br \/>\n<span class=\"wpcf7-form-control-wrap\" data-name=\"your-postcode\"><input size=\"40\" maxlength=\"400\" class=\"wpcf7-form-control wpcf7-text wpcf7-validates-as-required\" aria-required=\"true\" aria-invalid=\"false\" value=\"\" type=\"text\" name=\"your-postcode\" \/><\/span><\/label>\n\t\t<\/p>\n\t<\/div>\n\t<div>\n\t\t<p><label><strong>Miejscowo\u015b\u0107<\/strong><span>*<\/span><br \/>\n<span class=\"wpcf7-form-control-wrap\" data-name=\"your-city\"><input size=\"40\" maxlength=\"400\" class=\"wpcf7-form-control wpcf7-text wpcf7-validates-as-required\" aria-required=\"true\" aria-invalid=\"false\" value=\"\" type=\"text\" name=\"your-city\" \/><\/span><\/label>\n\t\t<\/p>\n\t<\/div>\n\t<div>\n\t\t<p><label><strong>Telefon kontaktowy<\/strong><span>*<\/span><br \/>\n<span class=\"additonal-label-info\">Prosz\u0119 wprowadzi\u0107 telefon kontaktowy.<\/span><br \/>\n<span class=\"wpcf7-form-control-wrap\" data-name=\"your-telephone\"><input size=\"40\" maxlength=\"400\" class=\"wpcf7-form-control wpcf7-tel wpcf7-validates-as-required wpcf7-text wpcf7-validates-as-tel\" aria-required=\"true\" aria-invalid=\"false\" value=\"\" type=\"tel\" name=\"your-telephone\" \/><\/span><\/label>\n\t\t<\/p>\n\t<\/div>\n\t<div>\n\t\t<p><label><strong>Fax<\/strong><br \/>\n<span class=\"wpcf7-form-control-wrap\" data-name=\"your-fax\"><input size=\"40\" maxlength=\"400\" class=\"wpcf7-form-control wpcf7-tel wpcf7-text wpcf7-validates-as-tel\" aria-invalid=\"false\" value=\"\" type=\"tel\" name=\"your-fax\" \/><\/span><\/label>\n\t\t<\/p>\n\t<\/div>\n\t<div>\n\t\t<p><label><strong>Email<\/strong><span>*<\/span><br \/>\n<span class=\"additonal-label-info\">Prosz\u0119 poda\u0107 email osoby kontaktowej.<\/span><br \/>\n<span class=\"wpcf7-form-control-wrap\" data-name=\"your-email\"><input size=\"40\" maxlength=\"400\" class=\"wpcf7-form-control wpcf7-email wpcf7-validates-as-required wpcf7-text wpcf7-validates-as-email\" aria-required=\"true\" aria-invalid=\"false\" value=\"\" type=\"email\" name=\"your-email\" \/><\/span><\/label>\n\t\t<\/p>\n\t<\/div>\n\t<div>\n\t\t<p><label><strong>Dane osoby wype\u0142niaj\u0105cej formularz<\/strong><span>*<\/span><br \/>\n<span class=\"wpcf7-form-control-wrap\" data-name=\"your-sending-person\"><input size=\"40\" maxlength=\"400\" class=\"wpcf7-form-control wpcf7-text wpcf7-validates-as-required\" aria-required=\"true\" aria-invalid=\"false\" value=\"\" type=\"text\" name=\"your-sending-person\" \/><\/span><\/label>\n\t\t<\/p>\n\t<\/div>\n\t<div>\n\t\t<p><label><strong>Numer faktury<\/strong><span>*<\/span><br \/>\n<span class=\"wpcf7-form-control-wrap\" data-name=\"your-invoice\"><input size=\"40\" maxlength=\"400\" class=\"wpcf7-form-control wpcf7-text wpcf7-validates-as-required\" aria-required=\"true\" aria-invalid=\"false\" value=\"\" type=\"text\" name=\"your-invoice\" \/><\/span><\/label>\n\t\t<\/p>\n\t<\/div>\n\t<div>\n\t\t<p><label><strong>Ilo\u015b\u0107<\/strong><span>*<\/span><br \/>\n<span class=\"additonal-label-info\">Prosz\u0119 wpisa\u0107 ilo\u015b\u0107 zg\u0142aszanych produkt\u00f3w.<\/span><br \/>\n<span class=\"wpcf7-form-control-wrap\" data-name=\"your-quantity\"><input class=\"wpcf7-form-control wpcf7-number wpcf7-validates-as-required wpcf7-validates-as-number\" aria-required=\"true\" aria-invalid=\"false\" value=\"\" type=\"number\" name=\"your-quantity\" \/><\/span><\/label>\n\t\t<\/p>\n\t<\/div>\n\t<div>\n\t\t<p><label><strong>Cena<\/strong><span>*<\/span><br \/>\n<span class=\"additonal-label-info\">Prosz\u0119 poda\u0107 cen\u0119 zakupu produktu\/produkt\u00f3w.<\/span><br \/>\n<span class=\"wpcf7-form-control-wrap\" data-name=\"your-price\"><input class=\"wpcf7-form-control wpcf7-number wpcf7-validates-as-required wpcf7-validates-as-number\" aria-required=\"true\" aria-invalid=\"false\" value=\"\" type=\"number\" name=\"your-price\" \/><\/span><\/label>\n\t\t<\/p>\n\t<\/div>\n\t<div>\n\t\t<p><label><strong>Nazwa produktu\/model<\/strong><span>*<\/span><br \/>\n<span class=\"additonal-label-info\">Prosz\u0119 poda\u0107 dok\u0142adn\u0105 nazw\u0119 produktu.<\/span><br \/>\n<span class=\"wpcf7-form-control-wrap\" data-name=\"your-product\"><input size=\"40\" maxlength=\"400\" class=\"wpcf7-form-control wpcf7-text wpcf7-validates-as-required\" aria-required=\"true\" aria-invalid=\"false\" value=\"\" type=\"text\" name=\"your-product\" \/><\/span><\/label>\n\t\t<\/p>\n\t<\/div>\n\t<div>\n\t\t<p><label><strong>Numery seryjne<\/strong><span>*<\/span><br \/>\n<span class=\"additonal-label-info\">Prosz\u0119 poda\u0107 numery seryjne zg\u0142aszanych produkt\u00f3w.<\/span><br \/>\n<span class=\"wpcf7-form-control-wrap\" data-name=\"your-serials\"><textarea cols=\"40\" rows=\"10\" maxlength=\"2000\" class=\"wpcf7-form-control wpcf7-textarea wpcf7-validates-as-required\" aria-required=\"true\" aria-invalid=\"false\" name=\"your-serials\"><\/textarea><\/span><\/label>\n\t\t<\/p>\n\t<\/div>\n\t<div>\n\t\t<p><label><strong>Pow\u00f3d reklamacji<\/strong><span>*<\/span><br \/>\n<span class=\"additonal-label-info\">Prosz\u0119 poda\u0107 pow\u00f3d reklamacji.<\/span><br \/>\n<span class=\"wpcf7-form-control-wrap\" data-name=\"menu-reasons\"><select class=\"wpcf7-form-control wpcf7-select wpcf7-validates-as-required\" aria-required=\"true\" aria-invalid=\"false\" name=\"menu-reasons\"><option value=\"\">&#8212;Prosz\u0119 wybra\u0107 opcj\u0119&#8212;<\/option><option value=\"Niezgodno\u015b\u0107 z umow\u0105\">Niezgodno\u015b\u0107 z umow\u0105<\/option><option value=\"Niezgodno\u015b\u0107 z faktur\u0105\">Niezgodno\u015b\u0107 z faktur\u0105<\/option><option value=\"Uszkodzenie\">Uszkodzenie<\/option><option value=\"Inne\">Inne<\/option><\/select><\/span><br \/>\n<\/label>\n\t\t<\/p>\n\t<\/div>\n\t<div>\n\t\t<p><label><strong>Opis uszkodzenia i uwagi techniczne <\/strong><span>*<\/span><br \/>\n<span class=\"wpcf7-form-control-wrap\" data-name=\"your-notices\"><textarea cols=\"40\" rows=\"10\" maxlength=\"2000\" class=\"wpcf7-form-control wpcf7-textarea wpcf7-validates-as-required\" aria-required=\"true\" aria-invalid=\"false\" name=\"your-notices\"><\/textarea><\/span><\/label>\n\t\t<\/p>\n\t<\/div>\n\t<div>\n\t\t<p><label><strong>Preferowany spos\u00f3b rozpatrzenia reklamacji<\/strong><span>*<\/span><br \/>\n<span class=\"additonal-label-info\">Prosz\u0119 wybra\u0107 preferowany spos\u00f3b rozpatrzenia reklamacji.<\/span><br \/>\n<span class=\"wpcf7-form-control-wrap\" data-name=\"menu-solving\"><select class=\"wpcf7-form-control wpcf7-select wpcf7-validates-as-required\" aria-required=\"true\" aria-invalid=\"false\" name=\"menu-solving\"><option value=\"\">&#8212;Prosz\u0119 wybra\u0107 opcj\u0119&#8212;<\/option><option value=\"Dostarczenie brakuj\u0105cych cz\u0119sci zam\u00f3wienia\">Dostarczenie brakuj\u0105cych cz\u0119sci zam\u00f3wienia<\/option><option value=\"Wymiana\">Wymiana<\/option><option value=\"Zwrot\">Zwrot<\/option><option value=\"Naprawa\">Naprawa<\/option><option value=\"Inny\">Inny<\/option><\/select><\/span><br \/>\n<\/label>\n\t\t<\/p>\n\t<\/div>\n\t<div>\n\t\t<p><label><strong>Uwagi<\/strong><br \/>\n<span class=\"additonal-label-info\">Prosz\u0119 poda\u0107 uwagi, gdy powy\u017cej gdziekolwiek wybrano opcj\u0119 \"Inny\" mo\u017cna tutaj rozwin\u0105\u0107 sw\u00f3j wyb\u00f3r opisuj\u0105c go.<\/span><br \/>\n<span class=\"wpcf7-form-control-wrap\" data-name=\"your-comments\"><textarea cols=\"40\" rows=\"10\" maxlength=\"2000\" class=\"wpcf7-form-control wpcf7-textarea\" aria-invalid=\"false\" name=\"your-comments\"><\/textarea><\/span><\/label>\n\t\t<\/p>\n\t<\/div>\n\t<div class=\"consent-checkbox\">\n\t\t<p><span class=\"wpcf7-form-control-wrap\" data-name=\"acceptance-age\"><span class=\"wpcf7-form-control wpcf7-acceptance\"><span class=\"wpcf7-list-item\"><label><input type=\"checkbox\" name=\"acceptance-age\" value=\"1\" aria-invalid=\"false\" \/><span class=\"wpcf7-list-item-label\">Potwierdzam, \u017ce mam uko\u0144czone 18 lat.<\/span><\/label><\/span><\/span><\/span>\n\t\t<\/p>\n\t<\/div>\n\t<div class=\"consent-checkbox\">\n\t\t<p><span class=\"wpcf7-form-control-wrap\" data-name=\"acceptance-information\"><span class=\"wpcf7-form-control wpcf7-acceptance optional\"><span class=\"wpcf7-list-item\"><label><input type=\"checkbox\" name=\"acceptance-information\" value=\"1\" aria-invalid=\"false\" \/><span class=\"wpcf7-list-item-label\">Chc\u0119 otrzymywa\u0107 informacje o produktach i us\u0142ugach Quantum KTT.<\/span><\/label><\/span><\/span><\/span>\n\t\t<\/p>\n\t<\/div>\n\t<div class=\"consent-checkbox\">\n\t\t<p><span class=\"wpcf7-form-control-wrap\" data-name=\"acceptance-privacy\"><span class=\"wpcf7-form-control wpcf7-acceptance\"><span class=\"wpcf7-list-item\"><label><input type=\"checkbox\" name=\"acceptance-privacy\" value=\"1\" aria-invalid=\"false\" \/><span class=\"wpcf7-list-item-label\">Udzielam zgody Quantum KTT Sp. z o. o. do przechowywania i przetwarzania moich danych osobowych w celu odpowiedzi na to \u017c\u0105danie kontaktu zgodnie z prawem UE i <a href=\"https:\/\/quantum.com.pl\/wp-content\/uploads\/2021\/01\/polityka-prywatnosci-i-plikow-cookies.pdf\">Polityk\u0105 Prywatno\u015bci<\/a> Quantum KTT.<\/span><\/label><\/span><\/span><\/span>\n\t\t<\/p>\n\t<\/div>\n<\/fieldset>\n<p><input class=\"wpcf7-form-control wpcf7-submit has-spinner\" type=\"submit\" value=\"Send\" \/>\n<\/p><div class=\"wpcf7-response-output\" aria-hidden=\"true\"><\/div>\n<\/form>\n<\/div>\n[\/vc_column_text][\/vc_column][vc_column width=&#8221;1\/4&#8243;][\/vc_column][vc_column width=&#8221;1\/4&#8243;][\/vc_column][\/vc_row]<\/p>\n<\/section>","protected":false},"excerpt":{"rendered":"<p>[vc_row][vc_column][\/vc_column][\/vc_row][vc_row][vc_column][vc_column_text]Prosz\u0119 dok\u0142adnie wype\u0142ni\u0107 formularz:[\/vc_column_text][\/vc_column][\/vc_row][vc_row][vc_column width=&#8221;1\/2&#8243;][vc_column_text][\/vc_column_text][\/vc_column][vc_column width=&#8221;1\/4&#8243;][\/vc_column][vc_column width=&#8221;1\/4&#8243;][\/vc_column][\/vc_row]<\/p>\n","protected":false},"author":1,"featured_media":0,"parent":0,"menu_order":0,"comment_status":"closed","ping_status":"closed","template":"","meta":{"_acf_changed":false,"inline_featured_image":false,"_monsterinsights_skip_tracking":false,"_monsterinsights_sitenote_active":false,"_monsterinsights_sitenote_note":"","_monsterinsights_sitenote_category":0,"footnotes":""},"class_list":["post-2854","page","type-page","status-publish","hentry"],"acf":[],"_links":{"self":[{"href":"https:\/\/quantum.com.pl\/pl\/wp-json\/wp\/v2\/pages\/2854","targetHints":{"allow":["GET"]}}],"collection":[{"href":"https:\/\/quantum.com.pl\/pl\/wp-json\/wp\/v2\/pages"}],"about":[{"href":"https:\/\/quantum.com.pl\/pl\/wp-json\/wp\/v2\/types\/page"}],"author":[{"embeddable":true,"href":"https:\/\/quantum.com.pl\/pl\/wp-json\/wp\/v2\/users\/1"}],"replies":[{"embeddable":true,"href":"https:\/\/quantum.com.pl\/pl\/wp-json\/wp\/v2\/comments?post=2854"}],"version-history":[{"count":10,"href":"https:\/\/quantum.com.pl\/pl\/wp-json\/wp\/v2\/pages\/2854\/revisions"}],"predecessor-version":[{"id":2876,"href":"https:\/\/quantum.com.pl\/pl\/wp-json\/wp\/v2\/pages\/2854\/revisions\/2876"}],"wp:attachment":[{"href":"https:\/\/quantum.com.pl\/pl\/wp-json\/wp\/v2\/media?parent=2854"}],"curies":[{"name":"wp","href":"https:\/\/api.w.org\/{rel}","templated":true}]}}