{"id":12201,"date":"2020-08-27T00:12:07","date_gmt":"2020-08-26T22:12:07","guid":{"rendered":"https:\/\/quantum.com.pl\/product\/299i-6\/"},"modified":"2021-01-11T11:06:44","modified_gmt":"2021-01-11T10:06:44","slug":"299i-6","status":"publish","type":"product","link":"https:\/\/quantum.com.pl\/pl\/product\/299i-6\/","title":{"rendered":"QU-299I-6"},"content":{"rendered":"<p><strong>Wymiary:<\/strong><\/p>\n<ul>\n<li>Panel przedni: 240 x 87 mm<\/li>\n<li>Og\u00f3lnie: 264 x 111 mm<\/li>\n<\/ul>\n<p><strong>Interfejs<\/strong>: USB lub PS \/ 2<\/p>\n<p><strong>Wyr\u00f3\u017cniaj\u0105ce si\u0119 cechy:<\/strong><\/p>\n<ul>\n<li>71 klawiszy ze stali nierdzewnej, klawiatura do monta\u017cu panelowego<\/li>\n<li>Obs\u0142ugiwane systemy operacyjne: Windows 95\/98 \/ NT \/ ME \/ 2000\/2003 \/ XP \/ Vista, Linux i Unix<\/li>\n<li>Mini zaprojektowane klucze: 10x10mm dla zwyk\u0142ych kluczy<\/li>\n<li>Dost\u0119pny niestandardowy uk\u0142ad<\/li>\n<li>Napis przez wytrawianie i tusz lub technologi\u0119 laserow\u0105<\/li>\n<li>Technologia prze\u0142\u0105cznika kluczykowego Carbon-on-Gold (\u017cel silikonowy)<\/li>\n<li>Wodoodporny i py\u0142oszczelny<\/li>\n<li>Bardzo wytrzyma\u0142a konstrukcja wandaloodporna<\/li>\n<li>Mo\u017cna czy\u015bci\u0107 wod\u0105 z myd\u0142em, \u015brodkiem dezynfekuj\u0105cym lub innymi \u015brodkami czyszcz\u0105cymi<\/li>\n<\/ul>\n<p><strong>Materia\u0142:<\/strong><\/p>\n<ul>\n<li>Panel przedni: wysokiej jako\u015bci stal nierdzewna 304 #<\/li>\n<li>Klucze: wysokiej jako\u015bci stal nierdzewna 304 #<\/li>\n<li>Panel tylny: stop aluminium<\/li>\n<\/ul>\n<p>&nbsp;<\/p>\n<p><strong>Dane mechaniczne:<\/strong><\/p>\n<ul>\n<li>Wyzwolenie klucza: 1,5 mm<\/li>\n<li>Nacisk klucza: 0,8 \uff5e 1,6 N.<\/li>\n<li>\u017bywotno\u015b\u0107:&gt; 2 miliony operacji na klucz<\/li>\n<li>Waga brutto: 1,1 kg<\/li>\n<\/ul>\n<p><strong>Dane elektryczne:<\/strong><\/p>\n<ul>\n<li>Napi\u0119cie wej\u015bciowe: 5,0 V DC \u00b1 5%<\/li>\n<li>Pr\u0105d elektryczny: 10mA<\/li>\n<li>Emisja EMC: EN55022<\/li>\n<li>Standard ESD: wy\u0142adowanie powietrza 8KV; Skontaktuj si\u0119 z wy\u0142adowaniem 6KV<\/li>\n<\/ul>\n<p><strong>Zdolno\u015b\u0107 do przystosowania si\u0119 do \u015brodowiska:<\/strong><\/p>\n<ul>\n<li>Temperatura pracy: 0 \u00b0 \uff5e + 60 \u00b0<\/li>\n<li>Temperatura przechowywania: -25 \u00b0 \uff5e + 80 \u00b0<\/li>\n<li>Wilgotno\u015b\u0107 wzgl\u0119dna: 30% \uff5e 90%<\/li>\n<li>Ci\u015bnienie atmosferyczne: 60 \uff5e 106 KPa<\/li>\n<\/ul>\n<p><strong>Niezawodno\u015b\u0107:<\/strong><\/p>\n<ul>\n<li>MTBF:&gt; 20000 godzin<\/li>\n<li>MTTR: \u200b\u200b&lt;30 minut<\/li>\n<li>Zgodno\u015b\u0107 z CE, FCC, RoHS, ESD<\/li>\n<li>Klasa wodoodporno\u015bci i py\u0142oszczelno\u015bci: IP65 (panel przedni)<\/li>\n<li>Klasa wandaloodporno\u015bci: IK07<\/li>\n<\/ul>\n","protected":false},"excerpt":{"rendered":"<p>Antywandalowa, py\u0142oszczelna mini klawiatura ze stali nierdzewnej IP65 do samoobs\u0142ugowego kiosku.<\/p>\n","protected":false},"featured_media":12200,"template":"","meta":{"_acf_changed":false,"inline_featured_image":false,"_monsterinsights_skip_tracking":false,"_monsterinsights_sitenote_active":false,"_monsterinsights_sitenote_note":"","_monsterinsights_sitenote_category":0},"product_brand":[],"product_cat":[1609,1659,1617,1621],"product_tag":[],"class_list":{"0":"post-12201","1":"product","2":"type-product","3":"status-publish","4":"has-post-thumbnail","6":"product_cat-klawiatury-przemyslowe","7":"product_cat-klawiatury-stalowe-2","8":"product_cat-klawiatury-stalowe","9":"product_cat-qdata","11":"first","12":"instock","13":"shipping-taxable","14":"product-type-simple"},"acf":[],"_links":{"self":[{"href":"https:\/\/quantum.com.pl\/pl\/wp-json\/wp\/v2\/product\/12201","targetHints":{"allow":["GET"]}}],"collection":[{"href":"https:\/\/quantum.com.pl\/pl\/wp-json\/wp\/v2\/product"}],"about":[{"href":"https:\/\/quantum.com.pl\/pl\/wp-json\/wp\/v2\/types\/product"}],"wp:featuredmedia":[{"embeddable":true,"href":"https:\/\/quantum.com.pl\/pl\/wp-json\/wp\/v2\/media\/12200"}],"wp:attachment":[{"href":"https:\/\/quantum.com.pl\/pl\/wp-json\/wp\/v2\/media?parent=12201"}],"wp:term":[{"taxonomy":"product_brand","embeddable":true,"href":"https:\/\/quantum.com.pl\/pl\/wp-json\/wp\/v2\/product_brand?post=12201"},{"taxonomy":"product_cat","embeddable":true,"href":"https:\/\/quantum.com.pl\/pl\/wp-json\/wp\/v2\/product_cat?post=12201"},{"taxonomy":"product_tag","embeddable":true,"href":"https:\/\/quantum.com.pl\/pl\/wp-json\/wp\/v2\/product_tag?post=12201"}],"curies":[{"name":"wp","href":"https:\/\/api.w.org\/{rel}","templated":true}]}}