{"id":12227,"date":"2020-08-27T22:00:39","date_gmt":"2020-08-27T20:00:39","guid":{"rendered":"https:\/\/quantum.com.pl\/product\/qu-3502j-1\/"},"modified":"2021-01-11T11:01:32","modified_gmt":"2021-01-11T10:01:32","slug":"qu-3502j-1","status":"publish","type":"product","link":"https:\/\/quantum.com.pl\/pl\/product\/qu-3502j-1\/","title":{"rendered":"QU-3502J-1"},"content":{"rendered":"<p><strong>Wymiary p\u0142yty czo\u0142owej\uff1a<\/strong> 76,5 x 92 mm<\/p>\n<p><strong>Interfejs<\/strong>: PS \/ 2 lub USB<\/p>\n<p><strong>Cechy<\/strong><\/p>\n<ul>\n<li>Klawiatura wykonana z wysokiej jako\u015bci stali nierdzewnej<\/li>\n<li>Konfigurowalny uk\u0142ad, wymiary i projekt instalacji<\/li>\n<li>12 klawiszy: 10 klawiszy numerycznych i 2 klawisze funkcyjne<\/li>\n<li>Py\u0142oszczelny, wodoodporny, odporny na wstrz\u0105sy, wyrywanie, wiercenie, uderzenia<\/li>\n<li>Porty na opcjonalne osiem zewn\u0119trznych klawiszy funkcyjnych, sygna\u0142 d\u017awi\u0119kowy i \u015bwiat\u0142o prowadz\u0105ce<\/li>\n<li>Klasa ochrony IP IEC \/ DIN \/ EN \/ 60529: IP65<\/li>\n<li>Klasa ochrony IK DIN EN 50102: IK07<\/li>\n<\/ul>\n<p><strong>G\u0142\u00f3wna aplikacja:<\/strong><\/p>\n<p>Kiosk, terminal informacyjny, automat sprzedaj\u0105cy, kontrola dost\u0119pu, kontrola przemys\u0142owa, automat do gier.<\/p>\n<p><strong>Dane dotycz\u0105ce niezawodno\u015bci i wydajno\u015bci<\/strong><\/p>\n<ul>\n<li>\u017bywotno\u015b\u0107 klucza&gt; 2 000 000 cykli na klucz<\/li>\n<li>Si\u0142a na klawiszach: 2,5 ~ 3,5 N.<\/li>\n<li>Skok klucza:&gt; 0,45 mm<\/li>\n<li>Szerokie napi\u0119cie wej\u015bciowe: 5 V DC +\/- 10%<\/li>\n<li>Trwa\u0142o\u015b\u0107&gt; 5 lat; \u017bywotno\u015b\u0107 baterii&gt; 5 lat (bez zewn\u0119trznego zasilania)<\/li>\n<\/ul>\n<p><strong>Wymagania dotycz\u0105ce \u015brodowiska<\/strong><\/p>\n<ul>\n<li>Tylko panele przednie powinny by\u0107 wystawione na dzia\u0142anie klimatu zewn\u0119trznego. Panele s\u0105 py\u0142oszczelne, wodoodporne, odporne na wstrz\u0105sy,<\/li>\n<li>wyrywanie, wiercenie i uderzenia.<\/li>\n<li>Zakres temperatury pracy: 0 \u2103 60 \u2103<\/li>\n<li>Zakres temperatur przechowywania: \u201325 \u2103 &#8211; 80 \u2103<\/li>\n<li>Wilgotno\u015b\u0107 wzgl\u0119dna: 30% \uff5e 90%<\/li>\n<li>Ci\u015bnienie atmosferyczne: 60 \uff5e 106 KPa<\/li>\n<\/ul>\n<p><strong>Aprobaty:<\/strong><\/p>\n<ul>\n<li>CE, RoHS, FCC<\/li>\n<\/ul>\n","protected":false},"excerpt":{"rendered":"<p>System kontroli dost\u0119pu. Wodoodporna IP65 3&#215;4 12 klawiszy metalowa klawiatura ze stali nierdzewnej.<\/p>\n","protected":false},"featured_media":12226,"template":"","meta":{"_acf_changed":false,"inline_featured_image":false,"_monsterinsights_skip_tracking":false,"_monsterinsights_sitenote_active":false,"_monsterinsights_sitenote_note":"","_monsterinsights_sitenote_category":0},"product_brand":[],"product_cat":[1609,1659,1617,1621],"product_tag":[],"class_list":{"0":"post-12227","1":"product","2":"type-product","3":"status-publish","4":"has-post-thumbnail","6":"product_cat-klawiatury-przemyslowe","7":"product_cat-klawiatury-stalowe-2","8":"product_cat-klawiatury-stalowe","9":"product_cat-qdata","11":"first","12":"instock","13":"shipping-taxable","14":"product-type-simple"},"acf":[],"_links":{"self":[{"href":"https:\/\/quantum.com.pl\/pl\/wp-json\/wp\/v2\/product\/12227","targetHints":{"allow":["GET"]}}],"collection":[{"href":"https:\/\/quantum.com.pl\/pl\/wp-json\/wp\/v2\/product"}],"about":[{"href":"https:\/\/quantum.com.pl\/pl\/wp-json\/wp\/v2\/types\/product"}],"wp:featuredmedia":[{"embeddable":true,"href":"https:\/\/quantum.com.pl\/pl\/wp-json\/wp\/v2\/media\/12226"}],"wp:attachment":[{"href":"https:\/\/quantum.com.pl\/pl\/wp-json\/wp\/v2\/media?parent=12227"}],"wp:term":[{"taxonomy":"product_brand","embeddable":true,"href":"https:\/\/quantum.com.pl\/pl\/wp-json\/wp\/v2\/product_brand?post=12227"},{"taxonomy":"product_cat","embeddable":true,"href":"https:\/\/quantum.com.pl\/pl\/wp-json\/wp\/v2\/product_cat?post=12227"},{"taxonomy":"product_tag","embeddable":true,"href":"https:\/\/quantum.com.pl\/pl\/wp-json\/wp\/v2\/product_tag?post=12227"}],"curies":[{"name":"wp","href":"https:\/\/api.w.org\/{rel}","templated":true}]}}