{"id":12235,"date":"2020-08-27T22:11:38","date_gmt":"2020-08-27T20:11:38","guid":{"rendered":"https:\/\/quantum.com.pl\/product\/qu-3507a\/"},"modified":"2021-01-11T11:00:18","modified_gmt":"2021-01-11T10:00:18","slug":"qu-3507a","status":"publish","type":"product","link":"https:\/\/quantum.com.pl\/pl\/product\/qu-3507a\/","title":{"rendered":"QU-3507A"},"content":{"rendered":"<p><strong>Wymiary:<\/strong><\/p>\n<ul>\n<li>P\u0142yta czo\u0142owa \uff08szer. \u00d7 wys.\uff09 83x100mm<\/li>\n<li>\u015arednica trackballa \uff1a 38mm<\/li>\n<\/ul>\n<p><strong>Kluczowe cechy:<\/strong><\/p>\n<ul>\n<li>IP65 NEMA 4X Metal 38mm Trackball z 2 klawiszami funkcyjnymi;<\/li>\n<li>Wymagania systemowe: WIN98, WIN2000, WIN XP;<\/li>\n<li>Zgodno\u015b\u0107 ze standardami ISO \/ IEC9995, GB \/ T14081;<\/li>\n<li>Materia\u0142y si\u0142ownika \/ kluczy: stal nierdzewna 304 # (RoHS);<\/li>\n<li>Py\u0142oszczelny, wodoodporny, odporny na wstrz\u0105sy, wytr\u0105canie, wiercenie, bomby;<\/li>\n<li>Materia\u0142 styku: w\u0119giel \/ z\u0142oto;<\/li>\n<li>Klasa ochrony IP IEC \/ DIN \/ EN \/ 60529: IP65;<\/li>\n<li>Klasa ochrony IK DIN EN 50102: IK07;<\/li>\n<li>Interfejs: USB lub PS \/ 2;<\/li>\n<li>GW: 0,5 KG;<\/li>\n<\/ul>\n<p><strong>Aplikacje:<\/strong><\/p>\n<ul>\n<li>Terminal samoobs\u0142ugowy, kiosk internetowy, kontrola przemys\u0142owa, wyr\u00f3b medyczny<\/li>\n<\/ul>\n<p><strong>Charakterystyka mechanizmu:<\/strong><\/p>\n<ul>\n<li>Zmie\u0144 \u017cywotno\u015b\u0107: ponad 2 miliony operacji;<\/li>\n<li>Skok klucza: 2,50 mm;<\/li>\n<li>D\u0142ugo\u015b\u0107 \u017cycia:&gt; 5 lat;<\/li>\n<li>Si\u0142a aktywacji: 1N<\/li>\n<li>Obs\u0142uga mocy: poni\u017cej 1 W (dynamicznie), poni\u017cej 200 m Wat\u00f3w (statycznie)<\/li>\n<\/ul>\n<p><strong>Mo\u017cliwo\u015b\u0107 dostosowania \u015brodowiska:<\/strong><\/p>\n<ul>\n<li>Poziom ochrony: IP65 (statyczny) \/ IP54 (dynamiczny);<\/li>\n<li>Temperatura pracy: -25 \u2103 \uff5e + 45 \u2103 RH: 30 ~ 90%;<\/li>\n<li>Temperatura toru: -35 \u2103 \uff5e + 55 \u2103 RH: 20 ~ 95%;<\/li>\n<li>Ci\u015bnienie powietrza: 60 ~ 106Kpa<\/li>\n<\/ul>\n<p><strong>Aprobaty:<\/strong><\/p>\n<ul>\n<li>Zda\u0107 certyfikat centrum testowania kart banku centralnego Chin;<\/li>\n<li>CE, RoHS, FCC<\/li>\n<\/ul>\n","protected":false},"excerpt":{"rendered":"<p>Wodoodporne, py\u0142oszczelne urz\u0105dzenie wskazuj\u0105ce IP65, metalowa mysz typu trackball ze stali nierdzewnej.<\/p>\n","protected":false},"featured_media":12234,"template":"","meta":{"_acf_changed":false,"inline_featured_image":false,"_monsterinsights_skip_tracking":false,"_monsterinsights_sitenote_active":false,"_monsterinsights_sitenote_note":"","_monsterinsights_sitenote_category":0},"product_brand":[],"product_cat":[1609,1659,1617,1621],"product_tag":[],"class_list":{"0":"post-12235","1":"product","2":"type-product","3":"status-publish","4":"has-post-thumbnail","6":"product_cat-klawiatury-przemyslowe","7":"product_cat-klawiatury-stalowe-2","8":"product_cat-klawiatury-stalowe","9":"product_cat-qdata","11":"first","12":"instock","13":"shipping-taxable","14":"product-type-simple"},"acf":[],"_links":{"self":[{"href":"https:\/\/quantum.com.pl\/pl\/wp-json\/wp\/v2\/product\/12235","targetHints":{"allow":["GET"]}}],"collection":[{"href":"https:\/\/quantum.com.pl\/pl\/wp-json\/wp\/v2\/product"}],"about":[{"href":"https:\/\/quantum.com.pl\/pl\/wp-json\/wp\/v2\/types\/product"}],"wp:featuredmedia":[{"embeddable":true,"href":"https:\/\/quantum.com.pl\/pl\/wp-json\/wp\/v2\/media\/12234"}],"wp:attachment":[{"href":"https:\/\/quantum.com.pl\/pl\/wp-json\/wp\/v2\/media?parent=12235"}],"wp:term":[{"taxonomy":"product_brand","embeddable":true,"href":"https:\/\/quantum.com.pl\/pl\/wp-json\/wp\/v2\/product_brand?post=12235"},{"taxonomy":"product_cat","embeddable":true,"href":"https:\/\/quantum.com.pl\/pl\/wp-json\/wp\/v2\/product_cat?post=12235"},{"taxonomy":"product_tag","embeddable":true,"href":"https:\/\/quantum.com.pl\/pl\/wp-json\/wp\/v2\/product_tag?post=12235"}],"curies":[{"name":"wp","href":"https:\/\/api.w.org\/{rel}","templated":true}]}}