{"id":12247,"date":"2020-08-27T22:32:17","date_gmt":"2020-08-27T20:32:17","guid":{"rendered":"https:\/\/quantum.com.pl\/product\/qu-3503a\/"},"modified":"2021-01-11T10:58:50","modified_gmt":"2021-01-11T09:58:50","slug":"qu-3503a","status":"publish","type":"product","link":"https:\/\/quantum.com.pl\/pl\/product\/qu-3503a\/","title":{"rendered":"QU-3503A"},"content":{"rendered":"<p><strong>Wymiary p\u0142yty czo\u0142owej:<\/strong> 160 x 102,4 mm<\/p>\n<p><strong>Interfejs:<\/strong> RS232 lub USB<\/p>\n<p><strong>Cechy<\/strong><\/p>\n<ul>\n<li>Szyfrowany PIN Pad 3DES wykonany z wysokiej jako\u015bci stali nierdzewnej<\/li>\n<li>Konfigurowalny uk\u0142ad, wymiary i projekt instalacji<\/li>\n<li>16 klawiszy: 10 klawiszy numerycznych i 6 klawiszy funkcyjnych<\/li>\n<li>Py\u0142oszczelny, wodoodporny, odporny na wstrz\u0105sy, wyrywanie, wiercenie, uderzenia<\/li>\n<li>Projekt klucza Braille&#8217;a dla os\u00f3b niedowidz\u0105cych<\/li>\n<li>Porty dla opcjonalnych 8 zewn\u0119trznych klawiszy funkcyjnych, sygna\u0142 d\u017awi\u0119kowy i \u015bwiat\u0142o prowadz\u0105ce<\/li>\n<li>Wykrywanie i ochrona sabota\u017cu<\/li>\n<li>Klasa ochrony IP IEC \/ DIN \/ EN \/ 60529: IP65 (panel przedni)<\/li>\n<li>Klasa ochrony IK DIN EN 50102: IK07<\/li>\n<\/ul>\n<p><strong>Obs\u0142ugiwane algorytmy<\/strong><\/p>\n<ul>\n<li>Szyfrowanie \/ deszyfrowanie danych u\u017cytkownika DES ECB \/ CBC<\/li>\n<li>Szyfrowanie \/ deszyfrowanie danych u\u017cytkownika 3DES ECB \/ CBC<\/li>\n<li>Obliczanie DES MAC<\/li>\n<li>Obliczanie 3DES MAC<\/li>\n<li>Szyfrowanie DES PIN<\/li>\n<li>Szyfrowanie 3DES PIN<\/li>\n<li>Wiele format\u00f3w blok\u00f3w PIN: ANSI, ISO0, ISO1, ECI2, ISO3, IBM3624, DIEBOLD, DIEBOLDCO<\/li>\n<\/ul>\n<p><strong>Dane dotycz\u0105ce niezawodno\u015bci i wydajno\u015bci<\/strong><\/p>\n<ul>\n<li>\u017bywotno\u015b\u0107 klucza&gt; 2 000 000 cykli na klucz<\/li>\n<li>MTBF&gt; 15 000 godzin<\/li>\n<li>Si\u0142a na klawiszach: 2,5 3,5 N.<\/li>\n<li>Zakres klucza:&gt; 0,45 mm<br \/>\nSzerokie napi\u0119cie wej\u015bciowe: 5 V DC +\/- 20%<\/li>\n<li>W stanie pracy potrzebne jest 5 V +\/- 20%; pr\u0105d elektryczny wynosi do 100 mA, a rzeczywisty pob\u00f3r mocy nie przekracza 1 W.<\/li>\n<li>Trwa\u0142o\u015b\u0107&gt; 5 lat; \u017bywotno\u015b\u0107 baterii&gt; 5 lat (bez zewn\u0119trznego zasilania)<\/li>\n<li>Czas obliczania na 256 bajtach przez obliczenie 3DES MAC &lt;500 milisekund<\/li>\n<\/ul>\n<p><strong>Wymagania dotycz\u0105ce \u015brodowiska<\/strong><\/p>\n<ul>\n<li>Zakres temperatur pracy: 0 \u2103 ~ 60 \u2103<\/li>\n<li>Zakres temperatur przechowywania: -25 \u2103 ~ 80 \u2103<\/li>\n<li>Wilgotno\u015b\u0107 wzgl\u0119dna: 30% \uff5e 90%<\/li>\n<li>Ci\u015bnienie atmosferyczne: 60 \uff5e 106 KPa<\/li>\n<li>Ze wzgl\u0119d\u00f3w bezpiecze\u0144stwa kod PIN u\u017cytkownika jest usuwany, gdy temperatura otoczenia wykracza poza zakres temperatur przechowywania.<\/li>\n<li>Poziom docelowy dla tej funkcji jest ustawiony na \u201330 \u2103.<\/li>\n<\/ul>\n<p><strong>Aprobaty:<\/strong><\/p>\n<ul>\n<li>Zda\u0107 certyfikat centrum testowania kart banku centralnego Chin;<\/li>\n<li>CE, RoHS, FCC.<\/li>\n<\/ul>\n","protected":false},"excerpt":{"rendered":"<p>Kiosk do p\u0142atno\u015bci ze stali nierdzewnej, szyfrowany, metalowy pinpad EPP z 16 kluczami.<\/p>\n","protected":false},"featured_media":12246,"template":"","meta":{"_acf_changed":false,"inline_featured_image":false,"_monsterinsights_skip_tracking":false,"_monsterinsights_sitenote_active":false,"_monsterinsights_sitenote_note":"","_monsterinsights_sitenote_category":0},"product_brand":[],"product_cat":[1609,1659,1617,1621],"product_tag":[],"class_list":{"0":"post-12247","1":"product","2":"type-product","3":"status-publish","4":"has-post-thumbnail","6":"product_cat-klawiatury-przemyslowe","7":"product_cat-klawiatury-stalowe-2","8":"product_cat-klawiatury-stalowe","9":"product_cat-qdata","11":"first","12":"instock","13":"shipping-taxable","14":"product-type-simple"},"acf":[],"_links":{"self":[{"href":"https:\/\/quantum.com.pl\/pl\/wp-json\/wp\/v2\/product\/12247","targetHints":{"allow":["GET"]}}],"collection":[{"href":"https:\/\/quantum.com.pl\/pl\/wp-json\/wp\/v2\/product"}],"about":[{"href":"https:\/\/quantum.com.pl\/pl\/wp-json\/wp\/v2\/types\/product"}],"wp:featuredmedia":[{"embeddable":true,"href":"https:\/\/quantum.com.pl\/pl\/wp-json\/wp\/v2\/media\/12246"}],"wp:attachment":[{"href":"https:\/\/quantum.com.pl\/pl\/wp-json\/wp\/v2\/media?parent=12247"}],"wp:term":[{"taxonomy":"product_brand","embeddable":true,"href":"https:\/\/quantum.com.pl\/pl\/wp-json\/wp\/v2\/product_brand?post=12247"},{"taxonomy":"product_cat","embeddable":true,"href":"https:\/\/quantum.com.pl\/pl\/wp-json\/wp\/v2\/product_cat?post=12247"},{"taxonomy":"product_tag","embeddable":true,"href":"https:\/\/quantum.com.pl\/pl\/wp-json\/wp\/v2\/product_tag?post=12247"}],"curies":[{"name":"wp","href":"https:\/\/api.w.org\/{rel}","templated":true}]}}