{"id":12296,"date":"2020-08-27T23:49:00","date_gmt":"2020-08-27T21:49:00","guid":{"rendered":"https:\/\/quantum.com.pl\/product\/qu-299b-g\/"},"modified":"2021-01-11T10:33:12","modified_gmt":"2021-01-11T09:33:12","slug":"qu-299b-g","status":"publish","type":"product","link":"https:\/\/quantum.com.pl\/pl\/product\/qu-299b-g\/","title":{"rendered":"QU-299B-G"},"content":{"rendered":"<p><strong>Wymiary:<\/strong><\/p>\n<ul>\n<li>Panel przedni: 392 x 110 mm<\/li>\n<li>Og\u00f3lnie: 415 x 134 mm<\/li>\n<li>\u015arednica trackballa: 38 mm<\/li>\n<li>Interfejs: USB lub PS \/ 2<\/li>\n<\/ul>\n<p><strong>Wyr\u00f3\u017cniaj\u0105ce si\u0119 cechy:<\/strong><\/p>\n<ul>\n<li>65-klawiszowa klawiatura panelowa ze stali nierdzewnej z optycznym trackballem<\/li>\n<li>Obs\u0142ugiwane systemy operacyjne: Windows 95\/98 \/ NT \/ ME \/ 2000\/2003 \/ XP \/ Vista \/ 7\/8\/10, Linux i Unix<\/li>\n<li>Dost\u0119pny niestandardowy uk\u0142ad<\/li>\n<li>Napis przez wytrawianie i tusz lub technologi\u0119 laserow\u0105<\/li>\n<li>Technologia prze\u0142\u0105cznika kluczykowego Carbon-on-Gold (\u017cel silikonowy)<\/li>\n<li>Trackball mechaniczny \/ optyczny<\/li>\n<li>Wodoodporny i py\u0142oszczelny<\/li>\n<li>Bardzo wytrzyma\u0142a konstrukcja wandaloodporna<\/li>\n<li>Mo\u017cna czy\u015bci\u0107 wod\u0105 z myd\u0142em, \u015brodkiem dezynfekuj\u0105cym lub innymi \u015brodkami czyszcz\u0105cymi<\/li>\n<\/ul>\n<p><strong>Materia\u0142:<\/strong><\/p>\n<ul>\n<li>Panel przedni: wysokiej jako\u015bci stal nierdzewna 304 #<\/li>\n<li>Klucze: wysokiej jako\u015bci stal nierdzewna 304 #<\/li>\n<li>Trackball: wysokiej jako\u015bci stal nierdzewna 304 #<\/li>\n<li>Panel tylny: stop aluminium<\/li>\n<\/ul>\n<p><strong>Dane mechaniczne:<\/strong><\/p>\n<ul>\n<li>Wyzwolenie klucza: 1,5 mm<\/li>\n<li>Nacisk klucza: 0,8 \uff5e 1,6 N.<\/li>\n<li>\u017bywotno\u015b\u0107:&gt; 3 miliony operacji na klucz<\/li>\n<li>Waga brutto: 2,0 kg<\/li>\n<\/ul>\n<p><strong>Dane elektryczne:<\/strong><\/p>\n<ul>\n<li>Napi\u0119cie wej\u015bciowe: 5,0 V DC \u00b1 5%<\/li>\n<li>Pr\u0105d elektryczny: 10mA<\/li>\n<li>Emisja EMC: EN55022<\/li>\n<li>Standard ESD: wy\u0142adowanie powietrza 8KV; Skontaktuj si\u0119 z wy\u0142adowaniem 6KV<\/li>\n<\/ul>\n<p><strong>Zdolno\u015b\u0107 do przystosowania si\u0119 do \u015brodowiska:<\/strong><\/p>\n<ul>\n<li>Temperatura pracy: 0 \u00b0 \uff5e + 60 \u00b0<\/li>\n<li>Temperatura przechowywania: -25 \u00b0 \uff5e + 80 \u00b0<\/li>\n<li>Wilgotno\u015b\u0107 wzgl\u0119dna: 30% \uff5e 90%<\/li>\n<li>Ci\u015bnienie atmosferyczne: 60 \uff5e 106 KPa<\/li>\n<\/ul>\n<p><strong>Niezawodno\u015b\u0107:<\/strong><\/p>\n<ul>\n<li>MTBF:&gt; 20000 godzin<\/li>\n<li>MTTR: \u200b\u200b&lt;30 minut<\/li>\n<li>Zgodno\u015b\u0107 z CE, FCC, RoHS, ESD<\/li>\n<li>Klasa wodoodporno\u015bci i py\u0142oszczelno\u015bci: IP65 (panel przedni)<\/li>\n<li>Klasa wandaloodporno\u015bci: IK07<\/li>\n<\/ul>\n","protected":false},"excerpt":{"rendered":"<p>Przemys\u0142owa, wodoodporna, metalowa klawiatura z kulk\u0105 do kiosku.<\/p>\n","protected":false},"featured_media":12295,"template":"","meta":{"_acf_changed":false,"inline_featured_image":false,"_monsterinsights_skip_tracking":false,"_monsterinsights_sitenote_active":false,"_monsterinsights_sitenote_note":"","_monsterinsights_sitenote_category":0},"product_brand":[],"product_cat":[1609,1617,1659,1621],"product_tag":[],"class_list":{"0":"post-12296","1":"product","2":"type-product","3":"status-publish","4":"has-post-thumbnail","6":"product_cat-klawiatury-przemyslowe","7":"product_cat-klawiatury-stalowe","8":"product_cat-klawiatury-stalowe-2","9":"product_cat-qdata","11":"first","12":"instock","13":"shipping-taxable","14":"product-type-simple"},"acf":[],"_links":{"self":[{"href":"https:\/\/quantum.com.pl\/pl\/wp-json\/wp\/v2\/product\/12296","targetHints":{"allow":["GET"]}}],"collection":[{"href":"https:\/\/quantum.com.pl\/pl\/wp-json\/wp\/v2\/product"}],"about":[{"href":"https:\/\/quantum.com.pl\/pl\/wp-json\/wp\/v2\/types\/product"}],"wp:featuredmedia":[{"embeddable":true,"href":"https:\/\/quantum.com.pl\/pl\/wp-json\/wp\/v2\/media\/12295"}],"wp:attachment":[{"href":"https:\/\/quantum.com.pl\/pl\/wp-json\/wp\/v2\/media?parent=12296"}],"wp:term":[{"taxonomy":"product_brand","embeddable":true,"href":"https:\/\/quantum.com.pl\/pl\/wp-json\/wp\/v2\/product_brand?post=12296"},{"taxonomy":"product_cat","embeddable":true,"href":"https:\/\/quantum.com.pl\/pl\/wp-json\/wp\/v2\/product_cat?post=12296"},{"taxonomy":"product_tag","embeddable":true,"href":"https:\/\/quantum.com.pl\/pl\/wp-json\/wp\/v2\/product_tag?post=12296"}],"curies":[{"name":"wp","href":"https:\/\/api.w.org\/{rel}","templated":true}]}}