{"id":12300,"date":"2020-08-27T23:59:42","date_gmt":"2020-08-27T21:59:42","guid":{"rendered":"https:\/\/quantum.com.pl\/product\/qu-3503a-pci-epp\/"},"modified":"2021-01-11T10:32:21","modified_gmt":"2021-01-11T09:32:21","slug":"qu-3503a-pci-epp","status":"publish","type":"product","link":"https:\/\/quantum.com.pl\/pl\/product\/qu-3503a-pci-epp\/","title":{"rendered":"QU-3503A-PCI EPP"},"content":{"rendered":"<p><strong>Aprobaty<\/strong><\/p>\n<ul>\n<li>Zdaj certyfikat PCI 4.X<\/li>\n<li>Zda\u0107 certyfikat centrum testowania kart banku centralnego Chin<\/li>\n<li>CE, RoHS, FCC<\/li>\n<\/ul>\n<p><strong>Wymiary i waga<\/strong><\/p>\n<ul>\n<li>Wymiary p\u0142yty czo\u0142owej: 160 x 102,4 mm<\/li>\n<li>Waga: 1,5 kg<\/li>\n<\/ul>\n<p><strong>G\u0142\u00f3wna funkcja<\/strong><\/p>\n<ul>\n<li>Klawiatura wej\u015bciowa: 10 klawiszy numerycznych, 6 klawiszy funkcyjnych<\/li>\n<li>Bezpieczne wprowadzanie kodu PIN i bezpieczny mechanizm, zapobiegaj\u0105 jakiejkolwiek kombinacji ataku, zapewniaj\u0105 bezpiecze\u0144stwo i bezpiecze\u0144stwo informacji<\/li>\n<li>Bezpieczne zarz\u0105dzanie kluczami szyfrowania<\/li>\n<li>Wysokowydajne bezpieczne zarz\u0105dzanie<\/li>\n<li>Obs\u0142uguje silny sterownik WOSA, dzi\u0119ki czemu mo\u017cna go zastosowa\u0107 do r\u00f3\u017cnych bankomat\u00f3w \/ kiosk\u00f3w.<\/li>\n<\/ul>\n<p><strong>Struktura<\/strong><\/p>\n<p>KMY EPP konstruuje g\u0142\u00f3wnie z poni\u017cszych komponent\u00f3w:<\/p>\n<ul>\n<li>16 sztuk nasadek ze stali nierdzewnej<\/li>\n<li>Wysokiej jako\u015bci rama ze stopu cynku z niklowan\u0105 pow\u0142ok\u0105<\/li>\n<li>Bezpieczne pude\u0142ko odporne na manipulacje<\/li>\n<li>P\u0142yta g\u0142\u00f3wna, wszystkie elementy elektroniczne s\u0105 rozmieszczone na p\u0142ycie<\/li>\n<\/ul>\n<p><strong>Wygl\u0105d<\/strong><\/p>\n<ul>\n<li>Klawiatura wykonana z wysokiej jako\u015bci stopu cynku z doskona\u0142ym niklowaniem<\/li>\n<li>Konfigurowalny uk\u0142ad, wymiary i projekt instalacji<\/li>\n<li>Dost\u0119pne s\u0105 projekty kluczy Braille&#8217;a dla os\u00f3b niedowidz\u0105cych<\/li>\n<\/ul>\n<p><strong>Mechanizm<\/strong><\/p>\n<ul>\n<li>\u017bywotno\u015b\u0107 kluczy&gt; 2 000 000<\/li>\n<li>Si\u0142a naci\u015bni\u0119cia klawisza 3,6 N.<\/li>\n<li>Skok klawisza 2,0 mm<\/li>\n<\/ul>\n<p><strong>Wymagania dotycz\u0105ce \u015brodowiska<\/strong><\/p>\n<ul>\n<li>Zakres temperatury pracy: \u201325 \u2103 -65 \u2103<\/li>\n<li>Zakres temperatury przechowywania: \u201325 \u2103 -65 \u2103<\/li>\n<li>Maksymalna wilgotno\u015b\u0107 w \u015brodowisku pracy: 80%<\/li>\n<li>Ze wzgl\u0119d\u00f3w bezpiecze\u0144stwa bezpieczne informacje zostan\u0105 usuni\u0119te, gdy temperatura otoczenia przekroczy zakres temperatur przechowywania.<\/li>\n<\/ul>\n<p><strong>D\u0142ugo\u015b\u0107 \u017cycia<\/strong><\/p>\n<ul>\n<li>\u017bywotno\u015b\u0107 KMY EPP wynosi ponad 10 lat<\/li>\n<li>\u017bywotno\u015b\u0107 baterii ponad 10 lat (bez zewn\u0119trznego zasilania)<\/li>\n<\/ul>\n<p><strong>Interfejs komunikacyjny<\/strong><\/p>\n<ul>\n<li>Interfejs RS232 lub USB (w tym linia transmisji danych i linia zasilania)<\/li>\n<li>RS232: RJ45 zgodnie z RS232-D do 19200 bod\u00f3w<\/li>\n<li>USB: z\u0142\u0105cze emuluje port RS232, dost\u0119pny jest bezp\u0142atny sterownik.<\/li>\n<\/ul>\n","protected":false},"excerpt":{"rendered":"<p>Bankomat z certyfikatem PCI 4.X. Szyfrowany metalowy PIN Pad EPP.<\/p>\n","protected":false},"featured_media":12299,"template":"","meta":{"_acf_changed":false,"inline_featured_image":false,"_monsterinsights_skip_tracking":false,"_monsterinsights_sitenote_active":false,"_monsterinsights_sitenote_note":"","_monsterinsights_sitenote_category":0},"product_brand":[],"product_cat":[1609,1659,1617,1621],"product_tag":[],"class_list":{"0":"post-12300","1":"product","2":"type-product","3":"status-publish","4":"has-post-thumbnail","6":"product_cat-klawiatury-przemyslowe","7":"product_cat-klawiatury-stalowe-2","8":"product_cat-klawiatury-stalowe","9":"product_cat-qdata","11":"first","12":"instock","13":"shipping-taxable","14":"product-type-simple"},"acf":[],"_links":{"self":[{"href":"https:\/\/quantum.com.pl\/pl\/wp-json\/wp\/v2\/product\/12300","targetHints":{"allow":["GET"]}}],"collection":[{"href":"https:\/\/quantum.com.pl\/pl\/wp-json\/wp\/v2\/product"}],"about":[{"href":"https:\/\/quantum.com.pl\/pl\/wp-json\/wp\/v2\/types\/product"}],"wp:featuredmedia":[{"embeddable":true,"href":"https:\/\/quantum.com.pl\/pl\/wp-json\/wp\/v2\/media\/12299"}],"wp:attachment":[{"href":"https:\/\/quantum.com.pl\/pl\/wp-json\/wp\/v2\/media?parent=12300"}],"wp:term":[{"taxonomy":"product_brand","embeddable":true,"href":"https:\/\/quantum.com.pl\/pl\/wp-json\/wp\/v2\/product_brand?post=12300"},{"taxonomy":"product_cat","embeddable":true,"href":"https:\/\/quantum.com.pl\/pl\/wp-json\/wp\/v2\/product_cat?post=12300"},{"taxonomy":"product_tag","embeddable":true,"href":"https:\/\/quantum.com.pl\/pl\/wp-json\/wp\/v2\/product_tag?post=12300"}],"curies":[{"name":"wp","href":"https:\/\/api.w.org\/{rel}","templated":true}]}}