{"id":12320,"date":"2020-08-31T22:37:49","date_gmt":"2020-08-31T20:37:49","guid":{"rendered":"https:\/\/quantum.com.pl\/product\/qsk302\/"},"modified":"2021-01-11T10:26:03","modified_gmt":"2021-01-11T09:26:03","slug":"qsk302","status":"publish","type":"product","link":"https:\/\/quantum.com.pl\/pl\/product\/qsk302\/","title":{"rendered":"QSK302"},"content":{"rendered":"<p>Specjalnie zaprojektowana klawiatura przemys\u0142owa firmy Inputel, zmywalna, wykonana ze sztywnego silikonu. Zastosowanie: przemys\u0142 medyczny, szpital, przemys\u0142 spo\u017cywczy, edukacja<\/p>\n<h3>Cechy produktu:<\/h3>\n<ul>\n<li>Gumowana powierzchnia zapewnia wygod\u0119 pisania<\/li>\n<li>Zgodno\u015b\u0107: Microsoft\u00ae Windows\u00ae7 \/ Vista\u00ae \/ XP \/ 2000 \/ ME \/ 98<\/li>\n<li>J\u0119zyk: wszystkie j\u0119zyki zgodne z systemem Windows\u00ae<\/li>\n<li>Komunikacja: USB2.0<\/li>\n<li>Uk\u0142ad klawiszy: 99 klawiszy<\/li>\n<li>Wymiary: 343 (d\u0142.) X 228 (szer.) X 12 (g\u0142.) Mm<\/li>\n<li>Poziom ochrony: IP68<\/li>\n<\/ul>\n<p>&nbsp;<\/p>\n<h3>Certyfikaty:<\/h3>\n<p>CE, FCC, RoHs i WEEE<\/p>\n","protected":false},"excerpt":{"rendered":"<p>Specjalnie zaprojektowana klawiatura przemys\u0142owa firmy Inputel, zmywalna, wykonana ze sztywnego silikonu. Zastosowanie: przemys\u0142 medyczny, szpital, przemys\u0142 spo\u017cywczy, edukacja Cechy produktu: Gumowana powierzchnia zapewnia wygod\u0119 pisania Zgodno\u015b\u0107: Microsoft\u00ae Windows\u00ae7 \/ Vista\u00ae \/ XP \/ 2000 \/ ME \/ 98 J\u0119zyk: wszystkie j\u0119zyki zgodne z systemem Windows\u00ae Komunikacja: USB2.0 Uk\u0142ad klawiszy: 99 klawiszy Wymiary: 343 (d\u0142.) X [&hellip;]<\/p>\n","protected":false},"featured_media":12319,"template":"","meta":{"_acf_changed":false,"inline_featured_image":false,"_monsterinsights_skip_tracking":false,"_monsterinsights_sitenote_active":false,"_monsterinsights_sitenote_note":"","_monsterinsights_sitenote_category":0},"product_brand":[],"product_cat":[1609,1657,1618,1621],"product_tag":[],"class_list":{"0":"post-12320","1":"product","2":"type-product","3":"status-publish","4":"has-post-thumbnail","6":"product_cat-klawiatury-przemyslowe","7":"product_cat-klawiatury-silikonowe-2","8":"product_cat-klawiatury-silikonowe","9":"product_cat-qdata","11":"first","12":"instock","13":"shipping-taxable","14":"product-type-simple"},"acf":[],"_links":{"self":[{"href":"https:\/\/quantum.com.pl\/pl\/wp-json\/wp\/v2\/product\/12320","targetHints":{"allow":["GET"]}}],"collection":[{"href":"https:\/\/quantum.com.pl\/pl\/wp-json\/wp\/v2\/product"}],"about":[{"href":"https:\/\/quantum.com.pl\/pl\/wp-json\/wp\/v2\/types\/product"}],"wp:featuredmedia":[{"embeddable":true,"href":"https:\/\/quantum.com.pl\/pl\/wp-json\/wp\/v2\/media\/12319"}],"wp:attachment":[{"href":"https:\/\/quantum.com.pl\/pl\/wp-json\/wp\/v2\/media?parent=12320"}],"wp:term":[{"taxonomy":"product_brand","embeddable":true,"href":"https:\/\/quantum.com.pl\/pl\/wp-json\/wp\/v2\/product_brand?post=12320"},{"taxonomy":"product_cat","embeddable":true,"href":"https:\/\/quantum.com.pl\/pl\/wp-json\/wp\/v2\/product_cat?post=12320"},{"taxonomy":"product_tag","embeddable":true,"href":"https:\/\/quantum.com.pl\/pl\/wp-json\/wp\/v2\/product_tag?post=12320"}],"curies":[{"name":"wp","href":"https:\/\/api.w.org\/{rel}","templated":true}]}}