{"id":12324,"date":"2020-08-31T22:45:01","date_gmt":"2020-08-31T20:45:01","guid":{"rendered":"https:\/\/quantum.com.pl\/product\/qsk303\/"},"modified":"2021-01-11T10:19:48","modified_gmt":"2021-01-11T09:19:48","slug":"qsk303","status":"publish","type":"product","link":"https:\/\/quantum.com.pl\/pl\/product\/qsk303\/","title":{"rendered":"QSK303"},"content":{"rendered":"<ul>\n<li>Klawiatura przemys\u0142owa w rozmiarze mini z wbudowan\u0105 mysz\u0105, wodoodporna, zmywalna, wykonana z silikonu<\/li>\n<li>Zgodno\u015b\u0107: IBM AT, Windows Vista \/ XP \/ 2000 \/ ME \/ 98<\/li>\n<li>J\u0119zyk: wszystkie j\u0119zyki zgodne z systemem Windows<\/li>\n<li>Komunikacja: USB i PS \/ 2<\/li>\n<li>Interfejs: koncentratory USB<\/li>\n<li>Wymiary: 230 (d\u0142.) X 150 (szer.) X 10 (wys.) Mm<\/li>\n<li>Uk\u0142ad: 86 klawiszy i 2 przyciski myszy<\/li>\n<li>Wysoko\u015b\u0107 klucza: 4,0 mm<\/li>\n<li>Ca\u0142kowity skok klucza: 2 mm<\/li>\n<li>Waga netto: 260 g<\/li>\n<li>Dane elektryczne: + 5 V DC przy 250 mA<\/li>\n<li>Kluczowa \u017cywotno\u015b\u0107:&gt; 5 000 000 razy<\/li>\n<li>Temperatura pracy: od -30C do 80C<\/li>\n<li>Poziom ochrony: IP 67<\/li>\n<li>Kolor: jednolite kolory i dowolne kolory niestandardowe<\/li>\n<li>Atesty: CE, FCC i RoHS<\/li>\n<\/ul>\n","protected":false},"excerpt":{"rendered":"<p>Klawiatura przemys\u0142owa w rozmiarze mini z wbudowan\u0105 mysz\u0105, wodoodporna, zmywalna, wykonana z silikonu Zgodno\u015b\u0107: IBM AT, Windows Vista \/ XP \/ 2000 \/ ME \/ 98 J\u0119zyk: wszystkie j\u0119zyki zgodne z systemem Windows Komunikacja: USB i PS \/ 2 Interfejs: koncentratory USB Wymiary: 230 (d\u0142.) X 150 (szer.) X 10 (wys.) Mm Uk\u0142ad: 86 klawiszy [&hellip;]<\/p>\n","protected":false},"featured_media":12323,"template":"","meta":{"_acf_changed":false,"inline_featured_image":false,"_monsterinsights_skip_tracking":false,"_monsterinsights_sitenote_active":false,"_monsterinsights_sitenote_note":"","_monsterinsights_sitenote_category":0},"product_brand":[],"product_cat":[1609,1657,1618,1621],"product_tag":[],"class_list":{"0":"post-12324","1":"product","2":"type-product","3":"status-publish","4":"has-post-thumbnail","6":"product_cat-klawiatury-przemyslowe","7":"product_cat-klawiatury-silikonowe-2","8":"product_cat-klawiatury-silikonowe","9":"product_cat-qdata","11":"first","12":"instock","13":"shipping-taxable","14":"product-type-simple"},"acf":[],"_links":{"self":[{"href":"https:\/\/quantum.com.pl\/pl\/wp-json\/wp\/v2\/product\/12324","targetHints":{"allow":["GET"]}}],"collection":[{"href":"https:\/\/quantum.com.pl\/pl\/wp-json\/wp\/v2\/product"}],"about":[{"href":"https:\/\/quantum.com.pl\/pl\/wp-json\/wp\/v2\/types\/product"}],"wp:featuredmedia":[{"embeddable":true,"href":"https:\/\/quantum.com.pl\/pl\/wp-json\/wp\/v2\/media\/12323"}],"wp:attachment":[{"href":"https:\/\/quantum.com.pl\/pl\/wp-json\/wp\/v2\/media?parent=12324"}],"wp:term":[{"taxonomy":"product_brand","embeddable":true,"href":"https:\/\/quantum.com.pl\/pl\/wp-json\/wp\/v2\/product_brand?post=12324"},{"taxonomy":"product_cat","embeddable":true,"href":"https:\/\/quantum.com.pl\/pl\/wp-json\/wp\/v2\/product_cat?post=12324"},{"taxonomy":"product_tag","embeddable":true,"href":"https:\/\/quantum.com.pl\/pl\/wp-json\/wp\/v2\/product_tag?post=12324"}],"curies":[{"name":"wp","href":"https:\/\/api.w.org\/{rel}","templated":true}]}}