{"id":12328,"date":"2020-08-31T22:48:07","date_gmt":"2020-08-31T20:48:07","guid":{"rendered":"https:\/\/quantum.com.pl\/product\/qsk304\/"},"modified":"2021-01-11T10:19:27","modified_gmt":"2021-01-11T09:19:27","slug":"qsk304","status":"publish","type":"product","link":"https:\/\/quantum.com.pl\/pl\/product\/qsk304\/","title":{"rendered":"QSK304"},"content":{"rendered":"<h3>Cechy Produktu:<\/h3>\n<ul>\n<li>Kompatybilno\u015b\u0107: IBM AT, Windows98 \/ 2000 \/ XP \/ Vista<\/li>\n<li>Komunikacja: port USB, PS \/ 2 COMBO (USB + PS \/ 2)<\/li>\n<li>Rozmiar (mm): 350 (L) x138 (W) x12 (H)<\/li>\n<li>Uk\u0142ad: 85 klawiszy<\/li>\n<li>Wysoko\u015b\u0107 klawiszy: 5,5 mm<\/li>\n<li>Ca\u0142kowity skok: 2 mm<\/li>\n<li>Klawiatura NW: 250g<\/li>\n<li>Keys Life:&gt; 5 000 000 razy<\/li>\n<li>Dane elektroniczne: + 5 V DC przy 250 mA<\/li>\n<li>Temperatura pracy: od -30 do 80<\/li>\n<li>Poziom ochrony: IP 67<\/li>\n<li>Kolor klawiatury: losowy kolor lub przypisuje numer PANTONE<\/li>\n<li>Dopuszczenia: CE i FCC i ROHS<\/li>\n<\/ul>\n","protected":false},"excerpt":{"rendered":"<p>Cechy Produktu: Kompatybilno\u015b\u0107: IBM AT, Windows98 \/ 2000 \/ XP \/ Vista Komunikacja: port USB, PS \/ 2 COMBO (USB + PS \/ 2) Rozmiar (mm): 350 (L) x138 (W) x12 (H) Uk\u0142ad: 85 klawiszy Wysoko\u015b\u0107 klawiszy: 5,5 mm Ca\u0142kowity skok: 2 mm Klawiatura NW: 250g Keys Life:&gt; 5 000 000 razy Dane elektroniczne: + [&hellip;]<\/p>\n","protected":false},"featured_media":12327,"template":"","meta":{"_acf_changed":false,"inline_featured_image":false,"_monsterinsights_skip_tracking":false,"_monsterinsights_sitenote_active":false,"_monsterinsights_sitenote_note":"","_monsterinsights_sitenote_category":0},"product_brand":[],"product_cat":[1609,1618,1657,1621],"product_tag":[],"class_list":{"0":"post-12328","1":"product","2":"type-product","3":"status-publish","4":"has-post-thumbnail","6":"product_cat-klawiatury-przemyslowe","7":"product_cat-klawiatury-silikonowe","8":"product_cat-klawiatury-silikonowe-2","9":"product_cat-qdata","11":"first","12":"instock","13":"shipping-taxable","14":"product-type-simple"},"acf":[],"_links":{"self":[{"href":"https:\/\/quantum.com.pl\/pl\/wp-json\/wp\/v2\/product\/12328","targetHints":{"allow":["GET"]}}],"collection":[{"href":"https:\/\/quantum.com.pl\/pl\/wp-json\/wp\/v2\/product"}],"about":[{"href":"https:\/\/quantum.com.pl\/pl\/wp-json\/wp\/v2\/types\/product"}],"wp:featuredmedia":[{"embeddable":true,"href":"https:\/\/quantum.com.pl\/pl\/wp-json\/wp\/v2\/media\/12327"}],"wp:attachment":[{"href":"https:\/\/quantum.com.pl\/pl\/wp-json\/wp\/v2\/media?parent=12328"}],"wp:term":[{"taxonomy":"product_brand","embeddable":true,"href":"https:\/\/quantum.com.pl\/pl\/wp-json\/wp\/v2\/product_brand?post=12328"},{"taxonomy":"product_cat","embeddable":true,"href":"https:\/\/quantum.com.pl\/pl\/wp-json\/wp\/v2\/product_cat?post=12328"},{"taxonomy":"product_tag","embeddable":true,"href":"https:\/\/quantum.com.pl\/pl\/wp-json\/wp\/v2\/product_tag?post=12328"}],"curies":[{"name":"wp","href":"https:\/\/api.w.org\/{rel}","templated":true}]}}