{"id":12332,"date":"2020-08-31T22:50:50","date_gmt":"2020-08-31T20:50:50","guid":{"rendered":"https:\/\/quantum.com.pl\/product\/qsk400\/"},"modified":"2021-01-11T10:18:36","modified_gmt":"2021-01-11T09:18:36","slug":"qsk400","status":"publish","type":"product","link":"https:\/\/quantum.com.pl\/pl\/product\/qsk400\/","title":{"rendered":"QSK400"},"content":{"rendered":"<h3>Klawiatura numeryczna USB z koncentratorem<\/h3>\n<ul>\n<li>Kompatybilno\u015b\u0107: IBM AT, Windows98 \/ 2000 \/ XP \/ Vista<\/li>\n<li>Wymiary klawiatury: 135 x 88 x 12 mm<\/li>\n<li>Interfejs: klucz USB<\/li>\n<li>Z 2-cz\u0119\u015bciowym HUBem dla wygodnego u\u017cytkowania)<\/li>\n<li>Uk\u0142ad: 19 klawiszy + Multimedia 4Keys<\/li>\n<li>Wysoko\u015b\u0107 klawiszy: 4,0 mm<\/li>\n<li>Klawiatura NW: 90g<\/li>\n<li>Niezawodno\u015b\u0107 prze\u0142\u0105cznika: 10 milion\u00f3w cykli<\/li>\n<li>Temperatura pracy: od -30C do 80C<\/li>\n<li>Kolor klawiatury: losowy kolor lub przypisuje numer PANTONE<\/li>\n<li>Dopuszczenia: CE i FCC i ROHS<\/li>\n<\/ul>\n","protected":false},"excerpt":{"rendered":"<p>Klawiatura numeryczna USB z koncentratorem Kompatybilno\u015b\u0107: IBM AT, Windows98 \/ 2000 \/ XP \/ Vista Wymiary klawiatury: 135 x 88 x 12 mm Interfejs: klucz USB Z 2-cz\u0119\u015bciowym HUBem dla wygodnego u\u017cytkowania) Uk\u0142ad: 19 klawiszy + Multimedia 4Keys Wysoko\u015b\u0107 klawiszy: 4,0 mm Klawiatura NW: 90g Niezawodno\u015b\u0107 prze\u0142\u0105cznika: 10 milion\u00f3w cykli Temperatura pracy: od -30C do [&hellip;]<\/p>\n","protected":false},"featured_media":12331,"template":"","meta":{"_acf_changed":false,"inline_featured_image":false,"_monsterinsights_skip_tracking":false,"_monsterinsights_sitenote_active":false,"_monsterinsights_sitenote_note":"","_monsterinsights_sitenote_category":0},"product_brand":[],"product_cat":[1609,1657,1618,1621],"product_tag":[],"class_list":{"0":"post-12332","1":"product","2":"type-product","3":"status-publish","4":"has-post-thumbnail","6":"product_cat-klawiatury-przemyslowe","7":"product_cat-klawiatury-silikonowe-2","8":"product_cat-klawiatury-silikonowe","9":"product_cat-qdata","11":"first","12":"instock","13":"shipping-taxable","14":"product-type-simple"},"acf":[],"_links":{"self":[{"href":"https:\/\/quantum.com.pl\/pl\/wp-json\/wp\/v2\/product\/12332","targetHints":{"allow":["GET"]}}],"collection":[{"href":"https:\/\/quantum.com.pl\/pl\/wp-json\/wp\/v2\/product"}],"about":[{"href":"https:\/\/quantum.com.pl\/pl\/wp-json\/wp\/v2\/types\/product"}],"wp:featuredmedia":[{"embeddable":true,"href":"https:\/\/quantum.com.pl\/pl\/wp-json\/wp\/v2\/media\/12331"}],"wp:attachment":[{"href":"https:\/\/quantum.com.pl\/pl\/wp-json\/wp\/v2\/media?parent=12332"}],"wp:term":[{"taxonomy":"product_brand","embeddable":true,"href":"https:\/\/quantum.com.pl\/pl\/wp-json\/wp\/v2\/product_brand?post=12332"},{"taxonomy":"product_cat","embeddable":true,"href":"https:\/\/quantum.com.pl\/pl\/wp-json\/wp\/v2\/product_cat?post=12332"},{"taxonomy":"product_tag","embeddable":true,"href":"https:\/\/quantum.com.pl\/pl\/wp-json\/wp\/v2\/product_tag?post=12332"}],"curies":[{"name":"wp","href":"https:\/\/api.w.org\/{rel}","templated":true}]}}