{"id":12379,"date":"2020-09-22T14:34:39","date_gmt":"2020-09-22T12:34:39","guid":{"rendered":"https:\/\/quantum.com.pl\/?post_type=product&#038;p=12379"},"modified":"2025-02-18T12:24:02","modified_gmt":"2025-02-18T11:24:02","slug":"jtag-debugger-for-mpc85xx-qoriq-e500-icd","status":"publish","type":"product","link":"https:\/\/quantum.com.pl\/pl\/product\/jtag-debugger-for-mpc85xx-qoriq-e500-icd\/","title":{"rendered":"JTAG Debugger for MPC85XX\/QorIQ e500 (ICD)"},"content":{"rendered":"<p>Kabel mo\u017cna rozszerzy\u0107 o dodatkowe licencje:<\/p>\n<p>LA-3735X JTAG Debugger Extension for MPC86xx<br \/>\nLA-3794X JTAG Debugger Ext. QorIQ PowerPC 64-Bit<br \/>\nLA-3795X JTAG Debugger Ext. for QorIQ PowerPC 32-Bit<br \/>\nLA-7719X JTAG Debugger Extension for MPC74xx (ICD)<br \/>\nLA-7721X JTAG Debugger Extension for PPC603(ICD)<br \/>\nLA-7729X JTAG Debugger Extension for MPC82xx\/MPC83xx<br \/>\nLA-7734X JTAG Debugger Extension for MPC5200\/MPC512x<br \/>\nLA-7960X License for Multicore Debugging<\/p>\n","protected":false},"excerpt":{"rendered":"<h3>LA-3796<\/h3>\n<p>Debugger zapewnia wsparcie dla mikrokontroler\u00f3w PowerQuiccIII (MPC85XX) i QorIQ 32-bit z rdzeniem e500 (P10XX, P2010, P2020, BSC9xxx).<\/p>\n<p>Zawiera oprogramowanie TRACE32 dla system\u00f3w Windows, Linux i macOS.<\/p>\n<p>Wymaga modu\u0142u Power Debug.<\/p>\n<p>Kabel ze z\u0142\u0105czem 16-stykowym.<\/p>\n<p>R\u00f3wnoczesne debugowanie dw\u00f3ch lub wi\u0119kszej ilo\u015bci rdzeni wymaga licencji na debugowanie wielordzeniowe (LA-7960X).<\/p>\n<p>&nbsp;<\/p>\n","protected":false},"featured_media":16139,"template":"","meta":{"_acf_changed":false,"inline_featured_image":false,"_monsterinsights_skip_tracking":false,"_monsterinsights_sitenote_active":false,"_monsterinsights_sitenote_note":"","_monsterinsights_sitenote_category":0},"product_brand":[],"product_cat":[104,105],"product_tag":[],"class_list":{"0":"post-12379","1":"product","2":"type-product","3":"status-publish","4":"has-post-thumbnail","6":"product_cat-jtag-debuggers","7":"product_cat-lauterbach","9":"first","10":"instock","11":"shipping-taxable","12":"product-type-simple"},"acf":[],"_links":{"self":[{"href":"https:\/\/quantum.com.pl\/pl\/wp-json\/wp\/v2\/product\/12379","targetHints":{"allow":["GET"]}}],"collection":[{"href":"https:\/\/quantum.com.pl\/pl\/wp-json\/wp\/v2\/product"}],"about":[{"href":"https:\/\/quantum.com.pl\/pl\/wp-json\/wp\/v2\/types\/product"}],"wp:featuredmedia":[{"embeddable":true,"href":"https:\/\/quantum.com.pl\/pl\/wp-json\/wp\/v2\/media\/16139"}],"wp:attachment":[{"href":"https:\/\/quantum.com.pl\/pl\/wp-json\/wp\/v2\/media?parent=12379"}],"wp:term":[{"taxonomy":"product_brand","embeddable":true,"href":"https:\/\/quantum.com.pl\/pl\/wp-json\/wp\/v2\/product_brand?post=12379"},{"taxonomy":"product_cat","embeddable":true,"href":"https:\/\/quantum.com.pl\/pl\/wp-json\/wp\/v2\/product_cat?post=12379"},{"taxonomy":"product_tag","embeddable":true,"href":"https:\/\/quantum.com.pl\/pl\/wp-json\/wp\/v2\/product_tag?post=12379"}],"curies":[{"name":"wp","href":"https:\/\/api.w.org\/{rel}","templated":true}]}}