{"id":12496,"date":"2020-10-26T21:28:46","date_gmt":"2020-10-26T20:28:46","guid":{"rendered":"https:\/\/quantum.com.pl\/product\/%c2%b5trace-for-cortex-m\/"},"modified":"2020-10-27T13:34:29","modified_gmt":"2020-10-27T12:34:29","slug":"%c2%b5trace-for-cortex-m","status":"publish","type":"product","link":"https:\/\/quantum.com.pl\/pl\/product\/%c2%b5trace-for-cortex-m\/","title":{"rendered":"\u00b5Trace for Cortex-M"},"content":{"rendered":"<h3>Najwa\u017cniejsze informacje:<\/h3>\n<ul>\n<li>Kompleksowe rozwi\u0105zanie do debugowania i \u015bledzenia Cortex-M<\/li>\n<li>Zalecany do mikrokontroler\u00f3w jednordzeniowych z rdzeniem Cortex-M<\/li>\n<li>Zalecany dla mikrokontroler\u00f3w wielordzeniowych z wy\u0142\u0105cznie Cortex-M (pojedynczy port debugowania)<\/li>\n<li>256 MB pami\u0119ci \u015bledzenia<\/li>\n<li>Interfejs USB 3 do komputera hosta<\/li>\n<li>TRACE32 Streaming do 150 MByte \/ s<\/li>\n<li>Wsparcie dla wszystkich mikrokontroler\u00f3w opartych na Cortex-M<\/li>\n<\/ul>\n<p><a href=\"https:\/\/www.lauterbach.com\/frames.html?microtrace.html\" target=\"_blank\" rel=\"noopener noreferrer\">Wi\u0119cej informacji<\/a><\/p>\n","protected":false},"excerpt":{"rendered":"<p>Najwa\u017cniejsze informacje: Kompleksowe rozwi\u0105zanie do debugowania i \u015bledzenia Cortex-M Zalecany do mikrokontroler\u00f3w jednordzeniowych z rdzeniem Cortex-M Zalecany dla mikrokontroler\u00f3w wielordzeniowych z wy\u0142\u0105cznie Cortex-M (pojedynczy port debugowania) 256 MB pami\u0119ci \u015bledzenia Interfejs USB 3 do komputera hosta TRACE32 Streaming do 150 MByte \/ s Wsparcie dla wszystkich mikrokontroler\u00f3w opartych na Cortex-M Wi\u0119cej informacji<\/p>\n","protected":false},"featured_media":12495,"template":"","meta":{"_acf_changed":false,"inline_featured_image":false,"_monsterinsights_skip_tracking":false,"_monsterinsights_sitenote_active":false,"_monsterinsights_sitenote_note":"","_monsterinsights_sitenote_category":0},"product_brand":[],"product_cat":[1623,105,1635],"product_tag":[],"class_list":{"0":"post-12496","1":"product","2":"type-product","3":"status-publish","4":"has-post-thumbnail","6":"product_cat-debugger-hardware","7":"product_cat-lauterbach","8":"product_cat-trace-for-cortex-m","10":"first","11":"instock","12":"shipping-taxable","13":"product-type-simple"},"acf":[],"_links":{"self":[{"href":"https:\/\/quantum.com.pl\/pl\/wp-json\/wp\/v2\/product\/12496","targetHints":{"allow":["GET"]}}],"collection":[{"href":"https:\/\/quantum.com.pl\/pl\/wp-json\/wp\/v2\/product"}],"about":[{"href":"https:\/\/quantum.com.pl\/pl\/wp-json\/wp\/v2\/types\/product"}],"wp:featuredmedia":[{"embeddable":true,"href":"https:\/\/quantum.com.pl\/pl\/wp-json\/wp\/v2\/media\/12495"}],"wp:attachment":[{"href":"https:\/\/quantum.com.pl\/pl\/wp-json\/wp\/v2\/media?parent=12496"}],"wp:term":[{"taxonomy":"product_brand","embeddable":true,"href":"https:\/\/quantum.com.pl\/pl\/wp-json\/wp\/v2\/product_brand?post=12496"},{"taxonomy":"product_cat","embeddable":true,"href":"https:\/\/quantum.com.pl\/pl\/wp-json\/wp\/v2\/product_cat?post=12496"},{"taxonomy":"product_tag","embeddable":true,"href":"https:\/\/quantum.com.pl\/pl\/wp-json\/wp\/v2\/product_tag?post=12496"}],"curies":[{"name":"wp","href":"https:\/\/api.w.org\/{rel}","templated":true}]}}